{"id":4050,"date":"2024-12-13T12:01:20","date_gmt":"2024-12-13T17:01:20","guid":{"rendered":"https:\/\/formationsubf.coop\/boutique\/?post_type=product&#038;p=4050"},"modified":"2025-01-30T11:12:26","modified_gmt":"2025-01-30T16:12:26","slug":"enleve-echarde-splinter-out-20","status":"publish","type":"product","link":"https:\/\/formationsubf.coop\/boutique\/product\/enleve-echarde-splinter-out-20\/","title":{"rendered":"Enl\u00e8ve \u00e9charde SPLINTER-OUT (20)"},"content":{"rendered":"<ul>\n<li>Permet de retirer les \u00e9chardes avec un minimum d&rsquo;inconfort et en toute st\u00e9rilit\u00e9<\/li>\n<li>Conception \u00e0 trois niveaux pour d\u00e9tacher et retirer les \u00e9chardes<\/li>\n<li>Compact, facile \u00e0 ranger dans une trousse de premiers secours<\/li>\n<li>Emballage individuel<\/li>\n<\/ul>\n<p>20 unit\u00e9s par paquet<\/p>\n","protected":false},"excerpt":{"rendered":"<p>Permet de retirer les \u00e9chardes avec un minimum d&rsquo;inconfort et en toute st\u00e9rilit\u00e9 Conception \u00e0 trois niveaux pour d\u00e9tacher et retirer les \u00e9chardes Compact, facile \u00e0 ranger dans une trousse de premiers secours Emballage individuel 20 unit\u00e9s par paquet<\/p>\n","protected":false},"featured_media":5153,"comment_status":"open","ping_status":"closed","template":"","meta":[],"product_brand":[],"product_cat":[762,413,15],"product_tag":[],"class_list":{"0":"post-4050","1":"product","2":"type-product","3":"status-publish","4":"has-post-thumbnail","6":"product_cat-instruments-plateaux-et-accessoires","7":"product_cat-premiers-soins","8":"product_cat-uncategorized","9":"sync-code-w","11":"first","12":"instock","13":"taxable","14":"shipping-taxable","15":"purchasable","16":"product-type-simple"},"yoast_head":"<!-- This site is optimized with the Yoast SEO plugin v27.3 - https:\/\/yoast.com\/product\/yoast-seo-wordpress\/ -->\n<title>Enl\u00e8ve \u00e9charde SPLINTER-OUT (20) - Formations UBF | Boutique<\/title>\n<meta name=\"robots\" content=\"index, follow, max-snippet:-1, max-image-preview:large, max-video-preview:-1\" \/>\n<link rel=\"canonical\" href=\"https:\/\/formationsubf.coop\/boutique\/product\/enleve-echarde-splinter-out-20\/\" \/>\n<meta property=\"og:locale\" content=\"fr_FR\" \/>\n<meta property=\"og:type\" content=\"article\" \/>\n<meta property=\"og:title\" content=\"Enl\u00e8ve \u00e9charde SPLINTER-OUT (20) - Formations UBF | Boutique\" \/>\n<meta property=\"og:description\" content=\"Permet de retirer les \u00e9chardes avec un minimum d&rsquo;inconfort et en toute st\u00e9rilit\u00e9 Conception \u00e0 trois niveaux pour d\u00e9tacher et retirer les \u00e9chardes Compact, facile \u00e0 ranger dans une trousse de premiers secours Emballage individuel 20 unit\u00e9s par paquet\" \/>\n<meta property=\"og:url\" content=\"https:\/\/formationsubf.coop\/boutique\/product\/enleve-echarde-splinter-out-20\/\" \/>\n<meta property=\"og:site_name\" content=\"Formations UBF | Boutique\" \/>\n<meta property=\"article:publisher\" content=\"https:\/\/www.facebook.com\/ubfmaterielmedicaletorthopedique\" \/>\n<meta property=\"article:modified_time\" content=\"2025-01-30T16:12:26+00:00\" \/>\n<meta property=\"og:image\" content=\"https:\/\/formationsubf.coop\/boutique\/wp-content\/uploads\/2024\/12\/SplinterOut-1-scaled.jpeg\" \/>\n\t<meta property=\"og:image:width\" content=\"1920\" \/>\n\t<meta property=\"og:image:height\" content=\"2560\" \/>\n\t<meta property=\"og:image:type\" content=\"image\/jpeg\" \/>\n<meta name=\"twitter:card\" content=\"summary_large_image\" \/>\n<meta name=\"twitter:label1\" content=\"Dur\u00e9e de lecture estim\u00e9e\" \/>\n\t<meta name=\"twitter:data1\" content=\"1 minute\" \/>\n<script type=\"application\/ld+json\" class=\"yoast-schema-graph\">{\"@context\":\"https:\\\/\\\/schema.org\",\"@graph\":[{\"@type\":\"WebPage\",\"@id\":\"https:\\\/\\\/formationsubf.coop\\\/boutique\\\/product\\\/enleve-echarde-splinter-out-20\\\/\",\"url\":\"https:\\\/\\\/formationsubf.coop\\\/boutique\\\/product\\\/enleve-echarde-splinter-out-20\\\/\",\"name\":\"Enl\u00e8ve \u00e9charde SPLINTER-OUT (20) - Formations UBF | Boutique\",\"isPartOf\":{\"@id\":\"https:\\\/\\\/formationsubf.coop\\\/boutique\\\/#website\"},\"primaryImageOfPage\":{\"@id\":\"https:\\\/\\\/formationsubf.coop\\\/boutique\\\/product\\\/enleve-echarde-splinter-out-20\\\/#primaryimage\"},\"image\":{\"@id\":\"https:\\\/\\\/formationsubf.coop\\\/boutique\\\/product\\\/enleve-echarde-splinter-out-20\\\/#primaryimage\"},\"thumbnailUrl\":\"https:\\\/\\\/formationsubf.coop\\\/boutique\\\/wp-content\\\/uploads\\\/2024\\\/12\\\/SplinterOut-1-scaled.jpeg\",\"datePublished\":\"2024-12-13T17:01:20+00:00\",\"dateModified\":\"2025-01-30T16:12:26+00:00\",\"breadcrumb\":{\"@id\":\"https:\\\/\\\/formationsubf.coop\\\/boutique\\\/product\\\/enleve-echarde-splinter-out-20\\\/#breadcrumb\"},\"inLanguage\":\"fr-FR\",\"potentialAction\":[{\"@type\":\"ReadAction\",\"target\":[\"https:\\\/\\\/formationsubf.coop\\\/boutique\\\/product\\\/enleve-echarde-splinter-out-20\\\/\"]}]},{\"@type\":\"ImageObject\",\"inLanguage\":\"fr-FR\",\"@id\":\"https:\\\/\\\/formationsubf.coop\\\/boutique\\\/product\\\/enleve-echarde-splinter-out-20\\\/#primaryimage\",\"url\":\"https:\\\/\\\/formationsubf.coop\\\/boutique\\\/wp-content\\\/uploads\\\/2024\\\/12\\\/SplinterOut-1-scaled.jpeg\",\"contentUrl\":\"https:\\\/\\\/formationsubf.coop\\\/boutique\\\/wp-content\\\/uploads\\\/2024\\\/12\\\/SplinterOut-1-scaled.jpeg\",\"width\":1920,\"height\":2560},{\"@type\":\"BreadcrumbList\",\"@id\":\"https:\\\/\\\/formationsubf.coop\\\/boutique\\\/product\\\/enleve-echarde-splinter-out-20\\\/#breadcrumb\",\"itemListElement\":[{\"@type\":\"ListItem\",\"position\":1,\"name\":\"Accueil\",\"item\":\"https:\\\/\\\/formationsubf.coop\\\/boutique\\\/\"},{\"@type\":\"ListItem\",\"position\":2,\"name\":\"Boutique\",\"item\":\"https:\\\/\\\/formationsubf.coop\\\/boutique\\\/produits\\\/\"},{\"@type\":\"ListItem\",\"position\":3,\"name\":\"Premiers Soins\",\"item\":\"https:\\\/\\\/formationsubf.coop\\\/boutique\\\/product-category\\\/premiers-soins\\\/\"},{\"@type\":\"ListItem\",\"position\":4,\"name\":\"Enl\u00e8ve \u00e9charde SPLINTER-OUT (20)\"}]},{\"@type\":\"WebSite\",\"@id\":\"https:\\\/\\\/formationsubf.coop\\\/boutique\\\/#website\",\"url\":\"https:\\\/\\\/formationsubf.coop\\\/boutique\\\/\",\"name\":\"Formations UBF | Boutique\",\"description\":\"\",\"potentialAction\":[{\"@type\":\"SearchAction\",\"target\":{\"@type\":\"EntryPoint\",\"urlTemplate\":\"https:\\\/\\\/formationsubf.coop\\\/boutique\\\/?s={search_term_string}\"},\"query-input\":{\"@type\":\"PropertyValueSpecification\",\"valueRequired\":true,\"valueName\":\"search_term_string\"}}],\"inLanguage\":\"fr-FR\"}]}<\/script>\n<!-- \/ Yoast SEO plugin. -->","yoast_head_json":{"title":"Enl\u00e8ve \u00e9charde SPLINTER-OUT (20) - Formations UBF | Boutique","robots":{"index":"index","follow":"follow","max-snippet":"max-snippet:-1","max-image-preview":"max-image-preview:large","max-video-preview":"max-video-preview:-1"},"canonical":"https:\/\/formationsubf.coop\/boutique\/product\/enleve-echarde-splinter-out-20\/","og_locale":"fr_FR","og_type":"article","og_title":"Enl\u00e8ve \u00e9charde SPLINTER-OUT (20) - Formations UBF | Boutique","og_description":"Permet de retirer les \u00e9chardes avec un minimum d&rsquo;inconfort et en toute st\u00e9rilit\u00e9 Conception \u00e0 trois niveaux pour d\u00e9tacher et retirer les \u00e9chardes Compact, facile \u00e0 ranger dans une trousse de premiers secours Emballage individuel 20 unit\u00e9s par paquet","og_url":"https:\/\/formationsubf.coop\/boutique\/product\/enleve-echarde-splinter-out-20\/","og_site_name":"Formations UBF | Boutique","article_publisher":"https:\/\/www.facebook.com\/ubfmaterielmedicaletorthopedique","article_modified_time":"2025-01-30T16:12:26+00:00","og_image":[{"width":1920,"height":2560,"url":"https:\/\/formationsubf.coop\/boutique\/wp-content\/uploads\/2024\/12\/SplinterOut-1-scaled.jpeg","type":"image\/jpeg"}],"twitter_card":"summary_large_image","twitter_misc":{"Dur\u00e9e de lecture estim\u00e9e":"1 minute"},"schema":{"@context":"https:\/\/schema.org","@graph":[{"@type":"WebPage","@id":"https:\/\/formationsubf.coop\/boutique\/product\/enleve-echarde-splinter-out-20\/","url":"https:\/\/formationsubf.coop\/boutique\/product\/enleve-echarde-splinter-out-20\/","name":"Enl\u00e8ve \u00e9charde SPLINTER-OUT (20) - Formations UBF | Boutique","isPartOf":{"@id":"https:\/\/formationsubf.coop\/boutique\/#website"},"primaryImageOfPage":{"@id":"https:\/\/formationsubf.coop\/boutique\/product\/enleve-echarde-splinter-out-20\/#primaryimage"},"image":{"@id":"https:\/\/formationsubf.coop\/boutique\/product\/enleve-echarde-splinter-out-20\/#primaryimage"},"thumbnailUrl":"https:\/\/formationsubf.coop\/boutique\/wp-content\/uploads\/2024\/12\/SplinterOut-1-scaled.jpeg","datePublished":"2024-12-13T17:01:20+00:00","dateModified":"2025-01-30T16:12:26+00:00","breadcrumb":{"@id":"https:\/\/formationsubf.coop\/boutique\/product\/enleve-echarde-splinter-out-20\/#breadcrumb"},"inLanguage":"fr-FR","potentialAction":[{"@type":"ReadAction","target":["https:\/\/formationsubf.coop\/boutique\/product\/enleve-echarde-splinter-out-20\/"]}]},{"@type":"ImageObject","inLanguage":"fr-FR","@id":"https:\/\/formationsubf.coop\/boutique\/product\/enleve-echarde-splinter-out-20\/#primaryimage","url":"https:\/\/formationsubf.coop\/boutique\/wp-content\/uploads\/2024\/12\/SplinterOut-1-scaled.jpeg","contentUrl":"https:\/\/formationsubf.coop\/boutique\/wp-content\/uploads\/2024\/12\/SplinterOut-1-scaled.jpeg","width":1920,"height":2560},{"@type":"BreadcrumbList","@id":"https:\/\/formationsubf.coop\/boutique\/product\/enleve-echarde-splinter-out-20\/#breadcrumb","itemListElement":[{"@type":"ListItem","position":1,"name":"Accueil","item":"https:\/\/formationsubf.coop\/boutique\/"},{"@type":"ListItem","position":2,"name":"Boutique","item":"https:\/\/formationsubf.coop\/boutique\/produits\/"},{"@type":"ListItem","position":3,"name":"Premiers Soins","item":"https:\/\/formationsubf.coop\/boutique\/product-category\/premiers-soins\/"},{"@type":"ListItem","position":4,"name":"Enl\u00e8ve \u00e9charde SPLINTER-OUT (20)"}]},{"@type":"WebSite","@id":"https:\/\/formationsubf.coop\/boutique\/#website","url":"https:\/\/formationsubf.coop\/boutique\/","name":"Formations UBF | Boutique","description":"","potentialAction":[{"@type":"SearchAction","target":{"@type":"EntryPoint","urlTemplate":"https:\/\/formationsubf.coop\/boutique\/?s={search_term_string}"},"query-input":{"@type":"PropertyValueSpecification","valueRequired":true,"valueName":"search_term_string"}}],"inLanguage":"fr-FR"}]}},"_links":{"self":[{"href":"https:\/\/formationsubf.coop\/boutique\/wp-json\/wp\/v2\/product\/4050","targetHints":{"allow":["GET"]}}],"collection":[{"href":"https:\/\/formationsubf.coop\/boutique\/wp-json\/wp\/v2\/product"}],"about":[{"href":"https:\/\/formationsubf.coop\/boutique\/wp-json\/wp\/v2\/types\/product"}],"replies":[{"embeddable":true,"href":"https:\/\/formationsubf.coop\/boutique\/wp-json\/wp\/v2\/comments?post=4050"}],"wp:featuredmedia":[{"embeddable":true,"href":"https:\/\/formationsubf.coop\/boutique\/wp-json\/wp\/v2\/media\/5153"}],"wp:attachment":[{"href":"https:\/\/formationsubf.coop\/boutique\/wp-json\/wp\/v2\/media?parent=4050"}],"wp:term":[{"taxonomy":"product_brand","embeddable":true,"href":"https:\/\/formationsubf.coop\/boutique\/wp-json\/wp\/v2\/product_brand?post=4050"},{"taxonomy":"product_cat","embeddable":true,"href":"https:\/\/formationsubf.coop\/boutique\/wp-json\/wp\/v2\/product_cat?post=4050"},{"taxonomy":"product_tag","embeddable":true,"href":"https:\/\/formationsubf.coop\/boutique\/wp-json\/wp\/v2\/product_tag?post=4050"}],"curies":[{"name":"wp","href":"https:\/\/api.w.org\/{rel}","templated":true}]}}