{"id":4019,"date":"2024-12-12T22:01:56","date_gmt":"2024-12-13T03:01:56","guid":{"rendered":"https:\/\/formationsubf.coop\/boutique\/?post_type=product&#038;p=4019"},"modified":"2026-04-28T11:58:31","modified_gmt":"2026-04-28T15:58:31","slug":"tablette-glucose-4g-10","status":"publish","type":"product","link":"https:\/\/formationsubf.coop\/boutique\/product\/tablette-glucose-4g-10\/","title":{"rendered":"USE 635-006-314v-1Tablette glucose  4g  (10)"},"content":{"rendered":"<p>Dex4\u00ae procure un soulagement RAPIDE et EFFICACE de l&rsquo;hypoglyc\u00e9mie l\u00e9g\u00e8re \u00e0 mod\u00e9r\u00e9e avec une saveurs d\u00e9licieuses. Dex4\u00ae offre des choix et de la commodit\u00e9 avec 4 grammes de glucose par comprim\u00e9 qui sont faciles \u00e0 m\u00e2cher et se dissolvent rapidement. Les tubes de voyage Dex4\u00ae de 10 comprim\u00e9s sont \u00e0 ouverture facile, ind\u00e9formables, avec un bouchon \u00e0 pression refermable.<\/p>\n<ul>\n<li>Sans gras<\/li>\n<li>Sans sodium<\/li>\n<li>Sans caf\u00e9ine<\/li>\n<li>Sans gluten<\/li>\n<\/ul>\n<p>&nbsp;<\/p>\n","protected":false},"excerpt":{"rendered":"<p>Dex4\u00ae procure un soulagement RAPIDE et EFFICACE de l&rsquo;hypoglyc\u00e9mie l\u00e9g\u00e8re \u00e0 mod\u00e9r\u00e9e avec une saveurs d\u00e9licieuses. Dex4\u00ae offre des choix et de la commodit\u00e9 avec 4 grammes de glucose par comprim\u00e9 qui sont faciles \u00e0 m\u00e2cher et se dissolvent rapidement. Les tubes de voyage Dex4\u00ae de 10 comprim\u00e9s sont \u00e0 ouverture facile, ind\u00e9formables, avec un [&#8230;]\n","protected":false},"featured_media":4032,"comment_status":"open","ping_status":"closed","template":"","meta":[],"product_brand":[],"product_cat":[413],"product_tag":[],"class_list":{"0":"post-4019","1":"product","2":"type-product","3":"status-publish","4":"has-post-thumbnail","6":"product_cat-premiers-soins","7":"sync-code-w","9":"first","10":"instock","11":"taxable","12":"shipping-taxable","13":"purchasable","14":"product-type-simple"},"yoast_head":"<!-- This site is optimized with the Yoast SEO plugin v27.5 - https:\/\/yoast.com\/product\/yoast-seo-wordpress\/ -->\n<title>USE 635-006-314v-1Tablette glucose 4g (10) - Formations UBF | Boutique<\/title>\n<meta name=\"robots\" content=\"index, follow, max-snippet:-1, max-image-preview:large, max-video-preview:-1\" \/>\n<link rel=\"canonical\" href=\"https:\/\/formationsubf.coop\/boutique\/product\/tablette-glucose-4g-10\/\" \/>\n<meta property=\"og:locale\" content=\"fr_FR\" \/>\n<meta property=\"og:type\" content=\"article\" \/>\n<meta property=\"og:title\" content=\"USE 635-006-314v-1Tablette glucose 4g (10) - Formations UBF | Boutique\" \/>\n<meta property=\"og:description\" content=\"Dex4\u00ae procure un soulagement RAPIDE et EFFICACE de l&rsquo;hypoglyc\u00e9mie l\u00e9g\u00e8re \u00e0 mod\u00e9r\u00e9e avec une saveurs d\u00e9licieuses. Dex4\u00ae offre des choix et de la commodit\u00e9 avec 4 grammes de glucose par comprim\u00e9 qui sont faciles \u00e0 m\u00e2cher et se dissolvent rapidement. Les tubes de voyage Dex4\u00ae de 10 comprim\u00e9s sont \u00e0 ouverture facile, ind\u00e9formables, avec un [...]\" \/>\n<meta property=\"og:url\" content=\"https:\/\/formationsubf.coop\/boutique\/product\/tablette-glucose-4g-10\/\" \/>\n<meta property=\"og:site_name\" content=\"Formations UBF | Boutique\" \/>\n<meta property=\"article:publisher\" content=\"https:\/\/www.facebook.com\/ubfmaterielmedicaletorthopedique\" \/>\n<meta property=\"article:modified_time\" content=\"2026-04-28T15:58:31+00:00\" \/>\n<meta property=\"og:image\" content=\"https:\/\/formationsubf.coop\/boutique\/wp-content\/uploads\/2024\/12\/Dex-4-Tropical-fruit.webp\" \/>\n\t<meta property=\"og:image:width\" content=\"342\" \/>\n\t<meta property=\"og:image:height\" content=\"513\" \/>\n\t<meta property=\"og:image:type\" content=\"image\/webp\" \/>\n<meta name=\"twitter:card\" content=\"summary_large_image\" \/>\n<meta name=\"twitter:label1\" content=\"Dur\u00e9e de lecture estim\u00e9e\" \/>\n\t<meta name=\"twitter:data1\" content=\"1 minute\" \/>\n<script type=\"application\/ld+json\" class=\"yoast-schema-graph\">{\"@context\":\"https:\\\/\\\/schema.org\",\"@graph\":[{\"@type\":\"WebPage\",\"@id\":\"https:\\\/\\\/formationsubf.coop\\\/boutique\\\/product\\\/tablette-glucose-4g-10\\\/\",\"url\":\"https:\\\/\\\/formationsubf.coop\\\/boutique\\\/product\\\/tablette-glucose-4g-10\\\/\",\"name\":\"USE 635-006-314v-1Tablette glucose 4g (10) - Formations UBF | Boutique\",\"isPartOf\":{\"@id\":\"https:\\\/\\\/formationsubf.coop\\\/boutique\\\/#website\"},\"primaryImageOfPage\":{\"@id\":\"https:\\\/\\\/formationsubf.coop\\\/boutique\\\/product\\\/tablette-glucose-4g-10\\\/#primaryimage\"},\"image\":{\"@id\":\"https:\\\/\\\/formationsubf.coop\\\/boutique\\\/product\\\/tablette-glucose-4g-10\\\/#primaryimage\"},\"thumbnailUrl\":\"https:\\\/\\\/formationsubf.coop\\\/boutique\\\/wp-content\\\/uploads\\\/2024\\\/12\\\/Dex-4-Tropical-fruit.webp\",\"datePublished\":\"2024-12-13T03:01:56+00:00\",\"dateModified\":\"2026-04-28T15:58:31+00:00\",\"breadcrumb\":{\"@id\":\"https:\\\/\\\/formationsubf.coop\\\/boutique\\\/product\\\/tablette-glucose-4g-10\\\/#breadcrumb\"},\"inLanguage\":\"fr-FR\",\"potentialAction\":[{\"@type\":\"ReadAction\",\"target\":[\"https:\\\/\\\/formationsubf.coop\\\/boutique\\\/product\\\/tablette-glucose-4g-10\\\/\"]}]},{\"@type\":\"ImageObject\",\"inLanguage\":\"fr-FR\",\"@id\":\"https:\\\/\\\/formationsubf.coop\\\/boutique\\\/product\\\/tablette-glucose-4g-10\\\/#primaryimage\",\"url\":\"https:\\\/\\\/formationsubf.coop\\\/boutique\\\/wp-content\\\/uploads\\\/2024\\\/12\\\/Dex-4-Tropical-fruit.webp\",\"contentUrl\":\"https:\\\/\\\/formationsubf.coop\\\/boutique\\\/wp-content\\\/uploads\\\/2024\\\/12\\\/Dex-4-Tropical-fruit.webp\",\"width\":342,\"height\":513},{\"@type\":\"BreadcrumbList\",\"@id\":\"https:\\\/\\\/formationsubf.coop\\\/boutique\\\/product\\\/tablette-glucose-4g-10\\\/#breadcrumb\",\"itemListElement\":[{\"@type\":\"ListItem\",\"position\":1,\"name\":\"Accueil\",\"item\":\"https:\\\/\\\/formationsubf.coop\\\/boutique\\\/\"},{\"@type\":\"ListItem\",\"position\":2,\"name\":\"Boutique\",\"item\":\"https:\\\/\\\/formationsubf.coop\\\/boutique\\\/produits\\\/\"},{\"@type\":\"ListItem\",\"position\":3,\"name\":\"Premiers Soins\",\"item\":\"https:\\\/\\\/formationsubf.coop\\\/boutique\\\/product-category\\\/premiers-soins\\\/\"},{\"@type\":\"ListItem\",\"position\":4,\"name\":\"USE 635-006-314v-1Tablette glucose 4g (10)\"}]},{\"@type\":\"WebSite\",\"@id\":\"https:\\\/\\\/formationsubf.coop\\\/boutique\\\/#website\",\"url\":\"https:\\\/\\\/formationsubf.coop\\\/boutique\\\/\",\"name\":\"Formations UBF | Boutique\",\"description\":\"\",\"potentialAction\":[{\"@type\":\"SearchAction\",\"target\":{\"@type\":\"EntryPoint\",\"urlTemplate\":\"https:\\\/\\\/formationsubf.coop\\\/boutique\\\/?s={search_term_string}\"},\"query-input\":{\"@type\":\"PropertyValueSpecification\",\"valueRequired\":true,\"valueName\":\"search_term_string\"}}],\"inLanguage\":\"fr-FR\"}]}<\/script>\n<!-- \/ Yoast SEO plugin. -->","yoast_head_json":{"title":"USE 635-006-314v-1Tablette glucose 4g (10) - Formations UBF | Boutique","robots":{"index":"index","follow":"follow","max-snippet":"max-snippet:-1","max-image-preview":"max-image-preview:large","max-video-preview":"max-video-preview:-1"},"canonical":"https:\/\/formationsubf.coop\/boutique\/product\/tablette-glucose-4g-10\/","og_locale":"fr_FR","og_type":"article","og_title":"USE 635-006-314v-1Tablette glucose 4g (10) - Formations UBF | Boutique","og_description":"Dex4\u00ae procure un soulagement RAPIDE et EFFICACE de l&rsquo;hypoglyc\u00e9mie l\u00e9g\u00e8re \u00e0 mod\u00e9r\u00e9e avec une saveurs d\u00e9licieuses. Dex4\u00ae offre des choix et de la commodit\u00e9 avec 4 grammes de glucose par comprim\u00e9 qui sont faciles \u00e0 m\u00e2cher et se dissolvent rapidement. Les tubes de voyage Dex4\u00ae de 10 comprim\u00e9s sont \u00e0 ouverture facile, ind\u00e9formables, avec un [...]","og_url":"https:\/\/formationsubf.coop\/boutique\/product\/tablette-glucose-4g-10\/","og_site_name":"Formations UBF | Boutique","article_publisher":"https:\/\/www.facebook.com\/ubfmaterielmedicaletorthopedique","article_modified_time":"2026-04-28T15:58:31+00:00","og_image":[{"width":342,"height":513,"url":"https:\/\/formationsubf.coop\/boutique\/wp-content\/uploads\/2024\/12\/Dex-4-Tropical-fruit.webp","type":"image\/webp"}],"twitter_card":"summary_large_image","twitter_misc":{"Dur\u00e9e de lecture estim\u00e9e":"1 minute"},"schema":{"@context":"https:\/\/schema.org","@graph":[{"@type":"WebPage","@id":"https:\/\/formationsubf.coop\/boutique\/product\/tablette-glucose-4g-10\/","url":"https:\/\/formationsubf.coop\/boutique\/product\/tablette-glucose-4g-10\/","name":"USE 635-006-314v-1Tablette glucose 4g (10) - Formations UBF | Boutique","isPartOf":{"@id":"https:\/\/formationsubf.coop\/boutique\/#website"},"primaryImageOfPage":{"@id":"https:\/\/formationsubf.coop\/boutique\/product\/tablette-glucose-4g-10\/#primaryimage"},"image":{"@id":"https:\/\/formationsubf.coop\/boutique\/product\/tablette-glucose-4g-10\/#primaryimage"},"thumbnailUrl":"https:\/\/formationsubf.coop\/boutique\/wp-content\/uploads\/2024\/12\/Dex-4-Tropical-fruit.webp","datePublished":"2024-12-13T03:01:56+00:00","dateModified":"2026-04-28T15:58:31+00:00","breadcrumb":{"@id":"https:\/\/formationsubf.coop\/boutique\/product\/tablette-glucose-4g-10\/#breadcrumb"},"inLanguage":"fr-FR","potentialAction":[{"@type":"ReadAction","target":["https:\/\/formationsubf.coop\/boutique\/product\/tablette-glucose-4g-10\/"]}]},{"@type":"ImageObject","inLanguage":"fr-FR","@id":"https:\/\/formationsubf.coop\/boutique\/product\/tablette-glucose-4g-10\/#primaryimage","url":"https:\/\/formationsubf.coop\/boutique\/wp-content\/uploads\/2024\/12\/Dex-4-Tropical-fruit.webp","contentUrl":"https:\/\/formationsubf.coop\/boutique\/wp-content\/uploads\/2024\/12\/Dex-4-Tropical-fruit.webp","width":342,"height":513},{"@type":"BreadcrumbList","@id":"https:\/\/formationsubf.coop\/boutique\/product\/tablette-glucose-4g-10\/#breadcrumb","itemListElement":[{"@type":"ListItem","position":1,"name":"Accueil","item":"https:\/\/formationsubf.coop\/boutique\/"},{"@type":"ListItem","position":2,"name":"Boutique","item":"https:\/\/formationsubf.coop\/boutique\/produits\/"},{"@type":"ListItem","position":3,"name":"Premiers Soins","item":"https:\/\/formationsubf.coop\/boutique\/product-category\/premiers-soins\/"},{"@type":"ListItem","position":4,"name":"USE 635-006-314v-1Tablette glucose 4g (10)"}]},{"@type":"WebSite","@id":"https:\/\/formationsubf.coop\/boutique\/#website","url":"https:\/\/formationsubf.coop\/boutique\/","name":"Formations UBF | Boutique","description":"","potentialAction":[{"@type":"SearchAction","target":{"@type":"EntryPoint","urlTemplate":"https:\/\/formationsubf.coop\/boutique\/?s={search_term_string}"},"query-input":{"@type":"PropertyValueSpecification","valueRequired":true,"valueName":"search_term_string"}}],"inLanguage":"fr-FR"}]}},"_links":{"self":[{"href":"https:\/\/formationsubf.coop\/boutique\/wp-json\/wp\/v2\/product\/4019","targetHints":{"allow":["GET"]}}],"collection":[{"href":"https:\/\/formationsubf.coop\/boutique\/wp-json\/wp\/v2\/product"}],"about":[{"href":"https:\/\/formationsubf.coop\/boutique\/wp-json\/wp\/v2\/types\/product"}],"replies":[{"embeddable":true,"href":"https:\/\/formationsubf.coop\/boutique\/wp-json\/wp\/v2\/comments?post=4019"}],"wp:featuredmedia":[{"embeddable":true,"href":"https:\/\/formationsubf.coop\/boutique\/wp-json\/wp\/v2\/media\/4032"}],"wp:attachment":[{"href":"https:\/\/formationsubf.coop\/boutique\/wp-json\/wp\/v2\/media?parent=4019"}],"wp:term":[{"taxonomy":"product_brand","embeddable":true,"href":"https:\/\/formationsubf.coop\/boutique\/wp-json\/wp\/v2\/product_brand?post=4019"},{"taxonomy":"product_cat","embeddable":true,"href":"https:\/\/formationsubf.coop\/boutique\/wp-json\/wp\/v2\/product_cat?post=4019"},{"taxonomy":"product_tag","embeddable":true,"href":"https:\/\/formationsubf.coop\/boutique\/wp-json\/wp\/v2\/product_tag?post=4019"}],"curies":[{"name":"wp","href":"https:\/\/api.w.org\/{rel}","templated":true}]}}