{"id":4015,"date":"2024-12-12T22:01:47","date_gmt":"2024-12-13T03:01:47","guid":{"rendered":"https:\/\/formationsubf.coop\/boutique\/?post_type=product&#038;p=4015"},"modified":"2026-04-28T11:58:11","modified_gmt":"2026-04-28T15:58:11","slug":"compresse-gaze-sterile-4-x-4","status":"publish","type":"product","link":"https:\/\/formationsubf.coop\/boutique\/product\/compresse-gaze-sterile-4-x-4\/","title":{"rendered":"Compresse gaze st\u00e9rile 4 x 4"},"content":{"rendered":"<ul>\n<li>\u00c9ponges de gaze de coton de qualit\u00e9 sup\u00e9rieure<\/li>\n<li>St\u00e9riles<\/li>\n<li>\u00c9ponges 100% coton<\/li>\n<li>Emball\u00e9 individuellement<\/li>\n<\/ul>\n","protected":false},"excerpt":{"rendered":"<p>\u00c9ponges de gaze de coton de qualit\u00e9 sup\u00e9rieure St\u00e9riles \u00c9ponges 100% coton Emball\u00e9 individuellement<\/p>\n","protected":false},"featured_media":4030,"comment_status":"open","ping_status":"closed","template":"","meta":[],"product_brand":[],"product_cat":[464,413],"product_tag":[],"class_list":{"0":"post-4015","1":"product","2":"type-product","3":"status-publish","4":"has-post-thumbnail","6":"product_cat-pansements","7":"product_cat-premiers-soins","8":"sync-code-w","10":"first","11":"instock","12":"taxable","13":"shipping-taxable","14":"purchasable","15":"product-type-simple"},"yoast_head":"<!-- This site is optimized with the Yoast SEO plugin v27.5 - https:\/\/yoast.com\/product\/yoast-seo-wordpress\/ -->\n<title>Compresse gaze st\u00e9rile 4 x 4 - Formations UBF | Boutique<\/title>\n<meta name=\"robots\" content=\"index, follow, max-snippet:-1, max-image-preview:large, max-video-preview:-1\" \/>\n<link rel=\"canonical\" href=\"https:\/\/formationsubf.coop\/boutique\/product\/compresse-gaze-sterile-4-x-4\/\" \/>\n<meta property=\"og:locale\" content=\"fr_FR\" \/>\n<meta property=\"og:type\" content=\"article\" \/>\n<meta property=\"og:title\" content=\"Compresse gaze st\u00e9rile 4 x 4 - Formations UBF | Boutique\" \/>\n<meta property=\"og:description\" content=\"\u00c9ponges de gaze de coton de qualit\u00e9 sup\u00e9rieure St\u00e9riles \u00c9ponges 100% coton Emball\u00e9 individuellement\" \/>\n<meta property=\"og:url\" content=\"https:\/\/formationsubf.coop\/boutique\/product\/compresse-gaze-sterile-4-x-4\/\" \/>\n<meta property=\"og:site_name\" content=\"Formations UBF | Boutique\" \/>\n<meta property=\"article:publisher\" content=\"https:\/\/www.facebook.com\/ubfmaterielmedicaletorthopedique\" \/>\n<meta property=\"article:modified_time\" content=\"2026-04-28T15:58:11+00:00\" \/>\n<meta property=\"og:image\" content=\"https:\/\/formationsubf.coop\/boutique\/wp-content\/uploads\/2024\/12\/Gauze-4-x-4.jpeg\" \/>\n\t<meta property=\"og:image:width\" content=\"738\" \/>\n\t<meta property=\"og:image:height\" content=\"718\" \/>\n\t<meta property=\"og:image:type\" content=\"image\/jpeg\" \/>\n<meta name=\"twitter:card\" content=\"summary_large_image\" \/>\n<meta name=\"twitter:label1\" content=\"Dur\u00e9e de lecture estim\u00e9e\" \/>\n\t<meta name=\"twitter:data1\" content=\"1 minute\" \/>\n<script type=\"application\/ld+json\" class=\"yoast-schema-graph\">{\"@context\":\"https:\\\/\\\/schema.org\",\"@graph\":[{\"@type\":\"WebPage\",\"@id\":\"https:\\\/\\\/formationsubf.coop\\\/boutique\\\/product\\\/compresse-gaze-sterile-4-x-4\\\/\",\"url\":\"https:\\\/\\\/formationsubf.coop\\\/boutique\\\/product\\\/compresse-gaze-sterile-4-x-4\\\/\",\"name\":\"Compresse gaze st\u00e9rile 4 x 4 - Formations UBF | Boutique\",\"isPartOf\":{\"@id\":\"https:\\\/\\\/formationsubf.coop\\\/boutique\\\/#website\"},\"primaryImageOfPage\":{\"@id\":\"https:\\\/\\\/formationsubf.coop\\\/boutique\\\/product\\\/compresse-gaze-sterile-4-x-4\\\/#primaryimage\"},\"image\":{\"@id\":\"https:\\\/\\\/formationsubf.coop\\\/boutique\\\/product\\\/compresse-gaze-sterile-4-x-4\\\/#primaryimage\"},\"thumbnailUrl\":\"https:\\\/\\\/formationsubf.coop\\\/boutique\\\/wp-content\\\/uploads\\\/2024\\\/12\\\/Gauze-4-x-4.jpeg\",\"datePublished\":\"2024-12-13T03:01:47+00:00\",\"dateModified\":\"2026-04-28T15:58:11+00:00\",\"breadcrumb\":{\"@id\":\"https:\\\/\\\/formationsubf.coop\\\/boutique\\\/product\\\/compresse-gaze-sterile-4-x-4\\\/#breadcrumb\"},\"inLanguage\":\"fr-FR\",\"potentialAction\":[{\"@type\":\"ReadAction\",\"target\":[\"https:\\\/\\\/formationsubf.coop\\\/boutique\\\/product\\\/compresse-gaze-sterile-4-x-4\\\/\"]}]},{\"@type\":\"ImageObject\",\"inLanguage\":\"fr-FR\",\"@id\":\"https:\\\/\\\/formationsubf.coop\\\/boutique\\\/product\\\/compresse-gaze-sterile-4-x-4\\\/#primaryimage\",\"url\":\"https:\\\/\\\/formationsubf.coop\\\/boutique\\\/wp-content\\\/uploads\\\/2024\\\/12\\\/Gauze-4-x-4.jpeg\",\"contentUrl\":\"https:\\\/\\\/formationsubf.coop\\\/boutique\\\/wp-content\\\/uploads\\\/2024\\\/12\\\/Gauze-4-x-4.jpeg\",\"width\":738,\"height\":718},{\"@type\":\"BreadcrumbList\",\"@id\":\"https:\\\/\\\/formationsubf.coop\\\/boutique\\\/product\\\/compresse-gaze-sterile-4-x-4\\\/#breadcrumb\",\"itemListElement\":[{\"@type\":\"ListItem\",\"position\":1,\"name\":\"Accueil\",\"item\":\"https:\\\/\\\/formationsubf.coop\\\/boutique\\\/\"},{\"@type\":\"ListItem\",\"position\":2,\"name\":\"Boutique\",\"item\":\"https:\\\/\\\/formationsubf.coop\\\/boutique\\\/produits\\\/\"},{\"@type\":\"ListItem\",\"position\":3,\"name\":\"Premiers Soins\",\"item\":\"https:\\\/\\\/formationsubf.coop\\\/boutique\\\/product-category\\\/premiers-soins\\\/\"},{\"@type\":\"ListItem\",\"position\":4,\"name\":\"Pansements\",\"item\":\"https:\\\/\\\/formationsubf.coop\\\/boutique\\\/product-category\\\/premiers-soins\\\/pansements\\\/\"},{\"@type\":\"ListItem\",\"position\":5,\"name\":\"Compresse gaze st\u00e9rile 4 x 4\"}]},{\"@type\":\"WebSite\",\"@id\":\"https:\\\/\\\/formationsubf.coop\\\/boutique\\\/#website\",\"url\":\"https:\\\/\\\/formationsubf.coop\\\/boutique\\\/\",\"name\":\"Formations UBF | Boutique\",\"description\":\"\",\"potentialAction\":[{\"@type\":\"SearchAction\",\"target\":{\"@type\":\"EntryPoint\",\"urlTemplate\":\"https:\\\/\\\/formationsubf.coop\\\/boutique\\\/?s={search_term_string}\"},\"query-input\":{\"@type\":\"PropertyValueSpecification\",\"valueRequired\":true,\"valueName\":\"search_term_string\"}}],\"inLanguage\":\"fr-FR\"}]}<\/script>\n<!-- \/ Yoast SEO plugin. -->","yoast_head_json":{"title":"Compresse gaze st\u00e9rile 4 x 4 - Formations UBF | Boutique","robots":{"index":"index","follow":"follow","max-snippet":"max-snippet:-1","max-image-preview":"max-image-preview:large","max-video-preview":"max-video-preview:-1"},"canonical":"https:\/\/formationsubf.coop\/boutique\/product\/compresse-gaze-sterile-4-x-4\/","og_locale":"fr_FR","og_type":"article","og_title":"Compresse gaze st\u00e9rile 4 x 4 - Formations UBF | Boutique","og_description":"\u00c9ponges de gaze de coton de qualit\u00e9 sup\u00e9rieure St\u00e9riles \u00c9ponges 100% coton Emball\u00e9 individuellement","og_url":"https:\/\/formationsubf.coop\/boutique\/product\/compresse-gaze-sterile-4-x-4\/","og_site_name":"Formations UBF | Boutique","article_publisher":"https:\/\/www.facebook.com\/ubfmaterielmedicaletorthopedique","article_modified_time":"2026-04-28T15:58:11+00:00","og_image":[{"width":738,"height":718,"url":"https:\/\/formationsubf.coop\/boutique\/wp-content\/uploads\/2024\/12\/Gauze-4-x-4.jpeg","type":"image\/jpeg"}],"twitter_card":"summary_large_image","twitter_misc":{"Dur\u00e9e de lecture estim\u00e9e":"1 minute"},"schema":{"@context":"https:\/\/schema.org","@graph":[{"@type":"WebPage","@id":"https:\/\/formationsubf.coop\/boutique\/product\/compresse-gaze-sterile-4-x-4\/","url":"https:\/\/formationsubf.coop\/boutique\/product\/compresse-gaze-sterile-4-x-4\/","name":"Compresse gaze st\u00e9rile 4 x 4 - Formations UBF | Boutique","isPartOf":{"@id":"https:\/\/formationsubf.coop\/boutique\/#website"},"primaryImageOfPage":{"@id":"https:\/\/formationsubf.coop\/boutique\/product\/compresse-gaze-sterile-4-x-4\/#primaryimage"},"image":{"@id":"https:\/\/formationsubf.coop\/boutique\/product\/compresse-gaze-sterile-4-x-4\/#primaryimage"},"thumbnailUrl":"https:\/\/formationsubf.coop\/boutique\/wp-content\/uploads\/2024\/12\/Gauze-4-x-4.jpeg","datePublished":"2024-12-13T03:01:47+00:00","dateModified":"2026-04-28T15:58:11+00:00","breadcrumb":{"@id":"https:\/\/formationsubf.coop\/boutique\/product\/compresse-gaze-sterile-4-x-4\/#breadcrumb"},"inLanguage":"fr-FR","potentialAction":[{"@type":"ReadAction","target":["https:\/\/formationsubf.coop\/boutique\/product\/compresse-gaze-sterile-4-x-4\/"]}]},{"@type":"ImageObject","inLanguage":"fr-FR","@id":"https:\/\/formationsubf.coop\/boutique\/product\/compresse-gaze-sterile-4-x-4\/#primaryimage","url":"https:\/\/formationsubf.coop\/boutique\/wp-content\/uploads\/2024\/12\/Gauze-4-x-4.jpeg","contentUrl":"https:\/\/formationsubf.coop\/boutique\/wp-content\/uploads\/2024\/12\/Gauze-4-x-4.jpeg","width":738,"height":718},{"@type":"BreadcrumbList","@id":"https:\/\/formationsubf.coop\/boutique\/product\/compresse-gaze-sterile-4-x-4\/#breadcrumb","itemListElement":[{"@type":"ListItem","position":1,"name":"Accueil","item":"https:\/\/formationsubf.coop\/boutique\/"},{"@type":"ListItem","position":2,"name":"Boutique","item":"https:\/\/formationsubf.coop\/boutique\/produits\/"},{"@type":"ListItem","position":3,"name":"Premiers Soins","item":"https:\/\/formationsubf.coop\/boutique\/product-category\/premiers-soins\/"},{"@type":"ListItem","position":4,"name":"Pansements","item":"https:\/\/formationsubf.coop\/boutique\/product-category\/premiers-soins\/pansements\/"},{"@type":"ListItem","position":5,"name":"Compresse gaze st\u00e9rile 4 x 4"}]},{"@type":"WebSite","@id":"https:\/\/formationsubf.coop\/boutique\/#website","url":"https:\/\/formationsubf.coop\/boutique\/","name":"Formations UBF | Boutique","description":"","potentialAction":[{"@type":"SearchAction","target":{"@type":"EntryPoint","urlTemplate":"https:\/\/formationsubf.coop\/boutique\/?s={search_term_string}"},"query-input":{"@type":"PropertyValueSpecification","valueRequired":true,"valueName":"search_term_string"}}],"inLanguage":"fr-FR"}]}},"_links":{"self":[{"href":"https:\/\/formationsubf.coop\/boutique\/wp-json\/wp\/v2\/product\/4015","targetHints":{"allow":["GET"]}}],"collection":[{"href":"https:\/\/formationsubf.coop\/boutique\/wp-json\/wp\/v2\/product"}],"about":[{"href":"https:\/\/formationsubf.coop\/boutique\/wp-json\/wp\/v2\/types\/product"}],"replies":[{"embeddable":true,"href":"https:\/\/formationsubf.coop\/boutique\/wp-json\/wp\/v2\/comments?post=4015"}],"wp:featuredmedia":[{"embeddable":true,"href":"https:\/\/formationsubf.coop\/boutique\/wp-json\/wp\/v2\/media\/4030"}],"wp:attachment":[{"href":"https:\/\/formationsubf.coop\/boutique\/wp-json\/wp\/v2\/media?parent=4015"}],"wp:term":[{"taxonomy":"product_brand","embeddable":true,"href":"https:\/\/formationsubf.coop\/boutique\/wp-json\/wp\/v2\/product_brand?post=4015"},{"taxonomy":"product_cat","embeddable":true,"href":"https:\/\/formationsubf.coop\/boutique\/wp-json\/wp\/v2\/product_cat?post=4015"},{"taxonomy":"product_tag","embeddable":true,"href":"https:\/\/formationsubf.coop\/boutique\/wp-json\/wp\/v2\/product_tag?post=4015"}],"curies":[{"name":"wp","href":"https:\/\/api.w.org\/{rel}","templated":true}]}}