{"id":4005,"date":"2024-12-12T22:01:25","date_gmt":"2024-12-13T03:01:25","guid":{"rendered":"https:\/\/formationsubf.coop\/boutique\/?post_type=product&#038;p=4005"},"modified":"2026-04-28T11:57:47","modified_gmt":"2026-04-28T15:57:47","slug":"compresse-froide-instantannee-4-x-6","status":"publish","type":"product","link":"https:\/\/formationsubf.coop\/boutique\/product\/compresse-froide-instantannee-4-x-6\/","title":{"rendered":"Compresse froide instantann\u00e9e 4 X 6"},"content":{"rendered":"<div id=\"product-tab-desc\" class=\"details-accordian-body\">\n<ul>\n<li>Effet rapide pour un soulagement imm\u00e9diat<\/li>\n<li>Facile \u00e0 utiliser<\/li>\n<li>Dimension 4&#215;6<\/li>\n<li>Utilisation Unique<\/li>\n<\/ul>\n<\/div>\n","protected":false},"excerpt":{"rendered":"<p>Effet rapide pour un soulagement imm\u00e9diat Facile \u00e0 utiliser Dimension 4&#215;6 Utilisation Unique<\/p>\n","protected":false},"featured_media":6250,"comment_status":"open","ping_status":"closed","template":"","meta":[],"product_brand":[],"product_cat":[783],"product_tag":[],"class_list":{"0":"post-4005","1":"product","2":"type-product","3":"status-publish","4":"has-post-thumbnail","6":"product_cat-therapie-chaude-et-froide","7":"sync-code-w","9":"first","10":"instock","11":"taxable","12":"shipping-taxable","13":"purchasable","14":"product-type-simple"},"yoast_head":"<!-- This site is optimized with the Yoast SEO plugin v27.6 - https:\/\/yoast.com\/product\/yoast-seo-wordpress\/ -->\n<title>Compresse froide instantann\u00e9e 4 X 6 - Formations UBF | Boutique<\/title>\n<meta name=\"robots\" content=\"index, follow, max-snippet:-1, max-image-preview:large, max-video-preview:-1\" \/>\n<link rel=\"canonical\" href=\"https:\/\/formationsubf.coop\/boutique\/product\/compresse-froide-instantannee-4-x-6\/\" \/>\n<meta property=\"og:locale\" content=\"fr_FR\" \/>\n<meta property=\"og:type\" content=\"article\" \/>\n<meta property=\"og:title\" content=\"Compresse froide instantann\u00e9e 4 X 6 - Formations UBF | Boutique\" \/>\n<meta property=\"og:description\" content=\"Effet rapide pour un soulagement imm\u00e9diat Facile \u00e0 utiliser Dimension 4&#215;6 Utilisation Unique\" \/>\n<meta property=\"og:url\" content=\"https:\/\/formationsubf.coop\/boutique\/product\/compresse-froide-instantannee-4-x-6\/\" \/>\n<meta property=\"og:site_name\" content=\"Formations UBF | Boutique\" \/>\n<meta property=\"article:publisher\" content=\"https:\/\/www.facebook.com\/ubfmaterielmedicaletorthopedique\" \/>\n<meta property=\"article:modified_time\" content=\"2026-04-28T15:57:47+00:00\" \/>\n<meta property=\"og:image\" content=\"https:\/\/formationsubf.coop\/boutique\/wp-content\/uploads\/2024\/12\/Rapid-Relief.jpg\" \/>\n\t<meta property=\"og:image:width\" content=\"2000\" \/>\n\t<meta property=\"og:image:height\" content=\"2000\" \/>\n\t<meta property=\"og:image:type\" content=\"image\/jpeg\" \/>\n<meta name=\"twitter:card\" content=\"summary_large_image\" \/>\n<meta name=\"twitter:label1\" content=\"Dur\u00e9e de lecture estim\u00e9e\" \/>\n\t<meta name=\"twitter:data1\" content=\"1 minute\" \/>\n<script type=\"application\/ld+json\" class=\"yoast-schema-graph\">{\"@context\":\"https:\\\/\\\/schema.org\",\"@graph\":[{\"@type\":\"WebPage\",\"@id\":\"https:\\\/\\\/formationsubf.coop\\\/boutique\\\/product\\\/compresse-froide-instantannee-4-x-6\\\/\",\"url\":\"https:\\\/\\\/formationsubf.coop\\\/boutique\\\/product\\\/compresse-froide-instantannee-4-x-6\\\/\",\"name\":\"Compresse froide instantann\u00e9e 4 X 6 - Formations UBF | Boutique\",\"isPartOf\":{\"@id\":\"https:\\\/\\\/formationsubf.coop\\\/boutique\\\/#website\"},\"primaryImageOfPage\":{\"@id\":\"https:\\\/\\\/formationsubf.coop\\\/boutique\\\/product\\\/compresse-froide-instantannee-4-x-6\\\/#primaryimage\"},\"image\":{\"@id\":\"https:\\\/\\\/formationsubf.coop\\\/boutique\\\/product\\\/compresse-froide-instantannee-4-x-6\\\/#primaryimage\"},\"thumbnailUrl\":\"https:\\\/\\\/formationsubf.coop\\\/boutique\\\/wp-content\\\/uploads\\\/2024\\\/12\\\/Rapid-Relief.jpg\",\"datePublished\":\"2024-12-13T03:01:25+00:00\",\"dateModified\":\"2026-04-28T15:57:47+00:00\",\"breadcrumb\":{\"@id\":\"https:\\\/\\\/formationsubf.coop\\\/boutique\\\/product\\\/compresse-froide-instantannee-4-x-6\\\/#breadcrumb\"},\"inLanguage\":\"fr-FR\",\"potentialAction\":[{\"@type\":\"ReadAction\",\"target\":[\"https:\\\/\\\/formationsubf.coop\\\/boutique\\\/product\\\/compresse-froide-instantannee-4-x-6\\\/\"]}]},{\"@type\":\"ImageObject\",\"inLanguage\":\"fr-FR\",\"@id\":\"https:\\\/\\\/formationsubf.coop\\\/boutique\\\/product\\\/compresse-froide-instantannee-4-x-6\\\/#primaryimage\",\"url\":\"https:\\\/\\\/formationsubf.coop\\\/boutique\\\/wp-content\\\/uploads\\\/2024\\\/12\\\/Rapid-Relief.jpg\",\"contentUrl\":\"https:\\\/\\\/formationsubf.coop\\\/boutique\\\/wp-content\\\/uploads\\\/2024\\\/12\\\/Rapid-Relief.jpg\",\"width\":2000,\"height\":2000},{\"@type\":\"BreadcrumbList\",\"@id\":\"https:\\\/\\\/formationsubf.coop\\\/boutique\\\/product\\\/compresse-froide-instantannee-4-x-6\\\/#breadcrumb\",\"itemListElement\":[{\"@type\":\"ListItem\",\"position\":1,\"name\":\"Accueil\",\"item\":\"https:\\\/\\\/formationsubf.coop\\\/boutique\\\/\"},{\"@type\":\"ListItem\",\"position\":2,\"name\":\"Boutique\",\"item\":\"https:\\\/\\\/formationsubf.coop\\\/boutique\\\/produits\\\/\"},{\"@type\":\"ListItem\",\"position\":3,\"name\":\"Premiers Soins\",\"item\":\"https:\\\/\\\/formationsubf.coop\\\/boutique\\\/product-category\\\/premiers-soins\\\/\"},{\"@type\":\"ListItem\",\"position\":4,\"name\":\"Th\u00e9rapie chaude et froide\",\"item\":\"https:\\\/\\\/formationsubf.coop\\\/boutique\\\/product-category\\\/premiers-soins\\\/therapie-chaude-et-froide\\\/\"},{\"@type\":\"ListItem\",\"position\":5,\"name\":\"Compresse froide instantann\u00e9e 4 X 6\"}]},{\"@type\":\"WebSite\",\"@id\":\"https:\\\/\\\/formationsubf.coop\\\/boutique\\\/#website\",\"url\":\"https:\\\/\\\/formationsubf.coop\\\/boutique\\\/\",\"name\":\"Formations UBF | Boutique\",\"description\":\"\",\"potentialAction\":[{\"@type\":\"SearchAction\",\"target\":{\"@type\":\"EntryPoint\",\"urlTemplate\":\"https:\\\/\\\/formationsubf.coop\\\/boutique\\\/?s={search_term_string}\"},\"query-input\":{\"@type\":\"PropertyValueSpecification\",\"valueRequired\":true,\"valueName\":\"search_term_string\"}}],\"inLanguage\":\"fr-FR\"}]}<\/script>\n<!-- \/ Yoast SEO plugin. -->","yoast_head_json":{"title":"Compresse froide instantann\u00e9e 4 X 6 - Formations UBF | Boutique","robots":{"index":"index","follow":"follow","max-snippet":"max-snippet:-1","max-image-preview":"max-image-preview:large","max-video-preview":"max-video-preview:-1"},"canonical":"https:\/\/formationsubf.coop\/boutique\/product\/compresse-froide-instantannee-4-x-6\/","og_locale":"fr_FR","og_type":"article","og_title":"Compresse froide instantann\u00e9e 4 X 6 - Formations UBF | Boutique","og_description":"Effet rapide pour un soulagement imm\u00e9diat Facile \u00e0 utiliser Dimension 4&#215;6 Utilisation Unique","og_url":"https:\/\/formationsubf.coop\/boutique\/product\/compresse-froide-instantannee-4-x-6\/","og_site_name":"Formations UBF | Boutique","article_publisher":"https:\/\/www.facebook.com\/ubfmaterielmedicaletorthopedique","article_modified_time":"2026-04-28T15:57:47+00:00","og_image":[{"width":2000,"height":2000,"url":"https:\/\/formationsubf.coop\/boutique\/wp-content\/uploads\/2024\/12\/Rapid-Relief.jpg","type":"image\/jpeg"}],"twitter_card":"summary_large_image","twitter_misc":{"Dur\u00e9e de lecture estim\u00e9e":"1 minute"},"schema":{"@context":"https:\/\/schema.org","@graph":[{"@type":"WebPage","@id":"https:\/\/formationsubf.coop\/boutique\/product\/compresse-froide-instantannee-4-x-6\/","url":"https:\/\/formationsubf.coop\/boutique\/product\/compresse-froide-instantannee-4-x-6\/","name":"Compresse froide instantann\u00e9e 4 X 6 - Formations UBF | Boutique","isPartOf":{"@id":"https:\/\/formationsubf.coop\/boutique\/#website"},"primaryImageOfPage":{"@id":"https:\/\/formationsubf.coop\/boutique\/product\/compresse-froide-instantannee-4-x-6\/#primaryimage"},"image":{"@id":"https:\/\/formationsubf.coop\/boutique\/product\/compresse-froide-instantannee-4-x-6\/#primaryimage"},"thumbnailUrl":"https:\/\/formationsubf.coop\/boutique\/wp-content\/uploads\/2024\/12\/Rapid-Relief.jpg","datePublished":"2024-12-13T03:01:25+00:00","dateModified":"2026-04-28T15:57:47+00:00","breadcrumb":{"@id":"https:\/\/formationsubf.coop\/boutique\/product\/compresse-froide-instantannee-4-x-6\/#breadcrumb"},"inLanguage":"fr-FR","potentialAction":[{"@type":"ReadAction","target":["https:\/\/formationsubf.coop\/boutique\/product\/compresse-froide-instantannee-4-x-6\/"]}]},{"@type":"ImageObject","inLanguage":"fr-FR","@id":"https:\/\/formationsubf.coop\/boutique\/product\/compresse-froide-instantannee-4-x-6\/#primaryimage","url":"https:\/\/formationsubf.coop\/boutique\/wp-content\/uploads\/2024\/12\/Rapid-Relief.jpg","contentUrl":"https:\/\/formationsubf.coop\/boutique\/wp-content\/uploads\/2024\/12\/Rapid-Relief.jpg","width":2000,"height":2000},{"@type":"BreadcrumbList","@id":"https:\/\/formationsubf.coop\/boutique\/product\/compresse-froide-instantannee-4-x-6\/#breadcrumb","itemListElement":[{"@type":"ListItem","position":1,"name":"Accueil","item":"https:\/\/formationsubf.coop\/boutique\/"},{"@type":"ListItem","position":2,"name":"Boutique","item":"https:\/\/formationsubf.coop\/boutique\/produits\/"},{"@type":"ListItem","position":3,"name":"Premiers Soins","item":"https:\/\/formationsubf.coop\/boutique\/product-category\/premiers-soins\/"},{"@type":"ListItem","position":4,"name":"Th\u00e9rapie chaude et froide","item":"https:\/\/formationsubf.coop\/boutique\/product-category\/premiers-soins\/therapie-chaude-et-froide\/"},{"@type":"ListItem","position":5,"name":"Compresse froide instantann\u00e9e 4 X 6"}]},{"@type":"WebSite","@id":"https:\/\/formationsubf.coop\/boutique\/#website","url":"https:\/\/formationsubf.coop\/boutique\/","name":"Formations UBF | Boutique","description":"","potentialAction":[{"@type":"SearchAction","target":{"@type":"EntryPoint","urlTemplate":"https:\/\/formationsubf.coop\/boutique\/?s={search_term_string}"},"query-input":{"@type":"PropertyValueSpecification","valueRequired":true,"valueName":"search_term_string"}}],"inLanguage":"fr-FR"}]}},"_links":{"self":[{"href":"https:\/\/formationsubf.coop\/boutique\/wp-json\/wp\/v2\/product\/4005","targetHints":{"allow":["GET"]}}],"collection":[{"href":"https:\/\/formationsubf.coop\/boutique\/wp-json\/wp\/v2\/product"}],"about":[{"href":"https:\/\/formationsubf.coop\/boutique\/wp-json\/wp\/v2\/types\/product"}],"replies":[{"embeddable":true,"href":"https:\/\/formationsubf.coop\/boutique\/wp-json\/wp\/v2\/comments?post=4005"}],"wp:featuredmedia":[{"embeddable":true,"href":"https:\/\/formationsubf.coop\/boutique\/wp-json\/wp\/v2\/media\/6250"}],"wp:attachment":[{"href":"https:\/\/formationsubf.coop\/boutique\/wp-json\/wp\/v2\/media?parent=4005"}],"wp:term":[{"taxonomy":"product_brand","embeddable":true,"href":"https:\/\/formationsubf.coop\/boutique\/wp-json\/wp\/v2\/product_brand?post=4005"},{"taxonomy":"product_cat","embeddable":true,"href":"https:\/\/formationsubf.coop\/boutique\/wp-json\/wp\/v2\/product_cat?post=4005"},{"taxonomy":"product_tag","embeddable":true,"href":"https:\/\/formationsubf.coop\/boutique\/wp-json\/wp\/v2\/product_tag?post=4005"}],"curies":[{"name":"wp","href":"https:\/\/api.w.org\/{rel}","templated":true}]}}