{"id":3996,"date":"2024-12-12T22:01:08","date_gmt":"2024-12-13T03:01:08","guid":{"rendered":"https:\/\/formationsubf.coop\/boutique\/?post_type=product&#038;p=3996"},"modified":"2026-04-28T11:57:26","modified_gmt":"2026-04-28T15:57:26","slug":"pansement-adhesif-jointure-unite","status":"publish","type":"product","link":"https:\/\/formationsubf.coop\/boutique\/product\/pansement-adhesif-jointure-unite\/","title":{"rendered":"Pansement adh\u00e9sif jointure  (unit\u00e9)"},"content":{"rendered":"<ul>\n<li>Permet \u00e0 la peau de respirer pour une cicatrisation plus rapide<\/li>\n<li>L&rsquo;adh\u00e9sif permet au pansement de coller et de rester en place.<\/li>\n<li>La compresse non adh\u00e9rente maintient la plaie propre et s\u00e8che pour une cicatrisation plus rapide.<\/li>\n<\/ul>\n","protected":false},"excerpt":{"rendered":"<p>Permet \u00e0 la peau de respirer pour une cicatrisation plus rapide L&rsquo;adh\u00e9sif permet au pansement de coller et de rester en place. La compresse non adh\u00e9rente maintient la plaie propre et s\u00e8che pour une cicatrisation plus rapide.<\/p>\n","protected":false},"featured_media":4274,"comment_status":"open","ping_status":"closed","template":"","meta":[],"product_brand":[],"product_cat":[464],"product_tag":[],"class_list":{"0":"post-3996","1":"product","2":"type-product","3":"status-publish","4":"has-post-thumbnail","6":"product_cat-pansements","7":"sync-code-w","9":"first","10":"instock","11":"taxable","12":"shipping-taxable","13":"purchasable","14":"product-type-simple"},"yoast_head":"<!-- This site is optimized with the Yoast SEO plugin v27.5 - https:\/\/yoast.com\/product\/yoast-seo-wordpress\/ -->\n<title>Pansement adh\u00e9sif jointure (unit\u00e9) - Formations UBF | Boutique<\/title>\n<meta name=\"robots\" content=\"index, follow, max-snippet:-1, max-image-preview:large, max-video-preview:-1\" \/>\n<link rel=\"canonical\" href=\"https:\/\/formationsubf.coop\/boutique\/product\/pansement-adhesif-jointure-unite\/\" \/>\n<meta property=\"og:locale\" content=\"fr_FR\" \/>\n<meta property=\"og:type\" content=\"article\" \/>\n<meta property=\"og:title\" content=\"Pansement adh\u00e9sif jointure (unit\u00e9) - Formations UBF | Boutique\" \/>\n<meta property=\"og:description\" content=\"Permet \u00e0 la peau de respirer pour une cicatrisation plus rapide L&rsquo;adh\u00e9sif permet au pansement de coller et de rester en place. La compresse non adh\u00e9rente maintient la plaie propre et s\u00e8che pour une cicatrisation plus rapide.\" \/>\n<meta property=\"og:url\" content=\"https:\/\/formationsubf.coop\/boutique\/product\/pansement-adhesif-jointure-unite\/\" \/>\n<meta property=\"og:site_name\" content=\"Formations UBF | Boutique\" \/>\n<meta property=\"article:publisher\" content=\"https:\/\/www.facebook.com\/ubfmaterielmedicaletorthopedique\" \/>\n<meta property=\"article:modified_time\" content=\"2026-04-28T15:57:26+00:00\" \/>\n<meta property=\"og:image\" content=\"https:\/\/formationsubf.coop\/boutique\/wp-content\/uploads\/2024\/12\/jointure.webp\" \/>\n\t<meta property=\"og:image:width\" content=\"900\" \/>\n\t<meta property=\"og:image:height\" content=\"900\" \/>\n\t<meta property=\"og:image:type\" content=\"image\/webp\" \/>\n<meta name=\"twitter:card\" content=\"summary_large_image\" \/>\n<meta name=\"twitter:label1\" content=\"Dur\u00e9e de lecture estim\u00e9e\" \/>\n\t<meta name=\"twitter:data1\" content=\"1 minute\" \/>\n<script type=\"application\/ld+json\" class=\"yoast-schema-graph\">{\"@context\":\"https:\\\/\\\/schema.org\",\"@graph\":[{\"@type\":\"WebPage\",\"@id\":\"https:\\\/\\\/formationsubf.coop\\\/boutique\\\/product\\\/pansement-adhesif-jointure-unite\\\/\",\"url\":\"https:\\\/\\\/formationsubf.coop\\\/boutique\\\/product\\\/pansement-adhesif-jointure-unite\\\/\",\"name\":\"Pansement adh\u00e9sif jointure (unit\u00e9) - Formations UBF | Boutique\",\"isPartOf\":{\"@id\":\"https:\\\/\\\/formationsubf.coop\\\/boutique\\\/#website\"},\"primaryImageOfPage\":{\"@id\":\"https:\\\/\\\/formationsubf.coop\\\/boutique\\\/product\\\/pansement-adhesif-jointure-unite\\\/#primaryimage\"},\"image\":{\"@id\":\"https:\\\/\\\/formationsubf.coop\\\/boutique\\\/product\\\/pansement-adhesif-jointure-unite\\\/#primaryimage\"},\"thumbnailUrl\":\"https:\\\/\\\/formationsubf.coop\\\/boutique\\\/wp-content\\\/uploads\\\/2024\\\/12\\\/jointure.webp\",\"datePublished\":\"2024-12-13T03:01:08+00:00\",\"dateModified\":\"2026-04-28T15:57:26+00:00\",\"breadcrumb\":{\"@id\":\"https:\\\/\\\/formationsubf.coop\\\/boutique\\\/product\\\/pansement-adhesif-jointure-unite\\\/#breadcrumb\"},\"inLanguage\":\"fr-FR\",\"potentialAction\":[{\"@type\":\"ReadAction\",\"target\":[\"https:\\\/\\\/formationsubf.coop\\\/boutique\\\/product\\\/pansement-adhesif-jointure-unite\\\/\"]}]},{\"@type\":\"ImageObject\",\"inLanguage\":\"fr-FR\",\"@id\":\"https:\\\/\\\/formationsubf.coop\\\/boutique\\\/product\\\/pansement-adhesif-jointure-unite\\\/#primaryimage\",\"url\":\"https:\\\/\\\/formationsubf.coop\\\/boutique\\\/wp-content\\\/uploads\\\/2024\\\/12\\\/jointure.webp\",\"contentUrl\":\"https:\\\/\\\/formationsubf.coop\\\/boutique\\\/wp-content\\\/uploads\\\/2024\\\/12\\\/jointure.webp\",\"width\":900,\"height\":900},{\"@type\":\"BreadcrumbList\",\"@id\":\"https:\\\/\\\/formationsubf.coop\\\/boutique\\\/product\\\/pansement-adhesif-jointure-unite\\\/#breadcrumb\",\"itemListElement\":[{\"@type\":\"ListItem\",\"position\":1,\"name\":\"Accueil\",\"item\":\"https:\\\/\\\/formationsubf.coop\\\/boutique\\\/\"},{\"@type\":\"ListItem\",\"position\":2,\"name\":\"Boutique\",\"item\":\"https:\\\/\\\/formationsubf.coop\\\/boutique\\\/produits\\\/\"},{\"@type\":\"ListItem\",\"position\":3,\"name\":\"Premiers Soins\",\"item\":\"https:\\\/\\\/formationsubf.coop\\\/boutique\\\/product-category\\\/premiers-soins\\\/\"},{\"@type\":\"ListItem\",\"position\":4,\"name\":\"Pansements\",\"item\":\"https:\\\/\\\/formationsubf.coop\\\/boutique\\\/product-category\\\/premiers-soins\\\/pansements\\\/\"},{\"@type\":\"ListItem\",\"position\":5,\"name\":\"Pansement adh\u00e9sif jointure (unit\u00e9)\"}]},{\"@type\":\"WebSite\",\"@id\":\"https:\\\/\\\/formationsubf.coop\\\/boutique\\\/#website\",\"url\":\"https:\\\/\\\/formationsubf.coop\\\/boutique\\\/\",\"name\":\"Formations UBF | Boutique\",\"description\":\"\",\"potentialAction\":[{\"@type\":\"SearchAction\",\"target\":{\"@type\":\"EntryPoint\",\"urlTemplate\":\"https:\\\/\\\/formationsubf.coop\\\/boutique\\\/?s={search_term_string}\"},\"query-input\":{\"@type\":\"PropertyValueSpecification\",\"valueRequired\":true,\"valueName\":\"search_term_string\"}}],\"inLanguage\":\"fr-FR\"}]}<\/script>\n<!-- \/ Yoast SEO plugin. -->","yoast_head_json":{"title":"Pansement adh\u00e9sif jointure (unit\u00e9) - Formations UBF | Boutique","robots":{"index":"index","follow":"follow","max-snippet":"max-snippet:-1","max-image-preview":"max-image-preview:large","max-video-preview":"max-video-preview:-1"},"canonical":"https:\/\/formationsubf.coop\/boutique\/product\/pansement-adhesif-jointure-unite\/","og_locale":"fr_FR","og_type":"article","og_title":"Pansement adh\u00e9sif jointure (unit\u00e9) - Formations UBF | Boutique","og_description":"Permet \u00e0 la peau de respirer pour une cicatrisation plus rapide L&rsquo;adh\u00e9sif permet au pansement de coller et de rester en place. La compresse non adh\u00e9rente maintient la plaie propre et s\u00e8che pour une cicatrisation plus rapide.","og_url":"https:\/\/formationsubf.coop\/boutique\/product\/pansement-adhesif-jointure-unite\/","og_site_name":"Formations UBF | Boutique","article_publisher":"https:\/\/www.facebook.com\/ubfmaterielmedicaletorthopedique","article_modified_time":"2026-04-28T15:57:26+00:00","og_image":[{"width":900,"height":900,"url":"https:\/\/formationsubf.coop\/boutique\/wp-content\/uploads\/2024\/12\/jointure.webp","type":"image\/webp"}],"twitter_card":"summary_large_image","twitter_misc":{"Dur\u00e9e de lecture estim\u00e9e":"1 minute"},"schema":{"@context":"https:\/\/schema.org","@graph":[{"@type":"WebPage","@id":"https:\/\/formationsubf.coop\/boutique\/product\/pansement-adhesif-jointure-unite\/","url":"https:\/\/formationsubf.coop\/boutique\/product\/pansement-adhesif-jointure-unite\/","name":"Pansement adh\u00e9sif jointure (unit\u00e9) - Formations UBF | Boutique","isPartOf":{"@id":"https:\/\/formationsubf.coop\/boutique\/#website"},"primaryImageOfPage":{"@id":"https:\/\/formationsubf.coop\/boutique\/product\/pansement-adhesif-jointure-unite\/#primaryimage"},"image":{"@id":"https:\/\/formationsubf.coop\/boutique\/product\/pansement-adhesif-jointure-unite\/#primaryimage"},"thumbnailUrl":"https:\/\/formationsubf.coop\/boutique\/wp-content\/uploads\/2024\/12\/jointure.webp","datePublished":"2024-12-13T03:01:08+00:00","dateModified":"2026-04-28T15:57:26+00:00","breadcrumb":{"@id":"https:\/\/formationsubf.coop\/boutique\/product\/pansement-adhesif-jointure-unite\/#breadcrumb"},"inLanguage":"fr-FR","potentialAction":[{"@type":"ReadAction","target":["https:\/\/formationsubf.coop\/boutique\/product\/pansement-adhesif-jointure-unite\/"]}]},{"@type":"ImageObject","inLanguage":"fr-FR","@id":"https:\/\/formationsubf.coop\/boutique\/product\/pansement-adhesif-jointure-unite\/#primaryimage","url":"https:\/\/formationsubf.coop\/boutique\/wp-content\/uploads\/2024\/12\/jointure.webp","contentUrl":"https:\/\/formationsubf.coop\/boutique\/wp-content\/uploads\/2024\/12\/jointure.webp","width":900,"height":900},{"@type":"BreadcrumbList","@id":"https:\/\/formationsubf.coop\/boutique\/product\/pansement-adhesif-jointure-unite\/#breadcrumb","itemListElement":[{"@type":"ListItem","position":1,"name":"Accueil","item":"https:\/\/formationsubf.coop\/boutique\/"},{"@type":"ListItem","position":2,"name":"Boutique","item":"https:\/\/formationsubf.coop\/boutique\/produits\/"},{"@type":"ListItem","position":3,"name":"Premiers Soins","item":"https:\/\/formationsubf.coop\/boutique\/product-category\/premiers-soins\/"},{"@type":"ListItem","position":4,"name":"Pansements","item":"https:\/\/formationsubf.coop\/boutique\/product-category\/premiers-soins\/pansements\/"},{"@type":"ListItem","position":5,"name":"Pansement adh\u00e9sif jointure (unit\u00e9)"}]},{"@type":"WebSite","@id":"https:\/\/formationsubf.coop\/boutique\/#website","url":"https:\/\/formationsubf.coop\/boutique\/","name":"Formations UBF | Boutique","description":"","potentialAction":[{"@type":"SearchAction","target":{"@type":"EntryPoint","urlTemplate":"https:\/\/formationsubf.coop\/boutique\/?s={search_term_string}"},"query-input":{"@type":"PropertyValueSpecification","valueRequired":true,"valueName":"search_term_string"}}],"inLanguage":"fr-FR"}]}},"_links":{"self":[{"href":"https:\/\/formationsubf.coop\/boutique\/wp-json\/wp\/v2\/product\/3996","targetHints":{"allow":["GET"]}}],"collection":[{"href":"https:\/\/formationsubf.coop\/boutique\/wp-json\/wp\/v2\/product"}],"about":[{"href":"https:\/\/formationsubf.coop\/boutique\/wp-json\/wp\/v2\/types\/product"}],"replies":[{"embeddable":true,"href":"https:\/\/formationsubf.coop\/boutique\/wp-json\/wp\/v2\/comments?post=3996"}],"wp:featuredmedia":[{"embeddable":true,"href":"https:\/\/formationsubf.coop\/boutique\/wp-json\/wp\/v2\/media\/4274"}],"wp:attachment":[{"href":"https:\/\/formationsubf.coop\/boutique\/wp-json\/wp\/v2\/media?parent=3996"}],"wp:term":[{"taxonomy":"product_brand","embeddable":true,"href":"https:\/\/formationsubf.coop\/boutique\/wp-json\/wp\/v2\/product_brand?post=3996"},{"taxonomy":"product_cat","embeddable":true,"href":"https:\/\/formationsubf.coop\/boutique\/wp-json\/wp\/v2\/product_cat?post=3996"},{"taxonomy":"product_tag","embeddable":true,"href":"https:\/\/formationsubf.coop\/boutique\/wp-json\/wp\/v2\/product_tag?post=3996"}],"curies":[{"name":"wp","href":"https:\/\/api.w.org\/{rel}","templated":true}]}}