{"id":3931,"date":"2024-12-10T12:01:17","date_gmt":"2024-12-10T17:01:17","guid":{"rendered":"https:\/\/formationsubf.coop\/boutique\/?post_type=product&#038;p=3931"},"modified":"2025-06-18T12:26:57","modified_gmt":"2025-06-18T16:26:57","slug":"defibrillateur-zoll-aed-3-semi-automatique","status":"publish","type":"product","link":"https:\/\/formationsubf.coop\/boutique\/product\/defibrillateur-zoll-aed-3-semi-automatique\/","title":{"rendered":"D\u00e9fibrillateur Zoll AED 3 semi-automatique"},"content":{"rendered":"<p>Le d\u00e9fibrillateur ZOLL AED 3\u00ae fournit une \u00e9valuation de la RCP en temps r\u00e9el et affiche des images de secours nettes et r\u00e9alistes en couleurs. Il est \u00e9quip\u00e9 de la technologie d\u2019analyse RapidShock\u2122 et d\u2019un mode p\u00e9diatrique, ce qui permet de traiter facilement les victimes d\u2019un ACS, adultes comme enfants. Con\u00e7u pour \u00eatre pr\u00eat \u00e0 l\u2019emploi \u00e0 tout moment, le ZOLL AED 3 est \u00e9quip\u00e9 de consommables longue dur\u00e9e et de la connectivit\u00e9 Wi-Fi en option pour le monitorage \u00e0 distance de l\u2019\u00e9tat des DAE.<\/p>\n<div class=\"feature-p\">\n<ul>\n<li>Technologie Real CPR Help<\/li>\n<li>Analyse RapidShock<\/li>\n<li>R\u00e9animation p\u00e9diatrique int\u00e9gr\u00e9e avec le mode enfant<\/li>\n<li>Connectivit\u00e9 Wi-Fi *en option*<\/li>\n<li>\u00c9cran tactile LCD \u00e0 haute r\u00e9solution<\/li>\n<li>Images de secours nettes et r\u00e9alistes en couleurs<\/li>\n<li>Conception r\u00e9sistante, test de chute de 1\u00a0m\u00e8tre<\/li>\n<li>Indice de protection (IP) de 55 pour la protection contre la poussi\u00e8re et l\u2019humidit\u00e9<\/li>\n<li>La batterie intelligente d\u2019une dur\u00e9e de 5\u00a0ans peut signaler son \u00e9tat d\u2019alimentation<\/li>\n<li>\u00c9lectrodes universelles CPR Uni-padz d\u2019une dur\u00e9e de vie de 5\u00a0ans pour les adultes et les enfants<\/li>\n<li>Des auto-tests automatiques complets garantissent la disponibilit\u00e9 du dispositif<\/li>\n<li>Configurations semi-automatique et enti\u00e8rement automatique<\/li>\n<\/ul>\n<\/div>\n<p>&nbsp;<\/p>\n","protected":false},"excerpt":{"rendered":"<p>Le d\u00e9fibrillateur ZOLL AED 3\u00ae fournit une \u00e9valuation de la RCP en temps r\u00e9el et affiche des images de secours nettes et r\u00e9alistes en couleurs. Il est \u00e9quip\u00e9 de la technologie d\u2019analyse RapidShock\u2122 et d\u2019un mode p\u00e9diatrique, ce qui permet de traiter facilement les victimes d\u2019un ACS, adultes comme enfants. Con\u00e7u pour \u00eatre pr\u00eat \u00e0 [&#8230;]\n","protected":false},"featured_media":4645,"comment_status":"open","ping_status":"closed","template":"","meta":[],"product_brand":[],"product_cat":[880,881],"product_tag":[],"class_list":{"0":"post-3931","1":"product","2":"type-product","3":"status-publish","4":"has-post-thumbnail","6":"product_cat-dea-defibrillateur-externe-automatise","7":"product_cat-defibrillateur","8":"sync-code-w","10":"first","11":"outofstock","12":"taxable","13":"shipping-taxable","14":"purchasable","15":"product-type-simple"},"yoast_head":"<!-- This site is optimized with the Yoast SEO plugin v27.3 - https:\/\/yoast.com\/product\/yoast-seo-wordpress\/ -->\n<title>D\u00e9fibrillateur Zoll AED 3 semi-automatique - Formations UBF | Boutique<\/title>\n<meta name=\"robots\" content=\"index, follow, max-snippet:-1, max-image-preview:large, max-video-preview:-1\" \/>\n<link rel=\"canonical\" href=\"https:\/\/formationsubf.coop\/boutique\/product\/defibrillateur-zoll-aed-3-semi-automatique\/\" \/>\n<meta property=\"og:locale\" content=\"fr_FR\" \/>\n<meta property=\"og:type\" content=\"article\" \/>\n<meta property=\"og:title\" content=\"D\u00e9fibrillateur Zoll AED 3 semi-automatique - Formations UBF | Boutique\" \/>\n<meta property=\"og:description\" content=\"Le d\u00e9fibrillateur ZOLL AED 3\u00ae fournit une \u00e9valuation de la RCP en temps r\u00e9el et affiche des images de secours nettes et r\u00e9alistes en couleurs. Il est \u00e9quip\u00e9 de la technologie d\u2019analyse RapidShock\u2122 et d\u2019un mode p\u00e9diatrique, ce qui permet de traiter facilement les victimes d\u2019un ACS, adultes comme enfants. Con\u00e7u pour \u00eatre pr\u00eat \u00e0 [...]\" \/>\n<meta property=\"og:url\" content=\"https:\/\/formationsubf.coop\/boutique\/product\/defibrillateur-zoll-aed-3-semi-automatique\/\" \/>\n<meta property=\"og:site_name\" content=\"Formations UBF | Boutique\" \/>\n<meta property=\"article:publisher\" content=\"https:\/\/www.facebook.com\/ubfmaterielmedicaletorthopedique\" \/>\n<meta property=\"article:modified_time\" content=\"2025-06-18T16:26:57+00:00\" \/>\n<meta property=\"og:image\" content=\"https:\/\/formationsubf.coop\/boutique\/wp-content\/uploads\/2024\/12\/Defibrillateur-Zoll-AED-3-3.jpg\" \/>\n\t<meta property=\"og:image:width\" content=\"800\" \/>\n\t<meta property=\"og:image:height\" content=\"800\" \/>\n\t<meta property=\"og:image:type\" content=\"image\/jpeg\" \/>\n<meta name=\"twitter:card\" content=\"summary_large_image\" \/>\n<meta name=\"twitter:label1\" content=\"Dur\u00e9e de lecture estim\u00e9e\" \/>\n\t<meta name=\"twitter:data1\" content=\"2 minutes\" \/>\n<script type=\"application\/ld+json\" class=\"yoast-schema-graph\">{\"@context\":\"https:\\\/\\\/schema.org\",\"@graph\":[{\"@type\":\"WebPage\",\"@id\":\"https:\\\/\\\/formationsubf.coop\\\/boutique\\\/product\\\/defibrillateur-zoll-aed-3-semi-automatique\\\/\",\"url\":\"https:\\\/\\\/formationsubf.coop\\\/boutique\\\/product\\\/defibrillateur-zoll-aed-3-semi-automatique\\\/\",\"name\":\"D\u00e9fibrillateur Zoll AED 3 semi-automatique - Formations UBF | Boutique\",\"isPartOf\":{\"@id\":\"https:\\\/\\\/formationsubf.coop\\\/boutique\\\/#website\"},\"primaryImageOfPage\":{\"@id\":\"https:\\\/\\\/formationsubf.coop\\\/boutique\\\/product\\\/defibrillateur-zoll-aed-3-semi-automatique\\\/#primaryimage\"},\"image\":{\"@id\":\"https:\\\/\\\/formationsubf.coop\\\/boutique\\\/product\\\/defibrillateur-zoll-aed-3-semi-automatique\\\/#primaryimage\"},\"thumbnailUrl\":\"https:\\\/\\\/formationsubf.coop\\\/boutique\\\/wp-content\\\/uploads\\\/2024\\\/12\\\/Defibrillateur-Zoll-AED-3-3.jpg\",\"datePublished\":\"2024-12-10T17:01:17+00:00\",\"dateModified\":\"2025-06-18T16:26:57+00:00\",\"breadcrumb\":{\"@id\":\"https:\\\/\\\/formationsubf.coop\\\/boutique\\\/product\\\/defibrillateur-zoll-aed-3-semi-automatique\\\/#breadcrumb\"},\"inLanguage\":\"fr-FR\",\"potentialAction\":[{\"@type\":\"ReadAction\",\"target\":[\"https:\\\/\\\/formationsubf.coop\\\/boutique\\\/product\\\/defibrillateur-zoll-aed-3-semi-automatique\\\/\"]}]},{\"@type\":\"ImageObject\",\"inLanguage\":\"fr-FR\",\"@id\":\"https:\\\/\\\/formationsubf.coop\\\/boutique\\\/product\\\/defibrillateur-zoll-aed-3-semi-automatique\\\/#primaryimage\",\"url\":\"https:\\\/\\\/formationsubf.coop\\\/boutique\\\/wp-content\\\/uploads\\\/2024\\\/12\\\/Defibrillateur-Zoll-AED-3-3.jpg\",\"contentUrl\":\"https:\\\/\\\/formationsubf.coop\\\/boutique\\\/wp-content\\\/uploads\\\/2024\\\/12\\\/Defibrillateur-Zoll-AED-3-3.jpg\",\"width\":800,\"height\":800},{\"@type\":\"BreadcrumbList\",\"@id\":\"https:\\\/\\\/formationsubf.coop\\\/boutique\\\/product\\\/defibrillateur-zoll-aed-3-semi-automatique\\\/#breadcrumb\",\"itemListElement\":[{\"@type\":\"ListItem\",\"position\":1,\"name\":\"Accueil\",\"item\":\"https:\\\/\\\/formationsubf.coop\\\/boutique\\\/\"},{\"@type\":\"ListItem\",\"position\":2,\"name\":\"Boutique\",\"item\":\"https:\\\/\\\/formationsubf.coop\\\/boutique\\\/produits\\\/\"},{\"@type\":\"ListItem\",\"position\":3,\"name\":\"DEA - D\u00e9fibrillateur externe automatis\u00e9\",\"item\":\"https:\\\/\\\/formationsubf.coop\\\/boutique\\\/product-category\\\/dea-defibrillateur-externe-automatise\\\/\"},{\"@type\":\"ListItem\",\"position\":4,\"name\":\"D\u00e9fibrillateur Zoll AED 3 semi-automatique\"}]},{\"@type\":\"WebSite\",\"@id\":\"https:\\\/\\\/formationsubf.coop\\\/boutique\\\/#website\",\"url\":\"https:\\\/\\\/formationsubf.coop\\\/boutique\\\/\",\"name\":\"Formations UBF | Boutique\",\"description\":\"\",\"potentialAction\":[{\"@type\":\"SearchAction\",\"target\":{\"@type\":\"EntryPoint\",\"urlTemplate\":\"https:\\\/\\\/formationsubf.coop\\\/boutique\\\/?s={search_term_string}\"},\"query-input\":{\"@type\":\"PropertyValueSpecification\",\"valueRequired\":true,\"valueName\":\"search_term_string\"}}],\"inLanguage\":\"fr-FR\"}]}<\/script>\n<!-- \/ Yoast SEO plugin. -->","yoast_head_json":{"title":"D\u00e9fibrillateur Zoll AED 3 semi-automatique - Formations UBF | Boutique","robots":{"index":"index","follow":"follow","max-snippet":"max-snippet:-1","max-image-preview":"max-image-preview:large","max-video-preview":"max-video-preview:-1"},"canonical":"https:\/\/formationsubf.coop\/boutique\/product\/defibrillateur-zoll-aed-3-semi-automatique\/","og_locale":"fr_FR","og_type":"article","og_title":"D\u00e9fibrillateur Zoll AED 3 semi-automatique - Formations UBF | Boutique","og_description":"Le d\u00e9fibrillateur ZOLL AED 3\u00ae fournit une \u00e9valuation de la RCP en temps r\u00e9el et affiche des images de secours nettes et r\u00e9alistes en couleurs. Il est \u00e9quip\u00e9 de la technologie d\u2019analyse RapidShock\u2122 et d\u2019un mode p\u00e9diatrique, ce qui permet de traiter facilement les victimes d\u2019un ACS, adultes comme enfants. Con\u00e7u pour \u00eatre pr\u00eat \u00e0 [...]","og_url":"https:\/\/formationsubf.coop\/boutique\/product\/defibrillateur-zoll-aed-3-semi-automatique\/","og_site_name":"Formations UBF | Boutique","article_publisher":"https:\/\/www.facebook.com\/ubfmaterielmedicaletorthopedique","article_modified_time":"2025-06-18T16:26:57+00:00","og_image":[{"width":800,"height":800,"url":"https:\/\/formationsubf.coop\/boutique\/wp-content\/uploads\/2024\/12\/Defibrillateur-Zoll-AED-3-3.jpg","type":"image\/jpeg"}],"twitter_card":"summary_large_image","twitter_misc":{"Dur\u00e9e de lecture estim\u00e9e":"2 minutes"},"schema":{"@context":"https:\/\/schema.org","@graph":[{"@type":"WebPage","@id":"https:\/\/formationsubf.coop\/boutique\/product\/defibrillateur-zoll-aed-3-semi-automatique\/","url":"https:\/\/formationsubf.coop\/boutique\/product\/defibrillateur-zoll-aed-3-semi-automatique\/","name":"D\u00e9fibrillateur Zoll AED 3 semi-automatique - Formations UBF | Boutique","isPartOf":{"@id":"https:\/\/formationsubf.coop\/boutique\/#website"},"primaryImageOfPage":{"@id":"https:\/\/formationsubf.coop\/boutique\/product\/defibrillateur-zoll-aed-3-semi-automatique\/#primaryimage"},"image":{"@id":"https:\/\/formationsubf.coop\/boutique\/product\/defibrillateur-zoll-aed-3-semi-automatique\/#primaryimage"},"thumbnailUrl":"https:\/\/formationsubf.coop\/boutique\/wp-content\/uploads\/2024\/12\/Defibrillateur-Zoll-AED-3-3.jpg","datePublished":"2024-12-10T17:01:17+00:00","dateModified":"2025-06-18T16:26:57+00:00","breadcrumb":{"@id":"https:\/\/formationsubf.coop\/boutique\/product\/defibrillateur-zoll-aed-3-semi-automatique\/#breadcrumb"},"inLanguage":"fr-FR","potentialAction":[{"@type":"ReadAction","target":["https:\/\/formationsubf.coop\/boutique\/product\/defibrillateur-zoll-aed-3-semi-automatique\/"]}]},{"@type":"ImageObject","inLanguage":"fr-FR","@id":"https:\/\/formationsubf.coop\/boutique\/product\/defibrillateur-zoll-aed-3-semi-automatique\/#primaryimage","url":"https:\/\/formationsubf.coop\/boutique\/wp-content\/uploads\/2024\/12\/Defibrillateur-Zoll-AED-3-3.jpg","contentUrl":"https:\/\/formationsubf.coop\/boutique\/wp-content\/uploads\/2024\/12\/Defibrillateur-Zoll-AED-3-3.jpg","width":800,"height":800},{"@type":"BreadcrumbList","@id":"https:\/\/formationsubf.coop\/boutique\/product\/defibrillateur-zoll-aed-3-semi-automatique\/#breadcrumb","itemListElement":[{"@type":"ListItem","position":1,"name":"Accueil","item":"https:\/\/formationsubf.coop\/boutique\/"},{"@type":"ListItem","position":2,"name":"Boutique","item":"https:\/\/formationsubf.coop\/boutique\/produits\/"},{"@type":"ListItem","position":3,"name":"DEA - D\u00e9fibrillateur externe automatis\u00e9","item":"https:\/\/formationsubf.coop\/boutique\/product-category\/dea-defibrillateur-externe-automatise\/"},{"@type":"ListItem","position":4,"name":"D\u00e9fibrillateur Zoll AED 3 semi-automatique"}]},{"@type":"WebSite","@id":"https:\/\/formationsubf.coop\/boutique\/#website","url":"https:\/\/formationsubf.coop\/boutique\/","name":"Formations UBF | Boutique","description":"","potentialAction":[{"@type":"SearchAction","target":{"@type":"EntryPoint","urlTemplate":"https:\/\/formationsubf.coop\/boutique\/?s={search_term_string}"},"query-input":{"@type":"PropertyValueSpecification","valueRequired":true,"valueName":"search_term_string"}}],"inLanguage":"fr-FR"}]}},"_links":{"self":[{"href":"https:\/\/formationsubf.coop\/boutique\/wp-json\/wp\/v2\/product\/3931","targetHints":{"allow":["GET"]}}],"collection":[{"href":"https:\/\/formationsubf.coop\/boutique\/wp-json\/wp\/v2\/product"}],"about":[{"href":"https:\/\/formationsubf.coop\/boutique\/wp-json\/wp\/v2\/types\/product"}],"replies":[{"embeddable":true,"href":"https:\/\/formationsubf.coop\/boutique\/wp-json\/wp\/v2\/comments?post=3931"}],"wp:featuredmedia":[{"embeddable":true,"href":"https:\/\/formationsubf.coop\/boutique\/wp-json\/wp\/v2\/media\/4645"}],"wp:attachment":[{"href":"https:\/\/formationsubf.coop\/boutique\/wp-json\/wp\/v2\/media?parent=3931"}],"wp:term":[{"taxonomy":"product_brand","embeddable":true,"href":"https:\/\/formationsubf.coop\/boutique\/wp-json\/wp\/v2\/product_brand?post=3931"},{"taxonomy":"product_cat","embeddable":true,"href":"https:\/\/formationsubf.coop\/boutique\/wp-json\/wp\/v2\/product_cat?post=3931"},{"taxonomy":"product_tag","embeddable":true,"href":"https:\/\/formationsubf.coop\/boutique\/wp-json\/wp\/v2\/product_tag?post=3931"}],"curies":[{"name":"wp","href":"https:\/\/api.w.org\/{rel}","templated":true}]}}