{"id":3926,"date":"2024-12-10T12:01:03","date_gmt":"2024-12-10T17:01:03","guid":{"rendered":"https:\/\/formationsubf.coop\/boutique\/?post_type=product&#038;p=3926"},"modified":"2026-04-28T11:58:15","modified_gmt":"2026-04-28T15:58:15","slug":"echarpe-triangulaire-epingles-40x40x56","status":"publish","type":"product","link":"https:\/\/formationsubf.coop\/boutique\/product\/echarpe-triangulaire-epingles-40x40x56\/","title":{"rendered":"\u00c9charpe triangulaire\/\u00e9pingles 40X40X56"},"content":{"rendered":"<div class=\"product-short-description\">\n<ul>\n<li>Dimension : 40 x 40 x 56 po. (100 x 100 x 142 cm)<\/li>\n<li>Non st\u00e9rile et sans latex.<\/li>\n<li>Fait enti\u00e8rement de coton.<\/li>\n<li>Emball\u00e9 individuellement.<\/li>\n<li>Inclus 2 \u00e9pingles de s\u00fbret\u00e9.<\/li>\n<\/ul>\n<\/div>\n","protected":false},"excerpt":{"rendered":"<p>Dimension : 40 x 40 x 56 po. (100 x 100 x 142 cm) Non st\u00e9rile et sans latex. Fait enti\u00e8rement de coton. Emball\u00e9 individuellement. Inclus 2 \u00e9pingles de s\u00fbret\u00e9.<\/p>\n","protected":false},"featured_media":2458,"comment_status":"open","ping_status":"closed","template":"","meta":[],"product_brand":[],"product_cat":[786,15],"product_tag":[],"class_list":{"0":"post-3926","1":"product","2":"type-product","3":"status-publish","4":"has-post-thumbnail","6":"product_cat-attelles-et-tourniquets","7":"product_cat-uncategorized","8":"sync-code-w","10":"first","11":"instock","12":"taxable","13":"shipping-taxable","14":"purchasable","15":"product-type-simple"},"yoast_head":"<!-- This site is optimized with the Yoast SEO plugin v27.5 - https:\/\/yoast.com\/product\/yoast-seo-wordpress\/ -->\n<title>\u00c9charpe triangulaire\/\u00e9pingles 40X40X56 - Formations UBF | Boutique<\/title>\n<meta name=\"robots\" content=\"index, follow, max-snippet:-1, max-image-preview:large, max-video-preview:-1\" \/>\n<link rel=\"canonical\" href=\"https:\/\/formationsubf.coop\/boutique\/product\/echarpe-triangulaire-epingles-40x40x56\/\" \/>\n<meta property=\"og:locale\" content=\"fr_FR\" \/>\n<meta property=\"og:type\" content=\"article\" \/>\n<meta property=\"og:title\" content=\"\u00c9charpe triangulaire\/\u00e9pingles 40X40X56 - Formations UBF | Boutique\" \/>\n<meta property=\"og:description\" content=\"Dimension : 40 x 40 x 56 po. (100 x 100 x 142 cm) Non st\u00e9rile et sans latex. Fait enti\u00e8rement de coton. Emball\u00e9 individuellement. Inclus 2 \u00e9pingles de s\u00fbret\u00e9.\" \/>\n<meta property=\"og:url\" content=\"https:\/\/formationsubf.coop\/boutique\/product\/echarpe-triangulaire-epingles-40x40x56\/\" \/>\n<meta property=\"og:site_name\" content=\"Formations UBF | Boutique\" \/>\n<meta property=\"article:publisher\" content=\"https:\/\/www.facebook.com\/ubfmaterielmedicaletorthopedique\" \/>\n<meta property=\"article:modified_time\" content=\"2026-04-28T15:58:15+00:00\" \/>\n<meta property=\"og:image\" content=\"https:\/\/formationsubf.coop\/boutique\/wp-content\/uploads\/2020\/05\/5460-Bandage-triangulaire-beige-1-e1589227478761.jpg\" \/>\n\t<meta property=\"og:image:width\" content=\"500\" \/>\n\t<meta property=\"og:image:height\" content=\"499\" \/>\n\t<meta property=\"og:image:type\" content=\"image\/jpeg\" \/>\n<meta name=\"twitter:card\" content=\"summary_large_image\" \/>\n<meta name=\"twitter:label1\" content=\"Dur\u00e9e de lecture estim\u00e9e\" \/>\n\t<meta name=\"twitter:data1\" content=\"1 minute\" \/>\n<script type=\"application\/ld+json\" class=\"yoast-schema-graph\">{\"@context\":\"https:\\\/\\\/schema.org\",\"@graph\":[{\"@type\":\"WebPage\",\"@id\":\"https:\\\/\\\/formationsubf.coop\\\/boutique\\\/product\\\/echarpe-triangulaire-epingles-40x40x56\\\/\",\"url\":\"https:\\\/\\\/formationsubf.coop\\\/boutique\\\/product\\\/echarpe-triangulaire-epingles-40x40x56\\\/\",\"name\":\"\u00c9charpe triangulaire\\\/\u00e9pingles 40X40X56 - Formations UBF | Boutique\",\"isPartOf\":{\"@id\":\"https:\\\/\\\/formationsubf.coop\\\/boutique\\\/#website\"},\"primaryImageOfPage\":{\"@id\":\"https:\\\/\\\/formationsubf.coop\\\/boutique\\\/product\\\/echarpe-triangulaire-epingles-40x40x56\\\/#primaryimage\"},\"image\":{\"@id\":\"https:\\\/\\\/formationsubf.coop\\\/boutique\\\/product\\\/echarpe-triangulaire-epingles-40x40x56\\\/#primaryimage\"},\"thumbnailUrl\":\"https:\\\/\\\/formationsubf.coop\\\/boutique\\\/wp-content\\\/uploads\\\/2020\\\/05\\\/5460-Bandage-triangulaire-beige-1-e1589227478761.jpg\",\"datePublished\":\"2024-12-10T17:01:03+00:00\",\"dateModified\":\"2026-04-28T15:58:15+00:00\",\"breadcrumb\":{\"@id\":\"https:\\\/\\\/formationsubf.coop\\\/boutique\\\/product\\\/echarpe-triangulaire-epingles-40x40x56\\\/#breadcrumb\"},\"inLanguage\":\"fr-FR\",\"potentialAction\":[{\"@type\":\"ReadAction\",\"target\":[\"https:\\\/\\\/formationsubf.coop\\\/boutique\\\/product\\\/echarpe-triangulaire-epingles-40x40x56\\\/\"]}]},{\"@type\":\"ImageObject\",\"inLanguage\":\"fr-FR\",\"@id\":\"https:\\\/\\\/formationsubf.coop\\\/boutique\\\/product\\\/echarpe-triangulaire-epingles-40x40x56\\\/#primaryimage\",\"url\":\"https:\\\/\\\/formationsubf.coop\\\/boutique\\\/wp-content\\\/uploads\\\/2020\\\/05\\\/5460-Bandage-triangulaire-beige-1-e1589227478761.jpg\",\"contentUrl\":\"https:\\\/\\\/formationsubf.coop\\\/boutique\\\/wp-content\\\/uploads\\\/2020\\\/05\\\/5460-Bandage-triangulaire-beige-1-e1589227478761.jpg\",\"width\":500,\"height\":499,\"caption\":\"Bandage triangulaire avec \u00e9pingles \u00e0 nourrice\"},{\"@type\":\"BreadcrumbList\",\"@id\":\"https:\\\/\\\/formationsubf.coop\\\/boutique\\\/product\\\/echarpe-triangulaire-epingles-40x40x56\\\/#breadcrumb\",\"itemListElement\":[{\"@type\":\"ListItem\",\"position\":1,\"name\":\"Accueil\",\"item\":\"https:\\\/\\\/formationsubf.coop\\\/boutique\\\/\"},{\"@type\":\"ListItem\",\"position\":2,\"name\":\"Boutique\",\"item\":\"https:\\\/\\\/formationsubf.coop\\\/boutique\\\/produits\\\/\"},{\"@type\":\"ListItem\",\"position\":3,\"name\":\"Premiers Soins\",\"item\":\"https:\\\/\\\/formationsubf.coop\\\/boutique\\\/product-category\\\/premiers-soins\\\/\"},{\"@type\":\"ListItem\",\"position\":4,\"name\":\"Attelles et tourniquets\",\"item\":\"https:\\\/\\\/formationsubf.coop\\\/boutique\\\/product-category\\\/premiers-soins\\\/attelles-et-tourniquets\\\/\"},{\"@type\":\"ListItem\",\"position\":5,\"name\":\"\u00c9charpe triangulaire\\\/\u00e9pingles 40X40X56\"}]},{\"@type\":\"WebSite\",\"@id\":\"https:\\\/\\\/formationsubf.coop\\\/boutique\\\/#website\",\"url\":\"https:\\\/\\\/formationsubf.coop\\\/boutique\\\/\",\"name\":\"Formations UBF | Boutique\",\"description\":\"\",\"potentialAction\":[{\"@type\":\"SearchAction\",\"target\":{\"@type\":\"EntryPoint\",\"urlTemplate\":\"https:\\\/\\\/formationsubf.coop\\\/boutique\\\/?s={search_term_string}\"},\"query-input\":{\"@type\":\"PropertyValueSpecification\",\"valueRequired\":true,\"valueName\":\"search_term_string\"}}],\"inLanguage\":\"fr-FR\"}]}<\/script>\n<!-- \/ Yoast SEO plugin. -->","yoast_head_json":{"title":"\u00c9charpe triangulaire\/\u00e9pingles 40X40X56 - Formations UBF | Boutique","robots":{"index":"index","follow":"follow","max-snippet":"max-snippet:-1","max-image-preview":"max-image-preview:large","max-video-preview":"max-video-preview:-1"},"canonical":"https:\/\/formationsubf.coop\/boutique\/product\/echarpe-triangulaire-epingles-40x40x56\/","og_locale":"fr_FR","og_type":"article","og_title":"\u00c9charpe triangulaire\/\u00e9pingles 40X40X56 - Formations UBF | Boutique","og_description":"Dimension : 40 x 40 x 56 po. (100 x 100 x 142 cm) Non st\u00e9rile et sans latex. Fait enti\u00e8rement de coton. Emball\u00e9 individuellement. Inclus 2 \u00e9pingles de s\u00fbret\u00e9.","og_url":"https:\/\/formationsubf.coop\/boutique\/product\/echarpe-triangulaire-epingles-40x40x56\/","og_site_name":"Formations UBF | Boutique","article_publisher":"https:\/\/www.facebook.com\/ubfmaterielmedicaletorthopedique","article_modified_time":"2026-04-28T15:58:15+00:00","og_image":[{"width":500,"height":499,"url":"https:\/\/formationsubf.coop\/boutique\/wp-content\/uploads\/2020\/05\/5460-Bandage-triangulaire-beige-1-e1589227478761.jpg","type":"image\/jpeg"}],"twitter_card":"summary_large_image","twitter_misc":{"Dur\u00e9e de lecture estim\u00e9e":"1 minute"},"schema":{"@context":"https:\/\/schema.org","@graph":[{"@type":"WebPage","@id":"https:\/\/formationsubf.coop\/boutique\/product\/echarpe-triangulaire-epingles-40x40x56\/","url":"https:\/\/formationsubf.coop\/boutique\/product\/echarpe-triangulaire-epingles-40x40x56\/","name":"\u00c9charpe triangulaire\/\u00e9pingles 40X40X56 - Formations UBF | Boutique","isPartOf":{"@id":"https:\/\/formationsubf.coop\/boutique\/#website"},"primaryImageOfPage":{"@id":"https:\/\/formationsubf.coop\/boutique\/product\/echarpe-triangulaire-epingles-40x40x56\/#primaryimage"},"image":{"@id":"https:\/\/formationsubf.coop\/boutique\/product\/echarpe-triangulaire-epingles-40x40x56\/#primaryimage"},"thumbnailUrl":"https:\/\/formationsubf.coop\/boutique\/wp-content\/uploads\/2020\/05\/5460-Bandage-triangulaire-beige-1-e1589227478761.jpg","datePublished":"2024-12-10T17:01:03+00:00","dateModified":"2026-04-28T15:58:15+00:00","breadcrumb":{"@id":"https:\/\/formationsubf.coop\/boutique\/product\/echarpe-triangulaire-epingles-40x40x56\/#breadcrumb"},"inLanguage":"fr-FR","potentialAction":[{"@type":"ReadAction","target":["https:\/\/formationsubf.coop\/boutique\/product\/echarpe-triangulaire-epingles-40x40x56\/"]}]},{"@type":"ImageObject","inLanguage":"fr-FR","@id":"https:\/\/formationsubf.coop\/boutique\/product\/echarpe-triangulaire-epingles-40x40x56\/#primaryimage","url":"https:\/\/formationsubf.coop\/boutique\/wp-content\/uploads\/2020\/05\/5460-Bandage-triangulaire-beige-1-e1589227478761.jpg","contentUrl":"https:\/\/formationsubf.coop\/boutique\/wp-content\/uploads\/2020\/05\/5460-Bandage-triangulaire-beige-1-e1589227478761.jpg","width":500,"height":499,"caption":"Bandage triangulaire avec \u00e9pingles \u00e0 nourrice"},{"@type":"BreadcrumbList","@id":"https:\/\/formationsubf.coop\/boutique\/product\/echarpe-triangulaire-epingles-40x40x56\/#breadcrumb","itemListElement":[{"@type":"ListItem","position":1,"name":"Accueil","item":"https:\/\/formationsubf.coop\/boutique\/"},{"@type":"ListItem","position":2,"name":"Boutique","item":"https:\/\/formationsubf.coop\/boutique\/produits\/"},{"@type":"ListItem","position":3,"name":"Premiers Soins","item":"https:\/\/formationsubf.coop\/boutique\/product-category\/premiers-soins\/"},{"@type":"ListItem","position":4,"name":"Attelles et tourniquets","item":"https:\/\/formationsubf.coop\/boutique\/product-category\/premiers-soins\/attelles-et-tourniquets\/"},{"@type":"ListItem","position":5,"name":"\u00c9charpe triangulaire\/\u00e9pingles 40X40X56"}]},{"@type":"WebSite","@id":"https:\/\/formationsubf.coop\/boutique\/#website","url":"https:\/\/formationsubf.coop\/boutique\/","name":"Formations UBF | Boutique","description":"","potentialAction":[{"@type":"SearchAction","target":{"@type":"EntryPoint","urlTemplate":"https:\/\/formationsubf.coop\/boutique\/?s={search_term_string}"},"query-input":{"@type":"PropertyValueSpecification","valueRequired":true,"valueName":"search_term_string"}}],"inLanguage":"fr-FR"}]}},"_links":{"self":[{"href":"https:\/\/formationsubf.coop\/boutique\/wp-json\/wp\/v2\/product\/3926","targetHints":{"allow":["GET"]}}],"collection":[{"href":"https:\/\/formationsubf.coop\/boutique\/wp-json\/wp\/v2\/product"}],"about":[{"href":"https:\/\/formationsubf.coop\/boutique\/wp-json\/wp\/v2\/types\/product"}],"replies":[{"embeddable":true,"href":"https:\/\/formationsubf.coop\/boutique\/wp-json\/wp\/v2\/comments?post=3926"}],"wp:featuredmedia":[{"embeddable":true,"href":"https:\/\/formationsubf.coop\/boutique\/wp-json\/wp\/v2\/media\/2458"}],"wp:attachment":[{"href":"https:\/\/formationsubf.coop\/boutique\/wp-json\/wp\/v2\/media?parent=3926"}],"wp:term":[{"taxonomy":"product_brand","embeddable":true,"href":"https:\/\/formationsubf.coop\/boutique\/wp-json\/wp\/v2\/product_brand?post=3926"},{"taxonomy":"product_cat","embeddable":true,"href":"https:\/\/formationsubf.coop\/boutique\/wp-json\/wp\/v2\/product_cat?post=3926"},{"taxonomy":"product_tag","embeddable":true,"href":"https:\/\/formationsubf.coop\/boutique\/wp-json\/wp\/v2\/product_tag?post=3926"}],"curies":[{"name":"wp","href":"https:\/\/api.w.org\/{rel}","templated":true}]}}