{"id":3790,"date":"2024-12-05T12:01:35","date_gmt":"2024-12-05T17:01:35","guid":{"rendered":"https:\/\/formationsubf.coop\/boutique\/?post_type=product&#038;p=3790"},"modified":"2024-12-06T15:41:24","modified_gmt":"2024-12-06T20:41:24","slug":"couvre-sonde-jetable-thermometre-welch-allyn-suretemp","status":"publish","type":"product","link":"https:\/\/formationsubf.coop\/boutique\/product\/couvre-sonde-jetable-thermometre-welch-allyn-suretemp\/","title":{"rendered":"Couvre-sonde jetable thermom\u00e8tre Welch Allyn SureTemp"},"content":{"rendered":"<p>Couvertures de sonde de thermom\u00e8tre Hillrom\/Welch Allyn<\/p>\n<p>Ces housses de sonde jetables Welch Allyn garantissent que le module de temp\u00e9rature et les accessoires du thermom\u00e8tre restent propres et hygi\u00e9niques, r\u00e9duisant ainsi le risque de contamination crois\u00e9e et d&rsquo;infection.<\/p>\n<p>250 par bo\u00eete<\/p>\n","protected":false},"excerpt":{"rendered":"<p>Couvertures de sonde de thermom\u00e8tre Hillrom\/Welch Allyn Ces housses de sonde jetables Welch Allyn garantissent que le module de temp\u00e9rature et les accessoires du thermom\u00e8tre restent propres et hygi\u00e9niques, r\u00e9duisant ainsi le risque de contamination crois\u00e9e et d&rsquo;infection. 250 par bo\u00eete<\/p>\n","protected":false},"featured_media":3818,"comment_status":"open","ping_status":"closed","template":"","meta":[],"product_brand":[],"product_cat":[15],"product_tag":[],"class_list":{"0":"post-3790","1":"product","2":"type-product","3":"status-publish","4":"has-post-thumbnail","6":"product_cat-uncategorized","7":"sync-code-w","9":"first","10":"instock","11":"taxable","12":"shipping-taxable","13":"purchasable","14":"product-type-simple"},"yoast_head":"<!-- This site is optimized with the Yoast SEO plugin v27.5 - https:\/\/yoast.com\/product\/yoast-seo-wordpress\/ -->\n<title>Couvre-sonde jetable thermom\u00e8tre Welch Allyn SureTemp - Formations UBF | Boutique<\/title>\n<meta name=\"robots\" content=\"index, follow, max-snippet:-1, max-image-preview:large, max-video-preview:-1\" \/>\n<link rel=\"canonical\" href=\"https:\/\/formationsubf.coop\/boutique\/product\/couvre-sonde-jetable-thermometre-welch-allyn-suretemp\/\" \/>\n<meta property=\"og:locale\" content=\"fr_FR\" \/>\n<meta property=\"og:type\" content=\"article\" \/>\n<meta property=\"og:title\" content=\"Couvre-sonde jetable thermom\u00e8tre Welch Allyn SureTemp - Formations UBF | Boutique\" \/>\n<meta property=\"og:description\" content=\"Couvertures de sonde de thermom\u00e8tre Hillrom\/Welch Allyn Ces housses de sonde jetables Welch Allyn garantissent que le module de temp\u00e9rature et les accessoires du thermom\u00e8tre restent propres et hygi\u00e9niques, r\u00e9duisant ainsi le risque de contamination crois\u00e9e et d&rsquo;infection. 250 par bo\u00eete\" \/>\n<meta property=\"og:url\" content=\"https:\/\/formationsubf.coop\/boutique\/product\/couvre-sonde-jetable-thermometre-welch-allyn-suretemp\/\" \/>\n<meta property=\"og:site_name\" content=\"Formations UBF | Boutique\" \/>\n<meta property=\"article:publisher\" content=\"https:\/\/www.facebook.com\/ubfmaterielmedicaletorthopedique\" \/>\n<meta property=\"article:modified_time\" content=\"2024-12-06T20:41:24+00:00\" \/>\n<meta property=\"og:image\" content=\"https:\/\/formationsubf.coop\/boutique\/wp-content\/uploads\/2024\/12\/111-05031-105.jpg\" \/>\n\t<meta property=\"og:image:width\" content=\"1125\" \/>\n\t<meta property=\"og:image:height\" content=\"1500\" \/>\n\t<meta property=\"og:image:type\" content=\"image\/jpeg\" \/>\n<meta name=\"twitter:card\" content=\"summary_large_image\" \/>\n<meta name=\"twitter:label1\" content=\"Dur\u00e9e de lecture estim\u00e9e\" \/>\n\t<meta name=\"twitter:data1\" content=\"1 minute\" \/>\n<script type=\"application\/ld+json\" class=\"yoast-schema-graph\">{\"@context\":\"https:\\\/\\\/schema.org\",\"@graph\":[{\"@type\":\"WebPage\",\"@id\":\"https:\\\/\\\/formationsubf.coop\\\/boutique\\\/product\\\/couvre-sonde-jetable-thermometre-welch-allyn-suretemp\\\/\",\"url\":\"https:\\\/\\\/formationsubf.coop\\\/boutique\\\/product\\\/couvre-sonde-jetable-thermometre-welch-allyn-suretemp\\\/\",\"name\":\"Couvre-sonde jetable thermom\u00e8tre Welch Allyn SureTemp - Formations UBF | Boutique\",\"isPartOf\":{\"@id\":\"https:\\\/\\\/formationsubf.coop\\\/boutique\\\/#website\"},\"primaryImageOfPage\":{\"@id\":\"https:\\\/\\\/formationsubf.coop\\\/boutique\\\/product\\\/couvre-sonde-jetable-thermometre-welch-allyn-suretemp\\\/#primaryimage\"},\"image\":{\"@id\":\"https:\\\/\\\/formationsubf.coop\\\/boutique\\\/product\\\/couvre-sonde-jetable-thermometre-welch-allyn-suretemp\\\/#primaryimage\"},\"thumbnailUrl\":\"https:\\\/\\\/formationsubf.coop\\\/boutique\\\/wp-content\\\/uploads\\\/2024\\\/12\\\/111-05031-105.jpg\",\"datePublished\":\"2024-12-05T17:01:35+00:00\",\"dateModified\":\"2024-12-06T20:41:24+00:00\",\"breadcrumb\":{\"@id\":\"https:\\\/\\\/formationsubf.coop\\\/boutique\\\/product\\\/couvre-sonde-jetable-thermometre-welch-allyn-suretemp\\\/#breadcrumb\"},\"inLanguage\":\"fr-FR\",\"potentialAction\":[{\"@type\":\"ReadAction\",\"target\":[\"https:\\\/\\\/formationsubf.coop\\\/boutique\\\/product\\\/couvre-sonde-jetable-thermometre-welch-allyn-suretemp\\\/\"]}]},{\"@type\":\"ImageObject\",\"inLanguage\":\"fr-FR\",\"@id\":\"https:\\\/\\\/formationsubf.coop\\\/boutique\\\/product\\\/couvre-sonde-jetable-thermometre-welch-allyn-suretemp\\\/#primaryimage\",\"url\":\"https:\\\/\\\/formationsubf.coop\\\/boutique\\\/wp-content\\\/uploads\\\/2024\\\/12\\\/111-05031-105.jpg\",\"contentUrl\":\"https:\\\/\\\/formationsubf.coop\\\/boutique\\\/wp-content\\\/uploads\\\/2024\\\/12\\\/111-05031-105.jpg\",\"width\":1125,\"height\":1500},{\"@type\":\"BreadcrumbList\",\"@id\":\"https:\\\/\\\/formationsubf.coop\\\/boutique\\\/product\\\/couvre-sonde-jetable-thermometre-welch-allyn-suretemp\\\/#breadcrumb\",\"itemListElement\":[{\"@type\":\"ListItem\",\"position\":1,\"name\":\"Accueil\",\"item\":\"https:\\\/\\\/formationsubf.coop\\\/boutique\\\/\"},{\"@type\":\"ListItem\",\"position\":2,\"name\":\"Boutique\",\"item\":\"https:\\\/\\\/formationsubf.coop\\\/boutique\\\/produits\\\/\"},{\"@type\":\"ListItem\",\"position\":3,\"name\":\"Uncategorized\",\"item\":\"https:\\\/\\\/formationsubf.coop\\\/boutique\\\/product-category\\\/uncategorized\\\/\"},{\"@type\":\"ListItem\",\"position\":4,\"name\":\"Couvre-sonde jetable thermom\u00e8tre Welch Allyn SureTemp\"}]},{\"@type\":\"WebSite\",\"@id\":\"https:\\\/\\\/formationsubf.coop\\\/boutique\\\/#website\",\"url\":\"https:\\\/\\\/formationsubf.coop\\\/boutique\\\/\",\"name\":\"Formations UBF | Boutique\",\"description\":\"\",\"potentialAction\":[{\"@type\":\"SearchAction\",\"target\":{\"@type\":\"EntryPoint\",\"urlTemplate\":\"https:\\\/\\\/formationsubf.coop\\\/boutique\\\/?s={search_term_string}\"},\"query-input\":{\"@type\":\"PropertyValueSpecification\",\"valueRequired\":true,\"valueName\":\"search_term_string\"}}],\"inLanguage\":\"fr-FR\"}]}<\/script>\n<!-- \/ Yoast SEO plugin. -->","yoast_head_json":{"title":"Couvre-sonde jetable thermom\u00e8tre Welch Allyn SureTemp - Formations UBF | Boutique","robots":{"index":"index","follow":"follow","max-snippet":"max-snippet:-1","max-image-preview":"max-image-preview:large","max-video-preview":"max-video-preview:-1"},"canonical":"https:\/\/formationsubf.coop\/boutique\/product\/couvre-sonde-jetable-thermometre-welch-allyn-suretemp\/","og_locale":"fr_FR","og_type":"article","og_title":"Couvre-sonde jetable thermom\u00e8tre Welch Allyn SureTemp - Formations UBF | Boutique","og_description":"Couvertures de sonde de thermom\u00e8tre Hillrom\/Welch Allyn Ces housses de sonde jetables Welch Allyn garantissent que le module de temp\u00e9rature et les accessoires du thermom\u00e8tre restent propres et hygi\u00e9niques, r\u00e9duisant ainsi le risque de contamination crois\u00e9e et d&rsquo;infection. 250 par bo\u00eete","og_url":"https:\/\/formationsubf.coop\/boutique\/product\/couvre-sonde-jetable-thermometre-welch-allyn-suretemp\/","og_site_name":"Formations UBF | Boutique","article_publisher":"https:\/\/www.facebook.com\/ubfmaterielmedicaletorthopedique","article_modified_time":"2024-12-06T20:41:24+00:00","og_image":[{"width":1125,"height":1500,"url":"https:\/\/formationsubf.coop\/boutique\/wp-content\/uploads\/2024\/12\/111-05031-105.jpg","type":"image\/jpeg"}],"twitter_card":"summary_large_image","twitter_misc":{"Dur\u00e9e de lecture estim\u00e9e":"1 minute"},"schema":{"@context":"https:\/\/schema.org","@graph":[{"@type":"WebPage","@id":"https:\/\/formationsubf.coop\/boutique\/product\/couvre-sonde-jetable-thermometre-welch-allyn-suretemp\/","url":"https:\/\/formationsubf.coop\/boutique\/product\/couvre-sonde-jetable-thermometre-welch-allyn-suretemp\/","name":"Couvre-sonde jetable thermom\u00e8tre Welch Allyn SureTemp - Formations UBF | Boutique","isPartOf":{"@id":"https:\/\/formationsubf.coop\/boutique\/#website"},"primaryImageOfPage":{"@id":"https:\/\/formationsubf.coop\/boutique\/product\/couvre-sonde-jetable-thermometre-welch-allyn-suretemp\/#primaryimage"},"image":{"@id":"https:\/\/formationsubf.coop\/boutique\/product\/couvre-sonde-jetable-thermometre-welch-allyn-suretemp\/#primaryimage"},"thumbnailUrl":"https:\/\/formationsubf.coop\/boutique\/wp-content\/uploads\/2024\/12\/111-05031-105.jpg","datePublished":"2024-12-05T17:01:35+00:00","dateModified":"2024-12-06T20:41:24+00:00","breadcrumb":{"@id":"https:\/\/formationsubf.coop\/boutique\/product\/couvre-sonde-jetable-thermometre-welch-allyn-suretemp\/#breadcrumb"},"inLanguage":"fr-FR","potentialAction":[{"@type":"ReadAction","target":["https:\/\/formationsubf.coop\/boutique\/product\/couvre-sonde-jetable-thermometre-welch-allyn-suretemp\/"]}]},{"@type":"ImageObject","inLanguage":"fr-FR","@id":"https:\/\/formationsubf.coop\/boutique\/product\/couvre-sonde-jetable-thermometre-welch-allyn-suretemp\/#primaryimage","url":"https:\/\/formationsubf.coop\/boutique\/wp-content\/uploads\/2024\/12\/111-05031-105.jpg","contentUrl":"https:\/\/formationsubf.coop\/boutique\/wp-content\/uploads\/2024\/12\/111-05031-105.jpg","width":1125,"height":1500},{"@type":"BreadcrumbList","@id":"https:\/\/formationsubf.coop\/boutique\/product\/couvre-sonde-jetable-thermometre-welch-allyn-suretemp\/#breadcrumb","itemListElement":[{"@type":"ListItem","position":1,"name":"Accueil","item":"https:\/\/formationsubf.coop\/boutique\/"},{"@type":"ListItem","position":2,"name":"Boutique","item":"https:\/\/formationsubf.coop\/boutique\/produits\/"},{"@type":"ListItem","position":3,"name":"Uncategorized","item":"https:\/\/formationsubf.coop\/boutique\/product-category\/uncategorized\/"},{"@type":"ListItem","position":4,"name":"Couvre-sonde jetable thermom\u00e8tre Welch Allyn SureTemp"}]},{"@type":"WebSite","@id":"https:\/\/formationsubf.coop\/boutique\/#website","url":"https:\/\/formationsubf.coop\/boutique\/","name":"Formations UBF | Boutique","description":"","potentialAction":[{"@type":"SearchAction","target":{"@type":"EntryPoint","urlTemplate":"https:\/\/formationsubf.coop\/boutique\/?s={search_term_string}"},"query-input":{"@type":"PropertyValueSpecification","valueRequired":true,"valueName":"search_term_string"}}],"inLanguage":"fr-FR"}]}},"_links":{"self":[{"href":"https:\/\/formationsubf.coop\/boutique\/wp-json\/wp\/v2\/product\/3790","targetHints":{"allow":["GET"]}}],"collection":[{"href":"https:\/\/formationsubf.coop\/boutique\/wp-json\/wp\/v2\/product"}],"about":[{"href":"https:\/\/formationsubf.coop\/boutique\/wp-json\/wp\/v2\/types\/product"}],"replies":[{"embeddable":true,"href":"https:\/\/formationsubf.coop\/boutique\/wp-json\/wp\/v2\/comments?post=3790"}],"wp:featuredmedia":[{"embeddable":true,"href":"https:\/\/formationsubf.coop\/boutique\/wp-json\/wp\/v2\/media\/3818"}],"wp:attachment":[{"href":"https:\/\/formationsubf.coop\/boutique\/wp-json\/wp\/v2\/media?parent=3790"}],"wp:term":[{"taxonomy":"product_brand","embeddable":true,"href":"https:\/\/formationsubf.coop\/boutique\/wp-json\/wp\/v2\/product_brand?post=3790"},{"taxonomy":"product_cat","embeddable":true,"href":"https:\/\/formationsubf.coop\/boutique\/wp-json\/wp\/v2\/product_cat?post=3790"},{"taxonomy":"product_tag","embeddable":true,"href":"https:\/\/formationsubf.coop\/boutique\/wp-json\/wp\/v2\/product_tag?post=3790"}],"curies":[{"name":"wp","href":"https:\/\/api.w.org\/{rel}","templated":true}]}}