{"id":3785,"date":"2024-12-05T12:01:23","date_gmt":"2024-12-05T17:01:23","guid":{"rendered":"https:\/\/formationsubf.coop\/boutique\/?post_type=product&#038;p=3785"},"modified":"2026-02-11T13:44:07","modified_gmt":"2026-02-11T18:44:07","slug":"boitier-metal-premiers-soins-39x42x14cm","status":"publish","type":"product","link":"https:\/\/formationsubf.coop\/boutique\/product\/boitier-metal-premiers-soins-39x42x14cm\/","title":{"rendered":"Boitier metal premier soin 39x42x14cm"},"content":{"rendered":"<div class=\"product-short-description\">\n<ul>\n<li>Fabriqu\u00e9 en acier de haute qualit\u00e9 avec une finition en \u00e9mail blanc.<\/li>\n<li>Deux \u00e9tag\u00e8res fixes offrent suffisamment d\u2019espace pour stocker une gamme compl\u00e8te de produits de premiers soins.<\/li>\n<li>La porte de style \u00ab\u00a0armoire \u00e0 pharmacie\u00a0\u00bb accueille les poches de porte.<\/li>\n<li>Complet avec poign\u00e9e de transport.<\/li>\n<li>Montage mural.<\/li>\n<\/ul>\n<\/div>\n","protected":false},"excerpt":{"rendered":"<p>Fabriqu\u00e9 en acier de haute qualit\u00e9 avec une finition en \u00e9mail blanc. Deux \u00e9tag\u00e8res fixes offrent suffisamment d\u2019espace pour stocker une gamme compl\u00e8te de produits de premiers soins. La porte de style \u00ab\u00a0armoire \u00e0 pharmacie\u00a0\u00bb accueille les poches de porte. Complet avec poign\u00e9e de transport. Montage mural.<\/p>\n","protected":false},"featured_media":1042,"comment_status":"open","ping_status":"closed","template":"","meta":[],"product_brand":[],"product_cat":[15],"product_tag":[],"class_list":{"0":"post-3785","1":"product","2":"type-product","3":"status-publish","4":"has-post-thumbnail","6":"product_cat-uncategorized","7":"sync-code-w","9":"first","10":"instock","11":"taxable","12":"shipping-taxable","13":"purchasable","14":"product-type-simple"},"yoast_head":"<!-- This site is optimized with the Yoast SEO plugin v27.6 - https:\/\/yoast.com\/product\/yoast-seo-wordpress\/ -->\n<title>Boitier metal premier soin 39x42x14cm - Formations UBF | Boutique<\/title>\n<meta name=\"robots\" content=\"index, follow, max-snippet:-1, max-image-preview:large, max-video-preview:-1\" \/>\n<link rel=\"canonical\" href=\"https:\/\/formationsubf.coop\/boutique\/product\/boitier-metal-premiers-soins-39x42x14cm\/\" \/>\n<meta property=\"og:locale\" content=\"fr_FR\" \/>\n<meta property=\"og:type\" content=\"article\" \/>\n<meta property=\"og:title\" content=\"Boitier metal premier soin 39x42x14cm - Formations UBF | Boutique\" \/>\n<meta property=\"og:description\" content=\"Fabriqu\u00e9 en acier de haute qualit\u00e9 avec une finition en \u00e9mail blanc. Deux \u00e9tag\u00e8res fixes offrent suffisamment d\u2019espace pour stocker une gamme compl\u00e8te de produits de premiers soins. La porte de style \u00ab\u00a0armoire \u00e0 pharmacie\u00a0\u00bb accueille les poches de porte. Complet avec poign\u00e9e de transport. Montage mural.\" \/>\n<meta property=\"og:url\" content=\"https:\/\/formationsubf.coop\/boutique\/product\/boitier-metal-premiers-soins-39x42x14cm\/\" \/>\n<meta property=\"og:site_name\" content=\"Formations UBF | Boutique\" \/>\n<meta property=\"article:publisher\" content=\"https:\/\/www.facebook.com\/ubfmaterielmedicaletorthopedique\" \/>\n<meta property=\"article:modified_time\" content=\"2026-02-11T18:44:07+00:00\" \/>\n<meta property=\"og:image\" content=\"https:\/\/formationsubf.coop\/boutique\/wp-content\/uploads\/2020\/04\/01507-Boitier-metal-premier-soin-39x42x14cm-e1586366834161.jpg\" \/>\n\t<meta property=\"og:image:width\" content=\"500\" \/>\n\t<meta property=\"og:image:height\" content=\"499\" \/>\n\t<meta property=\"og:image:type\" content=\"image\/jpeg\" \/>\n<meta name=\"twitter:card\" content=\"summary_large_image\" \/>\n<meta name=\"twitter:label1\" content=\"Dur\u00e9e de lecture estim\u00e9e\" \/>\n\t<meta name=\"twitter:data1\" content=\"1 minute\" \/>\n<script type=\"application\/ld+json\" class=\"yoast-schema-graph\">{\"@context\":\"https:\\\/\\\/schema.org\",\"@graph\":[{\"@type\":\"WebPage\",\"@id\":\"https:\\\/\\\/formationsubf.coop\\\/boutique\\\/product\\\/boitier-metal-premiers-soins-39x42x14cm\\\/\",\"url\":\"https:\\\/\\\/formationsubf.coop\\\/boutique\\\/product\\\/boitier-metal-premiers-soins-39x42x14cm\\\/\",\"name\":\"Boitier metal premier soin 39x42x14cm - Formations UBF | Boutique\",\"isPartOf\":{\"@id\":\"https:\\\/\\\/formationsubf.coop\\\/boutique\\\/#website\"},\"primaryImageOfPage\":{\"@id\":\"https:\\\/\\\/formationsubf.coop\\\/boutique\\\/product\\\/boitier-metal-premiers-soins-39x42x14cm\\\/#primaryimage\"},\"image\":{\"@id\":\"https:\\\/\\\/formationsubf.coop\\\/boutique\\\/product\\\/boitier-metal-premiers-soins-39x42x14cm\\\/#primaryimage\"},\"thumbnailUrl\":\"https:\\\/\\\/formationsubf.coop\\\/boutique\\\/wp-content\\\/uploads\\\/2020\\\/04\\\/01507-Boitier-metal-premier-soin-39x42x14cm-e1586366834161.jpg\",\"datePublished\":\"2024-12-05T17:01:23+00:00\",\"dateModified\":\"2026-02-11T18:44:07+00:00\",\"breadcrumb\":{\"@id\":\"https:\\\/\\\/formationsubf.coop\\\/boutique\\\/product\\\/boitier-metal-premiers-soins-39x42x14cm\\\/#breadcrumb\"},\"inLanguage\":\"fr-FR\",\"potentialAction\":[{\"@type\":\"ReadAction\",\"target\":[\"https:\\\/\\\/formationsubf.coop\\\/boutique\\\/product\\\/boitier-metal-premiers-soins-39x42x14cm\\\/\"]}]},{\"@type\":\"ImageObject\",\"inLanguage\":\"fr-FR\",\"@id\":\"https:\\\/\\\/formationsubf.coop\\\/boutique\\\/product\\\/boitier-metal-premiers-soins-39x42x14cm\\\/#primaryimage\",\"url\":\"https:\\\/\\\/formationsubf.coop\\\/boutique\\\/wp-content\\\/uploads\\\/2020\\\/04\\\/01507-Boitier-metal-premier-soin-39x42x14cm-e1586366834161.jpg\",\"contentUrl\":\"https:\\\/\\\/formationsubf.coop\\\/boutique\\\/wp-content\\\/uploads\\\/2020\\\/04\\\/01507-Boitier-metal-premier-soin-39x42x14cm-e1586366834161.jpg\",\"width\":500,\"height\":499,\"caption\":\"Boitier en m\u00e9tal premiers soins 39x42x14cm\"},{\"@type\":\"BreadcrumbList\",\"@id\":\"https:\\\/\\\/formationsubf.coop\\\/boutique\\\/product\\\/boitier-metal-premiers-soins-39x42x14cm\\\/#breadcrumb\",\"itemListElement\":[{\"@type\":\"ListItem\",\"position\":1,\"name\":\"Accueil\",\"item\":\"https:\\\/\\\/formationsubf.coop\\\/boutique\\\/\"},{\"@type\":\"ListItem\",\"position\":2,\"name\":\"Boutique\",\"item\":\"https:\\\/\\\/formationsubf.coop\\\/boutique\\\/produits\\\/\"},{\"@type\":\"ListItem\",\"position\":3,\"name\":\"Uncategorized\",\"item\":\"https:\\\/\\\/formationsubf.coop\\\/boutique\\\/product-category\\\/uncategorized\\\/\"},{\"@type\":\"ListItem\",\"position\":4,\"name\":\"Boitier metal premier soin 39x42x14cm\"}]},{\"@type\":\"WebSite\",\"@id\":\"https:\\\/\\\/formationsubf.coop\\\/boutique\\\/#website\",\"url\":\"https:\\\/\\\/formationsubf.coop\\\/boutique\\\/\",\"name\":\"Formations UBF | Boutique\",\"description\":\"\",\"potentialAction\":[{\"@type\":\"SearchAction\",\"target\":{\"@type\":\"EntryPoint\",\"urlTemplate\":\"https:\\\/\\\/formationsubf.coop\\\/boutique\\\/?s={search_term_string}\"},\"query-input\":{\"@type\":\"PropertyValueSpecification\",\"valueRequired\":true,\"valueName\":\"search_term_string\"}}],\"inLanguage\":\"fr-FR\"}]}<\/script>\n<!-- \/ Yoast SEO plugin. -->","yoast_head_json":{"title":"Boitier metal premier soin 39x42x14cm - Formations UBF | Boutique","robots":{"index":"index","follow":"follow","max-snippet":"max-snippet:-1","max-image-preview":"max-image-preview:large","max-video-preview":"max-video-preview:-1"},"canonical":"https:\/\/formationsubf.coop\/boutique\/product\/boitier-metal-premiers-soins-39x42x14cm\/","og_locale":"fr_FR","og_type":"article","og_title":"Boitier metal premier soin 39x42x14cm - Formations UBF | Boutique","og_description":"Fabriqu\u00e9 en acier de haute qualit\u00e9 avec une finition en \u00e9mail blanc. Deux \u00e9tag\u00e8res fixes offrent suffisamment d\u2019espace pour stocker une gamme compl\u00e8te de produits de premiers soins. La porte de style \u00ab\u00a0armoire \u00e0 pharmacie\u00a0\u00bb accueille les poches de porte. Complet avec poign\u00e9e de transport. Montage mural.","og_url":"https:\/\/formationsubf.coop\/boutique\/product\/boitier-metal-premiers-soins-39x42x14cm\/","og_site_name":"Formations UBF | Boutique","article_publisher":"https:\/\/www.facebook.com\/ubfmaterielmedicaletorthopedique","article_modified_time":"2026-02-11T18:44:07+00:00","og_image":[{"width":500,"height":499,"url":"https:\/\/formationsubf.coop\/boutique\/wp-content\/uploads\/2020\/04\/01507-Boitier-metal-premier-soin-39x42x14cm-e1586366834161.jpg","type":"image\/jpeg"}],"twitter_card":"summary_large_image","twitter_misc":{"Dur\u00e9e de lecture estim\u00e9e":"1 minute"},"schema":{"@context":"https:\/\/schema.org","@graph":[{"@type":"WebPage","@id":"https:\/\/formationsubf.coop\/boutique\/product\/boitier-metal-premiers-soins-39x42x14cm\/","url":"https:\/\/formationsubf.coop\/boutique\/product\/boitier-metal-premiers-soins-39x42x14cm\/","name":"Boitier metal premier soin 39x42x14cm - Formations UBF | Boutique","isPartOf":{"@id":"https:\/\/formationsubf.coop\/boutique\/#website"},"primaryImageOfPage":{"@id":"https:\/\/formationsubf.coop\/boutique\/product\/boitier-metal-premiers-soins-39x42x14cm\/#primaryimage"},"image":{"@id":"https:\/\/formationsubf.coop\/boutique\/product\/boitier-metal-premiers-soins-39x42x14cm\/#primaryimage"},"thumbnailUrl":"https:\/\/formationsubf.coop\/boutique\/wp-content\/uploads\/2020\/04\/01507-Boitier-metal-premier-soin-39x42x14cm-e1586366834161.jpg","datePublished":"2024-12-05T17:01:23+00:00","dateModified":"2026-02-11T18:44:07+00:00","breadcrumb":{"@id":"https:\/\/formationsubf.coop\/boutique\/product\/boitier-metal-premiers-soins-39x42x14cm\/#breadcrumb"},"inLanguage":"fr-FR","potentialAction":[{"@type":"ReadAction","target":["https:\/\/formationsubf.coop\/boutique\/product\/boitier-metal-premiers-soins-39x42x14cm\/"]}]},{"@type":"ImageObject","inLanguage":"fr-FR","@id":"https:\/\/formationsubf.coop\/boutique\/product\/boitier-metal-premiers-soins-39x42x14cm\/#primaryimage","url":"https:\/\/formationsubf.coop\/boutique\/wp-content\/uploads\/2020\/04\/01507-Boitier-metal-premier-soin-39x42x14cm-e1586366834161.jpg","contentUrl":"https:\/\/formationsubf.coop\/boutique\/wp-content\/uploads\/2020\/04\/01507-Boitier-metal-premier-soin-39x42x14cm-e1586366834161.jpg","width":500,"height":499,"caption":"Boitier en m\u00e9tal premiers soins 39x42x14cm"},{"@type":"BreadcrumbList","@id":"https:\/\/formationsubf.coop\/boutique\/product\/boitier-metal-premiers-soins-39x42x14cm\/#breadcrumb","itemListElement":[{"@type":"ListItem","position":1,"name":"Accueil","item":"https:\/\/formationsubf.coop\/boutique\/"},{"@type":"ListItem","position":2,"name":"Boutique","item":"https:\/\/formationsubf.coop\/boutique\/produits\/"},{"@type":"ListItem","position":3,"name":"Uncategorized","item":"https:\/\/formationsubf.coop\/boutique\/product-category\/uncategorized\/"},{"@type":"ListItem","position":4,"name":"Boitier metal premier soin 39x42x14cm"}]},{"@type":"WebSite","@id":"https:\/\/formationsubf.coop\/boutique\/#website","url":"https:\/\/formationsubf.coop\/boutique\/","name":"Formations UBF | Boutique","description":"","potentialAction":[{"@type":"SearchAction","target":{"@type":"EntryPoint","urlTemplate":"https:\/\/formationsubf.coop\/boutique\/?s={search_term_string}"},"query-input":{"@type":"PropertyValueSpecification","valueRequired":true,"valueName":"search_term_string"}}],"inLanguage":"fr-FR"}]}},"_links":{"self":[{"href":"https:\/\/formationsubf.coop\/boutique\/wp-json\/wp\/v2\/product\/3785","targetHints":{"allow":["GET"]}}],"collection":[{"href":"https:\/\/formationsubf.coop\/boutique\/wp-json\/wp\/v2\/product"}],"about":[{"href":"https:\/\/formationsubf.coop\/boutique\/wp-json\/wp\/v2\/types\/product"}],"replies":[{"embeddable":true,"href":"https:\/\/formationsubf.coop\/boutique\/wp-json\/wp\/v2\/comments?post=3785"}],"wp:featuredmedia":[{"embeddable":true,"href":"https:\/\/formationsubf.coop\/boutique\/wp-json\/wp\/v2\/media\/1042"}],"wp:attachment":[{"href":"https:\/\/formationsubf.coop\/boutique\/wp-json\/wp\/v2\/media?parent=3785"}],"wp:term":[{"taxonomy":"product_brand","embeddable":true,"href":"https:\/\/formationsubf.coop\/boutique\/wp-json\/wp\/v2\/product_brand?post=3785"},{"taxonomy":"product_cat","embeddable":true,"href":"https:\/\/formationsubf.coop\/boutique\/wp-json\/wp\/v2\/product_cat?post=3785"},{"taxonomy":"product_tag","embeddable":true,"href":"https:\/\/formationsubf.coop\/boutique\/wp-json\/wp\/v2\/product_tag?post=3785"}],"curies":[{"name":"wp","href":"https:\/\/api.w.org\/{rel}","templated":true}]}}