{"id":3692,"date":"2024-12-03T12:00:56","date_gmt":"2024-12-03T17:00:56","guid":{"rendered":"https:\/\/formationsubf.coop\/boutique\/?post_type=product&#038;p=3692"},"modified":"2024-12-03T14:11:29","modified_gmt":"2024-12-03T19:11:29","slug":"peroxyde-dhydrogene-3-500ml","status":"publish","type":"product","link":"https:\/\/formationsubf.coop\/boutique\/product\/peroxyde-dhydrogene-3-500ml\/","title":{"rendered":"P\u00e9roxyde d&rsquo;hydrog\u00e8ne 3% (500ml)"},"content":{"rendered":"<ul>\n<li>D\u00e9sinfecte coupures mineures et \u00e9gratignures<\/li>\n<li>Rince-bouche antiseptique pour l\u00e9sions oral<\/li>\n<\/ul>\n","protected":false},"excerpt":{"rendered":"<p>Solution Topique de Peroxyde d&rsquo;hydrog\u00e8ne U.S.P.<\/p>\n<p>10 volumes<\/p>\n<p>3% H2O2<\/p>\n","protected":false},"featured_media":3704,"comment_status":"open","ping_status":"closed","template":"","meta":[],"product_brand":[],"product_cat":[15],"product_tag":[],"class_list":{"0":"post-3692","1":"product","2":"type-product","3":"status-publish","4":"has-post-thumbnail","6":"product_cat-uncategorized","7":"sync-code-w","9":"first","10":"instock","11":"taxable","12":"shipping-taxable","13":"purchasable","14":"product-type-simple"},"yoast_head":"<!-- This site is optimized with the Yoast SEO plugin v27.5 - https:\/\/yoast.com\/product\/yoast-seo-wordpress\/ -->\n<title>P\u00e9roxyde d&#039;hydrog\u00e8ne 3% (500ml) - Formations UBF | Boutique<\/title>\n<meta name=\"robots\" content=\"index, follow, max-snippet:-1, max-image-preview:large, max-video-preview:-1\" \/>\n<link rel=\"canonical\" href=\"https:\/\/formationsubf.coop\/boutique\/product\/peroxyde-dhydrogene-3-500ml\/\" \/>\n<meta property=\"og:locale\" content=\"fr_FR\" \/>\n<meta property=\"og:type\" content=\"article\" \/>\n<meta property=\"og:title\" content=\"P\u00e9roxyde d&#039;hydrog\u00e8ne 3% (500ml) - Formations UBF | Boutique\" \/>\n<meta property=\"og:description\" content=\"Solution Topique de Peroxyde d&#039;hydrog\u00e8ne U.S.P.  10 volumes  3% H2O2\" \/>\n<meta property=\"og:url\" content=\"https:\/\/formationsubf.coop\/boutique\/product\/peroxyde-dhydrogene-3-500ml\/\" \/>\n<meta property=\"og:site_name\" content=\"Formations UBF | Boutique\" \/>\n<meta property=\"article:publisher\" content=\"https:\/\/www.facebook.com\/ubfmaterielmedicaletorthopedique\" \/>\n<meta property=\"article:modified_time\" content=\"2024-12-03T19:11:29+00:00\" \/>\n<meta property=\"og:image\" content=\"https:\/\/formationsubf.coop\/boutique\/wp-content\/uploads\/2024\/12\/06141.webp\" \/>\n\t<meta property=\"og:image:width\" content=\"500\" \/>\n\t<meta property=\"og:image:height\" content=\"500\" \/>\n\t<meta property=\"og:image:type\" content=\"image\/webp\" \/>\n<meta name=\"twitter:card\" content=\"summary_large_image\" \/>\n<meta name=\"twitter:label1\" content=\"Dur\u00e9e de lecture estim\u00e9e\" \/>\n\t<meta name=\"twitter:data1\" content=\"1 minute\" \/>\n<script type=\"application\/ld+json\" class=\"yoast-schema-graph\">{\"@context\":\"https:\\\/\\\/schema.org\",\"@graph\":[{\"@type\":\"WebPage\",\"@id\":\"https:\\\/\\\/formationsubf.coop\\\/boutique\\\/product\\\/peroxyde-dhydrogene-3-500ml\\\/\",\"url\":\"https:\\\/\\\/formationsubf.coop\\\/boutique\\\/product\\\/peroxyde-dhydrogene-3-500ml\\\/\",\"name\":\"P\u00e9roxyde d'hydrog\u00e8ne 3% (500ml) - Formations UBF | Boutique\",\"isPartOf\":{\"@id\":\"https:\\\/\\\/formationsubf.coop\\\/boutique\\\/#website\"},\"primaryImageOfPage\":{\"@id\":\"https:\\\/\\\/formationsubf.coop\\\/boutique\\\/product\\\/peroxyde-dhydrogene-3-500ml\\\/#primaryimage\"},\"image\":{\"@id\":\"https:\\\/\\\/formationsubf.coop\\\/boutique\\\/product\\\/peroxyde-dhydrogene-3-500ml\\\/#primaryimage\"},\"thumbnailUrl\":\"https:\\\/\\\/formationsubf.coop\\\/boutique\\\/wp-content\\\/uploads\\\/2024\\\/12\\\/06141.webp\",\"datePublished\":\"2024-12-03T17:00:56+00:00\",\"dateModified\":\"2024-12-03T19:11:29+00:00\",\"breadcrumb\":{\"@id\":\"https:\\\/\\\/formationsubf.coop\\\/boutique\\\/product\\\/peroxyde-dhydrogene-3-500ml\\\/#breadcrumb\"},\"inLanguage\":\"fr-FR\",\"potentialAction\":[{\"@type\":\"ReadAction\",\"target\":[\"https:\\\/\\\/formationsubf.coop\\\/boutique\\\/product\\\/peroxyde-dhydrogene-3-500ml\\\/\"]}]},{\"@type\":\"ImageObject\",\"inLanguage\":\"fr-FR\",\"@id\":\"https:\\\/\\\/formationsubf.coop\\\/boutique\\\/product\\\/peroxyde-dhydrogene-3-500ml\\\/#primaryimage\",\"url\":\"https:\\\/\\\/formationsubf.coop\\\/boutique\\\/wp-content\\\/uploads\\\/2024\\\/12\\\/06141.webp\",\"contentUrl\":\"https:\\\/\\\/formationsubf.coop\\\/boutique\\\/wp-content\\\/uploads\\\/2024\\\/12\\\/06141.webp\",\"width\":500,\"height\":500},{\"@type\":\"BreadcrumbList\",\"@id\":\"https:\\\/\\\/formationsubf.coop\\\/boutique\\\/product\\\/peroxyde-dhydrogene-3-500ml\\\/#breadcrumb\",\"itemListElement\":[{\"@type\":\"ListItem\",\"position\":1,\"name\":\"Accueil\",\"item\":\"https:\\\/\\\/formationsubf.coop\\\/boutique\\\/\"},{\"@type\":\"ListItem\",\"position\":2,\"name\":\"Boutique\",\"item\":\"https:\\\/\\\/formationsubf.coop\\\/boutique\\\/produits\\\/\"},{\"@type\":\"ListItem\",\"position\":3,\"name\":\"Uncategorized\",\"item\":\"https:\\\/\\\/formationsubf.coop\\\/boutique\\\/product-category\\\/uncategorized\\\/\"},{\"@type\":\"ListItem\",\"position\":4,\"name\":\"P\u00e9roxyde d&rsquo;hydrog\u00e8ne 3% (500ml)\"}]},{\"@type\":\"WebSite\",\"@id\":\"https:\\\/\\\/formationsubf.coop\\\/boutique\\\/#website\",\"url\":\"https:\\\/\\\/formationsubf.coop\\\/boutique\\\/\",\"name\":\"Formations UBF | Boutique\",\"description\":\"\",\"potentialAction\":[{\"@type\":\"SearchAction\",\"target\":{\"@type\":\"EntryPoint\",\"urlTemplate\":\"https:\\\/\\\/formationsubf.coop\\\/boutique\\\/?s={search_term_string}\"},\"query-input\":{\"@type\":\"PropertyValueSpecification\",\"valueRequired\":true,\"valueName\":\"search_term_string\"}}],\"inLanguage\":\"fr-FR\"}]}<\/script>\n<!-- \/ Yoast SEO plugin. -->","yoast_head_json":{"title":"P\u00e9roxyde d'hydrog\u00e8ne 3% (500ml) - Formations UBF | Boutique","robots":{"index":"index","follow":"follow","max-snippet":"max-snippet:-1","max-image-preview":"max-image-preview:large","max-video-preview":"max-video-preview:-1"},"canonical":"https:\/\/formationsubf.coop\/boutique\/product\/peroxyde-dhydrogene-3-500ml\/","og_locale":"fr_FR","og_type":"article","og_title":"P\u00e9roxyde d'hydrog\u00e8ne 3% (500ml) - Formations UBF | Boutique","og_description":"Solution Topique de Peroxyde d'hydrog\u00e8ne U.S.P.  10 volumes  3% H2O2","og_url":"https:\/\/formationsubf.coop\/boutique\/product\/peroxyde-dhydrogene-3-500ml\/","og_site_name":"Formations UBF | Boutique","article_publisher":"https:\/\/www.facebook.com\/ubfmaterielmedicaletorthopedique","article_modified_time":"2024-12-03T19:11:29+00:00","og_image":[{"width":500,"height":500,"url":"https:\/\/formationsubf.coop\/boutique\/wp-content\/uploads\/2024\/12\/06141.webp","type":"image\/webp"}],"twitter_card":"summary_large_image","twitter_misc":{"Dur\u00e9e de lecture estim\u00e9e":"1 minute"},"schema":{"@context":"https:\/\/schema.org","@graph":[{"@type":"WebPage","@id":"https:\/\/formationsubf.coop\/boutique\/product\/peroxyde-dhydrogene-3-500ml\/","url":"https:\/\/formationsubf.coop\/boutique\/product\/peroxyde-dhydrogene-3-500ml\/","name":"P\u00e9roxyde d'hydrog\u00e8ne 3% (500ml) - Formations UBF | Boutique","isPartOf":{"@id":"https:\/\/formationsubf.coop\/boutique\/#website"},"primaryImageOfPage":{"@id":"https:\/\/formationsubf.coop\/boutique\/product\/peroxyde-dhydrogene-3-500ml\/#primaryimage"},"image":{"@id":"https:\/\/formationsubf.coop\/boutique\/product\/peroxyde-dhydrogene-3-500ml\/#primaryimage"},"thumbnailUrl":"https:\/\/formationsubf.coop\/boutique\/wp-content\/uploads\/2024\/12\/06141.webp","datePublished":"2024-12-03T17:00:56+00:00","dateModified":"2024-12-03T19:11:29+00:00","breadcrumb":{"@id":"https:\/\/formationsubf.coop\/boutique\/product\/peroxyde-dhydrogene-3-500ml\/#breadcrumb"},"inLanguage":"fr-FR","potentialAction":[{"@type":"ReadAction","target":["https:\/\/formationsubf.coop\/boutique\/product\/peroxyde-dhydrogene-3-500ml\/"]}]},{"@type":"ImageObject","inLanguage":"fr-FR","@id":"https:\/\/formationsubf.coop\/boutique\/product\/peroxyde-dhydrogene-3-500ml\/#primaryimage","url":"https:\/\/formationsubf.coop\/boutique\/wp-content\/uploads\/2024\/12\/06141.webp","contentUrl":"https:\/\/formationsubf.coop\/boutique\/wp-content\/uploads\/2024\/12\/06141.webp","width":500,"height":500},{"@type":"BreadcrumbList","@id":"https:\/\/formationsubf.coop\/boutique\/product\/peroxyde-dhydrogene-3-500ml\/#breadcrumb","itemListElement":[{"@type":"ListItem","position":1,"name":"Accueil","item":"https:\/\/formationsubf.coop\/boutique\/"},{"@type":"ListItem","position":2,"name":"Boutique","item":"https:\/\/formationsubf.coop\/boutique\/produits\/"},{"@type":"ListItem","position":3,"name":"Uncategorized","item":"https:\/\/formationsubf.coop\/boutique\/product-category\/uncategorized\/"},{"@type":"ListItem","position":4,"name":"P\u00e9roxyde d&rsquo;hydrog\u00e8ne 3% (500ml)"}]},{"@type":"WebSite","@id":"https:\/\/formationsubf.coop\/boutique\/#website","url":"https:\/\/formationsubf.coop\/boutique\/","name":"Formations UBF | Boutique","description":"","potentialAction":[{"@type":"SearchAction","target":{"@type":"EntryPoint","urlTemplate":"https:\/\/formationsubf.coop\/boutique\/?s={search_term_string}"},"query-input":{"@type":"PropertyValueSpecification","valueRequired":true,"valueName":"search_term_string"}}],"inLanguage":"fr-FR"}]}},"_links":{"self":[{"href":"https:\/\/formationsubf.coop\/boutique\/wp-json\/wp\/v2\/product\/3692","targetHints":{"allow":["GET"]}}],"collection":[{"href":"https:\/\/formationsubf.coop\/boutique\/wp-json\/wp\/v2\/product"}],"about":[{"href":"https:\/\/formationsubf.coop\/boutique\/wp-json\/wp\/v2\/types\/product"}],"replies":[{"embeddable":true,"href":"https:\/\/formationsubf.coop\/boutique\/wp-json\/wp\/v2\/comments?post=3692"}],"wp:featuredmedia":[{"embeddable":true,"href":"https:\/\/formationsubf.coop\/boutique\/wp-json\/wp\/v2\/media\/3704"}],"wp:attachment":[{"href":"https:\/\/formationsubf.coop\/boutique\/wp-json\/wp\/v2\/media?parent=3692"}],"wp:term":[{"taxonomy":"product_brand","embeddable":true,"href":"https:\/\/formationsubf.coop\/boutique\/wp-json\/wp\/v2\/product_brand?post=3692"},{"taxonomy":"product_cat","embeddable":true,"href":"https:\/\/formationsubf.coop\/boutique\/wp-json\/wp\/v2\/product_cat?post=3692"},{"taxonomy":"product_tag","embeddable":true,"href":"https:\/\/formationsubf.coop\/boutique\/wp-json\/wp\/v2\/product_tag?post=3692"}],"curies":[{"name":"wp","href":"https:\/\/api.w.org\/{rel}","templated":true}]}}