{"id":3577,"date":"2024-11-27T22:01:14","date_gmt":"2024-11-28T03:01:14","guid":{"rendered":"https:\/\/formationsubf.coop\/boutique\/?post_type=product&#038;p=3577"},"modified":"2025-06-09T11:24:25","modified_gmt":"2025-06-09T15:24:25","slug":"oxymetre-de-pouls","status":"publish","type":"product","link":"https:\/\/formationsubf.coop\/boutique\/product\/oxymetre-de-pouls\/","title":{"rendered":"Oxym\u00e8tre de pouls"},"content":{"rendered":"<ul>\n<li><strong>Affichage<\/strong> :2 directions d&rsquo;affichage et 4 modes d&rsquo;affichage.<\/li>\n<li><strong>Facile d&rsquo;utilisation<\/strong> :Le moniteur de pouls est facile \u00e0 utiliser et fonctionne avec un seul bouton. Le capteur SPO2 v\u00e9rifiera et affichera en temps r\u00e9el la SpO2, le PR, le graphique \u00e0 barres du pouls, ce qui est id\u00e9al pour v\u00e9rifier la force du signal de votre pouls.<\/li>\n<li><strong>Luxe et fiabilit\u00e9<\/strong> : L&rsquo;oxym\u00e8tre bicolore pr\u00e9cis pr\u00e9sente des formes d&rsquo;ondes de SpO2 dans 4 directions, 6 modes d&rsquo;affichage et 10 niveaux de luminosit\u00e9 r\u00e9glables. Il est dot\u00e9 d&rsquo;un indicateur de batterie faible.<\/li>\n<li><strong>Pr\u00eat \u00e0 l&#8217;emploi<\/strong> : L&rsquo;appareil portable de saturation en oxyg\u00e8ne est livr\u00e9 avec un manuel d&rsquo;instructions, 2 piles alcalines AAA, un cordon de cou (d\u00e9tachable et r\u00e9glable en longueur). Vous serez pr\u00eat \u00e0 utiliser votre capteur d&rsquo;oxyg\u00e8ne portable d\u00e8s sa sortie de l&#8217;emballage.<\/li>\n<li><strong>Convient \u00e0 tous les \u00e2ges <\/strong>: Le moniteur de saturation en oxyg\u00e8ne au doigt peut \u00eatre utilis\u00e9 comme oxym\u00e8tre de pouls p\u00e9diatrique pour les enfants et les adolescents, ainsi que comme moniteur d&rsquo;oxyg\u00e8ne sanguin pour les adultes.<\/li>\n<\/ul>\n<p>&nbsp;<\/p>\n<p>REMARQUE : cet oxym\u00e8tre de pouls ChoiceMMed est r\u00e9serv\u00e9 \u00e0 un usage sportif et a\u00e9ronautique et n&rsquo;est pas destin\u00e9 \u00e0 un usage m\u00e9dical..<\/p>\n","protected":false},"excerpt":{"rendered":"<p>Oxym\u00e8tre de pouls au doigt<\/p>\n<p>Moniteur d&rsquo;oxym\u00e9trie de pouls au doigt<\/p>\n","protected":false},"featured_media":3722,"comment_status":"open","ping_status":"closed","template":"","meta":[],"product_brand":[],"product_cat":[515,15],"product_tag":[],"class_list":{"0":"post-3577","1":"product","2":"type-product","3":"status-publish","4":"has-post-thumbnail","6":"product_cat-appareils-et-accessoires-de-diagnostic","7":"product_cat-uncategorized","8":"sync-code-w","10":"first","11":"outofstock","12":"taxable","13":"shipping-taxable","14":"purchasable","15":"product-type-simple"},"yoast_head":"<!-- This site is optimized with the Yoast SEO plugin v27.5 - https:\/\/yoast.com\/product\/yoast-seo-wordpress\/ -->\n<title>Oxym\u00e8tre de pouls - Formations UBF | Boutique<\/title>\n<meta name=\"robots\" content=\"index, follow, max-snippet:-1, max-image-preview:large, max-video-preview:-1\" \/>\n<link rel=\"canonical\" href=\"https:\/\/formationsubf.coop\/boutique\/product\/oxymetre-de-pouls\/\" \/>\n<meta property=\"og:locale\" content=\"fr_FR\" \/>\n<meta property=\"og:type\" content=\"article\" \/>\n<meta property=\"og:title\" content=\"Oxym\u00e8tre de pouls - Formations UBF | Boutique\" \/>\n<meta property=\"og:description\" content=\"Oxym\u00e8tre de pouls au doigt  Moniteur d&#039;oxym\u00e9trie de pouls au doigt\" \/>\n<meta property=\"og:url\" content=\"https:\/\/formationsubf.coop\/boutique\/product\/oxymetre-de-pouls\/\" \/>\n<meta property=\"og:site_name\" content=\"Formations UBF | Boutique\" \/>\n<meta property=\"article:publisher\" content=\"https:\/\/www.facebook.com\/ubfmaterielmedicaletorthopedique\" \/>\n<meta property=\"article:modified_time\" content=\"2025-06-09T15:24:25+00:00\" \/>\n<meta property=\"og:image\" content=\"https:\/\/formationsubf.coop\/boutique\/wp-content\/uploads\/2024\/11\/130732-top.jpg\" \/>\n\t<meta property=\"og:image:width\" content=\"684\" \/>\n\t<meta property=\"og:image:height\" content=\"769\" \/>\n\t<meta property=\"og:image:type\" content=\"image\/jpeg\" \/>\n<meta name=\"twitter:card\" content=\"summary_large_image\" \/>\n<meta name=\"twitter:label1\" content=\"Dur\u00e9e de lecture estim\u00e9e\" \/>\n\t<meta name=\"twitter:data1\" content=\"2 minutes\" \/>\n<script type=\"application\/ld+json\" class=\"yoast-schema-graph\">{\"@context\":\"https:\\\/\\\/schema.org\",\"@graph\":[{\"@type\":\"WebPage\",\"@id\":\"https:\\\/\\\/formationsubf.coop\\\/boutique\\\/product\\\/oxymetre-de-pouls\\\/\",\"url\":\"https:\\\/\\\/formationsubf.coop\\\/boutique\\\/product\\\/oxymetre-de-pouls\\\/\",\"name\":\"Oxym\u00e8tre de pouls - Formations UBF | Boutique\",\"isPartOf\":{\"@id\":\"https:\\\/\\\/formationsubf.coop\\\/boutique\\\/#website\"},\"primaryImageOfPage\":{\"@id\":\"https:\\\/\\\/formationsubf.coop\\\/boutique\\\/product\\\/oxymetre-de-pouls\\\/#primaryimage\"},\"image\":{\"@id\":\"https:\\\/\\\/formationsubf.coop\\\/boutique\\\/product\\\/oxymetre-de-pouls\\\/#primaryimage\"},\"thumbnailUrl\":\"https:\\\/\\\/formationsubf.coop\\\/boutique\\\/wp-content\\\/uploads\\\/2024\\\/11\\\/130732-top.jpg\",\"datePublished\":\"2024-11-28T03:01:14+00:00\",\"dateModified\":\"2025-06-09T15:24:25+00:00\",\"breadcrumb\":{\"@id\":\"https:\\\/\\\/formationsubf.coop\\\/boutique\\\/product\\\/oxymetre-de-pouls\\\/#breadcrumb\"},\"inLanguage\":\"fr-FR\",\"potentialAction\":[{\"@type\":\"ReadAction\",\"target\":[\"https:\\\/\\\/formationsubf.coop\\\/boutique\\\/product\\\/oxymetre-de-pouls\\\/\"]}]},{\"@type\":\"ImageObject\",\"inLanguage\":\"fr-FR\",\"@id\":\"https:\\\/\\\/formationsubf.coop\\\/boutique\\\/product\\\/oxymetre-de-pouls\\\/#primaryimage\",\"url\":\"https:\\\/\\\/formationsubf.coop\\\/boutique\\\/wp-content\\\/uploads\\\/2024\\\/11\\\/130732-top.jpg\",\"contentUrl\":\"https:\\\/\\\/formationsubf.coop\\\/boutique\\\/wp-content\\\/uploads\\\/2024\\\/11\\\/130732-top.jpg\",\"width\":684,\"height\":769},{\"@type\":\"BreadcrumbList\",\"@id\":\"https:\\\/\\\/formationsubf.coop\\\/boutique\\\/product\\\/oxymetre-de-pouls\\\/#breadcrumb\",\"itemListElement\":[{\"@type\":\"ListItem\",\"position\":1,\"name\":\"Accueil\",\"item\":\"https:\\\/\\\/formationsubf.coop\\\/boutique\\\/\"},{\"@type\":\"ListItem\",\"position\":2,\"name\":\"Boutique\",\"item\":\"https:\\\/\\\/formationsubf.coop\\\/boutique\\\/produits\\\/\"},{\"@type\":\"ListItem\",\"position\":3,\"name\":\"Premiers Soins\",\"item\":\"https:\\\/\\\/formationsubf.coop\\\/boutique\\\/product-category\\\/premiers-soins\\\/\"},{\"@type\":\"ListItem\",\"position\":4,\"name\":\"Appareils et accessoires de diagnostic\",\"item\":\"https:\\\/\\\/formationsubf.coop\\\/boutique\\\/product-category\\\/premiers-soins\\\/appareils-et-accessoires-de-diagnostic\\\/\"},{\"@type\":\"ListItem\",\"position\":5,\"name\":\"Oxym\u00e8tre de pouls\"}]},{\"@type\":\"WebSite\",\"@id\":\"https:\\\/\\\/formationsubf.coop\\\/boutique\\\/#website\",\"url\":\"https:\\\/\\\/formationsubf.coop\\\/boutique\\\/\",\"name\":\"Formations UBF | Boutique\",\"description\":\"\",\"potentialAction\":[{\"@type\":\"SearchAction\",\"target\":{\"@type\":\"EntryPoint\",\"urlTemplate\":\"https:\\\/\\\/formationsubf.coop\\\/boutique\\\/?s={search_term_string}\"},\"query-input\":{\"@type\":\"PropertyValueSpecification\",\"valueRequired\":true,\"valueName\":\"search_term_string\"}}],\"inLanguage\":\"fr-FR\"}]}<\/script>\n<!-- \/ Yoast SEO plugin. -->","yoast_head_json":{"title":"Oxym\u00e8tre de pouls - Formations UBF | Boutique","robots":{"index":"index","follow":"follow","max-snippet":"max-snippet:-1","max-image-preview":"max-image-preview:large","max-video-preview":"max-video-preview:-1"},"canonical":"https:\/\/formationsubf.coop\/boutique\/product\/oxymetre-de-pouls\/","og_locale":"fr_FR","og_type":"article","og_title":"Oxym\u00e8tre de pouls - Formations UBF | Boutique","og_description":"Oxym\u00e8tre de pouls au doigt  Moniteur d'oxym\u00e9trie de pouls au doigt","og_url":"https:\/\/formationsubf.coop\/boutique\/product\/oxymetre-de-pouls\/","og_site_name":"Formations UBF | Boutique","article_publisher":"https:\/\/www.facebook.com\/ubfmaterielmedicaletorthopedique","article_modified_time":"2025-06-09T15:24:25+00:00","og_image":[{"width":684,"height":769,"url":"https:\/\/formationsubf.coop\/boutique\/wp-content\/uploads\/2024\/11\/130732-top.jpg","type":"image\/jpeg"}],"twitter_card":"summary_large_image","twitter_misc":{"Dur\u00e9e de lecture estim\u00e9e":"2 minutes"},"schema":{"@context":"https:\/\/schema.org","@graph":[{"@type":"WebPage","@id":"https:\/\/formationsubf.coop\/boutique\/product\/oxymetre-de-pouls\/","url":"https:\/\/formationsubf.coop\/boutique\/product\/oxymetre-de-pouls\/","name":"Oxym\u00e8tre de pouls - Formations UBF | Boutique","isPartOf":{"@id":"https:\/\/formationsubf.coop\/boutique\/#website"},"primaryImageOfPage":{"@id":"https:\/\/formationsubf.coop\/boutique\/product\/oxymetre-de-pouls\/#primaryimage"},"image":{"@id":"https:\/\/formationsubf.coop\/boutique\/product\/oxymetre-de-pouls\/#primaryimage"},"thumbnailUrl":"https:\/\/formationsubf.coop\/boutique\/wp-content\/uploads\/2024\/11\/130732-top.jpg","datePublished":"2024-11-28T03:01:14+00:00","dateModified":"2025-06-09T15:24:25+00:00","breadcrumb":{"@id":"https:\/\/formationsubf.coop\/boutique\/product\/oxymetre-de-pouls\/#breadcrumb"},"inLanguage":"fr-FR","potentialAction":[{"@type":"ReadAction","target":["https:\/\/formationsubf.coop\/boutique\/product\/oxymetre-de-pouls\/"]}]},{"@type":"ImageObject","inLanguage":"fr-FR","@id":"https:\/\/formationsubf.coop\/boutique\/product\/oxymetre-de-pouls\/#primaryimage","url":"https:\/\/formationsubf.coop\/boutique\/wp-content\/uploads\/2024\/11\/130732-top.jpg","contentUrl":"https:\/\/formationsubf.coop\/boutique\/wp-content\/uploads\/2024\/11\/130732-top.jpg","width":684,"height":769},{"@type":"BreadcrumbList","@id":"https:\/\/formationsubf.coop\/boutique\/product\/oxymetre-de-pouls\/#breadcrumb","itemListElement":[{"@type":"ListItem","position":1,"name":"Accueil","item":"https:\/\/formationsubf.coop\/boutique\/"},{"@type":"ListItem","position":2,"name":"Boutique","item":"https:\/\/formationsubf.coop\/boutique\/produits\/"},{"@type":"ListItem","position":3,"name":"Premiers Soins","item":"https:\/\/formationsubf.coop\/boutique\/product-category\/premiers-soins\/"},{"@type":"ListItem","position":4,"name":"Appareils et accessoires de diagnostic","item":"https:\/\/formationsubf.coop\/boutique\/product-category\/premiers-soins\/appareils-et-accessoires-de-diagnostic\/"},{"@type":"ListItem","position":5,"name":"Oxym\u00e8tre de pouls"}]},{"@type":"WebSite","@id":"https:\/\/formationsubf.coop\/boutique\/#website","url":"https:\/\/formationsubf.coop\/boutique\/","name":"Formations UBF | Boutique","description":"","potentialAction":[{"@type":"SearchAction","target":{"@type":"EntryPoint","urlTemplate":"https:\/\/formationsubf.coop\/boutique\/?s={search_term_string}"},"query-input":{"@type":"PropertyValueSpecification","valueRequired":true,"valueName":"search_term_string"}}],"inLanguage":"fr-FR"}]}},"_links":{"self":[{"href":"https:\/\/formationsubf.coop\/boutique\/wp-json\/wp\/v2\/product\/3577","targetHints":{"allow":["GET"]}}],"collection":[{"href":"https:\/\/formationsubf.coop\/boutique\/wp-json\/wp\/v2\/product"}],"about":[{"href":"https:\/\/formationsubf.coop\/boutique\/wp-json\/wp\/v2\/types\/product"}],"replies":[{"embeddable":true,"href":"https:\/\/formationsubf.coop\/boutique\/wp-json\/wp\/v2\/comments?post=3577"}],"wp:featuredmedia":[{"embeddable":true,"href":"https:\/\/formationsubf.coop\/boutique\/wp-json\/wp\/v2\/media\/3722"}],"wp:attachment":[{"href":"https:\/\/formationsubf.coop\/boutique\/wp-json\/wp\/v2\/media?parent=3577"}],"wp:term":[{"taxonomy":"product_brand","embeddable":true,"href":"https:\/\/formationsubf.coop\/boutique\/wp-json\/wp\/v2\/product_brand?post=3577"},{"taxonomy":"product_cat","embeddable":true,"href":"https:\/\/formationsubf.coop\/boutique\/wp-json\/wp\/v2\/product_cat?post=3577"},{"taxonomy":"product_tag","embeddable":true,"href":"https:\/\/formationsubf.coop\/boutique\/wp-json\/wp\/v2\/product_tag?post=3577"}],"curies":[{"name":"wp","href":"https:\/\/api.w.org\/{rel}","templated":true}]}}