{"id":3573,"date":"2024-11-27T22:01:09","date_gmt":"2024-11-28T03:01:09","guid":{"rendered":"https:\/\/formationsubf.coop\/boutique\/?post_type=product&#038;p=3573"},"modified":"2025-07-21T16:16:46","modified_gmt":"2025-07-21T20:16:46","slug":"glucometre-contour-next-ez","status":"publish","type":"product","link":"https:\/\/formationsubf.coop\/boutique\/product\/glucometre-contour-next-ez\/","title":{"rendered":"Glucom\u00e8tre Contour Next EZ"},"content":{"rendered":"<div id=\"desktop-mobile-switch\" class=\"switch-desktop-mobile\">\n<div class=\"block htmlblock col-lg-12 col-md-12 col-sm-12 col-xs-12  \">\n<h3>CARACT\u00c9RISTIQUES DE L\u2019INDICATEUR\u00a0CONTOUR<sup>\u00ae<\/sup>NEXT EZ<\/h3>\n<ul>\n<li>Des r\u00e9sultats de glyc\u00e9mie tr\u00e8s pr\u00e9cis qui se situent \u00e0 \u00b110%<sup>\u2021<\/sup>\u00a0de ceux obtenus au laboratoire.<\/li>\n<li>La fonction Deux chances<sup>\u00ae<\/sup> de pr\u00e9l\u00e8vement vous permet d\u2019ajouter du sang \u00e0 la bandelette si le premier \u00e9chantillon n\u2019est pas suffisant et ainsi pr\u00e9venir le gaspillage de bandelettes sans compromettre la pr\u00e9cision<\/li>\n<li>Compte \u00e0 rebours rapide de 5 secondes avec un petit \u00e9chantillon de 0,6 \u00b5L<\/li>\n<\/ul>\n<p>L&rsquo;ensemble contient:<\/p>\n<ul>\n<li>Indicateur de glyc\u00e9mie contour<sup>\u00ae<\/sup>NEXT EZ<\/li>\n<li>Manuel de l&rsquo;utilisateur et aide-m\u00e9moire<\/li>\n<li>Dispositif de pr\u00e9l\u00e8vement sanguin Microlet<sup>\u00ae<\/sup>Next<\/li>\n<li>10 lancettes de couleur Microlet<sup>\u00ae<\/sup><\/li>\n<li>Journal clinilog<sup>\u00ae<\/sup>et \u00e9tui de transport<\/li>\n<li>Fiche de garantie<\/li>\n<\/ul>\n<\/div>\n<\/div>\n","protected":false},"excerpt":{"rendered":"<p>Ensemble pour surveillance de la glyc\u00e9mie<\/p>\n","protected":false},"featured_media":3706,"comment_status":"open","ping_status":"closed","template":"","meta":[],"product_brand":[],"product_cat":[515,15],"product_tag":[],"class_list":{"0":"post-3573","1":"product","2":"type-product","3":"status-publish","4":"has-post-thumbnail","6":"product_cat-appareils-et-accessoires-de-diagnostic","7":"product_cat-uncategorized","8":"sync-code-w","10":"first","11":"instock","12":"taxable","13":"shipping-taxable","14":"purchasable","15":"product-type-simple"},"yoast_head":"<!-- This site is optimized with the Yoast SEO plugin v27.6 - https:\/\/yoast.com\/product\/yoast-seo-wordpress\/ -->\n<title>Glucom\u00e8tre Contour Next EZ - Formations UBF | Boutique<\/title>\n<meta name=\"robots\" content=\"index, follow, max-snippet:-1, max-image-preview:large, max-video-preview:-1\" \/>\n<link rel=\"canonical\" href=\"https:\/\/formationsubf.coop\/boutique\/product\/glucometre-contour-next-ez\/\" \/>\n<meta property=\"og:locale\" content=\"fr_FR\" \/>\n<meta property=\"og:type\" content=\"article\" \/>\n<meta property=\"og:title\" content=\"Glucom\u00e8tre Contour Next EZ - Formations UBF | Boutique\" \/>\n<meta property=\"og:description\" content=\"Ensemble pour surveillance de la glyc\u00e9mie\" \/>\n<meta property=\"og:url\" content=\"https:\/\/formationsubf.coop\/boutique\/product\/glucometre-contour-next-ez\/\" \/>\n<meta property=\"og:site_name\" content=\"Formations UBF | Boutique\" \/>\n<meta property=\"article:publisher\" content=\"https:\/\/www.facebook.com\/ubfmaterielmedicaletorthopedique\" \/>\n<meta property=\"article:modified_time\" content=\"2025-07-21T20:16:46+00:00\" \/>\n<meta property=\"og:image\" content=\"https:\/\/formationsubf.coop\/boutique\/wp-content\/uploads\/2024\/11\/7268.webp\" \/>\n\t<meta property=\"og:image:width\" content=\"700\" \/>\n\t<meta property=\"og:image:height\" content=\"700\" \/>\n\t<meta property=\"og:image:type\" content=\"image\/webp\" \/>\n<meta name=\"twitter:card\" content=\"summary_large_image\" \/>\n<meta name=\"twitter:label1\" content=\"Dur\u00e9e de lecture estim\u00e9e\" \/>\n\t<meta name=\"twitter:data1\" content=\"1 minute\" \/>\n<script type=\"application\/ld+json\" class=\"yoast-schema-graph\">{\"@context\":\"https:\\\/\\\/schema.org\",\"@graph\":[{\"@type\":\"WebPage\",\"@id\":\"https:\\\/\\\/formationsubf.coop\\\/boutique\\\/product\\\/glucometre-contour-next-ez\\\/\",\"url\":\"https:\\\/\\\/formationsubf.coop\\\/boutique\\\/product\\\/glucometre-contour-next-ez\\\/\",\"name\":\"Glucom\u00e8tre Contour Next EZ - Formations UBF | Boutique\",\"isPartOf\":{\"@id\":\"https:\\\/\\\/formationsubf.coop\\\/boutique\\\/#website\"},\"primaryImageOfPage\":{\"@id\":\"https:\\\/\\\/formationsubf.coop\\\/boutique\\\/product\\\/glucometre-contour-next-ez\\\/#primaryimage\"},\"image\":{\"@id\":\"https:\\\/\\\/formationsubf.coop\\\/boutique\\\/product\\\/glucometre-contour-next-ez\\\/#primaryimage\"},\"thumbnailUrl\":\"https:\\\/\\\/formationsubf.coop\\\/boutique\\\/wp-content\\\/uploads\\\/2024\\\/11\\\/7268.webp\",\"datePublished\":\"2024-11-28T03:01:09+00:00\",\"dateModified\":\"2025-07-21T20:16:46+00:00\",\"breadcrumb\":{\"@id\":\"https:\\\/\\\/formationsubf.coop\\\/boutique\\\/product\\\/glucometre-contour-next-ez\\\/#breadcrumb\"},\"inLanguage\":\"fr-FR\",\"potentialAction\":[{\"@type\":\"ReadAction\",\"target\":[\"https:\\\/\\\/formationsubf.coop\\\/boutique\\\/product\\\/glucometre-contour-next-ez\\\/\"]}]},{\"@type\":\"ImageObject\",\"inLanguage\":\"fr-FR\",\"@id\":\"https:\\\/\\\/formationsubf.coop\\\/boutique\\\/product\\\/glucometre-contour-next-ez\\\/#primaryimage\",\"url\":\"https:\\\/\\\/formationsubf.coop\\\/boutique\\\/wp-content\\\/uploads\\\/2024\\\/11\\\/7268.webp\",\"contentUrl\":\"https:\\\/\\\/formationsubf.coop\\\/boutique\\\/wp-content\\\/uploads\\\/2024\\\/11\\\/7268.webp\",\"width\":700,\"height\":700},{\"@type\":\"BreadcrumbList\",\"@id\":\"https:\\\/\\\/formationsubf.coop\\\/boutique\\\/product\\\/glucometre-contour-next-ez\\\/#breadcrumb\",\"itemListElement\":[{\"@type\":\"ListItem\",\"position\":1,\"name\":\"Accueil\",\"item\":\"https:\\\/\\\/formationsubf.coop\\\/boutique\\\/\"},{\"@type\":\"ListItem\",\"position\":2,\"name\":\"Boutique\",\"item\":\"https:\\\/\\\/formationsubf.coop\\\/boutique\\\/produits\\\/\"},{\"@type\":\"ListItem\",\"position\":3,\"name\":\"Uncategorized\",\"item\":\"https:\\\/\\\/formationsubf.coop\\\/boutique\\\/product-category\\\/uncategorized\\\/\"},{\"@type\":\"ListItem\",\"position\":4,\"name\":\"Glucom\u00e8tre Contour Next EZ\"}]},{\"@type\":\"WebSite\",\"@id\":\"https:\\\/\\\/formationsubf.coop\\\/boutique\\\/#website\",\"url\":\"https:\\\/\\\/formationsubf.coop\\\/boutique\\\/\",\"name\":\"Formations UBF | Boutique\",\"description\":\"\",\"potentialAction\":[{\"@type\":\"SearchAction\",\"target\":{\"@type\":\"EntryPoint\",\"urlTemplate\":\"https:\\\/\\\/formationsubf.coop\\\/boutique\\\/?s={search_term_string}\"},\"query-input\":{\"@type\":\"PropertyValueSpecification\",\"valueRequired\":true,\"valueName\":\"search_term_string\"}}],\"inLanguage\":\"fr-FR\"}]}<\/script>\n<!-- \/ Yoast SEO plugin. -->","yoast_head_json":{"title":"Glucom\u00e8tre Contour Next EZ - Formations UBF | Boutique","robots":{"index":"index","follow":"follow","max-snippet":"max-snippet:-1","max-image-preview":"max-image-preview:large","max-video-preview":"max-video-preview:-1"},"canonical":"https:\/\/formationsubf.coop\/boutique\/product\/glucometre-contour-next-ez\/","og_locale":"fr_FR","og_type":"article","og_title":"Glucom\u00e8tre Contour Next EZ - Formations UBF | Boutique","og_description":"Ensemble pour surveillance de la glyc\u00e9mie","og_url":"https:\/\/formationsubf.coop\/boutique\/product\/glucometre-contour-next-ez\/","og_site_name":"Formations UBF | Boutique","article_publisher":"https:\/\/www.facebook.com\/ubfmaterielmedicaletorthopedique","article_modified_time":"2025-07-21T20:16:46+00:00","og_image":[{"width":700,"height":700,"url":"https:\/\/formationsubf.coop\/boutique\/wp-content\/uploads\/2024\/11\/7268.webp","type":"image\/webp"}],"twitter_card":"summary_large_image","twitter_misc":{"Dur\u00e9e de lecture estim\u00e9e":"1 minute"},"schema":{"@context":"https:\/\/schema.org","@graph":[{"@type":"WebPage","@id":"https:\/\/formationsubf.coop\/boutique\/product\/glucometre-contour-next-ez\/","url":"https:\/\/formationsubf.coop\/boutique\/product\/glucometre-contour-next-ez\/","name":"Glucom\u00e8tre Contour Next EZ - Formations UBF | Boutique","isPartOf":{"@id":"https:\/\/formationsubf.coop\/boutique\/#website"},"primaryImageOfPage":{"@id":"https:\/\/formationsubf.coop\/boutique\/product\/glucometre-contour-next-ez\/#primaryimage"},"image":{"@id":"https:\/\/formationsubf.coop\/boutique\/product\/glucometre-contour-next-ez\/#primaryimage"},"thumbnailUrl":"https:\/\/formationsubf.coop\/boutique\/wp-content\/uploads\/2024\/11\/7268.webp","datePublished":"2024-11-28T03:01:09+00:00","dateModified":"2025-07-21T20:16:46+00:00","breadcrumb":{"@id":"https:\/\/formationsubf.coop\/boutique\/product\/glucometre-contour-next-ez\/#breadcrumb"},"inLanguage":"fr-FR","potentialAction":[{"@type":"ReadAction","target":["https:\/\/formationsubf.coop\/boutique\/product\/glucometre-contour-next-ez\/"]}]},{"@type":"ImageObject","inLanguage":"fr-FR","@id":"https:\/\/formationsubf.coop\/boutique\/product\/glucometre-contour-next-ez\/#primaryimage","url":"https:\/\/formationsubf.coop\/boutique\/wp-content\/uploads\/2024\/11\/7268.webp","contentUrl":"https:\/\/formationsubf.coop\/boutique\/wp-content\/uploads\/2024\/11\/7268.webp","width":700,"height":700},{"@type":"BreadcrumbList","@id":"https:\/\/formationsubf.coop\/boutique\/product\/glucometre-contour-next-ez\/#breadcrumb","itemListElement":[{"@type":"ListItem","position":1,"name":"Accueil","item":"https:\/\/formationsubf.coop\/boutique\/"},{"@type":"ListItem","position":2,"name":"Boutique","item":"https:\/\/formationsubf.coop\/boutique\/produits\/"},{"@type":"ListItem","position":3,"name":"Uncategorized","item":"https:\/\/formationsubf.coop\/boutique\/product-category\/uncategorized\/"},{"@type":"ListItem","position":4,"name":"Glucom\u00e8tre Contour Next EZ"}]},{"@type":"WebSite","@id":"https:\/\/formationsubf.coop\/boutique\/#website","url":"https:\/\/formationsubf.coop\/boutique\/","name":"Formations UBF | Boutique","description":"","potentialAction":[{"@type":"SearchAction","target":{"@type":"EntryPoint","urlTemplate":"https:\/\/formationsubf.coop\/boutique\/?s={search_term_string}"},"query-input":{"@type":"PropertyValueSpecification","valueRequired":true,"valueName":"search_term_string"}}],"inLanguage":"fr-FR"}]}},"_links":{"self":[{"href":"https:\/\/formationsubf.coop\/boutique\/wp-json\/wp\/v2\/product\/3573","targetHints":{"allow":["GET"]}}],"collection":[{"href":"https:\/\/formationsubf.coop\/boutique\/wp-json\/wp\/v2\/product"}],"about":[{"href":"https:\/\/formationsubf.coop\/boutique\/wp-json\/wp\/v2\/types\/product"}],"replies":[{"embeddable":true,"href":"https:\/\/formationsubf.coop\/boutique\/wp-json\/wp\/v2\/comments?post=3573"}],"wp:featuredmedia":[{"embeddable":true,"href":"https:\/\/formationsubf.coop\/boutique\/wp-json\/wp\/v2\/media\/3706"}],"wp:attachment":[{"href":"https:\/\/formationsubf.coop\/boutique\/wp-json\/wp\/v2\/media?parent=3573"}],"wp:term":[{"taxonomy":"product_brand","embeddable":true,"href":"https:\/\/formationsubf.coop\/boutique\/wp-json\/wp\/v2\/product_brand?post=3573"},{"taxonomy":"product_cat","embeddable":true,"href":"https:\/\/formationsubf.coop\/boutique\/wp-json\/wp\/v2\/product_cat?post=3573"},{"taxonomy":"product_tag","embeddable":true,"href":"https:\/\/formationsubf.coop\/boutique\/wp-json\/wp\/v2\/product_tag?post=3573"}],"curies":[{"name":"wp","href":"https:\/\/api.w.org\/{rel}","templated":true}]}}