{"id":3133,"date":"2024-11-07T22:03:03","date_gmt":"2024-11-08T03:03:03","guid":{"rendered":"https:\/\/formationsubf.coop\/boutique\/?post_type=product&#038;p=3133"},"modified":"2024-12-05T07:46:17","modified_gmt":"2024-12-05T12:46:17","slug":"tensiometre-advanced-premium-brassard-grand","status":"publish","type":"product","link":"https:\/\/formationsubf.coop\/boutique\/product\/tensiometre-advanced-premium-brassard-grand\/","title":{"rendered":"Tensiom\u00e8tre Advanced Premium brassard grand"},"content":{"rendered":"<p>Un tensiom\u00e8tre \u00e9l\u00e9gant et facile \u00e0 utiliser avec un seul bouton et des fonctions avanc\u00e9es.<\/p>\n<p>Le tensiom\u00e8tre conserve en m\u00e9moire les 90 derni\u00e8res lectures et calcule et affiche la \u00ab moyenne \u00bb des lectures totales stock\u00e9es en m\u00e9moire. Il comprend \u00e9galement un adaptateur CA pour r\u00e9duire le co\u00fbt des piles et peut \u00eatre achet\u00e9 avec un brassard petit, moyen ou grand (les brassards peuvent \u00e9galement \u00eatre achet\u00e9s s\u00e9par\u00e9ment). Un guide d&rsquo;instructions en gros caract\u00e8res et une carte de d\u00e9marrage rapide sont inclus.<\/p>\n<p>Ce moniteur valid\u00e9 cliniquement offre \u00e9galement deux fonctions OSSovative, l&rsquo;indicateur d&rsquo;\u00e9valuation de la pression et la fonction de rythme cardiaque irr\u00e9gulier. L&rsquo;indicateur d&rsquo;\u00e9valuation de la pression fournit un instantan\u00e9 de la classification de votre pression art\u00e9rielle en fonction de vos mesures et \u00e9limine les conjectures sur la signification de vos mesures de pression art\u00e9rielle. En outre, ce tensiom\u00e8tre avertit l&rsquo;utilisateur de la pr\u00e9sence d&rsquo;un rythme cardiaque irr\u00e9gulier et fournit des mesures pr\u00e9cises de la tension art\u00e9rielle et du pouls, m\u00eame en cas de rythme cardiaque irr\u00e9gulier.<\/p>\n<p>&nbsp;<\/p>\n<ul>\n<li>Lecture simultan\u00e9e de la pression systolique\/diastolique et de la fr\u00e9quence du pouls<\/li>\n<li>Calcule et affiche les valeurs moyennes de la tension art\u00e9rielle<\/li>\n<li>Fournit des mesures pr\u00e9cises de la tension art\u00e9rielle et du pouls, m\u00eame en cas de rythme cardiaque irr\u00e9gulier.<\/li>\n<li>Sans latex<\/li>\n<li>Peut stocker jusqu&rsquo;\u00e0 90 mesures en m\u00e9moire<\/li>\n<li>Utilise quatre piles AA (non incluses)<\/li>\n<li>Adaptateur CA inclus<\/li>\n<li>Valid\u00e9 pour sa pr\u00e9cision et recommand\u00e9 par<br \/>\nla Soci\u00e9t\u00e9 canadienne d&rsquo;hypertension art\u00e9rielle<\/li>\n<\/ul>\n","protected":false},"excerpt":{"rendered":"<p>Tensiom\u00e8tre<\/p>\n","protected":false},"featured_media":3773,"comment_status":"open","ping_status":"closed","template":"","meta":[],"product_brand":[],"product_cat":[515],"product_tag":[],"class_list":{"0":"post-3133","1":"product","2":"type-product","3":"status-publish","4":"has-post-thumbnail","6":"product_cat-appareils-et-accessoires-de-diagnostic","7":"sync-code-w","9":"first","10":"instock","11":"taxable","12":"shipping-taxable","13":"purchasable","14":"product-type-simple"},"yoast_head":"<!-- This site is optimized with the Yoast SEO plugin v27.5 - https:\/\/yoast.com\/product\/yoast-seo-wordpress\/ -->\n<title>Tensiom\u00e8tre Advanced Premium brassard grand - Formations UBF | Boutique<\/title>\n<meta name=\"robots\" content=\"index, follow, max-snippet:-1, max-image-preview:large, max-video-preview:-1\" \/>\n<link rel=\"canonical\" href=\"https:\/\/formationsubf.coop\/boutique\/product\/tensiometre-advanced-premium-brassard-grand\/\" \/>\n<meta property=\"og:locale\" content=\"fr_FR\" \/>\n<meta property=\"og:type\" content=\"article\" \/>\n<meta property=\"og:title\" content=\"Tensiom\u00e8tre Advanced Premium brassard grand - Formations UBF | Boutique\" \/>\n<meta property=\"og:description\" content=\"Tensiom\u00e8tre\" \/>\n<meta property=\"og:url\" content=\"https:\/\/formationsubf.coop\/boutique\/product\/tensiometre-advanced-premium-brassard-grand\/\" \/>\n<meta property=\"og:site_name\" content=\"Formations UBF | Boutique\" \/>\n<meta property=\"article:publisher\" content=\"https:\/\/www.facebook.com\/ubfmaterielmedicaletorthopedique\" \/>\n<meta property=\"article:modified_time\" content=\"2024-12-05T12:46:17+00:00\" \/>\n<meta property=\"og:image\" content=\"https:\/\/formationsubf.coop\/boutique\/wp-content\/uploads\/2024\/11\/UA-767PCNLAC.png\" \/>\n\t<meta property=\"og:image:width\" content=\"626\" \/>\n\t<meta property=\"og:image:height\" content=\"378\" \/>\n\t<meta property=\"og:image:type\" content=\"image\/png\" \/>\n<meta name=\"twitter:card\" content=\"summary_large_image\" \/>\n<meta name=\"twitter:label1\" content=\"Dur\u00e9e de lecture estim\u00e9e\" \/>\n\t<meta name=\"twitter:data1\" content=\"2 minutes\" \/>\n<script type=\"application\/ld+json\" class=\"yoast-schema-graph\">{\"@context\":\"https:\\\/\\\/schema.org\",\"@graph\":[{\"@type\":\"WebPage\",\"@id\":\"https:\\\/\\\/formationsubf.coop\\\/boutique\\\/product\\\/tensiometre-advanced-premium-brassard-grand\\\/\",\"url\":\"https:\\\/\\\/formationsubf.coop\\\/boutique\\\/product\\\/tensiometre-advanced-premium-brassard-grand\\\/\",\"name\":\"Tensiom\u00e8tre Advanced Premium brassard grand - Formations UBF | Boutique\",\"isPartOf\":{\"@id\":\"https:\\\/\\\/formationsubf.coop\\\/boutique\\\/#website\"},\"primaryImageOfPage\":{\"@id\":\"https:\\\/\\\/formationsubf.coop\\\/boutique\\\/product\\\/tensiometre-advanced-premium-brassard-grand\\\/#primaryimage\"},\"image\":{\"@id\":\"https:\\\/\\\/formationsubf.coop\\\/boutique\\\/product\\\/tensiometre-advanced-premium-brassard-grand\\\/#primaryimage\"},\"thumbnailUrl\":\"https:\\\/\\\/formationsubf.coop\\\/boutique\\\/wp-content\\\/uploads\\\/2024\\\/11\\\/UA-767PCNLAC.png\",\"datePublished\":\"2024-11-08T03:03:03+00:00\",\"dateModified\":\"2024-12-05T12:46:17+00:00\",\"breadcrumb\":{\"@id\":\"https:\\\/\\\/formationsubf.coop\\\/boutique\\\/product\\\/tensiometre-advanced-premium-brassard-grand\\\/#breadcrumb\"},\"inLanguage\":\"fr-FR\",\"potentialAction\":[{\"@type\":\"ReadAction\",\"target\":[\"https:\\\/\\\/formationsubf.coop\\\/boutique\\\/product\\\/tensiometre-advanced-premium-brassard-grand\\\/\"]}]},{\"@type\":\"ImageObject\",\"inLanguage\":\"fr-FR\",\"@id\":\"https:\\\/\\\/formationsubf.coop\\\/boutique\\\/product\\\/tensiometre-advanced-premium-brassard-grand\\\/#primaryimage\",\"url\":\"https:\\\/\\\/formationsubf.coop\\\/boutique\\\/wp-content\\\/uploads\\\/2024\\\/11\\\/UA-767PCNLAC.png\",\"contentUrl\":\"https:\\\/\\\/formationsubf.coop\\\/boutique\\\/wp-content\\\/uploads\\\/2024\\\/11\\\/UA-767PCNLAC.png\",\"width\":626,\"height\":378},{\"@type\":\"BreadcrumbList\",\"@id\":\"https:\\\/\\\/formationsubf.coop\\\/boutique\\\/product\\\/tensiometre-advanced-premium-brassard-grand\\\/#breadcrumb\",\"itemListElement\":[{\"@type\":\"ListItem\",\"position\":1,\"name\":\"Accueil\",\"item\":\"https:\\\/\\\/formationsubf.coop\\\/boutique\\\/\"},{\"@type\":\"ListItem\",\"position\":2,\"name\":\"Boutique\",\"item\":\"https:\\\/\\\/formationsubf.coop\\\/boutique\\\/produits\\\/\"},{\"@type\":\"ListItem\",\"position\":3,\"name\":\"Premiers Soins\",\"item\":\"https:\\\/\\\/formationsubf.coop\\\/boutique\\\/product-category\\\/premiers-soins\\\/\"},{\"@type\":\"ListItem\",\"position\":4,\"name\":\"Appareils et accessoires de diagnostic\",\"item\":\"https:\\\/\\\/formationsubf.coop\\\/boutique\\\/product-category\\\/premiers-soins\\\/appareils-et-accessoires-de-diagnostic\\\/\"},{\"@type\":\"ListItem\",\"position\":5,\"name\":\"Tensiom\u00e8tre Advanced Premium brassard grand\"}]},{\"@type\":\"WebSite\",\"@id\":\"https:\\\/\\\/formationsubf.coop\\\/boutique\\\/#website\",\"url\":\"https:\\\/\\\/formationsubf.coop\\\/boutique\\\/\",\"name\":\"Formations UBF | Boutique\",\"description\":\"\",\"potentialAction\":[{\"@type\":\"SearchAction\",\"target\":{\"@type\":\"EntryPoint\",\"urlTemplate\":\"https:\\\/\\\/formationsubf.coop\\\/boutique\\\/?s={search_term_string}\"},\"query-input\":{\"@type\":\"PropertyValueSpecification\",\"valueRequired\":true,\"valueName\":\"search_term_string\"}}],\"inLanguage\":\"fr-FR\"}]}<\/script>\n<!-- \/ Yoast SEO plugin. -->","yoast_head_json":{"title":"Tensiom\u00e8tre Advanced Premium brassard grand - Formations UBF | Boutique","robots":{"index":"index","follow":"follow","max-snippet":"max-snippet:-1","max-image-preview":"max-image-preview:large","max-video-preview":"max-video-preview:-1"},"canonical":"https:\/\/formationsubf.coop\/boutique\/product\/tensiometre-advanced-premium-brassard-grand\/","og_locale":"fr_FR","og_type":"article","og_title":"Tensiom\u00e8tre Advanced Premium brassard grand - Formations UBF | Boutique","og_description":"Tensiom\u00e8tre","og_url":"https:\/\/formationsubf.coop\/boutique\/product\/tensiometre-advanced-premium-brassard-grand\/","og_site_name":"Formations UBF | Boutique","article_publisher":"https:\/\/www.facebook.com\/ubfmaterielmedicaletorthopedique","article_modified_time":"2024-12-05T12:46:17+00:00","og_image":[{"width":626,"height":378,"url":"https:\/\/formationsubf.coop\/boutique\/wp-content\/uploads\/2024\/11\/UA-767PCNLAC.png","type":"image\/png"}],"twitter_card":"summary_large_image","twitter_misc":{"Dur\u00e9e de lecture estim\u00e9e":"2 minutes"},"schema":{"@context":"https:\/\/schema.org","@graph":[{"@type":"WebPage","@id":"https:\/\/formationsubf.coop\/boutique\/product\/tensiometre-advanced-premium-brassard-grand\/","url":"https:\/\/formationsubf.coop\/boutique\/product\/tensiometre-advanced-premium-brassard-grand\/","name":"Tensiom\u00e8tre Advanced Premium brassard grand - Formations UBF | Boutique","isPartOf":{"@id":"https:\/\/formationsubf.coop\/boutique\/#website"},"primaryImageOfPage":{"@id":"https:\/\/formationsubf.coop\/boutique\/product\/tensiometre-advanced-premium-brassard-grand\/#primaryimage"},"image":{"@id":"https:\/\/formationsubf.coop\/boutique\/product\/tensiometre-advanced-premium-brassard-grand\/#primaryimage"},"thumbnailUrl":"https:\/\/formationsubf.coop\/boutique\/wp-content\/uploads\/2024\/11\/UA-767PCNLAC.png","datePublished":"2024-11-08T03:03:03+00:00","dateModified":"2024-12-05T12:46:17+00:00","breadcrumb":{"@id":"https:\/\/formationsubf.coop\/boutique\/product\/tensiometre-advanced-premium-brassard-grand\/#breadcrumb"},"inLanguage":"fr-FR","potentialAction":[{"@type":"ReadAction","target":["https:\/\/formationsubf.coop\/boutique\/product\/tensiometre-advanced-premium-brassard-grand\/"]}]},{"@type":"ImageObject","inLanguage":"fr-FR","@id":"https:\/\/formationsubf.coop\/boutique\/product\/tensiometre-advanced-premium-brassard-grand\/#primaryimage","url":"https:\/\/formationsubf.coop\/boutique\/wp-content\/uploads\/2024\/11\/UA-767PCNLAC.png","contentUrl":"https:\/\/formationsubf.coop\/boutique\/wp-content\/uploads\/2024\/11\/UA-767PCNLAC.png","width":626,"height":378},{"@type":"BreadcrumbList","@id":"https:\/\/formationsubf.coop\/boutique\/product\/tensiometre-advanced-premium-brassard-grand\/#breadcrumb","itemListElement":[{"@type":"ListItem","position":1,"name":"Accueil","item":"https:\/\/formationsubf.coop\/boutique\/"},{"@type":"ListItem","position":2,"name":"Boutique","item":"https:\/\/formationsubf.coop\/boutique\/produits\/"},{"@type":"ListItem","position":3,"name":"Premiers Soins","item":"https:\/\/formationsubf.coop\/boutique\/product-category\/premiers-soins\/"},{"@type":"ListItem","position":4,"name":"Appareils et accessoires de diagnostic","item":"https:\/\/formationsubf.coop\/boutique\/product-category\/premiers-soins\/appareils-et-accessoires-de-diagnostic\/"},{"@type":"ListItem","position":5,"name":"Tensiom\u00e8tre Advanced Premium brassard grand"}]},{"@type":"WebSite","@id":"https:\/\/formationsubf.coop\/boutique\/#website","url":"https:\/\/formationsubf.coop\/boutique\/","name":"Formations UBF | Boutique","description":"","potentialAction":[{"@type":"SearchAction","target":{"@type":"EntryPoint","urlTemplate":"https:\/\/formationsubf.coop\/boutique\/?s={search_term_string}"},"query-input":{"@type":"PropertyValueSpecification","valueRequired":true,"valueName":"search_term_string"}}],"inLanguage":"fr-FR"}]}},"_links":{"self":[{"href":"https:\/\/formationsubf.coop\/boutique\/wp-json\/wp\/v2\/product\/3133","targetHints":{"allow":["GET"]}}],"collection":[{"href":"https:\/\/formationsubf.coop\/boutique\/wp-json\/wp\/v2\/product"}],"about":[{"href":"https:\/\/formationsubf.coop\/boutique\/wp-json\/wp\/v2\/types\/product"}],"replies":[{"embeddable":true,"href":"https:\/\/formationsubf.coop\/boutique\/wp-json\/wp\/v2\/comments?post=3133"}],"wp:featuredmedia":[{"embeddable":true,"href":"https:\/\/formationsubf.coop\/boutique\/wp-json\/wp\/v2\/media\/3773"}],"wp:attachment":[{"href":"https:\/\/formationsubf.coop\/boutique\/wp-json\/wp\/v2\/media?parent=3133"}],"wp:term":[{"taxonomy":"product_brand","embeddable":true,"href":"https:\/\/formationsubf.coop\/boutique\/wp-json\/wp\/v2\/product_brand?post=3133"},{"taxonomy":"product_cat","embeddable":true,"href":"https:\/\/formationsubf.coop\/boutique\/wp-json\/wp\/v2\/product_cat?post=3133"},{"taxonomy":"product_tag","embeddable":true,"href":"https:\/\/formationsubf.coop\/boutique\/wp-json\/wp\/v2\/product_tag?post=3133"}],"curies":[{"name":"wp","href":"https:\/\/api.w.org\/{rel}","templated":true}]}}