{"id":3112,"date":"2024-11-07T22:02:12","date_gmt":"2024-11-08T03:02:12","guid":{"rendered":"https:\/\/formationsubf.coop\/boutique\/?post_type=product&#038;p=3112"},"modified":"2026-02-04T10:10:17","modified_gmt":"2026-02-04T15:10:17","slug":"rincage-oculaire-bauschlomb-soothe120-ml","status":"publish","type":"product","link":"https:\/\/formationsubf.coop\/boutique\/product\/rincage-oculaire-bauschlomb-soothe120-ml\/","title":{"rendered":"Rincage oculaire ,baush&amp;lomb,soothies,120 ml"},"content":{"rendered":"<div class=\"key-feature\">\n<h2 class=\"h5\">\u200b\u200bNettoie les yeux et aide \u00e0 soulager les sympt\u00f4mes d\u2019irritation, de br\u00fblure, de picotement et d\u2019inconfort en\u200b \u00e9liminant les mati\u00e8res \u00e9trang\u00e8res libres, les polluants atmosph\u00e9riques (smog ou pollen) et l\u2019eau chlor\u00e9e.\u200b<\/h2>\n<h2 class=\"h5\">Caract\u00e9ristiques et avantages cl\u00e9s:<\/h2>\n<\/div>\n<div class=\"key-feature\">\n<ul>\n<li><span class=\"list-arrow\">Bouteille \u00e0 embout pratique permettant de l\u2019utiliser avec ou sans la coupelle<\/span><\/li>\n<li><span class=\"list-arrow\">\u200b<\/span><span class=\"list-arrow\">Coupelle profil\u00e9e\u200b<\/span><\/li>\n<li><span class=\"list-arrow\">Rince les irritants oculaires\u200b<\/span><\/li>\n<li><span class=\"list-arrow\">Ajoutez-le \u00e0 votre trousse de premiers soins!<\/span><\/li>\n<\/ul>\n<\/div>\n","protected":false},"excerpt":{"rendered":"<h1 class=\"section-title mb-4\">Bain\u00a0oculaire\u00a0Soothe<\/h1>\n","protected":false},"featured_media":3726,"comment_status":"open","ping_status":"closed","template":"","meta":[],"product_brand":[],"product_cat":[804,15],"product_tag":[],"class_list":{"0":"post-3112","1":"product","2":"type-product","3":"status-publish","4":"has-post-thumbnail","6":"product_cat-produits-et-accessoires-lavage-oculaire-brulure-chimique","7":"product_cat-uncategorized","8":"sync-code-w","10":"first","11":"outofstock","12":"taxable","13":"shipping-taxable","14":"purchasable","15":"product-type-simple"},"yoast_head":"<!-- This site is optimized with the Yoast SEO plugin v27.4 - https:\/\/yoast.com\/product\/yoast-seo-wordpress\/ -->\n<title>Rincage oculaire ,baush&amp;lomb,soothies,120 ml - Formations UBF | Boutique<\/title>\n<meta name=\"robots\" content=\"index, follow, max-snippet:-1, max-image-preview:large, max-video-preview:-1\" \/>\n<link rel=\"canonical\" href=\"https:\/\/formationsubf.coop\/boutique\/product\/rincage-oculaire-bauschlomb-soothe120-ml\/\" \/>\n<meta property=\"og:locale\" content=\"fr_FR\" \/>\n<meta property=\"og:type\" content=\"article\" \/>\n<meta property=\"og:title\" content=\"Rincage oculaire ,baush&amp;lomb,soothies,120 ml - Formations UBF | Boutique\" \/>\n<meta property=\"og:description\" content=\"Bain\u00a0oculaire\u00a0Soothe\" \/>\n<meta property=\"og:url\" content=\"https:\/\/formationsubf.coop\/boutique\/product\/rincage-oculaire-bauschlomb-soothe120-ml\/\" \/>\n<meta property=\"og:site_name\" content=\"Formations UBF | Boutique\" \/>\n<meta property=\"article:publisher\" content=\"https:\/\/www.facebook.com\/ubfmaterielmedicaletorthopedique\" \/>\n<meta property=\"article:modified_time\" content=\"2026-02-04T15:10:17+00:00\" \/>\n<meta property=\"og:image\" content=\"https:\/\/formationsubf.coop\/boutique\/wp-content\/uploads\/2024\/11\/soothe-eye-wash-french-product.jpg\" \/>\n\t<meta property=\"og:image:width\" content=\"1200\" \/>\n\t<meta property=\"og:image:height\" content=\"1200\" \/>\n\t<meta property=\"og:image:type\" content=\"image\/jpeg\" \/>\n<meta name=\"twitter:card\" content=\"summary_large_image\" \/>\n<meta name=\"twitter:label1\" content=\"Dur\u00e9e de lecture estim\u00e9e\" \/>\n\t<meta name=\"twitter:data1\" content=\"1 minute\" \/>\n<script type=\"application\/ld+json\" class=\"yoast-schema-graph\">{\"@context\":\"https:\\\/\\\/schema.org\",\"@graph\":[{\"@type\":\"WebPage\",\"@id\":\"https:\\\/\\\/formationsubf.coop\\\/boutique\\\/product\\\/rincage-oculaire-bauschlomb-soothe120-ml\\\/\",\"url\":\"https:\\\/\\\/formationsubf.coop\\\/boutique\\\/product\\\/rincage-oculaire-bauschlomb-soothe120-ml\\\/\",\"name\":\"Rincage oculaire ,baush&amp;lomb,soothies,120 ml - Formations UBF | Boutique\",\"isPartOf\":{\"@id\":\"https:\\\/\\\/formationsubf.coop\\\/boutique\\\/#website\"},\"primaryImageOfPage\":{\"@id\":\"https:\\\/\\\/formationsubf.coop\\\/boutique\\\/product\\\/rincage-oculaire-bauschlomb-soothe120-ml\\\/#primaryimage\"},\"image\":{\"@id\":\"https:\\\/\\\/formationsubf.coop\\\/boutique\\\/product\\\/rincage-oculaire-bauschlomb-soothe120-ml\\\/#primaryimage\"},\"thumbnailUrl\":\"https:\\\/\\\/formationsubf.coop\\\/boutique\\\/wp-content\\\/uploads\\\/2024\\\/11\\\/soothe-eye-wash-french-product.jpg\",\"datePublished\":\"2024-11-08T03:02:12+00:00\",\"dateModified\":\"2026-02-04T15:10:17+00:00\",\"breadcrumb\":{\"@id\":\"https:\\\/\\\/formationsubf.coop\\\/boutique\\\/product\\\/rincage-oculaire-bauschlomb-soothe120-ml\\\/#breadcrumb\"},\"inLanguage\":\"fr-FR\",\"potentialAction\":[{\"@type\":\"ReadAction\",\"target\":[\"https:\\\/\\\/formationsubf.coop\\\/boutique\\\/product\\\/rincage-oculaire-bauschlomb-soothe120-ml\\\/\"]}]},{\"@type\":\"ImageObject\",\"inLanguage\":\"fr-FR\",\"@id\":\"https:\\\/\\\/formationsubf.coop\\\/boutique\\\/product\\\/rincage-oculaire-bauschlomb-soothe120-ml\\\/#primaryimage\",\"url\":\"https:\\\/\\\/formationsubf.coop\\\/boutique\\\/wp-content\\\/uploads\\\/2024\\\/11\\\/soothe-eye-wash-french-product.jpg\",\"contentUrl\":\"https:\\\/\\\/formationsubf.coop\\\/boutique\\\/wp-content\\\/uploads\\\/2024\\\/11\\\/soothe-eye-wash-french-product.jpg\",\"width\":1200,\"height\":1200},{\"@type\":\"BreadcrumbList\",\"@id\":\"https:\\\/\\\/formationsubf.coop\\\/boutique\\\/product\\\/rincage-oculaire-bauschlomb-soothe120-ml\\\/#breadcrumb\",\"itemListElement\":[{\"@type\":\"ListItem\",\"position\":1,\"name\":\"Accueil\",\"item\":\"https:\\\/\\\/formationsubf.coop\\\/boutique\\\/\"},{\"@type\":\"ListItem\",\"position\":2,\"name\":\"Boutique\",\"item\":\"https:\\\/\\\/formationsubf.coop\\\/boutique\\\/produits\\\/\"},{\"@type\":\"ListItem\",\"position\":3,\"name\":\"Premiers Soins\",\"item\":\"https:\\\/\\\/formationsubf.coop\\\/boutique\\\/product-category\\\/premiers-soins\\\/\"},{\"@type\":\"ListItem\",\"position\":4,\"name\":\"Produits et accessoires lavage oculaire - br\u00fblure chimique\",\"item\":\"https:\\\/\\\/formationsubf.coop\\\/boutique\\\/product-category\\\/premiers-soins\\\/produits-et-accessoires-lavage-oculaire-brulure-chimique\\\/\"},{\"@type\":\"ListItem\",\"position\":5,\"name\":\"Rincage oculaire ,baush&amp;lomb,soothies,120 ml\"}]},{\"@type\":\"WebSite\",\"@id\":\"https:\\\/\\\/formationsubf.coop\\\/boutique\\\/#website\",\"url\":\"https:\\\/\\\/formationsubf.coop\\\/boutique\\\/\",\"name\":\"Formations UBF | Boutique\",\"description\":\"\",\"potentialAction\":[{\"@type\":\"SearchAction\",\"target\":{\"@type\":\"EntryPoint\",\"urlTemplate\":\"https:\\\/\\\/formationsubf.coop\\\/boutique\\\/?s={search_term_string}\"},\"query-input\":{\"@type\":\"PropertyValueSpecification\",\"valueRequired\":true,\"valueName\":\"search_term_string\"}}],\"inLanguage\":\"fr-FR\"}]}<\/script>\n<!-- \/ Yoast SEO plugin. -->","yoast_head_json":{"title":"Rincage oculaire ,baush&amp;lomb,soothies,120 ml - Formations UBF | Boutique","robots":{"index":"index","follow":"follow","max-snippet":"max-snippet:-1","max-image-preview":"max-image-preview:large","max-video-preview":"max-video-preview:-1"},"canonical":"https:\/\/formationsubf.coop\/boutique\/product\/rincage-oculaire-bauschlomb-soothe120-ml\/","og_locale":"fr_FR","og_type":"article","og_title":"Rincage oculaire ,baush&amp;lomb,soothies,120 ml - Formations UBF | Boutique","og_description":"Bain\u00a0oculaire\u00a0Soothe","og_url":"https:\/\/formationsubf.coop\/boutique\/product\/rincage-oculaire-bauschlomb-soothe120-ml\/","og_site_name":"Formations UBF | Boutique","article_publisher":"https:\/\/www.facebook.com\/ubfmaterielmedicaletorthopedique","article_modified_time":"2026-02-04T15:10:17+00:00","og_image":[{"width":1200,"height":1200,"url":"https:\/\/formationsubf.coop\/boutique\/wp-content\/uploads\/2024\/11\/soothe-eye-wash-french-product.jpg","type":"image\/jpeg"}],"twitter_card":"summary_large_image","twitter_misc":{"Dur\u00e9e de lecture estim\u00e9e":"1 minute"},"schema":{"@context":"https:\/\/schema.org","@graph":[{"@type":"WebPage","@id":"https:\/\/formationsubf.coop\/boutique\/product\/rincage-oculaire-bauschlomb-soothe120-ml\/","url":"https:\/\/formationsubf.coop\/boutique\/product\/rincage-oculaire-bauschlomb-soothe120-ml\/","name":"Rincage oculaire ,baush&amp;lomb,soothies,120 ml - Formations UBF | Boutique","isPartOf":{"@id":"https:\/\/formationsubf.coop\/boutique\/#website"},"primaryImageOfPage":{"@id":"https:\/\/formationsubf.coop\/boutique\/product\/rincage-oculaire-bauschlomb-soothe120-ml\/#primaryimage"},"image":{"@id":"https:\/\/formationsubf.coop\/boutique\/product\/rincage-oculaire-bauschlomb-soothe120-ml\/#primaryimage"},"thumbnailUrl":"https:\/\/formationsubf.coop\/boutique\/wp-content\/uploads\/2024\/11\/soothe-eye-wash-french-product.jpg","datePublished":"2024-11-08T03:02:12+00:00","dateModified":"2026-02-04T15:10:17+00:00","breadcrumb":{"@id":"https:\/\/formationsubf.coop\/boutique\/product\/rincage-oculaire-bauschlomb-soothe120-ml\/#breadcrumb"},"inLanguage":"fr-FR","potentialAction":[{"@type":"ReadAction","target":["https:\/\/formationsubf.coop\/boutique\/product\/rincage-oculaire-bauschlomb-soothe120-ml\/"]}]},{"@type":"ImageObject","inLanguage":"fr-FR","@id":"https:\/\/formationsubf.coop\/boutique\/product\/rincage-oculaire-bauschlomb-soothe120-ml\/#primaryimage","url":"https:\/\/formationsubf.coop\/boutique\/wp-content\/uploads\/2024\/11\/soothe-eye-wash-french-product.jpg","contentUrl":"https:\/\/formationsubf.coop\/boutique\/wp-content\/uploads\/2024\/11\/soothe-eye-wash-french-product.jpg","width":1200,"height":1200},{"@type":"BreadcrumbList","@id":"https:\/\/formationsubf.coop\/boutique\/product\/rincage-oculaire-bauschlomb-soothe120-ml\/#breadcrumb","itemListElement":[{"@type":"ListItem","position":1,"name":"Accueil","item":"https:\/\/formationsubf.coop\/boutique\/"},{"@type":"ListItem","position":2,"name":"Boutique","item":"https:\/\/formationsubf.coop\/boutique\/produits\/"},{"@type":"ListItem","position":3,"name":"Premiers Soins","item":"https:\/\/formationsubf.coop\/boutique\/product-category\/premiers-soins\/"},{"@type":"ListItem","position":4,"name":"Produits et accessoires lavage oculaire - br\u00fblure chimique","item":"https:\/\/formationsubf.coop\/boutique\/product-category\/premiers-soins\/produits-et-accessoires-lavage-oculaire-brulure-chimique\/"},{"@type":"ListItem","position":5,"name":"Rincage oculaire ,baush&amp;lomb,soothies,120 ml"}]},{"@type":"WebSite","@id":"https:\/\/formationsubf.coop\/boutique\/#website","url":"https:\/\/formationsubf.coop\/boutique\/","name":"Formations UBF | Boutique","description":"","potentialAction":[{"@type":"SearchAction","target":{"@type":"EntryPoint","urlTemplate":"https:\/\/formationsubf.coop\/boutique\/?s={search_term_string}"},"query-input":{"@type":"PropertyValueSpecification","valueRequired":true,"valueName":"search_term_string"}}],"inLanguage":"fr-FR"}]}},"_links":{"self":[{"href":"https:\/\/formationsubf.coop\/boutique\/wp-json\/wp\/v2\/product\/3112","targetHints":{"allow":["GET"]}}],"collection":[{"href":"https:\/\/formationsubf.coop\/boutique\/wp-json\/wp\/v2\/product"}],"about":[{"href":"https:\/\/formationsubf.coop\/boutique\/wp-json\/wp\/v2\/types\/product"}],"replies":[{"embeddable":true,"href":"https:\/\/formationsubf.coop\/boutique\/wp-json\/wp\/v2\/comments?post=3112"}],"wp:featuredmedia":[{"embeddable":true,"href":"https:\/\/formationsubf.coop\/boutique\/wp-json\/wp\/v2\/media\/3726"}],"wp:attachment":[{"href":"https:\/\/formationsubf.coop\/boutique\/wp-json\/wp\/v2\/media?parent=3112"}],"wp:term":[{"taxonomy":"product_brand","embeddable":true,"href":"https:\/\/formationsubf.coop\/boutique\/wp-json\/wp\/v2\/product_brand?post=3112"},{"taxonomy":"product_cat","embeddable":true,"href":"https:\/\/formationsubf.coop\/boutique\/wp-json\/wp\/v2\/product_cat?post=3112"},{"taxonomy":"product_tag","embeddable":true,"href":"https:\/\/formationsubf.coop\/boutique\/wp-json\/wp\/v2\/product_tag?post=3112"}],"curies":[{"name":"wp","href":"https:\/\/api.w.org\/{rel}","templated":true}]}}