{"id":3039,"date":"2024-10-25T12:02:52","date_gmt":"2024-10-25T16:02:52","guid":{"rendered":"https:\/\/formationsubf.coop\/boutique\/?post_type=product&#038;p=3039"},"modified":"2026-03-26T10:14:52","modified_gmt":"2026-03-26T14:14:52","slug":"grande-trousse-cnesst-risque-faible-51","status":"publish","type":"product","link":"https:\/\/formationsubf.coop\/boutique\/product\/grande-trousse-cnesst-risque-faible-51\/","title":{"rendered":"Trousse CNESST base grande 51 +"},"content":{"rendered":"<p>La trousse contient:<\/p>\n<ul>\n<li>(60) Pansement adh\u00e9sif standard tissu<\/li>\n<li>(20) Pansement adh\u00e9sif bout de doigt<\/li>\n<li>(12) Pansement adh\u00e9sif jointure<\/li>\n<li>(8) Pansement adh\u00e9sif grande plaque<\/li>\n<li>(4) Rouleau gaze extensible 5,1cm x 1,8m<\/li>\n<li>(4) Rouleau gaze extensible 7.6cm x 1.8m<\/li>\n<li>(1) Ciseau bandage 14cm<\/li>\n<li>(48) Compresse gaze st\u00e9rile 7.6cm x 7,6cm<\/li>\n<li>(8) Pansement compressif attache 4 x 4<\/li>\n<li>(8) Bandage triangulaire 40 x 40 x 56po<\/li>\n<li>(100) Lingette antiseptique nettoyage de plaie<\/li>\n<li>(1) Pince \u00e9charde pointe fine 11,4cm<\/li>\n<li>(1) Ruban adh\u00e9sif 2,5cm<\/li>\n<li>(1) Masque protection RCP valve non-retour<\/li>\n<li>(16) Gant examen jetable (paire)<\/li>\n<li>(24) Lingette anti-microbienne main<\/li>\n<li>(2) Sac recueil d\u00e9chet biom\u00e9dicaux<\/li>\n<li>(1) Couverture secours d\u2019aluminium<\/li>\n<li>(24) Onguent antibiotique usage unique<\/li>\n<li>(2) Compresse abdominal 12.7cm x 22.9cm<\/li>\n<\/ul>\n","protected":false},"excerpt":{"rendered":"<p>La trousse contient: (60) Pansement adh\u00e9sif standard tissu (20) Pansement adh\u00e9sif bout de doigt (12) Pansement adh\u00e9sif jointure (8) Pansement adh\u00e9sif grande plaque (4) Rouleau gaze extensible 5,1cm x 1,8m (4) Rouleau gaze extensible 7.6cm x 1.8m (1) Ciseau bandage 14cm (48) Compresse gaze st\u00e9rile 7.6cm x 7,6cm (8) Pansement compressif attache 4 x 4 [&#8230;]\n","protected":false},"featured_media":3829,"comment_status":"open","ping_status":"closed","template":"","meta":[],"product_brand":[],"product_cat":[845,464,413,414],"product_tag":[],"class_list":{"0":"post-3039","1":"product","2":"type-product","3":"status-publish","4":"has-post-thumbnail","6":"product_cat-gaze-et-pansements-absorbants","7":"product_cat-pansements","8":"product_cat-premiers-soins","9":"product_cat-trousse-de-premiers-soins","10":"sync-code-w","12":"first","13":"outofstock","14":"taxable","15":"shipping-taxable","16":"purchasable","17":"product-type-simple"},"yoast_head":"<!-- This site is optimized with the Yoast SEO plugin v27.5 - https:\/\/yoast.com\/product\/yoast-seo-wordpress\/ -->\n<title>Trousse CNESST base grande 51 + - Formations UBF | Boutique<\/title>\n<meta name=\"robots\" content=\"index, follow, max-snippet:-1, max-image-preview:large, max-video-preview:-1\" \/>\n<link rel=\"canonical\" href=\"https:\/\/formationsubf.coop\/boutique\/product\/grande-trousse-cnesst-risque-faible-51\/\" \/>\n<meta property=\"og:locale\" content=\"fr_FR\" \/>\n<meta property=\"og:type\" content=\"article\" \/>\n<meta property=\"og:title\" content=\"Trousse CNESST base grande 51 + - Formations UBF | Boutique\" \/>\n<meta property=\"og:description\" content=\"La trousse contient: (60) Pansement adh\u00e9sif standard tissu (20) Pansement adh\u00e9sif bout de doigt (12) Pansement adh\u00e9sif jointure (8) Pansement adh\u00e9sif grande plaque (4) Rouleau gaze extensible 5,1cm x 1,8m (4) Rouleau gaze extensible 7.6cm x 1.8m (1) Ciseau bandage 14cm (48) Compresse gaze st\u00e9rile 7.6cm x 7,6cm (8) Pansement compressif attache 4 x 4 [...]\" \/>\n<meta property=\"og:url\" content=\"https:\/\/formationsubf.coop\/boutique\/product\/grande-trousse-cnesst-risque-faible-51\/\" \/>\n<meta property=\"og:site_name\" content=\"Formations UBF | Boutique\" \/>\n<meta property=\"article:publisher\" content=\"https:\/\/www.facebook.com\/ubfmaterielmedicaletorthopedique\" \/>\n<meta property=\"article:modified_time\" content=\"2026-03-26T14:14:52+00:00\" \/>\n<meta property=\"og:image\" content=\"https:\/\/formationsubf.coop\/boutique\/wp-content\/uploads\/2024\/10\/Exterieur-Grosse-trousse.jpg\" \/>\n\t<meta property=\"og:image:width\" content=\"2016\" \/>\n\t<meta property=\"og:image:height\" content=\"1512\" \/>\n\t<meta property=\"og:image:type\" content=\"image\/jpeg\" \/>\n<meta name=\"twitter:card\" content=\"summary_large_image\" \/>\n<meta name=\"twitter:label1\" content=\"Dur\u00e9e de lecture estim\u00e9e\" \/>\n\t<meta name=\"twitter:data1\" content=\"1 minute\" \/>\n<script type=\"application\/ld+json\" class=\"yoast-schema-graph\">{\"@context\":\"https:\\\/\\\/schema.org\",\"@graph\":[{\"@type\":\"WebPage\",\"@id\":\"https:\\\/\\\/formationsubf.coop\\\/boutique\\\/product\\\/grande-trousse-cnesst-risque-faible-51\\\/\",\"url\":\"https:\\\/\\\/formationsubf.coop\\\/boutique\\\/product\\\/grande-trousse-cnesst-risque-faible-51\\\/\",\"name\":\"Trousse CNESST base grande 51 + - Formations UBF | Boutique\",\"isPartOf\":{\"@id\":\"https:\\\/\\\/formationsubf.coop\\\/boutique\\\/#website\"},\"primaryImageOfPage\":{\"@id\":\"https:\\\/\\\/formationsubf.coop\\\/boutique\\\/product\\\/grande-trousse-cnesst-risque-faible-51\\\/#primaryimage\"},\"image\":{\"@id\":\"https:\\\/\\\/formationsubf.coop\\\/boutique\\\/product\\\/grande-trousse-cnesst-risque-faible-51\\\/#primaryimage\"},\"thumbnailUrl\":\"https:\\\/\\\/formationsubf.coop\\\/boutique\\\/wp-content\\\/uploads\\\/2024\\\/10\\\/Exterieur-Grosse-trousse.jpg\",\"datePublished\":\"2024-10-25T16:02:52+00:00\",\"dateModified\":\"2026-03-26T14:14:52+00:00\",\"breadcrumb\":{\"@id\":\"https:\\\/\\\/formationsubf.coop\\\/boutique\\\/product\\\/grande-trousse-cnesst-risque-faible-51\\\/#breadcrumb\"},\"inLanguage\":\"fr-FR\",\"potentialAction\":[{\"@type\":\"ReadAction\",\"target\":[\"https:\\\/\\\/formationsubf.coop\\\/boutique\\\/product\\\/grande-trousse-cnesst-risque-faible-51\\\/\"]}]},{\"@type\":\"ImageObject\",\"inLanguage\":\"fr-FR\",\"@id\":\"https:\\\/\\\/formationsubf.coop\\\/boutique\\\/product\\\/grande-trousse-cnesst-risque-faible-51\\\/#primaryimage\",\"url\":\"https:\\\/\\\/formationsubf.coop\\\/boutique\\\/wp-content\\\/uploads\\\/2024\\\/10\\\/Exterieur-Grosse-trousse.jpg\",\"contentUrl\":\"https:\\\/\\\/formationsubf.coop\\\/boutique\\\/wp-content\\\/uploads\\\/2024\\\/10\\\/Exterieur-Grosse-trousse.jpg\",\"width\":2016,\"height\":1512},{\"@type\":\"BreadcrumbList\",\"@id\":\"https:\\\/\\\/formationsubf.coop\\\/boutique\\\/product\\\/grande-trousse-cnesst-risque-faible-51\\\/#breadcrumb\",\"itemListElement\":[{\"@type\":\"ListItem\",\"position\":1,\"name\":\"Accueil\",\"item\":\"https:\\\/\\\/formationsubf.coop\\\/boutique\\\/\"},{\"@type\":\"ListItem\",\"position\":2,\"name\":\"Boutique\",\"item\":\"https:\\\/\\\/formationsubf.coop\\\/boutique\\\/produits\\\/\"},{\"@type\":\"ListItem\",\"position\":3,\"name\":\"Premiers Soins\",\"item\":\"https:\\\/\\\/formationsubf.coop\\\/boutique\\\/product-category\\\/premiers-soins\\\/\"},{\"@type\":\"ListItem\",\"position\":4,\"name\":\"Trousse de premiers soins\",\"item\":\"https:\\\/\\\/formationsubf.coop\\\/boutique\\\/product-category\\\/premiers-soins\\\/trousse-de-premiers-soins\\\/\"},{\"@type\":\"ListItem\",\"position\":5,\"name\":\"Trousse CNESST base grande 51 +\"}]},{\"@type\":\"WebSite\",\"@id\":\"https:\\\/\\\/formationsubf.coop\\\/boutique\\\/#website\",\"url\":\"https:\\\/\\\/formationsubf.coop\\\/boutique\\\/\",\"name\":\"Formations UBF | Boutique\",\"description\":\"\",\"potentialAction\":[{\"@type\":\"SearchAction\",\"target\":{\"@type\":\"EntryPoint\",\"urlTemplate\":\"https:\\\/\\\/formationsubf.coop\\\/boutique\\\/?s={search_term_string}\"},\"query-input\":{\"@type\":\"PropertyValueSpecification\",\"valueRequired\":true,\"valueName\":\"search_term_string\"}}],\"inLanguage\":\"fr-FR\"}]}<\/script>\n<!-- \/ Yoast SEO plugin. -->","yoast_head_json":{"title":"Trousse CNESST base grande 51 + - Formations UBF | Boutique","robots":{"index":"index","follow":"follow","max-snippet":"max-snippet:-1","max-image-preview":"max-image-preview:large","max-video-preview":"max-video-preview:-1"},"canonical":"https:\/\/formationsubf.coop\/boutique\/product\/grande-trousse-cnesst-risque-faible-51\/","og_locale":"fr_FR","og_type":"article","og_title":"Trousse CNESST base grande 51 + - Formations UBF | Boutique","og_description":"La trousse contient: (60) Pansement adh\u00e9sif standard tissu (20) Pansement adh\u00e9sif bout de doigt (12) Pansement adh\u00e9sif jointure (8) Pansement adh\u00e9sif grande plaque (4) Rouleau gaze extensible 5,1cm x 1,8m (4) Rouleau gaze extensible 7.6cm x 1.8m (1) Ciseau bandage 14cm (48) Compresse gaze st\u00e9rile 7.6cm x 7,6cm (8) Pansement compressif attache 4 x 4 [...]","og_url":"https:\/\/formationsubf.coop\/boutique\/product\/grande-trousse-cnesst-risque-faible-51\/","og_site_name":"Formations UBF | Boutique","article_publisher":"https:\/\/www.facebook.com\/ubfmaterielmedicaletorthopedique","article_modified_time":"2026-03-26T14:14:52+00:00","og_image":[{"width":2016,"height":1512,"url":"https:\/\/formationsubf.coop\/boutique\/wp-content\/uploads\/2024\/10\/Exterieur-Grosse-trousse.jpg","type":"image\/jpeg"}],"twitter_card":"summary_large_image","twitter_misc":{"Dur\u00e9e de lecture estim\u00e9e":"1 minute"},"schema":{"@context":"https:\/\/schema.org","@graph":[{"@type":"WebPage","@id":"https:\/\/formationsubf.coop\/boutique\/product\/grande-trousse-cnesst-risque-faible-51\/","url":"https:\/\/formationsubf.coop\/boutique\/product\/grande-trousse-cnesst-risque-faible-51\/","name":"Trousse CNESST base grande 51 + - Formations UBF | Boutique","isPartOf":{"@id":"https:\/\/formationsubf.coop\/boutique\/#website"},"primaryImageOfPage":{"@id":"https:\/\/formationsubf.coop\/boutique\/product\/grande-trousse-cnesst-risque-faible-51\/#primaryimage"},"image":{"@id":"https:\/\/formationsubf.coop\/boutique\/product\/grande-trousse-cnesst-risque-faible-51\/#primaryimage"},"thumbnailUrl":"https:\/\/formationsubf.coop\/boutique\/wp-content\/uploads\/2024\/10\/Exterieur-Grosse-trousse.jpg","datePublished":"2024-10-25T16:02:52+00:00","dateModified":"2026-03-26T14:14:52+00:00","breadcrumb":{"@id":"https:\/\/formationsubf.coop\/boutique\/product\/grande-trousse-cnesst-risque-faible-51\/#breadcrumb"},"inLanguage":"fr-FR","potentialAction":[{"@type":"ReadAction","target":["https:\/\/formationsubf.coop\/boutique\/product\/grande-trousse-cnesst-risque-faible-51\/"]}]},{"@type":"ImageObject","inLanguage":"fr-FR","@id":"https:\/\/formationsubf.coop\/boutique\/product\/grande-trousse-cnesst-risque-faible-51\/#primaryimage","url":"https:\/\/formationsubf.coop\/boutique\/wp-content\/uploads\/2024\/10\/Exterieur-Grosse-trousse.jpg","contentUrl":"https:\/\/formationsubf.coop\/boutique\/wp-content\/uploads\/2024\/10\/Exterieur-Grosse-trousse.jpg","width":2016,"height":1512},{"@type":"BreadcrumbList","@id":"https:\/\/formationsubf.coop\/boutique\/product\/grande-trousse-cnesst-risque-faible-51\/#breadcrumb","itemListElement":[{"@type":"ListItem","position":1,"name":"Accueil","item":"https:\/\/formationsubf.coop\/boutique\/"},{"@type":"ListItem","position":2,"name":"Boutique","item":"https:\/\/formationsubf.coop\/boutique\/produits\/"},{"@type":"ListItem","position":3,"name":"Premiers Soins","item":"https:\/\/formationsubf.coop\/boutique\/product-category\/premiers-soins\/"},{"@type":"ListItem","position":4,"name":"Trousse de premiers soins","item":"https:\/\/formationsubf.coop\/boutique\/product-category\/premiers-soins\/trousse-de-premiers-soins\/"},{"@type":"ListItem","position":5,"name":"Trousse CNESST base grande 51 +"}]},{"@type":"WebSite","@id":"https:\/\/formationsubf.coop\/boutique\/#website","url":"https:\/\/formationsubf.coop\/boutique\/","name":"Formations UBF | Boutique","description":"","potentialAction":[{"@type":"SearchAction","target":{"@type":"EntryPoint","urlTemplate":"https:\/\/formationsubf.coop\/boutique\/?s={search_term_string}"},"query-input":{"@type":"PropertyValueSpecification","valueRequired":true,"valueName":"search_term_string"}}],"inLanguage":"fr-FR"}]}},"_links":{"self":[{"href":"https:\/\/formationsubf.coop\/boutique\/wp-json\/wp\/v2\/product\/3039","targetHints":{"allow":["GET"]}}],"collection":[{"href":"https:\/\/formationsubf.coop\/boutique\/wp-json\/wp\/v2\/product"}],"about":[{"href":"https:\/\/formationsubf.coop\/boutique\/wp-json\/wp\/v2\/types\/product"}],"replies":[{"embeddable":true,"href":"https:\/\/formationsubf.coop\/boutique\/wp-json\/wp\/v2\/comments?post=3039"}],"wp:featuredmedia":[{"embeddable":true,"href":"https:\/\/formationsubf.coop\/boutique\/wp-json\/wp\/v2\/media\/3829"}],"wp:attachment":[{"href":"https:\/\/formationsubf.coop\/boutique\/wp-json\/wp\/v2\/media?parent=3039"}],"wp:term":[{"taxonomy":"product_brand","embeddable":true,"href":"https:\/\/formationsubf.coop\/boutique\/wp-json\/wp\/v2\/product_brand?post=3039"},{"taxonomy":"product_cat","embeddable":true,"href":"https:\/\/formationsubf.coop\/boutique\/wp-json\/wp\/v2\/product_cat?post=3039"},{"taxonomy":"product_tag","embeddable":true,"href":"https:\/\/formationsubf.coop\/boutique\/wp-json\/wp\/v2\/product_tag?post=3039"}],"curies":[{"name":"wp","href":"https:\/\/api.w.org\/{rel}","templated":true}]}}