{"id":3035,"date":"2024-10-23T22:00:45","date_gmt":"2024-10-24T02:00:45","guid":{"rendered":"https:\/\/formationsubf.coop\/boutique\/?post_type=product&#038;p=3035"},"modified":"2026-03-26T14:53:48","modified_gmt":"2026-03-26T18:53:48","slug":"trousse-cnesst-base-moyenne-26-50","status":"publish","type":"product","link":"https:\/\/formationsubf.coop\/boutique\/product\/trousse-cnesst-base-moyenne-26-50\/","title":{"rendered":"Trousse CNESS risque faible moyenne 26-50"},"content":{"rendered":"<p>La trousse contient:<\/p>\n<ul>\n<li>(30) Pansement adh\u00e9sif standard tissu<\/li>\n<li>(10) Pansement adh\u00e9sif bout de doigt<\/li>\n<li>(6) Pansement adh\u00e9sif jointure<\/li>\n<li>(4) Pansement adh\u00e9sif grande plaque<\/li>\n<li>(2) Rouleau gaze extensible 5,1cm x 1,8m<\/li>\n<li>(2) Rouleau gaze extensible 7.6cm x 1.8m<\/li>\n<li>(1) Ciseau bandage 14cm<\/li>\n<li>(24) Compresse gaze st\u00e9rile 7.6cm x 7,6cm<\/li>\n<li>(4) Pansement compressif attach\u00e9 4po x 4po<\/li>\n<li>(4) Bandage triangulaire 40 x 40 x 56po<\/li>\n<li>(50) Lingette antiseptique nettoyage de plaie<\/li>\n<li>(1) Pince \u00e9charde pointe fine 11,4cm<\/li>\n<li>(1) Ruban adh\u00e9sif 2,5cm<\/li>\n<li>(1) Masque protection RCP valve non-retour<\/li>\n<li>(8) Gant examen jetable (paire)<\/li>\n<li>(2) Compresse abdominal 12.7cm x 22.9cm<\/li>\n<li>(1) Couverture secours d\u2019aluminium<\/li>\n<li>(12) Lingette anti-microbienne main<\/li>\n<li>(12) Onguent antibiotique usage unique<\/li>\n<li>(2) Sac recueil d\u00e9chet biom\u00e9dicaux<\/li>\n<\/ul>\n","protected":false},"excerpt":{"rendered":"<p>La trousse contient: (30) Pansement adh\u00e9sif standard tissu (10) Pansement adh\u00e9sif bout de doigt (6) Pansement adh\u00e9sif jointure (4) Pansement adh\u00e9sif grande plaque (2) Rouleau gaze extensible 5,1cm x 1,8m (2) Rouleau gaze extensible 7.6cm x 1.8m (1) Ciseau bandage 14cm (24) Compresse gaze st\u00e9rile 7.6cm x 7,6cm (4) Pansement compressif attach\u00e9 4po x 4po [&#8230;]\n","protected":false},"featured_media":3043,"comment_status":"open","ping_status":"closed","template":"","meta":[],"product_brand":[],"product_cat":[414],"product_tag":[],"class_list":{"0":"post-3035","1":"product","2":"type-product","3":"status-publish","4":"has-post-thumbnail","6":"product_cat-trousse-de-premiers-soins","7":"sync-code-w","9":"first","10":"instock","11":"taxable","12":"shipping-taxable","13":"purchasable","14":"product-type-simple"},"yoast_head":"<!-- This site is optimized with the Yoast SEO plugin v27.5 - https:\/\/yoast.com\/product\/yoast-seo-wordpress\/ -->\n<title>Trousse CNESS risque faible moyenne 26-50 - Formations UBF | Boutique<\/title>\n<meta name=\"robots\" content=\"index, follow, max-snippet:-1, max-image-preview:large, max-video-preview:-1\" \/>\n<link rel=\"canonical\" href=\"https:\/\/formationsubf.coop\/boutique\/product\/trousse-cnesst-base-moyenne-26-50\/\" \/>\n<meta property=\"og:locale\" content=\"fr_FR\" \/>\n<meta property=\"og:type\" content=\"article\" \/>\n<meta property=\"og:title\" content=\"Trousse CNESS risque faible moyenne 26-50 - Formations UBF | Boutique\" \/>\n<meta property=\"og:description\" content=\"La trousse contient: (30) Pansement adh\u00e9sif standard tissu (10) Pansement adh\u00e9sif bout de doigt (6) Pansement adh\u00e9sif jointure (4) Pansement adh\u00e9sif grande plaque (2) Rouleau gaze extensible 5,1cm x 1,8m (2) Rouleau gaze extensible 7.6cm x 1.8m (1) Ciseau bandage 14cm (24) Compresse gaze st\u00e9rile 7.6cm x 7,6cm (4) Pansement compressif attach\u00e9 4po x 4po [...]\" \/>\n<meta property=\"og:url\" content=\"https:\/\/formationsubf.coop\/boutique\/product\/trousse-cnesst-base-moyenne-26-50\/\" \/>\n<meta property=\"og:site_name\" content=\"Formations UBF | Boutique\" \/>\n<meta property=\"article:publisher\" content=\"https:\/\/www.facebook.com\/ubfmaterielmedicaletorthopedique\" \/>\n<meta property=\"article:modified_time\" content=\"2026-03-26T18:53:48+00:00\" \/>\n<meta property=\"og:image\" content=\"https:\/\/formationsubf.coop\/boutique\/wp-content\/uploads\/2024\/10\/Trousse-CPE.jpg\" \/>\n\t<meta property=\"og:image:width\" content=\"640\" \/>\n\t<meta property=\"og:image:height\" content=\"480\" \/>\n\t<meta property=\"og:image:type\" content=\"image\/jpeg\" \/>\n<meta name=\"twitter:card\" content=\"summary_large_image\" \/>\n<meta name=\"twitter:label1\" content=\"Dur\u00e9e de lecture estim\u00e9e\" \/>\n\t<meta name=\"twitter:data1\" content=\"1 minute\" \/>\n<script type=\"application\/ld+json\" class=\"yoast-schema-graph\">{\"@context\":\"https:\\\/\\\/schema.org\",\"@graph\":[{\"@type\":\"WebPage\",\"@id\":\"https:\\\/\\\/formationsubf.coop\\\/boutique\\\/product\\\/trousse-cnesst-base-moyenne-26-50\\\/\",\"url\":\"https:\\\/\\\/formationsubf.coop\\\/boutique\\\/product\\\/trousse-cnesst-base-moyenne-26-50\\\/\",\"name\":\"Trousse CNESS risque faible moyenne 26-50 - Formations UBF | Boutique\",\"isPartOf\":{\"@id\":\"https:\\\/\\\/formationsubf.coop\\\/boutique\\\/#website\"},\"primaryImageOfPage\":{\"@id\":\"https:\\\/\\\/formationsubf.coop\\\/boutique\\\/product\\\/trousse-cnesst-base-moyenne-26-50\\\/#primaryimage\"},\"image\":{\"@id\":\"https:\\\/\\\/formationsubf.coop\\\/boutique\\\/product\\\/trousse-cnesst-base-moyenne-26-50\\\/#primaryimage\"},\"thumbnailUrl\":\"https:\\\/\\\/formationsubf.coop\\\/boutique\\\/wp-content\\\/uploads\\\/2024\\\/10\\\/Trousse-CPE.jpg\",\"datePublished\":\"2024-10-24T02:00:45+00:00\",\"dateModified\":\"2026-03-26T18:53:48+00:00\",\"breadcrumb\":{\"@id\":\"https:\\\/\\\/formationsubf.coop\\\/boutique\\\/product\\\/trousse-cnesst-base-moyenne-26-50\\\/#breadcrumb\"},\"inLanguage\":\"fr-FR\",\"potentialAction\":[{\"@type\":\"ReadAction\",\"target\":[\"https:\\\/\\\/formationsubf.coop\\\/boutique\\\/product\\\/trousse-cnesst-base-moyenne-26-50\\\/\"]}]},{\"@type\":\"ImageObject\",\"inLanguage\":\"fr-FR\",\"@id\":\"https:\\\/\\\/formationsubf.coop\\\/boutique\\\/product\\\/trousse-cnesst-base-moyenne-26-50\\\/#primaryimage\",\"url\":\"https:\\\/\\\/formationsubf.coop\\\/boutique\\\/wp-content\\\/uploads\\\/2024\\\/10\\\/Trousse-CPE.jpg\",\"contentUrl\":\"https:\\\/\\\/formationsubf.coop\\\/boutique\\\/wp-content\\\/uploads\\\/2024\\\/10\\\/Trousse-CPE.jpg\",\"width\":640,\"height\":480},{\"@type\":\"BreadcrumbList\",\"@id\":\"https:\\\/\\\/formationsubf.coop\\\/boutique\\\/product\\\/trousse-cnesst-base-moyenne-26-50\\\/#breadcrumb\",\"itemListElement\":[{\"@type\":\"ListItem\",\"position\":1,\"name\":\"Accueil\",\"item\":\"https:\\\/\\\/formationsubf.coop\\\/boutique\\\/\"},{\"@type\":\"ListItem\",\"position\":2,\"name\":\"Boutique\",\"item\":\"https:\\\/\\\/formationsubf.coop\\\/boutique\\\/produits\\\/\"},{\"@type\":\"ListItem\",\"position\":3,\"name\":\"Premiers Soins\",\"item\":\"https:\\\/\\\/formationsubf.coop\\\/boutique\\\/product-category\\\/premiers-soins\\\/\"},{\"@type\":\"ListItem\",\"position\":4,\"name\":\"Trousse de premiers soins\",\"item\":\"https:\\\/\\\/formationsubf.coop\\\/boutique\\\/product-category\\\/premiers-soins\\\/trousse-de-premiers-soins\\\/\"},{\"@type\":\"ListItem\",\"position\":5,\"name\":\"Trousse CNESS risque faible moyenne 26-50\"}]},{\"@type\":\"WebSite\",\"@id\":\"https:\\\/\\\/formationsubf.coop\\\/boutique\\\/#website\",\"url\":\"https:\\\/\\\/formationsubf.coop\\\/boutique\\\/\",\"name\":\"Formations UBF | Boutique\",\"description\":\"\",\"potentialAction\":[{\"@type\":\"SearchAction\",\"target\":{\"@type\":\"EntryPoint\",\"urlTemplate\":\"https:\\\/\\\/formationsubf.coop\\\/boutique\\\/?s={search_term_string}\"},\"query-input\":{\"@type\":\"PropertyValueSpecification\",\"valueRequired\":true,\"valueName\":\"search_term_string\"}}],\"inLanguage\":\"fr-FR\"}]}<\/script>\n<!-- \/ Yoast SEO plugin. -->","yoast_head_json":{"title":"Trousse CNESS risque faible moyenne 26-50 - Formations UBF | Boutique","robots":{"index":"index","follow":"follow","max-snippet":"max-snippet:-1","max-image-preview":"max-image-preview:large","max-video-preview":"max-video-preview:-1"},"canonical":"https:\/\/formationsubf.coop\/boutique\/product\/trousse-cnesst-base-moyenne-26-50\/","og_locale":"fr_FR","og_type":"article","og_title":"Trousse CNESS risque faible moyenne 26-50 - Formations UBF | Boutique","og_description":"La trousse contient: (30) Pansement adh\u00e9sif standard tissu (10) Pansement adh\u00e9sif bout de doigt (6) Pansement adh\u00e9sif jointure (4) Pansement adh\u00e9sif grande plaque (2) Rouleau gaze extensible 5,1cm x 1,8m (2) Rouleau gaze extensible 7.6cm x 1.8m (1) Ciseau bandage 14cm (24) Compresse gaze st\u00e9rile 7.6cm x 7,6cm (4) Pansement compressif attach\u00e9 4po x 4po [...]","og_url":"https:\/\/formationsubf.coop\/boutique\/product\/trousse-cnesst-base-moyenne-26-50\/","og_site_name":"Formations UBF | Boutique","article_publisher":"https:\/\/www.facebook.com\/ubfmaterielmedicaletorthopedique","article_modified_time":"2026-03-26T18:53:48+00:00","og_image":[{"width":640,"height":480,"url":"https:\/\/formationsubf.coop\/boutique\/wp-content\/uploads\/2024\/10\/Trousse-CPE.jpg","type":"image\/jpeg"}],"twitter_card":"summary_large_image","twitter_misc":{"Dur\u00e9e de lecture estim\u00e9e":"1 minute"},"schema":{"@context":"https:\/\/schema.org","@graph":[{"@type":"WebPage","@id":"https:\/\/formationsubf.coop\/boutique\/product\/trousse-cnesst-base-moyenne-26-50\/","url":"https:\/\/formationsubf.coop\/boutique\/product\/trousse-cnesst-base-moyenne-26-50\/","name":"Trousse CNESS risque faible moyenne 26-50 - Formations UBF | Boutique","isPartOf":{"@id":"https:\/\/formationsubf.coop\/boutique\/#website"},"primaryImageOfPage":{"@id":"https:\/\/formationsubf.coop\/boutique\/product\/trousse-cnesst-base-moyenne-26-50\/#primaryimage"},"image":{"@id":"https:\/\/formationsubf.coop\/boutique\/product\/trousse-cnesst-base-moyenne-26-50\/#primaryimage"},"thumbnailUrl":"https:\/\/formationsubf.coop\/boutique\/wp-content\/uploads\/2024\/10\/Trousse-CPE.jpg","datePublished":"2024-10-24T02:00:45+00:00","dateModified":"2026-03-26T18:53:48+00:00","breadcrumb":{"@id":"https:\/\/formationsubf.coop\/boutique\/product\/trousse-cnesst-base-moyenne-26-50\/#breadcrumb"},"inLanguage":"fr-FR","potentialAction":[{"@type":"ReadAction","target":["https:\/\/formationsubf.coop\/boutique\/product\/trousse-cnesst-base-moyenne-26-50\/"]}]},{"@type":"ImageObject","inLanguage":"fr-FR","@id":"https:\/\/formationsubf.coop\/boutique\/product\/trousse-cnesst-base-moyenne-26-50\/#primaryimage","url":"https:\/\/formationsubf.coop\/boutique\/wp-content\/uploads\/2024\/10\/Trousse-CPE.jpg","contentUrl":"https:\/\/formationsubf.coop\/boutique\/wp-content\/uploads\/2024\/10\/Trousse-CPE.jpg","width":640,"height":480},{"@type":"BreadcrumbList","@id":"https:\/\/formationsubf.coop\/boutique\/product\/trousse-cnesst-base-moyenne-26-50\/#breadcrumb","itemListElement":[{"@type":"ListItem","position":1,"name":"Accueil","item":"https:\/\/formationsubf.coop\/boutique\/"},{"@type":"ListItem","position":2,"name":"Boutique","item":"https:\/\/formationsubf.coop\/boutique\/produits\/"},{"@type":"ListItem","position":3,"name":"Premiers Soins","item":"https:\/\/formationsubf.coop\/boutique\/product-category\/premiers-soins\/"},{"@type":"ListItem","position":4,"name":"Trousse de premiers soins","item":"https:\/\/formationsubf.coop\/boutique\/product-category\/premiers-soins\/trousse-de-premiers-soins\/"},{"@type":"ListItem","position":5,"name":"Trousse CNESS risque faible moyenne 26-50"}]},{"@type":"WebSite","@id":"https:\/\/formationsubf.coop\/boutique\/#website","url":"https:\/\/formationsubf.coop\/boutique\/","name":"Formations UBF | Boutique","description":"","potentialAction":[{"@type":"SearchAction","target":{"@type":"EntryPoint","urlTemplate":"https:\/\/formationsubf.coop\/boutique\/?s={search_term_string}"},"query-input":{"@type":"PropertyValueSpecification","valueRequired":true,"valueName":"search_term_string"}}],"inLanguage":"fr-FR"}]}},"_links":{"self":[{"href":"https:\/\/formationsubf.coop\/boutique\/wp-json\/wp\/v2\/product\/3035","targetHints":{"allow":["GET"]}}],"collection":[{"href":"https:\/\/formationsubf.coop\/boutique\/wp-json\/wp\/v2\/product"}],"about":[{"href":"https:\/\/formationsubf.coop\/boutique\/wp-json\/wp\/v2\/types\/product"}],"replies":[{"embeddable":true,"href":"https:\/\/formationsubf.coop\/boutique\/wp-json\/wp\/v2\/comments?post=3035"}],"wp:featuredmedia":[{"embeddable":true,"href":"https:\/\/formationsubf.coop\/boutique\/wp-json\/wp\/v2\/media\/3043"}],"wp:attachment":[{"href":"https:\/\/formationsubf.coop\/boutique\/wp-json\/wp\/v2\/media?parent=3035"}],"wp:term":[{"taxonomy":"product_brand","embeddable":true,"href":"https:\/\/formationsubf.coop\/boutique\/wp-json\/wp\/v2\/product_brand?post=3035"},{"taxonomy":"product_cat","embeddable":true,"href":"https:\/\/formationsubf.coop\/boutique\/wp-json\/wp\/v2\/product_cat?post=3035"},{"taxonomy":"product_tag","embeddable":true,"href":"https:\/\/formationsubf.coop\/boutique\/wp-json\/wp\/v2\/product_tag?post=3035"}],"curies":[{"name":"wp","href":"https:\/\/api.w.org\/{rel}","templated":true}]}}