{"id":2718,"date":"2022-02-17T13:27:45","date_gmt":"2022-02-17T18:27:45","guid":{"rendered":"https:\/\/orthoubf.coop\/?post_type=product&#038;p=2718"},"modified":"2025-09-22T14:08:28","modified_gmt":"2025-09-22T18:08:28","slug":"masque-particules-respiratoire-n95-8210-plus-3m-boite-de-20-unites","status":"publish","type":"product","link":"https:\/\/formationsubf.coop\/boutique\/product\/masque-particules-respiratoire-n95-8210-plus-3m-boite-de-20-unites\/","title":{"rendered":"Masque particules respiratoire N95 8210 PLUS | 3M *BO\u00ceTE DE 20 UNIT\u00c9S"},"content":{"rendered":"<p>Boites de 20 masques faciaux coniques en 100% polypropyl\u00e8ne. Sa conception ajust\u00e9e avec un nez r\u00e9glable permet une parfaite \u00e9tanch\u00e9it\u00e9 faciale.<\/p>\n","protected":false},"excerpt":{"rendered":"<p class=\"SNAPS--pdpTabDes\">Le Respirateur jetable contre les particules\u00a0N95 8210+\u00a03M<span class=\"MMM--HTMLReplace\">MC<\/span>\u00a0est l\u00e9ger et est con\u00e7u pour aider \u00e0 fournir une protection respiratoire de qualit\u00e9 et fiable dans les environnements industriels.<\/p>\n<p class=\"SNAPS--pdpTabDes\">Le Respirateur jetable contre les particules\u00a0N95 8210+\u00a03M<span class=\"MMM--HTMLReplace\">MC<\/span>\u00a0est con\u00e7u pour aider \u00e0 offrir aux travailleurs une protection respiratoire fiable contre certaines particules exemptes d\u2019huile. Ce respirateur contient un mat\u00e9riau filtrant exclusif \u00e0 3M qui est compos\u00e9 de microfibres \u00e9lectrostatiques de pointe con\u00e7ue pour faciliter la respiration. Compatible avec une vari\u00e9t\u00e9 de produits de protection des yeux et de l\u2019ou\u00efe. L\u2019inhalation de particules dangereuses peut poser un risque \u00e0 votre sant\u00e9. Le NIOSH (National Institute for Occupational Safety and Health), un organisme de r\u00e9glementation du gouvernement f\u00e9d\u00e9ral, a mis \u00e0 l\u2019essai et homologu\u00e9 le Respirateur contre les particules\u00a08200 Plus 3M<span class=\"MMM--HTMLReplace\">MC<\/span>, lequel est con\u00e7u pour r\u00e9duire l\u2019exposition \u00e0 certaines particules en suspension dans l\u2019air et exemptes d\u2019huile.<\/p>\n<ul class=\"MMM--pdpList SNAPS--bullets js--bnftsPdPList\">\n<li>Homologu\u00e9 par le NIOSH contre certaines particules \u00e0 base d\u2019huile et exemptes d\u2019huile<\/li>\n<li>Les serre-t\u00eates tress\u00e9s \u00e0 deux-points de fixation sans agrafe aident \u00e0 fournir un ajustement confortable et s\u00e9curitaire<\/li>\n<li>Pince nasale r\u00e9glable pour un ajustement personnalis\u00e9 et s\u00e9curitaire<\/li>\n<li>La l\u00e9g\u00e8ret\u00e9 du respirateur favorise l\u2019acceptation et le port prolong\u00e9 aupr\u00e8s des travailleurs<\/li>\n<\/ul>\n","protected":false},"featured_media":2715,"comment_status":"closed","ping_status":"closed","template":"","meta":[],"product_brand":[],"product_cat":[413],"product_tag":[1230,1229,1228,448],"class_list":{"0":"post-2718","1":"product","2":"type-product","3":"status-publish","4":"has-post-thumbnail","6":"product_cat-premiers-soins","7":"product_tag-3m","8":"product_tag-1229","9":"product_tag-masque-particules-respiratoire","10":"product_tag-n95","12":"first","13":"instock","14":"purchasable","15":"product-type-simple"},"yoast_head":"<!-- This site is optimized with the Yoast SEO plugin v27.6 - https:\/\/yoast.com\/product\/yoast-seo-wordpress\/ -->\n<title>Masque particules respiratoire N95 8210 PLUS | 3M *BO\u00ceTE DE 20 UNIT\u00c9S - Formations UBF | Boutique<\/title>\n<meta name=\"description\" content=\"Masques faciaux coniques en 100% polypropyl\u00e8ne. Sa conception ajust\u00e9e avec un nez r\u00e9glable permet une parfaite \u00e9tanch\u00e9it\u00e9 faciale.\u00a0\" \/>\n<meta name=\"robots\" content=\"index, follow, max-snippet:-1, max-image-preview:large, max-video-preview:-1\" \/>\n<link rel=\"canonical\" href=\"https:\/\/formationsubf.coop\/boutique\/product\/masque-particules-respiratoire-n95-8210-plus-3m-boite-de-20-unites\/\" \/>\n<meta property=\"og:locale\" content=\"fr_FR\" \/>\n<meta property=\"og:type\" content=\"article\" \/>\n<meta property=\"og:title\" content=\"Masque particules respiratoire N95 8210 PLUS | 3M *BO\u00ceTE DE 20 UNIT\u00c9S - Formations UBF | Boutique\" \/>\n<meta property=\"og:description\" content=\"Masques faciaux coniques en 100% polypropyl\u00e8ne. Sa conception ajust\u00e9e avec un nez r\u00e9glable permet une parfaite \u00e9tanch\u00e9it\u00e9 faciale.\u00a0\" \/>\n<meta property=\"og:url\" content=\"https:\/\/formationsubf.coop\/boutique\/product\/masque-particules-respiratoire-n95-8210-plus-3m-boite-de-20-unites\/\" \/>\n<meta property=\"og:site_name\" content=\"Formations UBF | Boutique\" \/>\n<meta property=\"article:publisher\" content=\"https:\/\/www.facebook.com\/ubfmaterielmedicaletorthopedique\" \/>\n<meta property=\"article:modified_time\" content=\"2025-09-22T18:08:28+00:00\" \/>\n<meta property=\"og:image\" content=\"https:\/\/formationsubf.coop\/boutique\/wp-content\/uploads\/2022\/02\/3m-particulate-respirator-8210-n95-20-per-case-1.webp\" \/>\n\t<meta property=\"og:image:width\" content=\"400\" \/>\n\t<meta property=\"og:image:height\" content=\"400\" \/>\n\t<meta property=\"og:image:type\" content=\"image\/webp\" \/>\n<meta name=\"twitter:card\" content=\"summary_large_image\" \/>\n<meta name=\"twitter:label1\" content=\"Dur\u00e9e de lecture estim\u00e9e\" \/>\n\t<meta name=\"twitter:data1\" content=\"1 minute\" \/>\n<script type=\"application\/ld+json\" class=\"yoast-schema-graph\">{\"@context\":\"https:\\\/\\\/schema.org\",\"@graph\":[{\"@type\":\"WebPage\",\"@id\":\"https:\\\/\\\/formationsubf.coop\\\/boutique\\\/product\\\/masque-particules-respiratoire-n95-8210-plus-3m-boite-de-20-unites\\\/\",\"url\":\"https:\\\/\\\/formationsubf.coop\\\/boutique\\\/product\\\/masque-particules-respiratoire-n95-8210-plus-3m-boite-de-20-unites\\\/\",\"name\":\"Masque particules respiratoire N95 8210 PLUS | 3M *BO\u00ceTE DE 20 UNIT\u00c9S - Formations UBF | Boutique\",\"isPartOf\":{\"@id\":\"https:\\\/\\\/formationsubf.coop\\\/boutique\\\/#website\"},\"primaryImageOfPage\":{\"@id\":\"https:\\\/\\\/formationsubf.coop\\\/boutique\\\/product\\\/masque-particules-respiratoire-n95-8210-plus-3m-boite-de-20-unites\\\/#primaryimage\"},\"image\":{\"@id\":\"https:\\\/\\\/formationsubf.coop\\\/boutique\\\/product\\\/masque-particules-respiratoire-n95-8210-plus-3m-boite-de-20-unites\\\/#primaryimage\"},\"thumbnailUrl\":\"https:\\\/\\\/formationsubf.coop\\\/boutique\\\/wp-content\\\/uploads\\\/2022\\\/02\\\/3m-particulate-respirator-8210-n95-20-per-case-1.webp\",\"datePublished\":\"2022-02-17T18:27:45+00:00\",\"dateModified\":\"2025-09-22T18:08:28+00:00\",\"description\":\"Masques faciaux coniques en 100% polypropyl\u00e8ne. Sa conception ajust\u00e9e avec un nez r\u00e9glable permet une parfaite \u00e9tanch\u00e9it\u00e9 faciale.\u00a0\",\"breadcrumb\":{\"@id\":\"https:\\\/\\\/formationsubf.coop\\\/boutique\\\/product\\\/masque-particules-respiratoire-n95-8210-plus-3m-boite-de-20-unites\\\/#breadcrumb\"},\"inLanguage\":\"fr-FR\",\"potentialAction\":[{\"@type\":\"ReadAction\",\"target\":[\"https:\\\/\\\/formationsubf.coop\\\/boutique\\\/product\\\/masque-particules-respiratoire-n95-8210-plus-3m-boite-de-20-unites\\\/\"]}]},{\"@type\":\"ImageObject\",\"inLanguage\":\"fr-FR\",\"@id\":\"https:\\\/\\\/formationsubf.coop\\\/boutique\\\/product\\\/masque-particules-respiratoire-n95-8210-plus-3m-boite-de-20-unites\\\/#primaryimage\",\"url\":\"https:\\\/\\\/formationsubf.coop\\\/boutique\\\/wp-content\\\/uploads\\\/2022\\\/02\\\/3m-particulate-respirator-8210-n95-20-per-case-1.webp\",\"contentUrl\":\"https:\\\/\\\/formationsubf.coop\\\/boutique\\\/wp-content\\\/uploads\\\/2022\\\/02\\\/3m-particulate-respirator-8210-n95-20-per-case-1.webp\",\"width\":400,\"height\":400,\"caption\":\"N95 8210+\"},{\"@type\":\"BreadcrumbList\",\"@id\":\"https:\\\/\\\/formationsubf.coop\\\/boutique\\\/product\\\/masque-particules-respiratoire-n95-8210-plus-3m-boite-de-20-unites\\\/#breadcrumb\",\"itemListElement\":[{\"@type\":\"ListItem\",\"position\":1,\"name\":\"Accueil\",\"item\":\"https:\\\/\\\/formationsubf.coop\\\/boutique\\\/\"},{\"@type\":\"ListItem\",\"position\":2,\"name\":\"Boutique\",\"item\":\"https:\\\/\\\/formationsubf.coop\\\/boutique\\\/produits\\\/\"},{\"@type\":\"ListItem\",\"position\":3,\"name\":\"Premiers Soins\",\"item\":\"https:\\\/\\\/formationsubf.coop\\\/boutique\\\/product-category\\\/premiers-soins\\\/\"},{\"@type\":\"ListItem\",\"position\":4,\"name\":\"Masque particules respiratoire N95 8210 PLUS | 3M *BO\u00ceTE DE 20 UNIT\u00c9S\"}]},{\"@type\":\"WebSite\",\"@id\":\"https:\\\/\\\/formationsubf.coop\\\/boutique\\\/#website\",\"url\":\"https:\\\/\\\/formationsubf.coop\\\/boutique\\\/\",\"name\":\"Formations UBF | Boutique\",\"description\":\"\",\"potentialAction\":[{\"@type\":\"SearchAction\",\"target\":{\"@type\":\"EntryPoint\",\"urlTemplate\":\"https:\\\/\\\/formationsubf.coop\\\/boutique\\\/?s={search_term_string}\"},\"query-input\":{\"@type\":\"PropertyValueSpecification\",\"valueRequired\":true,\"valueName\":\"search_term_string\"}}],\"inLanguage\":\"fr-FR\"}]}<\/script>\n<!-- \/ Yoast SEO plugin. -->","yoast_head_json":{"title":"Masque particules respiratoire N95 8210 PLUS | 3M *BO\u00ceTE DE 20 UNIT\u00c9S - Formations UBF | Boutique","description":"Masques faciaux coniques en 100% polypropyl\u00e8ne. Sa conception ajust\u00e9e avec un nez r\u00e9glable permet une parfaite \u00e9tanch\u00e9it\u00e9 faciale.\u00a0","robots":{"index":"index","follow":"follow","max-snippet":"max-snippet:-1","max-image-preview":"max-image-preview:large","max-video-preview":"max-video-preview:-1"},"canonical":"https:\/\/formationsubf.coop\/boutique\/product\/masque-particules-respiratoire-n95-8210-plus-3m-boite-de-20-unites\/","og_locale":"fr_FR","og_type":"article","og_title":"Masque particules respiratoire N95 8210 PLUS | 3M *BO\u00ceTE DE 20 UNIT\u00c9S - Formations UBF | Boutique","og_description":"Masques faciaux coniques en 100% polypropyl\u00e8ne. Sa conception ajust\u00e9e avec un nez r\u00e9glable permet une parfaite \u00e9tanch\u00e9it\u00e9 faciale.\u00a0","og_url":"https:\/\/formationsubf.coop\/boutique\/product\/masque-particules-respiratoire-n95-8210-plus-3m-boite-de-20-unites\/","og_site_name":"Formations UBF | Boutique","article_publisher":"https:\/\/www.facebook.com\/ubfmaterielmedicaletorthopedique","article_modified_time":"2025-09-22T18:08:28+00:00","og_image":[{"width":400,"height":400,"url":"https:\/\/formationsubf.coop\/boutique\/wp-content\/uploads\/2022\/02\/3m-particulate-respirator-8210-n95-20-per-case-1.webp","type":"image\/webp"}],"twitter_card":"summary_large_image","twitter_misc":{"Dur\u00e9e de lecture estim\u00e9e":"1 minute"},"schema":{"@context":"https:\/\/schema.org","@graph":[{"@type":"WebPage","@id":"https:\/\/formationsubf.coop\/boutique\/product\/masque-particules-respiratoire-n95-8210-plus-3m-boite-de-20-unites\/","url":"https:\/\/formationsubf.coop\/boutique\/product\/masque-particules-respiratoire-n95-8210-plus-3m-boite-de-20-unites\/","name":"Masque particules respiratoire N95 8210 PLUS | 3M *BO\u00ceTE DE 20 UNIT\u00c9S - Formations UBF | Boutique","isPartOf":{"@id":"https:\/\/formationsubf.coop\/boutique\/#website"},"primaryImageOfPage":{"@id":"https:\/\/formationsubf.coop\/boutique\/product\/masque-particules-respiratoire-n95-8210-plus-3m-boite-de-20-unites\/#primaryimage"},"image":{"@id":"https:\/\/formationsubf.coop\/boutique\/product\/masque-particules-respiratoire-n95-8210-plus-3m-boite-de-20-unites\/#primaryimage"},"thumbnailUrl":"https:\/\/formationsubf.coop\/boutique\/wp-content\/uploads\/2022\/02\/3m-particulate-respirator-8210-n95-20-per-case-1.webp","datePublished":"2022-02-17T18:27:45+00:00","dateModified":"2025-09-22T18:08:28+00:00","description":"Masques faciaux coniques en 100% polypropyl\u00e8ne. Sa conception ajust\u00e9e avec un nez r\u00e9glable permet une parfaite \u00e9tanch\u00e9it\u00e9 faciale.\u00a0","breadcrumb":{"@id":"https:\/\/formationsubf.coop\/boutique\/product\/masque-particules-respiratoire-n95-8210-plus-3m-boite-de-20-unites\/#breadcrumb"},"inLanguage":"fr-FR","potentialAction":[{"@type":"ReadAction","target":["https:\/\/formationsubf.coop\/boutique\/product\/masque-particules-respiratoire-n95-8210-plus-3m-boite-de-20-unites\/"]}]},{"@type":"ImageObject","inLanguage":"fr-FR","@id":"https:\/\/formationsubf.coop\/boutique\/product\/masque-particules-respiratoire-n95-8210-plus-3m-boite-de-20-unites\/#primaryimage","url":"https:\/\/formationsubf.coop\/boutique\/wp-content\/uploads\/2022\/02\/3m-particulate-respirator-8210-n95-20-per-case-1.webp","contentUrl":"https:\/\/formationsubf.coop\/boutique\/wp-content\/uploads\/2022\/02\/3m-particulate-respirator-8210-n95-20-per-case-1.webp","width":400,"height":400,"caption":"N95 8210+"},{"@type":"BreadcrumbList","@id":"https:\/\/formationsubf.coop\/boutique\/product\/masque-particules-respiratoire-n95-8210-plus-3m-boite-de-20-unites\/#breadcrumb","itemListElement":[{"@type":"ListItem","position":1,"name":"Accueil","item":"https:\/\/formationsubf.coop\/boutique\/"},{"@type":"ListItem","position":2,"name":"Boutique","item":"https:\/\/formationsubf.coop\/boutique\/produits\/"},{"@type":"ListItem","position":3,"name":"Premiers Soins","item":"https:\/\/formationsubf.coop\/boutique\/product-category\/premiers-soins\/"},{"@type":"ListItem","position":4,"name":"Masque particules respiratoire N95 8210 PLUS | 3M *BO\u00ceTE DE 20 UNIT\u00c9S"}]},{"@type":"WebSite","@id":"https:\/\/formationsubf.coop\/boutique\/#website","url":"https:\/\/formationsubf.coop\/boutique\/","name":"Formations UBF | Boutique","description":"","potentialAction":[{"@type":"SearchAction","target":{"@type":"EntryPoint","urlTemplate":"https:\/\/formationsubf.coop\/boutique\/?s={search_term_string}"},"query-input":{"@type":"PropertyValueSpecification","valueRequired":true,"valueName":"search_term_string"}}],"inLanguage":"fr-FR"}]}},"_links":{"self":[{"href":"https:\/\/formationsubf.coop\/boutique\/wp-json\/wp\/v2\/product\/2718","targetHints":{"allow":["GET"]}}],"collection":[{"href":"https:\/\/formationsubf.coop\/boutique\/wp-json\/wp\/v2\/product"}],"about":[{"href":"https:\/\/formationsubf.coop\/boutique\/wp-json\/wp\/v2\/types\/product"}],"replies":[{"embeddable":true,"href":"https:\/\/formationsubf.coop\/boutique\/wp-json\/wp\/v2\/comments?post=2718"}],"wp:featuredmedia":[{"embeddable":true,"href":"https:\/\/formationsubf.coop\/boutique\/wp-json\/wp\/v2\/media\/2715"}],"wp:attachment":[{"href":"https:\/\/formationsubf.coop\/boutique\/wp-json\/wp\/v2\/media?parent=2718"}],"wp:term":[{"taxonomy":"product_brand","embeddable":true,"href":"https:\/\/formationsubf.coop\/boutique\/wp-json\/wp\/v2\/product_brand?post=2718"},{"taxonomy":"product_cat","embeddable":true,"href":"https:\/\/formationsubf.coop\/boutique\/wp-json\/wp\/v2\/product_cat?post=2718"},{"taxonomy":"product_tag","embeddable":true,"href":"https:\/\/formationsubf.coop\/boutique\/wp-json\/wp\/v2\/product_tag?post=2718"}],"curies":[{"name":"wp","href":"https:\/\/api.w.org\/{rel}","templated":true}]}}