{"id":2595,"date":"2020-05-14T09:07:31","date_gmt":"2020-05-14T13:07:31","guid":{"rendered":"http:\/\/orthoubf.coop\/?post_type=product&#038;p=2595"},"modified":"2024-03-29T16:07:12","modified_gmt":"2024-03-29T20:07:12","slug":"filet-tubulaire-elastique-a-pansement-6-surgilast","status":"publish","type":"product","link":"https:\/\/formationsubf.coop\/boutique\/product\/filet-tubulaire-elastique-a-pansement-6-surgilast\/","title":{"rendered":"SURGILAST TUBULAR ELASTIC #6 22.9 M."},"content":{"rendered":"<p>Le filet tubulaire \u00e9lastique est utilis\u00e9 pour fixer fermement les pansements primaires, les bandages et les compresses chaudes ou froides.\u00a0 S&rsquo;\u00e9tire facilement dans toutes les directions; peut \u00eatre personnalis\u00e9 pour fixer les pansements sur les zones difficiles \u00e0 ajuster du corps. Peut \u00eatre coup\u00e9 \u00e0 n&rsquo;importe quelle taille et est appliqu\u00e9 avec un applicateur.<\/p>\n","protected":false},"excerpt":{"rendered":"<ul>\n<li><strong>Pour les grosses t\u00eates, \u00e9paules et cuisses.<\/strong><\/li>\n<li>Fabriqu\u00e9 en nylon de haute qualit\u00e9, non effilochant et en caoutchouc \u00e9lastique.<\/li>\n<li>\u00c9limine les besoins en ruban adh\u00e9sif.<\/li>\n<li>Id\u00e9al pour les soins aux patients br\u00fbl\u00e9s.<\/li>\n<li>Permet un d\u00e9bit d&rsquo;air maximal et la flexibilit\u00e9 du patient.<\/li>\n<li>Emball\u00e9 individuellement dans une bo\u00eete distributrice pratique.<\/li>\n<li>Le rouleau mesure 22,9 m (25 verges).<\/li>\n<\/ul>\n","protected":false},"featured_media":2596,"comment_status":"closed","ping_status":"closed","template":"","meta":[],"product_brand":[],"product_cat":[846,413],"product_tag":[1233,1232,1234],"class_list":{"0":"post-2595","1":"product","2":"type-product","3":"status-publish","4":"has-post-thumbnail","6":"product_cat-bandages-elastiques-de-compression-et-accessoires-tubulaires","7":"product_cat-premiers-soins","8":"product_tag-a-pansement","9":"product_tag-filet-tubulaire-elastique","10":"product_tag-surgilast","11":"sync-code-w","13":"first","14":"instock","15":"taxable","16":"shipping-taxable","17":"purchasable","18":"product-type-simple"},"yoast_head":"<!-- This site is optimized with the Yoast SEO plugin v27.3 - https:\/\/yoast.com\/product\/yoast-seo-wordpress\/ -->\n<title>SURGILAST TUBULAR ELASTIC #6 22.9 M. - Formations UBF | Boutique<\/title>\n<meta name=\"description\" content=\"Le filet tubulaire \u00e9lastique est utilis\u00e9 pour fixer fermement les pansements primaires, les bandages et les compresses chaudes ou froides.\" \/>\n<meta name=\"robots\" content=\"index, follow, max-snippet:-1, max-image-preview:large, max-video-preview:-1\" \/>\n<link rel=\"canonical\" href=\"https:\/\/formationsubf.coop\/boutique\/product\/filet-tubulaire-elastique-a-pansement-6-surgilast\/\" \/>\n<meta property=\"og:locale\" content=\"fr_FR\" \/>\n<meta property=\"og:type\" content=\"article\" \/>\n<meta property=\"og:title\" content=\"SURGILAST TUBULAR ELASTIC #6 22.9 M. - Formations UBF | Boutique\" \/>\n<meta property=\"og:description\" content=\"Le filet tubulaire \u00e9lastique est utilis\u00e9 pour fixer fermement les pansements primaires, les bandages et les compresses chaudes ou froides.\" \/>\n<meta property=\"og:url\" content=\"https:\/\/formationsubf.coop\/boutique\/product\/filet-tubulaire-elastique-a-pansement-6-surgilast\/\" \/>\n<meta property=\"og:site_name\" content=\"Formations UBF | Boutique\" \/>\n<meta property=\"article:publisher\" content=\"https:\/\/www.facebook.com\/ubfmaterielmedicaletorthopedique\" \/>\n<meta property=\"article:modified_time\" content=\"2024-03-29T20:07:12+00:00\" \/>\n<meta property=\"og:image\" content=\"https:\/\/formationsubf.coop\/boutique\/wp-content\/uploads\/2020\/05\/31206-SURGILAST-TUBULAR-ELASTIC-6-22.9-M.-e1589461737201.jpg\" \/>\n\t<meta property=\"og:image:width\" content=\"500\" \/>\n\t<meta property=\"og:image:height\" content=\"499\" \/>\n\t<meta property=\"og:image:type\" content=\"image\/jpeg\" \/>\n<meta name=\"twitter:card\" content=\"summary_large_image\" \/>\n<script type=\"application\/ld+json\" class=\"yoast-schema-graph\">{\"@context\":\"https:\\\/\\\/schema.org\",\"@graph\":[{\"@type\":\"WebPage\",\"@id\":\"https:\\\/\\\/formationsubf.coop\\\/boutique\\\/product\\\/filet-tubulaire-elastique-a-pansement-6-surgilast\\\/\",\"url\":\"https:\\\/\\\/formationsubf.coop\\\/boutique\\\/product\\\/filet-tubulaire-elastique-a-pansement-6-surgilast\\\/\",\"name\":\"SURGILAST TUBULAR ELASTIC #6 22.9 M. - Formations UBF | Boutique\",\"isPartOf\":{\"@id\":\"https:\\\/\\\/formationsubf.coop\\\/boutique\\\/#website\"},\"primaryImageOfPage\":{\"@id\":\"https:\\\/\\\/formationsubf.coop\\\/boutique\\\/product\\\/filet-tubulaire-elastique-a-pansement-6-surgilast\\\/#primaryimage\"},\"image\":{\"@id\":\"https:\\\/\\\/formationsubf.coop\\\/boutique\\\/product\\\/filet-tubulaire-elastique-a-pansement-6-surgilast\\\/#primaryimage\"},\"thumbnailUrl\":\"https:\\\/\\\/formationsubf.coop\\\/boutique\\\/wp-content\\\/uploads\\\/2020\\\/05\\\/31206-SURGILAST-TUBULAR-ELASTIC-6-22.9-M.-e1589461737201.jpg\",\"datePublished\":\"2020-05-14T13:07:31+00:00\",\"dateModified\":\"2024-03-29T20:07:12+00:00\",\"description\":\"Le filet tubulaire \u00e9lastique est utilis\u00e9 pour fixer fermement les pansements primaires, les bandages et les compresses chaudes ou froides.\",\"breadcrumb\":{\"@id\":\"https:\\\/\\\/formationsubf.coop\\\/boutique\\\/product\\\/filet-tubulaire-elastique-a-pansement-6-surgilast\\\/#breadcrumb\"},\"inLanguage\":\"fr-FR\",\"potentialAction\":[{\"@type\":\"ReadAction\",\"target\":[\"https:\\\/\\\/formationsubf.coop\\\/boutique\\\/product\\\/filet-tubulaire-elastique-a-pansement-6-surgilast\\\/\"]}]},{\"@type\":\"ImageObject\",\"inLanguage\":\"fr-FR\",\"@id\":\"https:\\\/\\\/formationsubf.coop\\\/boutique\\\/product\\\/filet-tubulaire-elastique-a-pansement-6-surgilast\\\/#primaryimage\",\"url\":\"https:\\\/\\\/formationsubf.coop\\\/boutique\\\/wp-content\\\/uploads\\\/2020\\\/05\\\/31206-SURGILAST-TUBULAR-ELASTIC-6-22.9-M.-e1589461737201.jpg\",\"contentUrl\":\"https:\\\/\\\/formationsubf.coop\\\/boutique\\\/wp-content\\\/uploads\\\/2020\\\/05\\\/31206-SURGILAST-TUBULAR-ELASTIC-6-22.9-M.-e1589461737201.jpg\",\"width\":500,\"height\":499,\"caption\":\"Filet tubulaire \u00e9lastique \u00e0 pansement #6 pour les grosses t\u00eates, \u00e9paules et cuisses\"},{\"@type\":\"BreadcrumbList\",\"@id\":\"https:\\\/\\\/formationsubf.coop\\\/boutique\\\/product\\\/filet-tubulaire-elastique-a-pansement-6-surgilast\\\/#breadcrumb\",\"itemListElement\":[{\"@type\":\"ListItem\",\"position\":1,\"name\":\"Accueil\",\"item\":\"https:\\\/\\\/formationsubf.coop\\\/boutique\\\/\"},{\"@type\":\"ListItem\",\"position\":2,\"name\":\"Boutique\",\"item\":\"https:\\\/\\\/formationsubf.coop\\\/boutique\\\/produits\\\/\"},{\"@type\":\"ListItem\",\"position\":3,\"name\":\"Premiers Soins\",\"item\":\"https:\\\/\\\/formationsubf.coop\\\/boutique\\\/product-category\\\/premiers-soins\\\/\"},{\"@type\":\"ListItem\",\"position\":4,\"name\":\"Bandages \u00e9lastiques - de compression et accessoires tubulaires\",\"item\":\"https:\\\/\\\/formationsubf.coop\\\/boutique\\\/product-category\\\/premiers-soins\\\/bandages-elastiques-de-compression-et-accessoires-tubulaires\\\/\"},{\"@type\":\"ListItem\",\"position\":5,\"name\":\"SURGILAST TUBULAR ELASTIC #6 22.9 M.\"}]},{\"@type\":\"WebSite\",\"@id\":\"https:\\\/\\\/formationsubf.coop\\\/boutique\\\/#website\",\"url\":\"https:\\\/\\\/formationsubf.coop\\\/boutique\\\/\",\"name\":\"Formations UBF | Boutique\",\"description\":\"\",\"potentialAction\":[{\"@type\":\"SearchAction\",\"target\":{\"@type\":\"EntryPoint\",\"urlTemplate\":\"https:\\\/\\\/formationsubf.coop\\\/boutique\\\/?s={search_term_string}\"},\"query-input\":{\"@type\":\"PropertyValueSpecification\",\"valueRequired\":true,\"valueName\":\"search_term_string\"}}],\"inLanguage\":\"fr-FR\"}]}<\/script>\n<!-- \/ Yoast SEO plugin. -->","yoast_head_json":{"title":"SURGILAST TUBULAR ELASTIC #6 22.9 M. - Formations UBF | Boutique","description":"Le filet tubulaire \u00e9lastique est utilis\u00e9 pour fixer fermement les pansements primaires, les bandages et les compresses chaudes ou froides.","robots":{"index":"index","follow":"follow","max-snippet":"max-snippet:-1","max-image-preview":"max-image-preview:large","max-video-preview":"max-video-preview:-1"},"canonical":"https:\/\/formationsubf.coop\/boutique\/product\/filet-tubulaire-elastique-a-pansement-6-surgilast\/","og_locale":"fr_FR","og_type":"article","og_title":"SURGILAST TUBULAR ELASTIC #6 22.9 M. - Formations UBF | Boutique","og_description":"Le filet tubulaire \u00e9lastique est utilis\u00e9 pour fixer fermement les pansements primaires, les bandages et les compresses chaudes ou froides.","og_url":"https:\/\/formationsubf.coop\/boutique\/product\/filet-tubulaire-elastique-a-pansement-6-surgilast\/","og_site_name":"Formations UBF | Boutique","article_publisher":"https:\/\/www.facebook.com\/ubfmaterielmedicaletorthopedique","article_modified_time":"2024-03-29T20:07:12+00:00","og_image":[{"width":500,"height":499,"url":"https:\/\/formationsubf.coop\/boutique\/wp-content\/uploads\/2020\/05\/31206-SURGILAST-TUBULAR-ELASTIC-6-22.9-M.-e1589461737201.jpg","type":"image\/jpeg"}],"twitter_card":"summary_large_image","schema":{"@context":"https:\/\/schema.org","@graph":[{"@type":"WebPage","@id":"https:\/\/formationsubf.coop\/boutique\/product\/filet-tubulaire-elastique-a-pansement-6-surgilast\/","url":"https:\/\/formationsubf.coop\/boutique\/product\/filet-tubulaire-elastique-a-pansement-6-surgilast\/","name":"SURGILAST TUBULAR ELASTIC #6 22.9 M. - Formations UBF | Boutique","isPartOf":{"@id":"https:\/\/formationsubf.coop\/boutique\/#website"},"primaryImageOfPage":{"@id":"https:\/\/formationsubf.coop\/boutique\/product\/filet-tubulaire-elastique-a-pansement-6-surgilast\/#primaryimage"},"image":{"@id":"https:\/\/formationsubf.coop\/boutique\/product\/filet-tubulaire-elastique-a-pansement-6-surgilast\/#primaryimage"},"thumbnailUrl":"https:\/\/formationsubf.coop\/boutique\/wp-content\/uploads\/2020\/05\/31206-SURGILAST-TUBULAR-ELASTIC-6-22.9-M.-e1589461737201.jpg","datePublished":"2020-05-14T13:07:31+00:00","dateModified":"2024-03-29T20:07:12+00:00","description":"Le filet tubulaire \u00e9lastique est utilis\u00e9 pour fixer fermement les pansements primaires, les bandages et les compresses chaudes ou froides.","breadcrumb":{"@id":"https:\/\/formationsubf.coop\/boutique\/product\/filet-tubulaire-elastique-a-pansement-6-surgilast\/#breadcrumb"},"inLanguage":"fr-FR","potentialAction":[{"@type":"ReadAction","target":["https:\/\/formationsubf.coop\/boutique\/product\/filet-tubulaire-elastique-a-pansement-6-surgilast\/"]}]},{"@type":"ImageObject","inLanguage":"fr-FR","@id":"https:\/\/formationsubf.coop\/boutique\/product\/filet-tubulaire-elastique-a-pansement-6-surgilast\/#primaryimage","url":"https:\/\/formationsubf.coop\/boutique\/wp-content\/uploads\/2020\/05\/31206-SURGILAST-TUBULAR-ELASTIC-6-22.9-M.-e1589461737201.jpg","contentUrl":"https:\/\/formationsubf.coop\/boutique\/wp-content\/uploads\/2020\/05\/31206-SURGILAST-TUBULAR-ELASTIC-6-22.9-M.-e1589461737201.jpg","width":500,"height":499,"caption":"Filet tubulaire \u00e9lastique \u00e0 pansement #6 pour les grosses t\u00eates, \u00e9paules et cuisses"},{"@type":"BreadcrumbList","@id":"https:\/\/formationsubf.coop\/boutique\/product\/filet-tubulaire-elastique-a-pansement-6-surgilast\/#breadcrumb","itemListElement":[{"@type":"ListItem","position":1,"name":"Accueil","item":"https:\/\/formationsubf.coop\/boutique\/"},{"@type":"ListItem","position":2,"name":"Boutique","item":"https:\/\/formationsubf.coop\/boutique\/produits\/"},{"@type":"ListItem","position":3,"name":"Premiers Soins","item":"https:\/\/formationsubf.coop\/boutique\/product-category\/premiers-soins\/"},{"@type":"ListItem","position":4,"name":"Bandages \u00e9lastiques - de compression et accessoires tubulaires","item":"https:\/\/formationsubf.coop\/boutique\/product-category\/premiers-soins\/bandages-elastiques-de-compression-et-accessoires-tubulaires\/"},{"@type":"ListItem","position":5,"name":"SURGILAST TUBULAR ELASTIC #6 22.9 M."}]},{"@type":"WebSite","@id":"https:\/\/formationsubf.coop\/boutique\/#website","url":"https:\/\/formationsubf.coop\/boutique\/","name":"Formations UBF | Boutique","description":"","potentialAction":[{"@type":"SearchAction","target":{"@type":"EntryPoint","urlTemplate":"https:\/\/formationsubf.coop\/boutique\/?s={search_term_string}"},"query-input":{"@type":"PropertyValueSpecification","valueRequired":true,"valueName":"search_term_string"}}],"inLanguage":"fr-FR"}]}},"_links":{"self":[{"href":"https:\/\/formationsubf.coop\/boutique\/wp-json\/wp\/v2\/product\/2595","targetHints":{"allow":["GET"]}}],"collection":[{"href":"https:\/\/formationsubf.coop\/boutique\/wp-json\/wp\/v2\/product"}],"about":[{"href":"https:\/\/formationsubf.coop\/boutique\/wp-json\/wp\/v2\/types\/product"}],"replies":[{"embeddable":true,"href":"https:\/\/formationsubf.coop\/boutique\/wp-json\/wp\/v2\/comments?post=2595"}],"wp:featuredmedia":[{"embeddable":true,"href":"https:\/\/formationsubf.coop\/boutique\/wp-json\/wp\/v2\/media\/2596"}],"wp:attachment":[{"href":"https:\/\/formationsubf.coop\/boutique\/wp-json\/wp\/v2\/media?parent=2595"}],"wp:term":[{"taxonomy":"product_brand","embeddable":true,"href":"https:\/\/formationsubf.coop\/boutique\/wp-json\/wp\/v2\/product_brand?post=2595"},{"taxonomy":"product_cat","embeddable":true,"href":"https:\/\/formationsubf.coop\/boutique\/wp-json\/wp\/v2\/product_cat?post=2595"},{"taxonomy":"product_tag","embeddable":true,"href":"https:\/\/formationsubf.coop\/boutique\/wp-json\/wp\/v2\/product_tag?post=2595"}],"curies":[{"name":"wp","href":"https:\/\/api.w.org\/{rel}","templated":true}]}}