{"id":2518,"date":"2020-05-12T13:33:09","date_gmt":"2020-05-12T17:33:09","guid":{"rendered":"http:\/\/orthoubf.coop\/?post_type=product&#038;p=2518"},"modified":"2024-10-23T15:18:48","modified_gmt":"2024-10-23T19:18:48","slug":"rouleau-de-gaze-sterile-50-mm-2-po","status":"publish","type":"product","link":"https:\/\/formationsubf.coop\/boutique\/product\/rouleau-de-gaze-sterile-50-mm-2-po\/","title":{"rendered":"ROULEAU DE GAZE ST\u00c9RILE 2\u00a0\u00bb\/UNIT\u00c9"},"content":{"rendered":"<p>Le rouleau de gaze st\u00e9rile est id\u00e9al pour les trousses de premiers secours, au travail, en CPE, en bateau, camping etc&#8230;<\/p>\n","protected":false},"excerpt":{"rendered":"<ul>\n<li>Largeur: 50mm (2 po).<\/li>\n<li>100% coton.<\/li>\n<li>Permet de fixer en place les compresses pour un meilleur contr\u00f4le de l&rsquo;h\u00e9morragie.<\/li>\n<li>St\u00e9rile.<\/li>\n<li>Emball\u00e9 individuellement.<\/li>\n<\/ul>\n","protected":false},"featured_media":2519,"comment_status":"closed","ping_status":"closed","template":"","meta":[],"product_brand":[],"product_cat":[845,413],"product_tag":[1206,840],"class_list":{"0":"post-2518","1":"product","2":"type-product","3":"status-publish","4":"has-post-thumbnail","6":"product_cat-gaze-et-pansements-absorbants","7":"product_cat-premiers-soins","8":"product_tag-rouleau-de-gaze","9":"product_tag-sterile","11":"first","12":"outofstock","13":"taxable","14":"shipping-taxable","15":"purchasable","16":"product-type-simple"},"yoast_head":"<!-- This site is optimized with the Yoast SEO plugin v27.6 - https:\/\/yoast.com\/product\/yoast-seo-wordpress\/ -->\n<title>ROULEAU DE GAZE ST\u00c9RILE 2&#039;&#039;\/UNIT\u00c9 - Formations UBF | Boutique<\/title>\n<meta name=\"description\" content=\"Le rouleau de gaze st\u00e9rile est id\u00e9al pour les trousses de premiers secours, au travail, en CPE, en bateau, camping etc...\" \/>\n<meta name=\"robots\" content=\"index, follow, max-snippet:-1, max-image-preview:large, max-video-preview:-1\" \/>\n<link rel=\"canonical\" href=\"https:\/\/formationsubf.coop\/boutique\/product\/rouleau-de-gaze-sterile-50-mm-2-po\/\" \/>\n<meta property=\"og:locale\" content=\"fr_FR\" \/>\n<meta property=\"og:type\" content=\"article\" \/>\n<meta property=\"og:title\" content=\"ROULEAU DE GAZE ST\u00c9RILE 2&#039;&#039;\/UNIT\u00c9 - Formations UBF | Boutique\" \/>\n<meta property=\"og:description\" content=\"Le rouleau de gaze st\u00e9rile est id\u00e9al pour les trousses de premiers secours, au travail, en CPE, en bateau, camping etc...\" \/>\n<meta property=\"og:url\" content=\"https:\/\/formationsubf.coop\/boutique\/product\/rouleau-de-gaze-sterile-50-mm-2-po\/\" \/>\n<meta property=\"og:site_name\" content=\"Formations UBF | Boutique\" \/>\n<meta property=\"article:publisher\" content=\"https:\/\/www.facebook.com\/ubfmaterielmedicaletorthopedique\" \/>\n<meta property=\"article:modified_time\" content=\"2024-10-23T19:18:48+00:00\" \/>\n<meta property=\"og:image\" content=\"https:\/\/formationsubf.coop\/boutique\/wp-content\/uploads\/2020\/05\/S134CA-50-Rouleau-de-gaze-st\u00e9rile-50-mm-2-po-e1589304762356.jpg\" \/>\n\t<meta property=\"og:image:width\" content=\"500\" \/>\n\t<meta property=\"og:image:height\" content=\"499\" \/>\n\t<meta property=\"og:image:type\" content=\"image\/jpeg\" \/>\n<meta name=\"twitter:card\" content=\"summary_large_image\" \/>\n<script type=\"application\/ld+json\" class=\"yoast-schema-graph\">{\"@context\":\"https:\\\/\\\/schema.org\",\"@graph\":[{\"@type\":\"WebPage\",\"@id\":\"https:\\\/\\\/formationsubf.coop\\\/boutique\\\/product\\\/rouleau-de-gaze-sterile-50-mm-2-po\\\/\",\"url\":\"https:\\\/\\\/formationsubf.coop\\\/boutique\\\/product\\\/rouleau-de-gaze-sterile-50-mm-2-po\\\/\",\"name\":\"ROULEAU DE GAZE ST\u00c9RILE 2''\\\/UNIT\u00c9 - Formations UBF | Boutique\",\"isPartOf\":{\"@id\":\"https:\\\/\\\/formationsubf.coop\\\/boutique\\\/#website\"},\"primaryImageOfPage\":{\"@id\":\"https:\\\/\\\/formationsubf.coop\\\/boutique\\\/product\\\/rouleau-de-gaze-sterile-50-mm-2-po\\\/#primaryimage\"},\"image\":{\"@id\":\"https:\\\/\\\/formationsubf.coop\\\/boutique\\\/product\\\/rouleau-de-gaze-sterile-50-mm-2-po\\\/#primaryimage\"},\"thumbnailUrl\":\"https:\\\/\\\/formationsubf.coop\\\/boutique\\\/wp-content\\\/uploads\\\/2020\\\/05\\\/S134CA-50-Rouleau-de-gaze-st\u00e9rile-50-mm-2-po-e1589304762356.jpg\",\"datePublished\":\"2020-05-12T17:33:09+00:00\",\"dateModified\":\"2024-10-23T19:18:48+00:00\",\"description\":\"Le rouleau de gaze st\u00e9rile est id\u00e9al pour les trousses de premiers secours, au travail, en CPE, en bateau, camping etc...\",\"breadcrumb\":{\"@id\":\"https:\\\/\\\/formationsubf.coop\\\/boutique\\\/product\\\/rouleau-de-gaze-sterile-50-mm-2-po\\\/#breadcrumb\"},\"inLanguage\":\"fr-FR\",\"potentialAction\":[{\"@type\":\"ReadAction\",\"target\":[\"https:\\\/\\\/formationsubf.coop\\\/boutique\\\/product\\\/rouleau-de-gaze-sterile-50-mm-2-po\\\/\"]}]},{\"@type\":\"ImageObject\",\"inLanguage\":\"fr-FR\",\"@id\":\"https:\\\/\\\/formationsubf.coop\\\/boutique\\\/product\\\/rouleau-de-gaze-sterile-50-mm-2-po\\\/#primaryimage\",\"url\":\"https:\\\/\\\/formationsubf.coop\\\/boutique\\\/wp-content\\\/uploads\\\/2020\\\/05\\\/S134CA-50-Rouleau-de-gaze-st\u00e9rile-50-mm-2-po-e1589304762356.jpg\",\"contentUrl\":\"https:\\\/\\\/formationsubf.coop\\\/boutique\\\/wp-content\\\/uploads\\\/2020\\\/05\\\/S134CA-50-Rouleau-de-gaze-st\u00e9rile-50-mm-2-po-e1589304762356.jpg\",\"width\":500,\"height\":499,\"caption\":\"Rouleau de gaze st\u00e9rile 50 mm 2 po\"},{\"@type\":\"BreadcrumbList\",\"@id\":\"https:\\\/\\\/formationsubf.coop\\\/boutique\\\/product\\\/rouleau-de-gaze-sterile-50-mm-2-po\\\/#breadcrumb\",\"itemListElement\":[{\"@type\":\"ListItem\",\"position\":1,\"name\":\"Accueil\",\"item\":\"https:\\\/\\\/formationsubf.coop\\\/boutique\\\/\"},{\"@type\":\"ListItem\",\"position\":2,\"name\":\"Boutique\",\"item\":\"https:\\\/\\\/formationsubf.coop\\\/boutique\\\/produits\\\/\"},{\"@type\":\"ListItem\",\"position\":3,\"name\":\"Premiers Soins\",\"item\":\"https:\\\/\\\/formationsubf.coop\\\/boutique\\\/product-category\\\/premiers-soins\\\/\"},{\"@type\":\"ListItem\",\"position\":4,\"name\":\"Gaze et pansements absorbants\",\"item\":\"https:\\\/\\\/formationsubf.coop\\\/boutique\\\/product-category\\\/premiers-soins\\\/gaze-et-pansements-absorbants\\\/\"},{\"@type\":\"ListItem\",\"position\":5,\"name\":\"ROULEAU DE GAZE ST\u00c9RILE 2&#8221;\\\/UNIT\u00c9\"}]},{\"@type\":\"WebSite\",\"@id\":\"https:\\\/\\\/formationsubf.coop\\\/boutique\\\/#website\",\"url\":\"https:\\\/\\\/formationsubf.coop\\\/boutique\\\/\",\"name\":\"Formations UBF | Boutique\",\"description\":\"\",\"potentialAction\":[{\"@type\":\"SearchAction\",\"target\":{\"@type\":\"EntryPoint\",\"urlTemplate\":\"https:\\\/\\\/formationsubf.coop\\\/boutique\\\/?s={search_term_string}\"},\"query-input\":{\"@type\":\"PropertyValueSpecification\",\"valueRequired\":true,\"valueName\":\"search_term_string\"}}],\"inLanguage\":\"fr-FR\"}]}<\/script>\n<!-- \/ Yoast SEO plugin. -->","yoast_head_json":{"title":"ROULEAU DE GAZE ST\u00c9RILE 2''\/UNIT\u00c9 - Formations UBF | Boutique","description":"Le rouleau de gaze st\u00e9rile est id\u00e9al pour les trousses de premiers secours, au travail, en CPE, en bateau, camping etc...","robots":{"index":"index","follow":"follow","max-snippet":"max-snippet:-1","max-image-preview":"max-image-preview:large","max-video-preview":"max-video-preview:-1"},"canonical":"https:\/\/formationsubf.coop\/boutique\/product\/rouleau-de-gaze-sterile-50-mm-2-po\/","og_locale":"fr_FR","og_type":"article","og_title":"ROULEAU DE GAZE ST\u00c9RILE 2''\/UNIT\u00c9 - Formations UBF | Boutique","og_description":"Le rouleau de gaze st\u00e9rile est id\u00e9al pour les trousses de premiers secours, au travail, en CPE, en bateau, camping etc...","og_url":"https:\/\/formationsubf.coop\/boutique\/product\/rouleau-de-gaze-sterile-50-mm-2-po\/","og_site_name":"Formations UBF | Boutique","article_publisher":"https:\/\/www.facebook.com\/ubfmaterielmedicaletorthopedique","article_modified_time":"2024-10-23T19:18:48+00:00","og_image":[{"width":500,"height":499,"url":"https:\/\/formationsubf.coop\/boutique\/wp-content\/uploads\/2020\/05\/S134CA-50-Rouleau-de-gaze-st\u00e9rile-50-mm-2-po-e1589304762356.jpg","type":"image\/jpeg"}],"twitter_card":"summary_large_image","schema":{"@context":"https:\/\/schema.org","@graph":[{"@type":"WebPage","@id":"https:\/\/formationsubf.coop\/boutique\/product\/rouleau-de-gaze-sterile-50-mm-2-po\/","url":"https:\/\/formationsubf.coop\/boutique\/product\/rouleau-de-gaze-sterile-50-mm-2-po\/","name":"ROULEAU DE GAZE ST\u00c9RILE 2''\/UNIT\u00c9 - Formations UBF | Boutique","isPartOf":{"@id":"https:\/\/formationsubf.coop\/boutique\/#website"},"primaryImageOfPage":{"@id":"https:\/\/formationsubf.coop\/boutique\/product\/rouleau-de-gaze-sterile-50-mm-2-po\/#primaryimage"},"image":{"@id":"https:\/\/formationsubf.coop\/boutique\/product\/rouleau-de-gaze-sterile-50-mm-2-po\/#primaryimage"},"thumbnailUrl":"https:\/\/formationsubf.coop\/boutique\/wp-content\/uploads\/2020\/05\/S134CA-50-Rouleau-de-gaze-st\u00e9rile-50-mm-2-po-e1589304762356.jpg","datePublished":"2020-05-12T17:33:09+00:00","dateModified":"2024-10-23T19:18:48+00:00","description":"Le rouleau de gaze st\u00e9rile est id\u00e9al pour les trousses de premiers secours, au travail, en CPE, en bateau, camping etc...","breadcrumb":{"@id":"https:\/\/formationsubf.coop\/boutique\/product\/rouleau-de-gaze-sterile-50-mm-2-po\/#breadcrumb"},"inLanguage":"fr-FR","potentialAction":[{"@type":"ReadAction","target":["https:\/\/formationsubf.coop\/boutique\/product\/rouleau-de-gaze-sterile-50-mm-2-po\/"]}]},{"@type":"ImageObject","inLanguage":"fr-FR","@id":"https:\/\/formationsubf.coop\/boutique\/product\/rouleau-de-gaze-sterile-50-mm-2-po\/#primaryimage","url":"https:\/\/formationsubf.coop\/boutique\/wp-content\/uploads\/2020\/05\/S134CA-50-Rouleau-de-gaze-st\u00e9rile-50-mm-2-po-e1589304762356.jpg","contentUrl":"https:\/\/formationsubf.coop\/boutique\/wp-content\/uploads\/2020\/05\/S134CA-50-Rouleau-de-gaze-st\u00e9rile-50-mm-2-po-e1589304762356.jpg","width":500,"height":499,"caption":"Rouleau de gaze st\u00e9rile 50 mm 2 po"},{"@type":"BreadcrumbList","@id":"https:\/\/formationsubf.coop\/boutique\/product\/rouleau-de-gaze-sterile-50-mm-2-po\/#breadcrumb","itemListElement":[{"@type":"ListItem","position":1,"name":"Accueil","item":"https:\/\/formationsubf.coop\/boutique\/"},{"@type":"ListItem","position":2,"name":"Boutique","item":"https:\/\/formationsubf.coop\/boutique\/produits\/"},{"@type":"ListItem","position":3,"name":"Premiers Soins","item":"https:\/\/formationsubf.coop\/boutique\/product-category\/premiers-soins\/"},{"@type":"ListItem","position":4,"name":"Gaze et pansements absorbants","item":"https:\/\/formationsubf.coop\/boutique\/product-category\/premiers-soins\/gaze-et-pansements-absorbants\/"},{"@type":"ListItem","position":5,"name":"ROULEAU DE GAZE ST\u00c9RILE 2&#8221;\/UNIT\u00c9"}]},{"@type":"WebSite","@id":"https:\/\/formationsubf.coop\/boutique\/#website","url":"https:\/\/formationsubf.coop\/boutique\/","name":"Formations UBF | Boutique","description":"","potentialAction":[{"@type":"SearchAction","target":{"@type":"EntryPoint","urlTemplate":"https:\/\/formationsubf.coop\/boutique\/?s={search_term_string}"},"query-input":{"@type":"PropertyValueSpecification","valueRequired":true,"valueName":"search_term_string"}}],"inLanguage":"fr-FR"}]}},"_links":{"self":[{"href":"https:\/\/formationsubf.coop\/boutique\/wp-json\/wp\/v2\/product\/2518","targetHints":{"allow":["GET"]}}],"collection":[{"href":"https:\/\/formationsubf.coop\/boutique\/wp-json\/wp\/v2\/product"}],"about":[{"href":"https:\/\/formationsubf.coop\/boutique\/wp-json\/wp\/v2\/types\/product"}],"replies":[{"embeddable":true,"href":"https:\/\/formationsubf.coop\/boutique\/wp-json\/wp\/v2\/comments?post=2518"}],"wp:featuredmedia":[{"embeddable":true,"href":"https:\/\/formationsubf.coop\/boutique\/wp-json\/wp\/v2\/media\/2519"}],"wp:attachment":[{"href":"https:\/\/formationsubf.coop\/boutique\/wp-json\/wp\/v2\/media?parent=2518"}],"wp:term":[{"taxonomy":"product_brand","embeddable":true,"href":"https:\/\/formationsubf.coop\/boutique\/wp-json\/wp\/v2\/product_brand?post=2518"},{"taxonomy":"product_cat","embeddable":true,"href":"https:\/\/formationsubf.coop\/boutique\/wp-json\/wp\/v2\/product_cat?post=2518"},{"taxonomy":"product_tag","embeddable":true,"href":"https:\/\/formationsubf.coop\/boutique\/wp-json\/wp\/v2\/product_tag?post=2518"}],"curies":[{"name":"wp","href":"https:\/\/api.w.org\/{rel}","templated":true}]}}