{"id":2165,"date":"2020-05-01T14:57:05","date_gmt":"2020-05-01T18:57:05","guid":{"rendered":"http:\/\/orthoubf.coop\/?post_type=product&#038;p=2165"},"modified":"2024-10-23T15:18:38","modified_gmt":"2024-10-23T19:18:38","slug":"masques-de-protection-jetables-aab","status":"publish","type":"product","link":"https:\/\/formationsubf.coop\/boutique\/product\/masques-de-protection-jetables-aab\/","title":{"rendered":"Masque protection (50)"},"content":{"rendered":"<p>Les masques de protection jetable sont id\u00e9aux pour une utilisation quotidienne gr\u00e2ce \u00e0 ses mat\u00e9riaux de protection \u00e0 3 couches avec une respirabilit\u00e9 facile. Il est recommand\u00e9 de changer de masque toutes les 3 \u00e0 5 heures. Les masques de protection jetables AAB sont approuv\u00e9s par la FDA et la CE. Ils sont \u00e9galement approuv\u00e9s BFE&gt; 99%, PFE&gt; 95%.<\/p>\n","protected":false},"excerpt":{"rendered":"<ul>\n<li>Masque de protection personnel.<\/li>\n<li>Efficacit\u00e9 de filtration des bact\u00e9ries (BFE)&gt; = 99% .<\/li>\n<li>Chaque boite contient 50 masques.<\/li>\n<\/ul>\n","protected":false},"featured_media":2168,"comment_status":"closed","ping_status":"closed","template":"","meta":[],"product_brand":[],"product_cat":[427,413],"product_tag":[1033,390,1031],"class_list":{"0":"post-2165","1":"product","2":"type-product","3":"status-publish","4":"has-post-thumbnail","6":"product_cat-gants-masques-etaccessoires","7":"product_cat-premiers-soins","8":"product_tag-aab","9":"product_tag-jetables","10":"product_tag-masques-de-protection","12":"first","13":"outofstock","14":"taxable","15":"shipping-taxable","16":"purchasable","17":"product-type-simple"},"yoast_head":"<!-- This site is optimized with the Yoast SEO plugin v27.5 - https:\/\/yoast.com\/product\/yoast-seo-wordpress\/ -->\n<title>Masque protection (50) - Formations UBF | Boutique<\/title>\n<meta name=\"description\" content=\"Les masques de protection jetable sont id\u00e9aux pour une utilisation quotidienne gr\u00e2ce \u00e0 ses mat\u00e9riaux de protection \u00e0 3 couches avec une respirabilit\u00e9 facile\" \/>\n<meta name=\"robots\" content=\"index, follow, max-snippet:-1, max-image-preview:large, max-video-preview:-1\" \/>\n<link rel=\"canonical\" href=\"https:\/\/formationsubf.coop\/boutique\/product\/masques-de-protection-jetables-aab\/\" \/>\n<meta property=\"og:locale\" content=\"fr_FR\" \/>\n<meta property=\"og:type\" content=\"article\" \/>\n<meta property=\"og:title\" content=\"Masque protection (50) - Formations UBF | Boutique\" \/>\n<meta property=\"og:description\" content=\"Les masques de protection jetable sont id\u00e9aux pour une utilisation quotidienne gr\u00e2ce \u00e0 ses mat\u00e9riaux de protection \u00e0 3 couches avec une respirabilit\u00e9 facile\" \/>\n<meta property=\"og:url\" content=\"https:\/\/formationsubf.coop\/boutique\/product\/masques-de-protection-jetables-aab\/\" \/>\n<meta property=\"og:site_name\" content=\"Formations UBF | Boutique\" \/>\n<meta property=\"article:publisher\" content=\"https:\/\/www.facebook.com\/ubfmaterielmedicaletorthopedique\" \/>\n<meta property=\"article:modified_time\" content=\"2024-10-23T19:18:38+00:00\" \/>\n<meta property=\"og:image\" content=\"https:\/\/formationsubf.coop\/boutique\/wp-content\/uploads\/2020\/05\/AAB-Disposable-protective-mask-2-e1588359392171.jpg\" \/>\n\t<meta property=\"og:image:width\" content=\"500\" \/>\n\t<meta property=\"og:image:height\" content=\"499\" \/>\n\t<meta property=\"og:image:type\" content=\"image\/jpeg\" \/>\n<meta name=\"twitter:card\" content=\"summary_large_image\" \/>\n<script type=\"application\/ld+json\" class=\"yoast-schema-graph\">{\"@context\":\"https:\\\/\\\/schema.org\",\"@graph\":[{\"@type\":\"WebPage\",\"@id\":\"https:\\\/\\\/formationsubf.coop\\\/boutique\\\/product\\\/masques-de-protection-jetables-aab\\\/\",\"url\":\"https:\\\/\\\/formationsubf.coop\\\/boutique\\\/product\\\/masques-de-protection-jetables-aab\\\/\",\"name\":\"Masque protection (50) - Formations UBF | Boutique\",\"isPartOf\":{\"@id\":\"https:\\\/\\\/formationsubf.coop\\\/boutique\\\/#website\"},\"primaryImageOfPage\":{\"@id\":\"https:\\\/\\\/formationsubf.coop\\\/boutique\\\/product\\\/masques-de-protection-jetables-aab\\\/#primaryimage\"},\"image\":{\"@id\":\"https:\\\/\\\/formationsubf.coop\\\/boutique\\\/product\\\/masques-de-protection-jetables-aab\\\/#primaryimage\"},\"thumbnailUrl\":\"https:\\\/\\\/formationsubf.coop\\\/boutique\\\/wp-content\\\/uploads\\\/2020\\\/05\\\/AAB-Disposable-protective-mask-2-e1588359392171.jpg\",\"datePublished\":\"2020-05-01T18:57:05+00:00\",\"dateModified\":\"2024-10-23T19:18:38+00:00\",\"description\":\"Les masques de protection jetable sont id\u00e9aux pour une utilisation quotidienne gr\u00e2ce \u00e0 ses mat\u00e9riaux de protection \u00e0 3 couches avec une respirabilit\u00e9 facile\",\"breadcrumb\":{\"@id\":\"https:\\\/\\\/formationsubf.coop\\\/boutique\\\/product\\\/masques-de-protection-jetables-aab\\\/#breadcrumb\"},\"inLanguage\":\"fr-FR\",\"potentialAction\":[{\"@type\":\"ReadAction\",\"target\":[\"https:\\\/\\\/formationsubf.coop\\\/boutique\\\/product\\\/masques-de-protection-jetables-aab\\\/\"]}]},{\"@type\":\"ImageObject\",\"inLanguage\":\"fr-FR\",\"@id\":\"https:\\\/\\\/formationsubf.coop\\\/boutique\\\/product\\\/masques-de-protection-jetables-aab\\\/#primaryimage\",\"url\":\"https:\\\/\\\/formationsubf.coop\\\/boutique\\\/wp-content\\\/uploads\\\/2020\\\/05\\\/AAB-Disposable-protective-mask-2-e1588359392171.jpg\",\"contentUrl\":\"https:\\\/\\\/formationsubf.coop\\\/boutique\\\/wp-content\\\/uploads\\\/2020\\\/05\\\/AAB-Disposable-protective-mask-2-e1588359392171.jpg\",\"width\":500,\"height\":499,\"caption\":\"Masques de protection jetables | AAB\"},{\"@type\":\"BreadcrumbList\",\"@id\":\"https:\\\/\\\/formationsubf.coop\\\/boutique\\\/product\\\/masques-de-protection-jetables-aab\\\/#breadcrumb\",\"itemListElement\":[{\"@type\":\"ListItem\",\"position\":1,\"name\":\"Accueil\",\"item\":\"https:\\\/\\\/formationsubf.coop\\\/boutique\\\/\"},{\"@type\":\"ListItem\",\"position\":2,\"name\":\"Boutique\",\"item\":\"https:\\\/\\\/formationsubf.coop\\\/boutique\\\/produits\\\/\"},{\"@type\":\"ListItem\",\"position\":3,\"name\":\"Premiers Soins\",\"item\":\"https:\\\/\\\/formationsubf.coop\\\/boutique\\\/product-category\\\/premiers-soins\\\/\"},{\"@type\":\"ListItem\",\"position\":4,\"name\":\"Gants, masques et accessoires\",\"item\":\"https:\\\/\\\/formationsubf.coop\\\/boutique\\\/product-category\\\/premiers-soins\\\/gants-masques-etaccessoires\\\/\"},{\"@type\":\"ListItem\",\"position\":5,\"name\":\"Masque protection (50)\"}]},{\"@type\":\"WebSite\",\"@id\":\"https:\\\/\\\/formationsubf.coop\\\/boutique\\\/#website\",\"url\":\"https:\\\/\\\/formationsubf.coop\\\/boutique\\\/\",\"name\":\"Formations UBF | Boutique\",\"description\":\"\",\"potentialAction\":[{\"@type\":\"SearchAction\",\"target\":{\"@type\":\"EntryPoint\",\"urlTemplate\":\"https:\\\/\\\/formationsubf.coop\\\/boutique\\\/?s={search_term_string}\"},\"query-input\":{\"@type\":\"PropertyValueSpecification\",\"valueRequired\":true,\"valueName\":\"search_term_string\"}}],\"inLanguage\":\"fr-FR\"}]}<\/script>\n<!-- \/ Yoast SEO plugin. -->","yoast_head_json":{"title":"Masque protection (50) - Formations UBF | Boutique","description":"Les masques de protection jetable sont id\u00e9aux pour une utilisation quotidienne gr\u00e2ce \u00e0 ses mat\u00e9riaux de protection \u00e0 3 couches avec une respirabilit\u00e9 facile","robots":{"index":"index","follow":"follow","max-snippet":"max-snippet:-1","max-image-preview":"max-image-preview:large","max-video-preview":"max-video-preview:-1"},"canonical":"https:\/\/formationsubf.coop\/boutique\/product\/masques-de-protection-jetables-aab\/","og_locale":"fr_FR","og_type":"article","og_title":"Masque protection (50) - Formations UBF | Boutique","og_description":"Les masques de protection jetable sont id\u00e9aux pour une utilisation quotidienne gr\u00e2ce \u00e0 ses mat\u00e9riaux de protection \u00e0 3 couches avec une respirabilit\u00e9 facile","og_url":"https:\/\/formationsubf.coop\/boutique\/product\/masques-de-protection-jetables-aab\/","og_site_name":"Formations UBF | Boutique","article_publisher":"https:\/\/www.facebook.com\/ubfmaterielmedicaletorthopedique","article_modified_time":"2024-10-23T19:18:38+00:00","og_image":[{"width":500,"height":499,"url":"https:\/\/formationsubf.coop\/boutique\/wp-content\/uploads\/2020\/05\/AAB-Disposable-protective-mask-2-e1588359392171.jpg","type":"image\/jpeg"}],"twitter_card":"summary_large_image","schema":{"@context":"https:\/\/schema.org","@graph":[{"@type":"WebPage","@id":"https:\/\/formationsubf.coop\/boutique\/product\/masques-de-protection-jetables-aab\/","url":"https:\/\/formationsubf.coop\/boutique\/product\/masques-de-protection-jetables-aab\/","name":"Masque protection (50) - Formations UBF | Boutique","isPartOf":{"@id":"https:\/\/formationsubf.coop\/boutique\/#website"},"primaryImageOfPage":{"@id":"https:\/\/formationsubf.coop\/boutique\/product\/masques-de-protection-jetables-aab\/#primaryimage"},"image":{"@id":"https:\/\/formationsubf.coop\/boutique\/product\/masques-de-protection-jetables-aab\/#primaryimage"},"thumbnailUrl":"https:\/\/formationsubf.coop\/boutique\/wp-content\/uploads\/2020\/05\/AAB-Disposable-protective-mask-2-e1588359392171.jpg","datePublished":"2020-05-01T18:57:05+00:00","dateModified":"2024-10-23T19:18:38+00:00","description":"Les masques de protection jetable sont id\u00e9aux pour une utilisation quotidienne gr\u00e2ce \u00e0 ses mat\u00e9riaux de protection \u00e0 3 couches avec une respirabilit\u00e9 facile","breadcrumb":{"@id":"https:\/\/formationsubf.coop\/boutique\/product\/masques-de-protection-jetables-aab\/#breadcrumb"},"inLanguage":"fr-FR","potentialAction":[{"@type":"ReadAction","target":["https:\/\/formationsubf.coop\/boutique\/product\/masques-de-protection-jetables-aab\/"]}]},{"@type":"ImageObject","inLanguage":"fr-FR","@id":"https:\/\/formationsubf.coop\/boutique\/product\/masques-de-protection-jetables-aab\/#primaryimage","url":"https:\/\/formationsubf.coop\/boutique\/wp-content\/uploads\/2020\/05\/AAB-Disposable-protective-mask-2-e1588359392171.jpg","contentUrl":"https:\/\/formationsubf.coop\/boutique\/wp-content\/uploads\/2020\/05\/AAB-Disposable-protective-mask-2-e1588359392171.jpg","width":500,"height":499,"caption":"Masques de protection jetables | AAB"},{"@type":"BreadcrumbList","@id":"https:\/\/formationsubf.coop\/boutique\/product\/masques-de-protection-jetables-aab\/#breadcrumb","itemListElement":[{"@type":"ListItem","position":1,"name":"Accueil","item":"https:\/\/formationsubf.coop\/boutique\/"},{"@type":"ListItem","position":2,"name":"Boutique","item":"https:\/\/formationsubf.coop\/boutique\/produits\/"},{"@type":"ListItem","position":3,"name":"Premiers Soins","item":"https:\/\/formationsubf.coop\/boutique\/product-category\/premiers-soins\/"},{"@type":"ListItem","position":4,"name":"Gants, masques et accessoires","item":"https:\/\/formationsubf.coop\/boutique\/product-category\/premiers-soins\/gants-masques-etaccessoires\/"},{"@type":"ListItem","position":5,"name":"Masque protection (50)"}]},{"@type":"WebSite","@id":"https:\/\/formationsubf.coop\/boutique\/#website","url":"https:\/\/formationsubf.coop\/boutique\/","name":"Formations UBF | Boutique","description":"","potentialAction":[{"@type":"SearchAction","target":{"@type":"EntryPoint","urlTemplate":"https:\/\/formationsubf.coop\/boutique\/?s={search_term_string}"},"query-input":{"@type":"PropertyValueSpecification","valueRequired":true,"valueName":"search_term_string"}}],"inLanguage":"fr-FR"}]}},"_links":{"self":[{"href":"https:\/\/formationsubf.coop\/boutique\/wp-json\/wp\/v2\/product\/2165","targetHints":{"allow":["GET"]}}],"collection":[{"href":"https:\/\/formationsubf.coop\/boutique\/wp-json\/wp\/v2\/product"}],"about":[{"href":"https:\/\/formationsubf.coop\/boutique\/wp-json\/wp\/v2\/types\/product"}],"replies":[{"embeddable":true,"href":"https:\/\/formationsubf.coop\/boutique\/wp-json\/wp\/v2\/comments?post=2165"}],"wp:featuredmedia":[{"embeddable":true,"href":"https:\/\/formationsubf.coop\/boutique\/wp-json\/wp\/v2\/media\/2168"}],"wp:attachment":[{"href":"https:\/\/formationsubf.coop\/boutique\/wp-json\/wp\/v2\/media?parent=2165"}],"wp:term":[{"taxonomy":"product_brand","embeddable":true,"href":"https:\/\/formationsubf.coop\/boutique\/wp-json\/wp\/v2\/product_brand?post=2165"},{"taxonomy":"product_cat","embeddable":true,"href":"https:\/\/formationsubf.coop\/boutique\/wp-json\/wp\/v2\/product_cat?post=2165"},{"taxonomy":"product_tag","embeddable":true,"href":"https:\/\/formationsubf.coop\/boutique\/wp-json\/wp\/v2\/product_tag?post=2165"}],"curies":[{"name":"wp","href":"https:\/\/api.w.org\/{rel}","templated":true}]}}