{"id":2075,"date":"2020-04-30T08:52:02","date_gmt":"2020-04-30T12:52:02","guid":{"rendered":"http:\/\/orthoubf.coop\/?post_type=product&#038;p=2075"},"modified":"2024-10-23T15:18:35","modified_gmt":"2024-10-23T19:18:35","slug":"masques-de-procedure-distech-bleu-5-amd-ritmed","status":"publish","type":"product","link":"https:\/\/formationsubf.coop\/boutique\/product\/masques-de-procedure-distech-bleu-5-amd-ritmed\/","title":{"rendered":"Masque AMD Distech attache auriculaire bleu (5)"},"content":{"rendered":"<p>Les masques de proc\u00e9dure Distech d&rsquo;AMD-Ritmed sont la combinaison parfaite de s\u00e9curit\u00e9, qualit\u00e9 et confort. Les masques sans latex sont con\u00e7us avec des attaches auriculaires et ils sont faciles et pratiques \u00e0 utiliser.<\/p>\n","protected":false},"excerpt":{"rendered":"<ul>\n<li>Combinaison parfaite de s\u00e9curit\u00e9, qualit\u00e9 et confort.<\/li>\n<li>Masques sans latex.<\/li>\n<li>Style \u00e0 plis avec attache auriculaire.<\/li>\n<li>Facile et pratique \u00e0 utiliser.<\/li>\n<li>Couleur: Bleu<\/li>\n<li>Cinq (5) masques par paquets.<\/li>\n<\/ul>\n","protected":false},"featured_media":2076,"comment_status":"closed","ping_status":"closed","template":"","meta":[],"product_brand":[],"product_cat":[427,413],"product_tag":[971,617,970,969],"class_list":{"0":"post-2075","1":"product","2":"type-product","3":"status-publish","4":"has-post-thumbnail","6":"product_cat-gants-masques-etaccessoires","7":"product_cat-premiers-soins","8":"product_tag-amd-ritmed","9":"product_tag-bleu","10":"product_tag-distech","11":"product_tag-masques-de-procedure","13":"first","14":"outofstock","15":"taxable","16":"shipping-taxable","17":"purchasable","18":"product-type-simple"},"yoast_head":"<!-- This site is optimized with the Yoast SEO plugin v27.5 - https:\/\/yoast.com\/product\/yoast-seo-wordpress\/ -->\n<title>Masque AMD Distech attache auriculaire bleu (5) - Formations UBF | Boutique<\/title>\n<meta name=\"description\" content=\"Les masques de proc\u00e9dure Distech d&#039;AMD-Ritmed sans latex et avec des attaches auriculaire sont la combinaison parfaite de s\u00e9curit\u00e9, qualit\u00e9 et confort.\" \/>\n<meta name=\"robots\" content=\"index, follow, max-snippet:-1, max-image-preview:large, max-video-preview:-1\" \/>\n<link rel=\"canonical\" href=\"https:\/\/formationsubf.coop\/boutique\/product\/masques-de-procedure-distech-bleu-5-amd-ritmed\/\" \/>\n<meta property=\"og:locale\" content=\"fr_FR\" \/>\n<meta property=\"og:type\" content=\"article\" \/>\n<meta property=\"og:title\" content=\"Masque AMD Distech attache auriculaire bleu (5) - Formations UBF | Boutique\" \/>\n<meta property=\"og:description\" content=\"Les masques de proc\u00e9dure Distech d&#039;AMD-Ritmed sans latex et avec des attaches auriculaire sont la combinaison parfaite de s\u00e9curit\u00e9, qualit\u00e9 et confort.\" \/>\n<meta property=\"og:url\" content=\"https:\/\/formationsubf.coop\/boutique\/product\/masques-de-procedure-distech-bleu-5-amd-ritmed\/\" \/>\n<meta property=\"og:site_name\" content=\"Formations UBF | Boutique\" \/>\n<meta property=\"article:publisher\" content=\"https:\/\/www.facebook.com\/ubfmaterielmedicaletorthopedique\" \/>\n<meta property=\"article:modified_time\" content=\"2024-10-23T19:18:35+00:00\" \/>\n<meta property=\"og:image\" content=\"https:\/\/formationsubf.coop\/boutique\/wp-content\/uploads\/2020\/04\/2115-Masques-de-proc\u00e9dure-DisTech-Bleu-AMD-Ritmed-e1588251056334.jpg\" \/>\n\t<meta property=\"og:image:width\" content=\"500\" \/>\n\t<meta property=\"og:image:height\" content=\"499\" \/>\n\t<meta property=\"og:image:type\" content=\"image\/jpeg\" \/>\n<meta name=\"twitter:card\" content=\"summary_large_image\" \/>\n<script type=\"application\/ld+json\" class=\"yoast-schema-graph\">{\"@context\":\"https:\\\/\\\/schema.org\",\"@graph\":[{\"@type\":\"WebPage\",\"@id\":\"https:\\\/\\\/formationsubf.coop\\\/boutique\\\/product\\\/masques-de-procedure-distech-bleu-5-amd-ritmed\\\/\",\"url\":\"https:\\\/\\\/formationsubf.coop\\\/boutique\\\/product\\\/masques-de-procedure-distech-bleu-5-amd-ritmed\\\/\",\"name\":\"Masque AMD Distech attache auriculaire bleu (5) - Formations UBF | Boutique\",\"isPartOf\":{\"@id\":\"https:\\\/\\\/formationsubf.coop\\\/boutique\\\/#website\"},\"primaryImageOfPage\":{\"@id\":\"https:\\\/\\\/formationsubf.coop\\\/boutique\\\/product\\\/masques-de-procedure-distech-bleu-5-amd-ritmed\\\/#primaryimage\"},\"image\":{\"@id\":\"https:\\\/\\\/formationsubf.coop\\\/boutique\\\/product\\\/masques-de-procedure-distech-bleu-5-amd-ritmed\\\/#primaryimage\"},\"thumbnailUrl\":\"https:\\\/\\\/formationsubf.coop\\\/boutique\\\/wp-content\\\/uploads\\\/2020\\\/04\\\/2115-Masques-de-proc\u00e9dure-DisTech-Bleu-AMD-Ritmed-e1588251056334.jpg\",\"datePublished\":\"2020-04-30T12:52:02+00:00\",\"dateModified\":\"2024-10-23T19:18:35+00:00\",\"description\":\"Les masques de proc\u00e9dure Distech d'AMD-Ritmed sans latex et avec des attaches auriculaire sont la combinaison parfaite de s\u00e9curit\u00e9, qualit\u00e9 et confort.\",\"breadcrumb\":{\"@id\":\"https:\\\/\\\/formationsubf.coop\\\/boutique\\\/product\\\/masques-de-procedure-distech-bleu-5-amd-ritmed\\\/#breadcrumb\"},\"inLanguage\":\"fr-FR\",\"potentialAction\":[{\"@type\":\"ReadAction\",\"target\":[\"https:\\\/\\\/formationsubf.coop\\\/boutique\\\/product\\\/masques-de-procedure-distech-bleu-5-amd-ritmed\\\/\"]}]},{\"@type\":\"ImageObject\",\"inLanguage\":\"fr-FR\",\"@id\":\"https:\\\/\\\/formationsubf.coop\\\/boutique\\\/product\\\/masques-de-procedure-distech-bleu-5-amd-ritmed\\\/#primaryimage\",\"url\":\"https:\\\/\\\/formationsubf.coop\\\/boutique\\\/wp-content\\\/uploads\\\/2020\\\/04\\\/2115-Masques-de-proc\u00e9dure-DisTech-Bleu-AMD-Ritmed-e1588251056334.jpg\",\"contentUrl\":\"https:\\\/\\\/formationsubf.coop\\\/boutique\\\/wp-content\\\/uploads\\\/2020\\\/04\\\/2115-Masques-de-proc\u00e9dure-DisTech-Bleu-AMD-Ritmed-e1588251056334.jpg\",\"width\":500,\"height\":499,\"caption\":\"Masques de proc\u00e9dure Distech Bleu | AMD-Ritmed\"},{\"@type\":\"BreadcrumbList\",\"@id\":\"https:\\\/\\\/formationsubf.coop\\\/boutique\\\/product\\\/masques-de-procedure-distech-bleu-5-amd-ritmed\\\/#breadcrumb\",\"itemListElement\":[{\"@type\":\"ListItem\",\"position\":1,\"name\":\"Accueil\",\"item\":\"https:\\\/\\\/formationsubf.coop\\\/boutique\\\/\"},{\"@type\":\"ListItem\",\"position\":2,\"name\":\"Boutique\",\"item\":\"https:\\\/\\\/formationsubf.coop\\\/boutique\\\/produits\\\/\"},{\"@type\":\"ListItem\",\"position\":3,\"name\":\"Premiers Soins\",\"item\":\"https:\\\/\\\/formationsubf.coop\\\/boutique\\\/product-category\\\/premiers-soins\\\/\"},{\"@type\":\"ListItem\",\"position\":4,\"name\":\"Gants, masques et accessoires\",\"item\":\"https:\\\/\\\/formationsubf.coop\\\/boutique\\\/product-category\\\/premiers-soins\\\/gants-masques-etaccessoires\\\/\"},{\"@type\":\"ListItem\",\"position\":5,\"name\":\"Masque AMD Distech attache auriculaire bleu (5)\"}]},{\"@type\":\"WebSite\",\"@id\":\"https:\\\/\\\/formationsubf.coop\\\/boutique\\\/#website\",\"url\":\"https:\\\/\\\/formationsubf.coop\\\/boutique\\\/\",\"name\":\"Formations UBF | Boutique\",\"description\":\"\",\"potentialAction\":[{\"@type\":\"SearchAction\",\"target\":{\"@type\":\"EntryPoint\",\"urlTemplate\":\"https:\\\/\\\/formationsubf.coop\\\/boutique\\\/?s={search_term_string}\"},\"query-input\":{\"@type\":\"PropertyValueSpecification\",\"valueRequired\":true,\"valueName\":\"search_term_string\"}}],\"inLanguage\":\"fr-FR\"}]}<\/script>\n<!-- \/ Yoast SEO plugin. -->","yoast_head_json":{"title":"Masque AMD Distech attache auriculaire bleu (5) - Formations UBF | Boutique","description":"Les masques de proc\u00e9dure Distech d'AMD-Ritmed sans latex et avec des attaches auriculaire sont la combinaison parfaite de s\u00e9curit\u00e9, qualit\u00e9 et confort.","robots":{"index":"index","follow":"follow","max-snippet":"max-snippet:-1","max-image-preview":"max-image-preview:large","max-video-preview":"max-video-preview:-1"},"canonical":"https:\/\/formationsubf.coop\/boutique\/product\/masques-de-procedure-distech-bleu-5-amd-ritmed\/","og_locale":"fr_FR","og_type":"article","og_title":"Masque AMD Distech attache auriculaire bleu (5) - Formations UBF | Boutique","og_description":"Les masques de proc\u00e9dure Distech d'AMD-Ritmed sans latex et avec des attaches auriculaire sont la combinaison parfaite de s\u00e9curit\u00e9, qualit\u00e9 et confort.","og_url":"https:\/\/formationsubf.coop\/boutique\/product\/masques-de-procedure-distech-bleu-5-amd-ritmed\/","og_site_name":"Formations UBF | Boutique","article_publisher":"https:\/\/www.facebook.com\/ubfmaterielmedicaletorthopedique","article_modified_time":"2024-10-23T19:18:35+00:00","og_image":[{"width":500,"height":499,"url":"https:\/\/formationsubf.coop\/boutique\/wp-content\/uploads\/2020\/04\/2115-Masques-de-proc\u00e9dure-DisTech-Bleu-AMD-Ritmed-e1588251056334.jpg","type":"image\/jpeg"}],"twitter_card":"summary_large_image","schema":{"@context":"https:\/\/schema.org","@graph":[{"@type":"WebPage","@id":"https:\/\/formationsubf.coop\/boutique\/product\/masques-de-procedure-distech-bleu-5-amd-ritmed\/","url":"https:\/\/formationsubf.coop\/boutique\/product\/masques-de-procedure-distech-bleu-5-amd-ritmed\/","name":"Masque AMD Distech attache auriculaire bleu (5) - Formations UBF | Boutique","isPartOf":{"@id":"https:\/\/formationsubf.coop\/boutique\/#website"},"primaryImageOfPage":{"@id":"https:\/\/formationsubf.coop\/boutique\/product\/masques-de-procedure-distech-bleu-5-amd-ritmed\/#primaryimage"},"image":{"@id":"https:\/\/formationsubf.coop\/boutique\/product\/masques-de-procedure-distech-bleu-5-amd-ritmed\/#primaryimage"},"thumbnailUrl":"https:\/\/formationsubf.coop\/boutique\/wp-content\/uploads\/2020\/04\/2115-Masques-de-proc\u00e9dure-DisTech-Bleu-AMD-Ritmed-e1588251056334.jpg","datePublished":"2020-04-30T12:52:02+00:00","dateModified":"2024-10-23T19:18:35+00:00","description":"Les masques de proc\u00e9dure Distech d'AMD-Ritmed sans latex et avec des attaches auriculaire sont la combinaison parfaite de s\u00e9curit\u00e9, qualit\u00e9 et confort.","breadcrumb":{"@id":"https:\/\/formationsubf.coop\/boutique\/product\/masques-de-procedure-distech-bleu-5-amd-ritmed\/#breadcrumb"},"inLanguage":"fr-FR","potentialAction":[{"@type":"ReadAction","target":["https:\/\/formationsubf.coop\/boutique\/product\/masques-de-procedure-distech-bleu-5-amd-ritmed\/"]}]},{"@type":"ImageObject","inLanguage":"fr-FR","@id":"https:\/\/formationsubf.coop\/boutique\/product\/masques-de-procedure-distech-bleu-5-amd-ritmed\/#primaryimage","url":"https:\/\/formationsubf.coop\/boutique\/wp-content\/uploads\/2020\/04\/2115-Masques-de-proc\u00e9dure-DisTech-Bleu-AMD-Ritmed-e1588251056334.jpg","contentUrl":"https:\/\/formationsubf.coop\/boutique\/wp-content\/uploads\/2020\/04\/2115-Masques-de-proc\u00e9dure-DisTech-Bleu-AMD-Ritmed-e1588251056334.jpg","width":500,"height":499,"caption":"Masques de proc\u00e9dure Distech Bleu | AMD-Ritmed"},{"@type":"BreadcrumbList","@id":"https:\/\/formationsubf.coop\/boutique\/product\/masques-de-procedure-distech-bleu-5-amd-ritmed\/#breadcrumb","itemListElement":[{"@type":"ListItem","position":1,"name":"Accueil","item":"https:\/\/formationsubf.coop\/boutique\/"},{"@type":"ListItem","position":2,"name":"Boutique","item":"https:\/\/formationsubf.coop\/boutique\/produits\/"},{"@type":"ListItem","position":3,"name":"Premiers Soins","item":"https:\/\/formationsubf.coop\/boutique\/product-category\/premiers-soins\/"},{"@type":"ListItem","position":4,"name":"Gants, masques et accessoires","item":"https:\/\/formationsubf.coop\/boutique\/product-category\/premiers-soins\/gants-masques-etaccessoires\/"},{"@type":"ListItem","position":5,"name":"Masque AMD Distech attache auriculaire bleu (5)"}]},{"@type":"WebSite","@id":"https:\/\/formationsubf.coop\/boutique\/#website","url":"https:\/\/formationsubf.coop\/boutique\/","name":"Formations UBF | Boutique","description":"","potentialAction":[{"@type":"SearchAction","target":{"@type":"EntryPoint","urlTemplate":"https:\/\/formationsubf.coop\/boutique\/?s={search_term_string}"},"query-input":{"@type":"PropertyValueSpecification","valueRequired":true,"valueName":"search_term_string"}}],"inLanguage":"fr-FR"}]}},"_links":{"self":[{"href":"https:\/\/formationsubf.coop\/boutique\/wp-json\/wp\/v2\/product\/2075","targetHints":{"allow":["GET"]}}],"collection":[{"href":"https:\/\/formationsubf.coop\/boutique\/wp-json\/wp\/v2\/product"}],"about":[{"href":"https:\/\/formationsubf.coop\/boutique\/wp-json\/wp\/v2\/types\/product"}],"replies":[{"embeddable":true,"href":"https:\/\/formationsubf.coop\/boutique\/wp-json\/wp\/v2\/comments?post=2075"}],"wp:featuredmedia":[{"embeddable":true,"href":"https:\/\/formationsubf.coop\/boutique\/wp-json\/wp\/v2\/media\/2076"}],"wp:attachment":[{"href":"https:\/\/formationsubf.coop\/boutique\/wp-json\/wp\/v2\/media?parent=2075"}],"wp:term":[{"taxonomy":"product_brand","embeddable":true,"href":"https:\/\/formationsubf.coop\/boutique\/wp-json\/wp\/v2\/product_brand?post=2075"},{"taxonomy":"product_cat","embeddable":true,"href":"https:\/\/formationsubf.coop\/boutique\/wp-json\/wp\/v2\/product_cat?post=2075"},{"taxonomy":"product_tag","embeddable":true,"href":"https:\/\/formationsubf.coop\/boutique\/wp-json\/wp\/v2\/product_tag?post=2075"}],"curies":[{"name":"wp","href":"https:\/\/api.w.org\/{rel}","templated":true}]}}