{"id":2050,"date":"2020-04-29T18:14:17","date_gmt":"2020-04-29T18:14:17","guid":{"rendered":"http:\/\/orthoubf.coop\/?post_type=product&#038;p=2050"},"modified":"2022-07-05T07:09:58","modified_gmt":"2022-07-05T11:09:58","slug":"tampons-de-gaze-4-po-safe-cross","status":"publish","type":"product","link":"https:\/\/formationsubf.coop\/boutique\/product\/tampons-de-gaze-4-po-safe-cross\/","title":{"rendered":"Tampons de gaze 4 po | Safe Cross"},"content":{"rendered":"<p>Tampons de gaze absorbants 12 plis de haute qualit\u00e9. St\u00e9rile. Pour le pansement et le nettoyage g\u00e9n\u00e9ral.<\/p>\n","protected":false},"excerpt":{"rendered":"<ul>\n<li>Emball\u00e9 individuellement dans un emballage r\u00e9sistant \u00e0 l&rsquo;eau et inviolable.<\/li>\n<li>4 po x 4 po (10,2 x 10,2 cm).<\/li>\n<li>Vendu \u00e0 l&rsquo;unit\u00e9.<\/li>\n<\/ul>\n","protected":false},"featured_media":2051,"comment_status":"closed","ping_status":"closed","template":"","meta":[],"product_brand":[],"product_cat":[845,413],"product_tag":[608,442,1060],"class_list":{"0":"post-2050","1":"product","2":"type-product","3":"status-publish","4":"has-post-thumbnail","6":"product_cat-gaze-et-pansements-absorbants","7":"product_cat-premiers-soins","8":"product_tag-4-po","9":"product_tag-safe-cross","10":"product_tag-tampons-de-gaze","12":"first","13":"instock","14":"taxable","15":"shipping-taxable","16":"product-type-simple"},"yoast_head":"<!-- This site is optimized with the Yoast SEO plugin v27.5 - https:\/\/yoast.com\/product\/yoast-seo-wordpress\/ -->\n<title>Tampons de gaze 4 po | Safe Cross - Formations UBF | Boutique<\/title>\n<meta name=\"description\" content=\"Tampons de gaze absorbants 12 plis de haute qualit\u00e9. Pour le pansement et le nettoyage g\u00e9n\u00e9ral.\" \/>\n<meta name=\"robots\" content=\"index, follow, max-snippet:-1, max-image-preview:large, max-video-preview:-1\" \/>\n<link rel=\"canonical\" href=\"https:\/\/formationsubf.coop\/boutique\/product\/tampons-de-gaze-4-po-safe-cross\/\" \/>\n<meta property=\"og:locale\" content=\"fr_FR\" \/>\n<meta property=\"og:type\" content=\"article\" \/>\n<meta property=\"og:title\" content=\"Tampons de gaze 4 po | Safe Cross - Formations UBF | Boutique\" \/>\n<meta property=\"og:description\" content=\"Tampons de gaze absorbants 12 plis de haute qualit\u00e9. Pour le pansement et le nettoyage g\u00e9n\u00e9ral.\" \/>\n<meta property=\"og:url\" content=\"https:\/\/formationsubf.coop\/boutique\/product\/tampons-de-gaze-4-po-safe-cross\/\" \/>\n<meta property=\"og:site_name\" content=\"Formations UBF | Boutique\" \/>\n<meta property=\"article:publisher\" content=\"https:\/\/www.facebook.com\/ubfmaterielmedicaletorthopedique\" \/>\n<meta property=\"article:modified_time\" content=\"2022-07-05T11:09:58+00:00\" \/>\n<meta property=\"og:image\" content=\"https:\/\/formationsubf.coop\/boutique\/wp-content\/uploads\/2020\/04\/03222-Tampon-de-gaze-4-po-Safe-Cross-e1588184016740.jpg\" \/>\n\t<meta property=\"og:image:width\" content=\"500\" \/>\n\t<meta property=\"og:image:height\" content=\"499\" \/>\n\t<meta property=\"og:image:type\" content=\"image\/jpeg\" \/>\n<meta name=\"twitter:card\" content=\"summary_large_image\" \/>\n<script type=\"application\/ld+json\" class=\"yoast-schema-graph\">{\"@context\":\"https:\\\/\\\/schema.org\",\"@graph\":[{\"@type\":\"WebPage\",\"@id\":\"https:\\\/\\\/formationsubf.coop\\\/boutique\\\/product\\\/tampons-de-gaze-4-po-safe-cross\\\/\",\"url\":\"https:\\\/\\\/formationsubf.coop\\\/boutique\\\/product\\\/tampons-de-gaze-4-po-safe-cross\\\/\",\"name\":\"Tampons de gaze 4 po | Safe Cross - Formations UBF | Boutique\",\"isPartOf\":{\"@id\":\"https:\\\/\\\/formationsubf.coop\\\/boutique\\\/#website\"},\"primaryImageOfPage\":{\"@id\":\"https:\\\/\\\/formationsubf.coop\\\/boutique\\\/product\\\/tampons-de-gaze-4-po-safe-cross\\\/#primaryimage\"},\"image\":{\"@id\":\"https:\\\/\\\/formationsubf.coop\\\/boutique\\\/product\\\/tampons-de-gaze-4-po-safe-cross\\\/#primaryimage\"},\"thumbnailUrl\":\"https:\\\/\\\/formationsubf.coop\\\/boutique\\\/wp-content\\\/uploads\\\/2020\\\/04\\\/03222-Tampon-de-gaze-4-po-Safe-Cross-e1588184016740.jpg\",\"datePublished\":\"2020-04-29T18:14:17+00:00\",\"dateModified\":\"2022-07-05T11:09:58+00:00\",\"description\":\"Tampons de gaze absorbants 12 plis de haute qualit\u00e9. Pour le pansement et le nettoyage g\u00e9n\u00e9ral.\",\"breadcrumb\":{\"@id\":\"https:\\\/\\\/formationsubf.coop\\\/boutique\\\/product\\\/tampons-de-gaze-4-po-safe-cross\\\/#breadcrumb\"},\"inLanguage\":\"fr-FR\",\"potentialAction\":[{\"@type\":\"ReadAction\",\"target\":[\"https:\\\/\\\/formationsubf.coop\\\/boutique\\\/product\\\/tampons-de-gaze-4-po-safe-cross\\\/\"]}]},{\"@type\":\"ImageObject\",\"inLanguage\":\"fr-FR\",\"@id\":\"https:\\\/\\\/formationsubf.coop\\\/boutique\\\/product\\\/tampons-de-gaze-4-po-safe-cross\\\/#primaryimage\",\"url\":\"https:\\\/\\\/formationsubf.coop\\\/boutique\\\/wp-content\\\/uploads\\\/2020\\\/04\\\/03222-Tampon-de-gaze-4-po-Safe-Cross-e1588184016740.jpg\",\"contentUrl\":\"https:\\\/\\\/formationsubf.coop\\\/boutique\\\/wp-content\\\/uploads\\\/2020\\\/04\\\/03222-Tampon-de-gaze-4-po-Safe-Cross-e1588184016740.jpg\",\"width\":500,\"height\":499,\"caption\":\"Tampons de gaze 4 po | Safe Cross\"},{\"@type\":\"BreadcrumbList\",\"@id\":\"https:\\\/\\\/formationsubf.coop\\\/boutique\\\/product\\\/tampons-de-gaze-4-po-safe-cross\\\/#breadcrumb\",\"itemListElement\":[{\"@type\":\"ListItem\",\"position\":1,\"name\":\"Accueil\",\"item\":\"https:\\\/\\\/formationsubf.coop\\\/boutique\\\/\"},{\"@type\":\"ListItem\",\"position\":2,\"name\":\"Boutique\",\"item\":\"https:\\\/\\\/formationsubf.coop\\\/boutique\\\/produits\\\/\"},{\"@type\":\"ListItem\",\"position\":3,\"name\":\"Premiers Soins\",\"item\":\"https:\\\/\\\/formationsubf.coop\\\/boutique\\\/product-category\\\/premiers-soins\\\/\"},{\"@type\":\"ListItem\",\"position\":4,\"name\":\"Gaze et pansements absorbants\",\"item\":\"https:\\\/\\\/formationsubf.coop\\\/boutique\\\/product-category\\\/premiers-soins\\\/gaze-et-pansements-absorbants\\\/\"},{\"@type\":\"ListItem\",\"position\":5,\"name\":\"Tampons de gaze 4 po | Safe Cross\"}]},{\"@type\":\"WebSite\",\"@id\":\"https:\\\/\\\/formationsubf.coop\\\/boutique\\\/#website\",\"url\":\"https:\\\/\\\/formationsubf.coop\\\/boutique\\\/\",\"name\":\"Formations UBF | Boutique\",\"description\":\"\",\"potentialAction\":[{\"@type\":\"SearchAction\",\"target\":{\"@type\":\"EntryPoint\",\"urlTemplate\":\"https:\\\/\\\/formationsubf.coop\\\/boutique\\\/?s={search_term_string}\"},\"query-input\":{\"@type\":\"PropertyValueSpecification\",\"valueRequired\":true,\"valueName\":\"search_term_string\"}}],\"inLanguage\":\"fr-FR\"}]}<\/script>\n<!-- \/ Yoast SEO plugin. -->","yoast_head_json":{"title":"Tampons de gaze 4 po | Safe Cross - Formations UBF | Boutique","description":"Tampons de gaze absorbants 12 plis de haute qualit\u00e9. Pour le pansement et le nettoyage g\u00e9n\u00e9ral.","robots":{"index":"index","follow":"follow","max-snippet":"max-snippet:-1","max-image-preview":"max-image-preview:large","max-video-preview":"max-video-preview:-1"},"canonical":"https:\/\/formationsubf.coop\/boutique\/product\/tampons-de-gaze-4-po-safe-cross\/","og_locale":"fr_FR","og_type":"article","og_title":"Tampons de gaze 4 po | Safe Cross - Formations UBF | Boutique","og_description":"Tampons de gaze absorbants 12 plis de haute qualit\u00e9. Pour le pansement et le nettoyage g\u00e9n\u00e9ral.","og_url":"https:\/\/formationsubf.coop\/boutique\/product\/tampons-de-gaze-4-po-safe-cross\/","og_site_name":"Formations UBF | Boutique","article_publisher":"https:\/\/www.facebook.com\/ubfmaterielmedicaletorthopedique","article_modified_time":"2022-07-05T11:09:58+00:00","og_image":[{"width":500,"height":499,"url":"https:\/\/formationsubf.coop\/boutique\/wp-content\/uploads\/2020\/04\/03222-Tampon-de-gaze-4-po-Safe-Cross-e1588184016740.jpg","type":"image\/jpeg"}],"twitter_card":"summary_large_image","schema":{"@context":"https:\/\/schema.org","@graph":[{"@type":"WebPage","@id":"https:\/\/formationsubf.coop\/boutique\/product\/tampons-de-gaze-4-po-safe-cross\/","url":"https:\/\/formationsubf.coop\/boutique\/product\/tampons-de-gaze-4-po-safe-cross\/","name":"Tampons de gaze 4 po | Safe Cross - Formations UBF | Boutique","isPartOf":{"@id":"https:\/\/formationsubf.coop\/boutique\/#website"},"primaryImageOfPage":{"@id":"https:\/\/formationsubf.coop\/boutique\/product\/tampons-de-gaze-4-po-safe-cross\/#primaryimage"},"image":{"@id":"https:\/\/formationsubf.coop\/boutique\/product\/tampons-de-gaze-4-po-safe-cross\/#primaryimage"},"thumbnailUrl":"https:\/\/formationsubf.coop\/boutique\/wp-content\/uploads\/2020\/04\/03222-Tampon-de-gaze-4-po-Safe-Cross-e1588184016740.jpg","datePublished":"2020-04-29T18:14:17+00:00","dateModified":"2022-07-05T11:09:58+00:00","description":"Tampons de gaze absorbants 12 plis de haute qualit\u00e9. Pour le pansement et le nettoyage g\u00e9n\u00e9ral.","breadcrumb":{"@id":"https:\/\/formationsubf.coop\/boutique\/product\/tampons-de-gaze-4-po-safe-cross\/#breadcrumb"},"inLanguage":"fr-FR","potentialAction":[{"@type":"ReadAction","target":["https:\/\/formationsubf.coop\/boutique\/product\/tampons-de-gaze-4-po-safe-cross\/"]}]},{"@type":"ImageObject","inLanguage":"fr-FR","@id":"https:\/\/formationsubf.coop\/boutique\/product\/tampons-de-gaze-4-po-safe-cross\/#primaryimage","url":"https:\/\/formationsubf.coop\/boutique\/wp-content\/uploads\/2020\/04\/03222-Tampon-de-gaze-4-po-Safe-Cross-e1588184016740.jpg","contentUrl":"https:\/\/formationsubf.coop\/boutique\/wp-content\/uploads\/2020\/04\/03222-Tampon-de-gaze-4-po-Safe-Cross-e1588184016740.jpg","width":500,"height":499,"caption":"Tampons de gaze 4 po | Safe Cross"},{"@type":"BreadcrumbList","@id":"https:\/\/formationsubf.coop\/boutique\/product\/tampons-de-gaze-4-po-safe-cross\/#breadcrumb","itemListElement":[{"@type":"ListItem","position":1,"name":"Accueil","item":"https:\/\/formationsubf.coop\/boutique\/"},{"@type":"ListItem","position":2,"name":"Boutique","item":"https:\/\/formationsubf.coop\/boutique\/produits\/"},{"@type":"ListItem","position":3,"name":"Premiers Soins","item":"https:\/\/formationsubf.coop\/boutique\/product-category\/premiers-soins\/"},{"@type":"ListItem","position":4,"name":"Gaze et pansements absorbants","item":"https:\/\/formationsubf.coop\/boutique\/product-category\/premiers-soins\/gaze-et-pansements-absorbants\/"},{"@type":"ListItem","position":5,"name":"Tampons de gaze 4 po | Safe Cross"}]},{"@type":"WebSite","@id":"https:\/\/formationsubf.coop\/boutique\/#website","url":"https:\/\/formationsubf.coop\/boutique\/","name":"Formations UBF | Boutique","description":"","potentialAction":[{"@type":"SearchAction","target":{"@type":"EntryPoint","urlTemplate":"https:\/\/formationsubf.coop\/boutique\/?s={search_term_string}"},"query-input":{"@type":"PropertyValueSpecification","valueRequired":true,"valueName":"search_term_string"}}],"inLanguage":"fr-FR"}]}},"_links":{"self":[{"href":"https:\/\/formationsubf.coop\/boutique\/wp-json\/wp\/v2\/product\/2050","targetHints":{"allow":["GET"]}}],"collection":[{"href":"https:\/\/formationsubf.coop\/boutique\/wp-json\/wp\/v2\/product"}],"about":[{"href":"https:\/\/formationsubf.coop\/boutique\/wp-json\/wp\/v2\/types\/product"}],"replies":[{"embeddable":true,"href":"https:\/\/formationsubf.coop\/boutique\/wp-json\/wp\/v2\/comments?post=2050"}],"wp:featuredmedia":[{"embeddable":true,"href":"https:\/\/formationsubf.coop\/boutique\/wp-json\/wp\/v2\/media\/2051"}],"wp:attachment":[{"href":"https:\/\/formationsubf.coop\/boutique\/wp-json\/wp\/v2\/media?parent=2050"}],"wp:term":[{"taxonomy":"product_brand","embeddable":true,"href":"https:\/\/formationsubf.coop\/boutique\/wp-json\/wp\/v2\/product_brand?post=2050"},{"taxonomy":"product_cat","embeddable":true,"href":"https:\/\/formationsubf.coop\/boutique\/wp-json\/wp\/v2\/product_cat?post=2050"},{"taxonomy":"product_tag","embeddable":true,"href":"https:\/\/formationsubf.coop\/boutique\/wp-json\/wp\/v2\/product_tag?post=2050"}],"curies":[{"name":"wp","href":"https:\/\/api.w.org\/{rel}","templated":true}]}}