{"id":1922,"date":"2020-04-28T12:10:39","date_gmt":"2020-04-28T16:10:39","guid":{"rendered":"http:\/\/orthoubf.coop\/?post_type=product&#038;p=1922"},"modified":"2024-12-05T11:35:57","modified_gmt":"2024-12-05T16:35:57","slug":"electrodes-cpr-d-padz-zoll","status":"publish","type":"product","link":"https:\/\/formationsubf.coop\/boutique\/product\/electrodes-cpr-d-padz-zoll\/","title":{"rendered":"Electrode Zoll CPR-D Padz adulte AED Plus"},"content":{"rendered":"<div>Coussin d&rsquo;\u00e9lectrode adulte CPR-D padz avec<em>\u00a0Real CPR Help<\/em> (aide \u00e0 la RCR) int\u00e9gr\u00e9 qui permet d\u2019\u00e9valuer la profondeur et la fr\u00e9quence des compressions thoraciques.<\/div>\n<div>Seul ZOLL propose une \u00e9lectrode qui offre une \u00e9valuation en temps r\u00e9el de la r\u00e9animation cardio pulmonaire que le secouriste est en train d\u2019effectuer.<\/div>\n<div><\/div>\n<div>Simplifie en guidant le placement du r\u00e9ticule rouge au centre de la ligne imaginaire reliant les mamelons du patient. Une fois en place, le localisateur de main et les deux plaquettes d&rsquo;\u00e9lectrode tombent naturellement dans une position optimale pour la d\u00e9fibrillation et le RCR.<\/div>\n","protected":false},"excerpt":{"rendered":"<ul>\n<li>L\u2019\u00e9l\u00e9ctrode CPR-D Padz de ZOLL est compatible avec le d\u00e9fibrillateur ZOLL AED PLUS et d\u00e9fibrillateur ZOLL AED PRO, mais elle est \u00e9galement compatible avec les moniteurs d\u00e9fibrillateurs multiparam\u00e9triques ZOLL.<\/li>\n<li>La dur\u00e9e de p\u00e9remption de cette \u00e9lectrode est de 5 ans.<\/li>\n<li>Convient aux d\u00e9fibrillateurs Zoll AED Plus et AED Pro.<\/li>\n<\/ul>\n","protected":false},"featured_media":1923,"comment_status":"closed","ping_status":"closed","template":"","meta":[],"product_brand":[],"product_cat":[880,884,69,1061],"product_tag":[902,901,421],"class_list":{"0":"post-1922","1":"product","2":"type-product","3":"status-publish","4":"has-post-thumbnail","6":"product_cat-dea-defibrillateur-externe-automatise","7":"product_cat-electrodes","8":"product_cat-marques","9":"product_cat-zoll","10":"product_tag-cpr-d-padz","11":"product_tag-electrode","12":"product_tag-zoll","13":"sync-code-w","15":"first","16":"outofstock","17":"taxable","18":"shipping-taxable","19":"purchasable","20":"product-type-simple"},"yoast_head":"<!-- This site is optimized with the Yoast SEO plugin v27.5 - https:\/\/yoast.com\/product\/yoast-seo-wordpress\/ -->\n<title>Electrode Zoll CPR-D Padz adulte AED Plus - Formations UBF | Boutique<\/title>\n<meta name=\"description\" content=\"Seul ZOLL propose une \u00e9lectrode qui offre une \u00e9valuation en temps r\u00e9el de la r\u00e9animation cardio pulmonaire que le secouriste est en train d\u2019effectuer.\" \/>\n<meta name=\"robots\" content=\"index, follow, max-snippet:-1, max-image-preview:large, max-video-preview:-1\" \/>\n<link rel=\"canonical\" href=\"https:\/\/formationsubf.coop\/boutique\/product\/electrodes-cpr-d-padz-zoll\/\" \/>\n<meta property=\"og:locale\" content=\"fr_FR\" \/>\n<meta property=\"og:type\" content=\"article\" \/>\n<meta property=\"og:title\" content=\"Electrode Zoll CPR-D Padz adulte AED Plus - Formations UBF | Boutique\" \/>\n<meta property=\"og:description\" content=\"Seul ZOLL propose une \u00e9lectrode qui offre une \u00e9valuation en temps r\u00e9el de la r\u00e9animation cardio pulmonaire que le secouriste est en train d\u2019effectuer.\" \/>\n<meta property=\"og:url\" content=\"https:\/\/formationsubf.coop\/boutique\/product\/electrodes-cpr-d-padz-zoll\/\" \/>\n<meta property=\"og:site_name\" content=\"Formations UBF | Boutique\" \/>\n<meta property=\"article:publisher\" content=\"https:\/\/www.facebook.com\/ubfmaterielmedicaletorthopedique\" \/>\n<meta property=\"article:modified_time\" content=\"2024-12-05T16:35:57+00:00\" \/>\n<meta property=\"og:image\" content=\"https:\/\/formationsubf.coop\/boutique\/wp-content\/uploads\/2020\/04\/8900-0800-01-\u00c9lectrode-CPR-D-Padz-e1588090215944.jpg\" \/>\n\t<meta property=\"og:image:width\" content=\"500\" \/>\n\t<meta property=\"og:image:height\" content=\"499\" \/>\n\t<meta property=\"og:image:type\" content=\"image\/jpeg\" \/>\n<meta name=\"twitter:card\" content=\"summary_large_image\" \/>\n<meta name=\"twitter:label1\" content=\"Dur\u00e9e de lecture estim\u00e9e\" \/>\n\t<meta name=\"twitter:data1\" content=\"1 minute\" \/>\n<script type=\"application\/ld+json\" class=\"yoast-schema-graph\">{\"@context\":\"https:\\\/\\\/schema.org\",\"@graph\":[{\"@type\":\"WebPage\",\"@id\":\"https:\\\/\\\/formationsubf.coop\\\/boutique\\\/product\\\/electrodes-cpr-d-padz-zoll\\\/\",\"url\":\"https:\\\/\\\/formationsubf.coop\\\/boutique\\\/product\\\/electrodes-cpr-d-padz-zoll\\\/\",\"name\":\"Electrode Zoll CPR-D Padz adulte AED Plus - Formations UBF | Boutique\",\"isPartOf\":{\"@id\":\"https:\\\/\\\/formationsubf.coop\\\/boutique\\\/#website\"},\"primaryImageOfPage\":{\"@id\":\"https:\\\/\\\/formationsubf.coop\\\/boutique\\\/product\\\/electrodes-cpr-d-padz-zoll\\\/#primaryimage\"},\"image\":{\"@id\":\"https:\\\/\\\/formationsubf.coop\\\/boutique\\\/product\\\/electrodes-cpr-d-padz-zoll\\\/#primaryimage\"},\"thumbnailUrl\":\"https:\\\/\\\/formationsubf.coop\\\/boutique\\\/wp-content\\\/uploads\\\/2020\\\/04\\\/8900-0800-01-\u00c9lectrode-CPR-D-Padz-e1588090215944.jpg\",\"datePublished\":\"2020-04-28T16:10:39+00:00\",\"dateModified\":\"2024-12-05T16:35:57+00:00\",\"description\":\"Seul ZOLL propose une \u00e9lectrode qui offre une \u00e9valuation en temps r\u00e9el de la r\u00e9animation cardio pulmonaire que le secouriste est en train d\u2019effectuer.\",\"breadcrumb\":{\"@id\":\"https:\\\/\\\/formationsubf.coop\\\/boutique\\\/product\\\/electrodes-cpr-d-padz-zoll\\\/#breadcrumb\"},\"inLanguage\":\"fr-FR\",\"potentialAction\":[{\"@type\":\"ReadAction\",\"target\":[\"https:\\\/\\\/formationsubf.coop\\\/boutique\\\/product\\\/electrodes-cpr-d-padz-zoll\\\/\"]}]},{\"@type\":\"ImageObject\",\"inLanguage\":\"fr-FR\",\"@id\":\"https:\\\/\\\/formationsubf.coop\\\/boutique\\\/product\\\/electrodes-cpr-d-padz-zoll\\\/#primaryimage\",\"url\":\"https:\\\/\\\/formationsubf.coop\\\/boutique\\\/wp-content\\\/uploads\\\/2020\\\/04\\\/8900-0800-01-\u00c9lectrode-CPR-D-Padz-e1588090215944.jpg\",\"contentUrl\":\"https:\\\/\\\/formationsubf.coop\\\/boutique\\\/wp-content\\\/uploads\\\/2020\\\/04\\\/8900-0800-01-\u00c9lectrode-CPR-D-Padz-e1588090215944.jpg\",\"width\":500,\"height\":499,\"caption\":\"\u00c9lectrode CPR-D Padz | ZOLL\"},{\"@type\":\"BreadcrumbList\",\"@id\":\"https:\\\/\\\/formationsubf.coop\\\/boutique\\\/product\\\/electrodes-cpr-d-padz-zoll\\\/#breadcrumb\",\"itemListElement\":[{\"@type\":\"ListItem\",\"position\":1,\"name\":\"Accueil\",\"item\":\"https:\\\/\\\/formationsubf.coop\\\/boutique\\\/\"},{\"@type\":\"ListItem\",\"position\":2,\"name\":\"Boutique\",\"item\":\"https:\\\/\\\/formationsubf.coop\\\/boutique\\\/produits\\\/\"},{\"@type\":\"ListItem\",\"position\":3,\"name\":\"DEA - D\u00e9fibrillateur externe automatis\u00e9\",\"item\":\"https:\\\/\\\/formationsubf.coop\\\/boutique\\\/product-category\\\/dea-defibrillateur-externe-automatise\\\/\"},{\"@type\":\"ListItem\",\"position\":4,\"name\":\"\u00c9lectrodes\",\"item\":\"https:\\\/\\\/formationsubf.coop\\\/boutique\\\/product-category\\\/dea-defibrillateur-externe-automatise\\\/electrodes\\\/\"},{\"@type\":\"ListItem\",\"position\":5,\"name\":\"Electrode Zoll CPR-D Padz adulte AED Plus\"}]},{\"@type\":\"WebSite\",\"@id\":\"https:\\\/\\\/formationsubf.coop\\\/boutique\\\/#website\",\"url\":\"https:\\\/\\\/formationsubf.coop\\\/boutique\\\/\",\"name\":\"Formations UBF | Boutique\",\"description\":\"\",\"potentialAction\":[{\"@type\":\"SearchAction\",\"target\":{\"@type\":\"EntryPoint\",\"urlTemplate\":\"https:\\\/\\\/formationsubf.coop\\\/boutique\\\/?s={search_term_string}\"},\"query-input\":{\"@type\":\"PropertyValueSpecification\",\"valueRequired\":true,\"valueName\":\"search_term_string\"}}],\"inLanguage\":\"fr-FR\"}]}<\/script>\n<!-- \/ Yoast SEO plugin. -->","yoast_head_json":{"title":"Electrode Zoll CPR-D Padz adulte AED Plus - Formations UBF | Boutique","description":"Seul ZOLL propose une \u00e9lectrode qui offre une \u00e9valuation en temps r\u00e9el de la r\u00e9animation cardio pulmonaire que le secouriste est en train d\u2019effectuer.","robots":{"index":"index","follow":"follow","max-snippet":"max-snippet:-1","max-image-preview":"max-image-preview:large","max-video-preview":"max-video-preview:-1"},"canonical":"https:\/\/formationsubf.coop\/boutique\/product\/electrodes-cpr-d-padz-zoll\/","og_locale":"fr_FR","og_type":"article","og_title":"Electrode Zoll CPR-D Padz adulte AED Plus - Formations UBF | Boutique","og_description":"Seul ZOLL propose une \u00e9lectrode qui offre une \u00e9valuation en temps r\u00e9el de la r\u00e9animation cardio pulmonaire que le secouriste est en train d\u2019effectuer.","og_url":"https:\/\/formationsubf.coop\/boutique\/product\/electrodes-cpr-d-padz-zoll\/","og_site_name":"Formations UBF | Boutique","article_publisher":"https:\/\/www.facebook.com\/ubfmaterielmedicaletorthopedique","article_modified_time":"2024-12-05T16:35:57+00:00","og_image":[{"width":500,"height":499,"url":"https:\/\/formationsubf.coop\/boutique\/wp-content\/uploads\/2020\/04\/8900-0800-01-\u00c9lectrode-CPR-D-Padz-e1588090215944.jpg","type":"image\/jpeg"}],"twitter_card":"summary_large_image","twitter_misc":{"Dur\u00e9e de lecture estim\u00e9e":"1 minute"},"schema":{"@context":"https:\/\/schema.org","@graph":[{"@type":"WebPage","@id":"https:\/\/formationsubf.coop\/boutique\/product\/electrodes-cpr-d-padz-zoll\/","url":"https:\/\/formationsubf.coop\/boutique\/product\/electrodes-cpr-d-padz-zoll\/","name":"Electrode Zoll CPR-D Padz adulte AED Plus - Formations UBF | Boutique","isPartOf":{"@id":"https:\/\/formationsubf.coop\/boutique\/#website"},"primaryImageOfPage":{"@id":"https:\/\/formationsubf.coop\/boutique\/product\/electrodes-cpr-d-padz-zoll\/#primaryimage"},"image":{"@id":"https:\/\/formationsubf.coop\/boutique\/product\/electrodes-cpr-d-padz-zoll\/#primaryimage"},"thumbnailUrl":"https:\/\/formationsubf.coop\/boutique\/wp-content\/uploads\/2020\/04\/8900-0800-01-\u00c9lectrode-CPR-D-Padz-e1588090215944.jpg","datePublished":"2020-04-28T16:10:39+00:00","dateModified":"2024-12-05T16:35:57+00:00","description":"Seul ZOLL propose une \u00e9lectrode qui offre une \u00e9valuation en temps r\u00e9el de la r\u00e9animation cardio pulmonaire que le secouriste est en train d\u2019effectuer.","breadcrumb":{"@id":"https:\/\/formationsubf.coop\/boutique\/product\/electrodes-cpr-d-padz-zoll\/#breadcrumb"},"inLanguage":"fr-FR","potentialAction":[{"@type":"ReadAction","target":["https:\/\/formationsubf.coop\/boutique\/product\/electrodes-cpr-d-padz-zoll\/"]}]},{"@type":"ImageObject","inLanguage":"fr-FR","@id":"https:\/\/formationsubf.coop\/boutique\/product\/electrodes-cpr-d-padz-zoll\/#primaryimage","url":"https:\/\/formationsubf.coop\/boutique\/wp-content\/uploads\/2020\/04\/8900-0800-01-\u00c9lectrode-CPR-D-Padz-e1588090215944.jpg","contentUrl":"https:\/\/formationsubf.coop\/boutique\/wp-content\/uploads\/2020\/04\/8900-0800-01-\u00c9lectrode-CPR-D-Padz-e1588090215944.jpg","width":500,"height":499,"caption":"\u00c9lectrode CPR-D Padz | ZOLL"},{"@type":"BreadcrumbList","@id":"https:\/\/formationsubf.coop\/boutique\/product\/electrodes-cpr-d-padz-zoll\/#breadcrumb","itemListElement":[{"@type":"ListItem","position":1,"name":"Accueil","item":"https:\/\/formationsubf.coop\/boutique\/"},{"@type":"ListItem","position":2,"name":"Boutique","item":"https:\/\/formationsubf.coop\/boutique\/produits\/"},{"@type":"ListItem","position":3,"name":"DEA - D\u00e9fibrillateur externe automatis\u00e9","item":"https:\/\/formationsubf.coop\/boutique\/product-category\/dea-defibrillateur-externe-automatise\/"},{"@type":"ListItem","position":4,"name":"\u00c9lectrodes","item":"https:\/\/formationsubf.coop\/boutique\/product-category\/dea-defibrillateur-externe-automatise\/electrodes\/"},{"@type":"ListItem","position":5,"name":"Electrode Zoll CPR-D Padz adulte AED Plus"}]},{"@type":"WebSite","@id":"https:\/\/formationsubf.coop\/boutique\/#website","url":"https:\/\/formationsubf.coop\/boutique\/","name":"Formations UBF | Boutique","description":"","potentialAction":[{"@type":"SearchAction","target":{"@type":"EntryPoint","urlTemplate":"https:\/\/formationsubf.coop\/boutique\/?s={search_term_string}"},"query-input":{"@type":"PropertyValueSpecification","valueRequired":true,"valueName":"search_term_string"}}],"inLanguage":"fr-FR"}]}},"_links":{"self":[{"href":"https:\/\/formationsubf.coop\/boutique\/wp-json\/wp\/v2\/product\/1922","targetHints":{"allow":["GET"]}}],"collection":[{"href":"https:\/\/formationsubf.coop\/boutique\/wp-json\/wp\/v2\/product"}],"about":[{"href":"https:\/\/formationsubf.coop\/boutique\/wp-json\/wp\/v2\/types\/product"}],"replies":[{"embeddable":true,"href":"https:\/\/formationsubf.coop\/boutique\/wp-json\/wp\/v2\/comments?post=1922"}],"wp:featuredmedia":[{"embeddable":true,"href":"https:\/\/formationsubf.coop\/boutique\/wp-json\/wp\/v2\/media\/1923"}],"wp:attachment":[{"href":"https:\/\/formationsubf.coop\/boutique\/wp-json\/wp\/v2\/media?parent=1922"}],"wp:term":[{"taxonomy":"product_brand","embeddable":true,"href":"https:\/\/formationsubf.coop\/boutique\/wp-json\/wp\/v2\/product_brand?post=1922"},{"taxonomy":"product_cat","embeddable":true,"href":"https:\/\/formationsubf.coop\/boutique\/wp-json\/wp\/v2\/product_cat?post=1922"},{"taxonomy":"product_tag","embeddable":true,"href":"https:\/\/formationsubf.coop\/boutique\/wp-json\/wp\/v2\/product_tag?post=1922"}],"curies":[{"name":"wp","href":"https:\/\/api.w.org\/{rel}","templated":true}]}}