{"id":1918,"date":"2020-04-28T15:59:54","date_gmt":"2020-04-28T15:59:54","guid":{"rendered":"http:\/\/orthoubf.coop\/?post_type=product&#038;p=1918"},"modified":"2022-07-05T07:10:10","modified_gmt":"2022-07-05T11:10:10","slug":"protecteur-pour-batterie-de-defibrillateur-aed-3-zoll","status":"publish","type":"product","link":"https:\/\/formationsubf.coop\/boutique\/product\/protecteur-pour-batterie-de-defibrillateur-aed-3-zoll\/","title":{"rendered":"Protecteur pour batterie de d\u00e9fibrillateur AED 3 | ZOLL"},"content":{"rendered":"<div>Protecteur pour batterie suppl\u00e9mentaire de d\u00e9fibrillateur ZOLL AED 3.<\/div>\n","protected":false},"excerpt":{"rendered":"<ul>\n<li>Protecteur pour batterie suppl\u00e9mentaire de d\u00e9fibrillateur ZOLL AED 3.<\/li>\n<li>Se range facilement dans le sac de transport.<\/li>\n<\/ul>\n","protected":false},"featured_media":1921,"comment_status":"closed","ping_status":"closed","template":"","meta":[],"product_brand":[],"product_cat":[883,880,69,1061],"product_tag":[885,900,207,421],"class_list":{"0":"post-1918","1":"product","2":"type-product","3":"status-publish","4":"has-post-thumbnail","6":"product_cat-accessoires","7":"product_cat-dea-defibrillateur-externe-automatise","8":"product_cat-marques","9":"product_cat-zoll","10":"product_tag-defibrillateur-aed-3","11":"product_tag-pour-batterie","12":"product_tag-protecteur","13":"product_tag-zoll","15":"first","16":"instock","17":"taxable","18":"shipping-taxable","19":"product-type-simple"},"yoast_head":"<!-- This site is optimized with the Yoast SEO plugin v27.5 - https:\/\/yoast.com\/product\/yoast-seo-wordpress\/ -->\n<title>Protecteur pour batterie de d\u00e9fibrillateur AED 3 | ZOLL - Formations UBF | Boutique<\/title>\n<meta name=\"description\" content=\"Protecteur pour batterie suppl\u00e9mentaire de d\u00e9fibrillateur ZOLL AED 3.\u00a0\" \/>\n<meta name=\"robots\" content=\"index, follow, max-snippet:-1, max-image-preview:large, max-video-preview:-1\" \/>\n<link rel=\"canonical\" href=\"https:\/\/formationsubf.coop\/boutique\/product\/protecteur-pour-batterie-de-defibrillateur-aed-3-zoll\/\" \/>\n<meta property=\"og:locale\" content=\"fr_FR\" \/>\n<meta property=\"og:type\" content=\"article\" \/>\n<meta property=\"og:title\" content=\"Protecteur pour batterie de d\u00e9fibrillateur AED 3 | ZOLL - Formations UBF | Boutique\" \/>\n<meta property=\"og:description\" content=\"Protecteur pour batterie suppl\u00e9mentaire de d\u00e9fibrillateur ZOLL AED 3.\u00a0\" \/>\n<meta property=\"og:url\" content=\"https:\/\/formationsubf.coop\/boutique\/product\/protecteur-pour-batterie-de-defibrillateur-aed-3-zoll\/\" \/>\n<meta property=\"og:site_name\" content=\"Formations UBF | Boutique\" \/>\n<meta property=\"article:publisher\" content=\"https:\/\/www.facebook.com\/ubfmaterielmedicaletorthopedique\" \/>\n<meta property=\"article:modified_time\" content=\"2022-07-05T11:10:10+00:00\" \/>\n<meta property=\"og:image\" content=\"https:\/\/formationsubf.coop\/boutique\/wp-content\/uploads\/2020\/04\/8000-001251-Protecteur-pour-batterie-ZOLL-AED-3-2-e1588089496578.jpg\" \/>\n\t<meta property=\"og:image:width\" content=\"500\" \/>\n\t<meta property=\"og:image:height\" content=\"499\" \/>\n\t<meta property=\"og:image:type\" content=\"image\/jpeg\" \/>\n<meta name=\"twitter:card\" content=\"summary_large_image\" \/>\n<script type=\"application\/ld+json\" class=\"yoast-schema-graph\">{\"@context\":\"https:\\\/\\\/schema.org\",\"@graph\":[{\"@type\":\"WebPage\",\"@id\":\"https:\\\/\\\/formationsubf.coop\\\/boutique\\\/product\\\/protecteur-pour-batterie-de-defibrillateur-aed-3-zoll\\\/\",\"url\":\"https:\\\/\\\/formationsubf.coop\\\/boutique\\\/product\\\/protecteur-pour-batterie-de-defibrillateur-aed-3-zoll\\\/\",\"name\":\"Protecteur pour batterie de d\u00e9fibrillateur AED 3 | ZOLL - Formations UBF | Boutique\",\"isPartOf\":{\"@id\":\"https:\\\/\\\/formationsubf.coop\\\/boutique\\\/#website\"},\"primaryImageOfPage\":{\"@id\":\"https:\\\/\\\/formationsubf.coop\\\/boutique\\\/product\\\/protecteur-pour-batterie-de-defibrillateur-aed-3-zoll\\\/#primaryimage\"},\"image\":{\"@id\":\"https:\\\/\\\/formationsubf.coop\\\/boutique\\\/product\\\/protecteur-pour-batterie-de-defibrillateur-aed-3-zoll\\\/#primaryimage\"},\"thumbnailUrl\":\"https:\\\/\\\/formationsubf.coop\\\/boutique\\\/wp-content\\\/uploads\\\/2020\\\/04\\\/8000-001251-Protecteur-pour-batterie-ZOLL-AED-3-2-e1588089496578.jpg\",\"datePublished\":\"2020-04-28T15:59:54+00:00\",\"dateModified\":\"2022-07-05T11:10:10+00:00\",\"description\":\"Protecteur pour batterie suppl\u00e9mentaire de d\u00e9fibrillateur ZOLL AED 3.\u00a0\",\"breadcrumb\":{\"@id\":\"https:\\\/\\\/formationsubf.coop\\\/boutique\\\/product\\\/protecteur-pour-batterie-de-defibrillateur-aed-3-zoll\\\/#breadcrumb\"},\"inLanguage\":\"fr-FR\",\"potentialAction\":[{\"@type\":\"ReadAction\",\"target\":[\"https:\\\/\\\/formationsubf.coop\\\/boutique\\\/product\\\/protecteur-pour-batterie-de-defibrillateur-aed-3-zoll\\\/\"]}]},{\"@type\":\"ImageObject\",\"inLanguage\":\"fr-FR\",\"@id\":\"https:\\\/\\\/formationsubf.coop\\\/boutique\\\/product\\\/protecteur-pour-batterie-de-defibrillateur-aed-3-zoll\\\/#primaryimage\",\"url\":\"https:\\\/\\\/formationsubf.coop\\\/boutique\\\/wp-content\\\/uploads\\\/2020\\\/04\\\/8000-001251-Protecteur-pour-batterie-ZOLL-AED-3-2-e1588089496578.jpg\",\"contentUrl\":\"https:\\\/\\\/formationsubf.coop\\\/boutique\\\/wp-content\\\/uploads\\\/2020\\\/04\\\/8000-001251-Protecteur-pour-batterie-ZOLL-AED-3-2-e1588089496578.jpg\",\"width\":500,\"height\":499,\"caption\":\"Protecteur pour batterie de d\u00e9fibrillateur AED 3 | ZOLL\"},{\"@type\":\"BreadcrumbList\",\"@id\":\"https:\\\/\\\/formationsubf.coop\\\/boutique\\\/product\\\/protecteur-pour-batterie-de-defibrillateur-aed-3-zoll\\\/#breadcrumb\",\"itemListElement\":[{\"@type\":\"ListItem\",\"position\":1,\"name\":\"Accueil\",\"item\":\"https:\\\/\\\/formationsubf.coop\\\/boutique\\\/\"},{\"@type\":\"ListItem\",\"position\":2,\"name\":\"Boutique\",\"item\":\"https:\\\/\\\/formationsubf.coop\\\/boutique\\\/produits\\\/\"},{\"@type\":\"ListItem\",\"position\":3,\"name\":\"DEA - D\u00e9fibrillateur externe automatis\u00e9\",\"item\":\"https:\\\/\\\/formationsubf.coop\\\/boutique\\\/product-category\\\/dea-defibrillateur-externe-automatise\\\/\"},{\"@type\":\"ListItem\",\"position\":4,\"name\":\"Accessoires\",\"item\":\"https:\\\/\\\/formationsubf.coop\\\/boutique\\\/product-category\\\/dea-defibrillateur-externe-automatise\\\/accessoires\\\/\"},{\"@type\":\"ListItem\",\"position\":5,\"name\":\"Protecteur pour batterie de d\u00e9fibrillateur AED 3 | ZOLL\"}]},{\"@type\":\"WebSite\",\"@id\":\"https:\\\/\\\/formationsubf.coop\\\/boutique\\\/#website\",\"url\":\"https:\\\/\\\/formationsubf.coop\\\/boutique\\\/\",\"name\":\"Formations UBF | Boutique\",\"description\":\"\",\"potentialAction\":[{\"@type\":\"SearchAction\",\"target\":{\"@type\":\"EntryPoint\",\"urlTemplate\":\"https:\\\/\\\/formationsubf.coop\\\/boutique\\\/?s={search_term_string}\"},\"query-input\":{\"@type\":\"PropertyValueSpecification\",\"valueRequired\":true,\"valueName\":\"search_term_string\"}}],\"inLanguage\":\"fr-FR\"}]}<\/script>\n<!-- \/ Yoast SEO plugin. -->","yoast_head_json":{"title":"Protecteur pour batterie de d\u00e9fibrillateur AED 3 | ZOLL - Formations UBF | Boutique","description":"Protecteur pour batterie suppl\u00e9mentaire de d\u00e9fibrillateur ZOLL AED 3.\u00a0","robots":{"index":"index","follow":"follow","max-snippet":"max-snippet:-1","max-image-preview":"max-image-preview:large","max-video-preview":"max-video-preview:-1"},"canonical":"https:\/\/formationsubf.coop\/boutique\/product\/protecteur-pour-batterie-de-defibrillateur-aed-3-zoll\/","og_locale":"fr_FR","og_type":"article","og_title":"Protecteur pour batterie de d\u00e9fibrillateur AED 3 | ZOLL - Formations UBF | Boutique","og_description":"Protecteur pour batterie suppl\u00e9mentaire de d\u00e9fibrillateur ZOLL AED 3.\u00a0","og_url":"https:\/\/formationsubf.coop\/boutique\/product\/protecteur-pour-batterie-de-defibrillateur-aed-3-zoll\/","og_site_name":"Formations UBF | Boutique","article_publisher":"https:\/\/www.facebook.com\/ubfmaterielmedicaletorthopedique","article_modified_time":"2022-07-05T11:10:10+00:00","og_image":[{"width":500,"height":499,"url":"https:\/\/formationsubf.coop\/boutique\/wp-content\/uploads\/2020\/04\/8000-001251-Protecteur-pour-batterie-ZOLL-AED-3-2-e1588089496578.jpg","type":"image\/jpeg"}],"twitter_card":"summary_large_image","schema":{"@context":"https:\/\/schema.org","@graph":[{"@type":"WebPage","@id":"https:\/\/formationsubf.coop\/boutique\/product\/protecteur-pour-batterie-de-defibrillateur-aed-3-zoll\/","url":"https:\/\/formationsubf.coop\/boutique\/product\/protecteur-pour-batterie-de-defibrillateur-aed-3-zoll\/","name":"Protecteur pour batterie de d\u00e9fibrillateur AED 3 | ZOLL - Formations UBF | Boutique","isPartOf":{"@id":"https:\/\/formationsubf.coop\/boutique\/#website"},"primaryImageOfPage":{"@id":"https:\/\/formationsubf.coop\/boutique\/product\/protecteur-pour-batterie-de-defibrillateur-aed-3-zoll\/#primaryimage"},"image":{"@id":"https:\/\/formationsubf.coop\/boutique\/product\/protecteur-pour-batterie-de-defibrillateur-aed-3-zoll\/#primaryimage"},"thumbnailUrl":"https:\/\/formationsubf.coop\/boutique\/wp-content\/uploads\/2020\/04\/8000-001251-Protecteur-pour-batterie-ZOLL-AED-3-2-e1588089496578.jpg","datePublished":"2020-04-28T15:59:54+00:00","dateModified":"2022-07-05T11:10:10+00:00","description":"Protecteur pour batterie suppl\u00e9mentaire de d\u00e9fibrillateur ZOLL AED 3.\u00a0","breadcrumb":{"@id":"https:\/\/formationsubf.coop\/boutique\/product\/protecteur-pour-batterie-de-defibrillateur-aed-3-zoll\/#breadcrumb"},"inLanguage":"fr-FR","potentialAction":[{"@type":"ReadAction","target":["https:\/\/formationsubf.coop\/boutique\/product\/protecteur-pour-batterie-de-defibrillateur-aed-3-zoll\/"]}]},{"@type":"ImageObject","inLanguage":"fr-FR","@id":"https:\/\/formationsubf.coop\/boutique\/product\/protecteur-pour-batterie-de-defibrillateur-aed-3-zoll\/#primaryimage","url":"https:\/\/formationsubf.coop\/boutique\/wp-content\/uploads\/2020\/04\/8000-001251-Protecteur-pour-batterie-ZOLL-AED-3-2-e1588089496578.jpg","contentUrl":"https:\/\/formationsubf.coop\/boutique\/wp-content\/uploads\/2020\/04\/8000-001251-Protecteur-pour-batterie-ZOLL-AED-3-2-e1588089496578.jpg","width":500,"height":499,"caption":"Protecteur pour batterie de d\u00e9fibrillateur AED 3 | ZOLL"},{"@type":"BreadcrumbList","@id":"https:\/\/formationsubf.coop\/boutique\/product\/protecteur-pour-batterie-de-defibrillateur-aed-3-zoll\/#breadcrumb","itemListElement":[{"@type":"ListItem","position":1,"name":"Accueil","item":"https:\/\/formationsubf.coop\/boutique\/"},{"@type":"ListItem","position":2,"name":"Boutique","item":"https:\/\/formationsubf.coop\/boutique\/produits\/"},{"@type":"ListItem","position":3,"name":"DEA - D\u00e9fibrillateur externe automatis\u00e9","item":"https:\/\/formationsubf.coop\/boutique\/product-category\/dea-defibrillateur-externe-automatise\/"},{"@type":"ListItem","position":4,"name":"Accessoires","item":"https:\/\/formationsubf.coop\/boutique\/product-category\/dea-defibrillateur-externe-automatise\/accessoires\/"},{"@type":"ListItem","position":5,"name":"Protecteur pour batterie de d\u00e9fibrillateur AED 3 | ZOLL"}]},{"@type":"WebSite","@id":"https:\/\/formationsubf.coop\/boutique\/#website","url":"https:\/\/formationsubf.coop\/boutique\/","name":"Formations UBF | Boutique","description":"","potentialAction":[{"@type":"SearchAction","target":{"@type":"EntryPoint","urlTemplate":"https:\/\/formationsubf.coop\/boutique\/?s={search_term_string}"},"query-input":{"@type":"PropertyValueSpecification","valueRequired":true,"valueName":"search_term_string"}}],"inLanguage":"fr-FR"}]}},"_links":{"self":[{"href":"https:\/\/formationsubf.coop\/boutique\/wp-json\/wp\/v2\/product\/1918","targetHints":{"allow":["GET"]}}],"collection":[{"href":"https:\/\/formationsubf.coop\/boutique\/wp-json\/wp\/v2\/product"}],"about":[{"href":"https:\/\/formationsubf.coop\/boutique\/wp-json\/wp\/v2\/types\/product"}],"replies":[{"embeddable":true,"href":"https:\/\/formationsubf.coop\/boutique\/wp-json\/wp\/v2\/comments?post=1918"}],"wp:featuredmedia":[{"embeddable":true,"href":"https:\/\/formationsubf.coop\/boutique\/wp-json\/wp\/v2\/media\/1921"}],"wp:attachment":[{"href":"https:\/\/formationsubf.coop\/boutique\/wp-json\/wp\/v2\/media?parent=1918"}],"wp:term":[{"taxonomy":"product_brand","embeddable":true,"href":"https:\/\/formationsubf.coop\/boutique\/wp-json\/wp\/v2\/product_brand?post=1918"},{"taxonomy":"product_cat","embeddable":true,"href":"https:\/\/formationsubf.coop\/boutique\/wp-json\/wp\/v2\/product_cat?post=1918"},{"taxonomy":"product_tag","embeddable":true,"href":"https:\/\/formationsubf.coop\/boutique\/wp-json\/wp\/v2\/product_tag?post=1918"}],"curies":[{"name":"wp","href":"https:\/\/api.w.org\/{rel}","templated":true}]}}