{"id":1799,"date":"2020-04-27T14:11:12","date_gmt":"2020-04-27T18:11:12","guid":{"rendered":"http:\/\/orthoubf.coop\/?post_type=product&#038;p=1799"},"modified":"2026-02-04T10:11:44","modified_gmt":"2026-02-04T15:11:44","slug":"coussinet-oculaire-sterile-curity-covidien","status":"publish","type":"product","link":"https:\/\/formationsubf.coop\/boutique\/product\/coussinet-oculaire-sterile-curity-covidien\/","title":{"rendered":"Pansement pour les yeux (un)"},"content":{"rendered":"<p>Les coussinets pour les yeux <em>Curity<\/em> peuvent \u00eatre utilis\u00e9s apr\u00e8s une l\u00e9sion oculaire ou une intervention chirurgicale comme un bandage sur l&rsquo;\u0153il pour la protection ou l&rsquo;absorption des s\u00e9cr\u00e9tions. Fait de duvet de coton absorbant aux fibres longues, recouvertes d &lsquo;une gaze a\u0300 mailles fines sur les deux surfaces.<\/p>\n","protected":false},"excerpt":{"rendered":"<ul>\n<li>Ste\u0301rile, pre\u0302te a\u0300 utiliser.<\/li>\n<li>Forme ovale, profile\u0301e.<\/li>\n<li>Format : Unitaire<\/li>\n<\/ul>\n","protected":false},"featured_media":1801,"comment_status":"closed","ping_status":"closed","template":"","meta":[],"product_brand":[],"product_cat":[413,804],"product_tag":[839,842,841,840],"class_list":{"0":"post-1799","1":"product","2":"type-product","3":"status-publish","4":"has-post-thumbnail","6":"product_cat-premiers-soins","7":"product_cat-produits-et-accessoires-lavage-oculaire-brulure-chimique","8":"product_tag-coussinet-oculaire","9":"product_tag-covidien","10":"product_tag-curity","11":"product_tag-sterile","12":"sync-code-w","14":"first","15":"instock","16":"taxable","17":"shipping-taxable","18":"purchasable","19":"product-type-simple"},"yoast_head":"<!-- This site is optimized with the Yoast SEO plugin v27.3 - https:\/\/yoast.com\/product\/yoast-seo-wordpress\/ -->\n<title>Pansement pour les yeux (un) - Formations UBF | Boutique<\/title>\n<meta name=\"description\" content=\"Utilis\u00e9 apr\u00e8s une l\u00e9sion oculaire ou une intervention chirurgicale comme un bandage sur l&#039;\u0153il pour la protection ou l&#039;absorption des s\u00e9cr\u00e9tions.\" \/>\n<meta name=\"robots\" content=\"index, follow, max-snippet:-1, max-image-preview:large, max-video-preview:-1\" \/>\n<link rel=\"canonical\" href=\"https:\/\/formationsubf.coop\/boutique\/product\/coussinet-oculaire-sterile-curity-covidien\/\" \/>\n<meta property=\"og:locale\" content=\"fr_FR\" \/>\n<meta property=\"og:type\" content=\"article\" \/>\n<meta property=\"og:title\" content=\"Pansement pour les yeux (un) - Formations UBF | Boutique\" \/>\n<meta property=\"og:description\" content=\"Utilis\u00e9 apr\u00e8s une l\u00e9sion oculaire ou une intervention chirurgicale comme un bandage sur l&#039;\u0153il pour la protection ou l&#039;absorption des s\u00e9cr\u00e9tions.\" \/>\n<meta property=\"og:url\" content=\"https:\/\/formationsubf.coop\/boutique\/product\/coussinet-oculaire-sterile-curity-covidien\/\" \/>\n<meta property=\"og:site_name\" content=\"Formations UBF | Boutique\" \/>\n<meta property=\"article:publisher\" content=\"https:\/\/www.facebook.com\/ubfmaterielmedicaletorthopedique\" \/>\n<meta property=\"article:modified_time\" content=\"2026-02-04T15:11:44+00:00\" \/>\n<meta property=\"og:image\" content=\"https:\/\/formationsubf.coop\/boutique\/wp-content\/uploads\/2020\/04\/91650-Compresse-oculaire-Curity-Covidien-unit\u00e9-1-e1588010989440.jpg\" \/>\n\t<meta property=\"og:image:width\" content=\"500\" \/>\n\t<meta property=\"og:image:height\" content=\"499\" \/>\n\t<meta property=\"og:image:type\" content=\"image\/jpeg\" \/>\n<meta name=\"twitter:card\" content=\"summary_large_image\" \/>\n<script type=\"application\/ld+json\" class=\"yoast-schema-graph\">{\"@context\":\"https:\\\/\\\/schema.org\",\"@graph\":[{\"@type\":\"WebPage\",\"@id\":\"https:\\\/\\\/formationsubf.coop\\\/boutique\\\/product\\\/coussinet-oculaire-sterile-curity-covidien\\\/\",\"url\":\"https:\\\/\\\/formationsubf.coop\\\/boutique\\\/product\\\/coussinet-oculaire-sterile-curity-covidien\\\/\",\"name\":\"Pansement pour les yeux (un) - Formations UBF | Boutique\",\"isPartOf\":{\"@id\":\"https:\\\/\\\/formationsubf.coop\\\/boutique\\\/#website\"},\"primaryImageOfPage\":{\"@id\":\"https:\\\/\\\/formationsubf.coop\\\/boutique\\\/product\\\/coussinet-oculaire-sterile-curity-covidien\\\/#primaryimage\"},\"image\":{\"@id\":\"https:\\\/\\\/formationsubf.coop\\\/boutique\\\/product\\\/coussinet-oculaire-sterile-curity-covidien\\\/#primaryimage\"},\"thumbnailUrl\":\"https:\\\/\\\/formationsubf.coop\\\/boutique\\\/wp-content\\\/uploads\\\/2020\\\/04\\\/91650-Compresse-oculaire-Curity-Covidien-unit\u00e9-1-e1588010989440.jpg\",\"datePublished\":\"2020-04-27T18:11:12+00:00\",\"dateModified\":\"2026-02-04T15:11:44+00:00\",\"description\":\"Utilis\u00e9 apr\u00e8s une l\u00e9sion oculaire ou une intervention chirurgicale comme un bandage sur l'\u0153il pour la protection ou l'absorption des s\u00e9cr\u00e9tions.\",\"breadcrumb\":{\"@id\":\"https:\\\/\\\/formationsubf.coop\\\/boutique\\\/product\\\/coussinet-oculaire-sterile-curity-covidien\\\/#breadcrumb\"},\"inLanguage\":\"fr-FR\",\"potentialAction\":[{\"@type\":\"ReadAction\",\"target\":[\"https:\\\/\\\/formationsubf.coop\\\/boutique\\\/product\\\/coussinet-oculaire-sterile-curity-covidien\\\/\"]}]},{\"@type\":\"ImageObject\",\"inLanguage\":\"fr-FR\",\"@id\":\"https:\\\/\\\/formationsubf.coop\\\/boutique\\\/product\\\/coussinet-oculaire-sterile-curity-covidien\\\/#primaryimage\",\"url\":\"https:\\\/\\\/formationsubf.coop\\\/boutique\\\/wp-content\\\/uploads\\\/2020\\\/04\\\/91650-Compresse-oculaire-Curity-Covidien-unit\u00e9-1-e1588010989440.jpg\",\"contentUrl\":\"https:\\\/\\\/formationsubf.coop\\\/boutique\\\/wp-content\\\/uploads\\\/2020\\\/04\\\/91650-Compresse-oculaire-Curity-Covidien-unit\u00e9-1-e1588010989440.jpg\",\"width\":500,\"height\":499,\"caption\":\"Coussinet oculaire st\u00e9rile Curity | Covidien\"},{\"@type\":\"BreadcrumbList\",\"@id\":\"https:\\\/\\\/formationsubf.coop\\\/boutique\\\/product\\\/coussinet-oculaire-sterile-curity-covidien\\\/#breadcrumb\",\"itemListElement\":[{\"@type\":\"ListItem\",\"position\":1,\"name\":\"Accueil\",\"item\":\"https:\\\/\\\/formationsubf.coop\\\/boutique\\\/\"},{\"@type\":\"ListItem\",\"position\":2,\"name\":\"Boutique\",\"item\":\"https:\\\/\\\/formationsubf.coop\\\/boutique\\\/produits\\\/\"},{\"@type\":\"ListItem\",\"position\":3,\"name\":\"Premiers Soins\",\"item\":\"https:\\\/\\\/formationsubf.coop\\\/boutique\\\/product-category\\\/premiers-soins\\\/\"},{\"@type\":\"ListItem\",\"position\":4,\"name\":\"Produits et accessoires lavage oculaire - br\u00fblure chimique\",\"item\":\"https:\\\/\\\/formationsubf.coop\\\/boutique\\\/product-category\\\/premiers-soins\\\/produits-et-accessoires-lavage-oculaire-brulure-chimique\\\/\"},{\"@type\":\"ListItem\",\"position\":5,\"name\":\"Pansement pour les yeux (un)\"}]},{\"@type\":\"WebSite\",\"@id\":\"https:\\\/\\\/formationsubf.coop\\\/boutique\\\/#website\",\"url\":\"https:\\\/\\\/formationsubf.coop\\\/boutique\\\/\",\"name\":\"Formations UBF | Boutique\",\"description\":\"\",\"potentialAction\":[{\"@type\":\"SearchAction\",\"target\":{\"@type\":\"EntryPoint\",\"urlTemplate\":\"https:\\\/\\\/formationsubf.coop\\\/boutique\\\/?s={search_term_string}\"},\"query-input\":{\"@type\":\"PropertyValueSpecification\",\"valueRequired\":true,\"valueName\":\"search_term_string\"}}],\"inLanguage\":\"fr-FR\"}]}<\/script>\n<!-- \/ Yoast SEO plugin. -->","yoast_head_json":{"title":"Pansement pour les yeux (un) - Formations UBF | Boutique","description":"Utilis\u00e9 apr\u00e8s une l\u00e9sion oculaire ou une intervention chirurgicale comme un bandage sur l'\u0153il pour la protection ou l'absorption des s\u00e9cr\u00e9tions.","robots":{"index":"index","follow":"follow","max-snippet":"max-snippet:-1","max-image-preview":"max-image-preview:large","max-video-preview":"max-video-preview:-1"},"canonical":"https:\/\/formationsubf.coop\/boutique\/product\/coussinet-oculaire-sterile-curity-covidien\/","og_locale":"fr_FR","og_type":"article","og_title":"Pansement pour les yeux (un) - Formations UBF | Boutique","og_description":"Utilis\u00e9 apr\u00e8s une l\u00e9sion oculaire ou une intervention chirurgicale comme un bandage sur l'\u0153il pour la protection ou l'absorption des s\u00e9cr\u00e9tions.","og_url":"https:\/\/formationsubf.coop\/boutique\/product\/coussinet-oculaire-sterile-curity-covidien\/","og_site_name":"Formations UBF | Boutique","article_publisher":"https:\/\/www.facebook.com\/ubfmaterielmedicaletorthopedique","article_modified_time":"2026-02-04T15:11:44+00:00","og_image":[{"width":500,"height":499,"url":"https:\/\/formationsubf.coop\/boutique\/wp-content\/uploads\/2020\/04\/91650-Compresse-oculaire-Curity-Covidien-unit\u00e9-1-e1588010989440.jpg","type":"image\/jpeg"}],"twitter_card":"summary_large_image","schema":{"@context":"https:\/\/schema.org","@graph":[{"@type":"WebPage","@id":"https:\/\/formationsubf.coop\/boutique\/product\/coussinet-oculaire-sterile-curity-covidien\/","url":"https:\/\/formationsubf.coop\/boutique\/product\/coussinet-oculaire-sterile-curity-covidien\/","name":"Pansement pour les yeux (un) - Formations UBF | Boutique","isPartOf":{"@id":"https:\/\/formationsubf.coop\/boutique\/#website"},"primaryImageOfPage":{"@id":"https:\/\/formationsubf.coop\/boutique\/product\/coussinet-oculaire-sterile-curity-covidien\/#primaryimage"},"image":{"@id":"https:\/\/formationsubf.coop\/boutique\/product\/coussinet-oculaire-sterile-curity-covidien\/#primaryimage"},"thumbnailUrl":"https:\/\/formationsubf.coop\/boutique\/wp-content\/uploads\/2020\/04\/91650-Compresse-oculaire-Curity-Covidien-unit\u00e9-1-e1588010989440.jpg","datePublished":"2020-04-27T18:11:12+00:00","dateModified":"2026-02-04T15:11:44+00:00","description":"Utilis\u00e9 apr\u00e8s une l\u00e9sion oculaire ou une intervention chirurgicale comme un bandage sur l'\u0153il pour la protection ou l'absorption des s\u00e9cr\u00e9tions.","breadcrumb":{"@id":"https:\/\/formationsubf.coop\/boutique\/product\/coussinet-oculaire-sterile-curity-covidien\/#breadcrumb"},"inLanguage":"fr-FR","potentialAction":[{"@type":"ReadAction","target":["https:\/\/formationsubf.coop\/boutique\/product\/coussinet-oculaire-sterile-curity-covidien\/"]}]},{"@type":"ImageObject","inLanguage":"fr-FR","@id":"https:\/\/formationsubf.coop\/boutique\/product\/coussinet-oculaire-sterile-curity-covidien\/#primaryimage","url":"https:\/\/formationsubf.coop\/boutique\/wp-content\/uploads\/2020\/04\/91650-Compresse-oculaire-Curity-Covidien-unit\u00e9-1-e1588010989440.jpg","contentUrl":"https:\/\/formationsubf.coop\/boutique\/wp-content\/uploads\/2020\/04\/91650-Compresse-oculaire-Curity-Covidien-unit\u00e9-1-e1588010989440.jpg","width":500,"height":499,"caption":"Coussinet oculaire st\u00e9rile Curity | Covidien"},{"@type":"BreadcrumbList","@id":"https:\/\/formationsubf.coop\/boutique\/product\/coussinet-oculaire-sterile-curity-covidien\/#breadcrumb","itemListElement":[{"@type":"ListItem","position":1,"name":"Accueil","item":"https:\/\/formationsubf.coop\/boutique\/"},{"@type":"ListItem","position":2,"name":"Boutique","item":"https:\/\/formationsubf.coop\/boutique\/produits\/"},{"@type":"ListItem","position":3,"name":"Premiers Soins","item":"https:\/\/formationsubf.coop\/boutique\/product-category\/premiers-soins\/"},{"@type":"ListItem","position":4,"name":"Produits et accessoires lavage oculaire - br\u00fblure chimique","item":"https:\/\/formationsubf.coop\/boutique\/product-category\/premiers-soins\/produits-et-accessoires-lavage-oculaire-brulure-chimique\/"},{"@type":"ListItem","position":5,"name":"Pansement pour les yeux (un)"}]},{"@type":"WebSite","@id":"https:\/\/formationsubf.coop\/boutique\/#website","url":"https:\/\/formationsubf.coop\/boutique\/","name":"Formations UBF | Boutique","description":"","potentialAction":[{"@type":"SearchAction","target":{"@type":"EntryPoint","urlTemplate":"https:\/\/formationsubf.coop\/boutique\/?s={search_term_string}"},"query-input":{"@type":"PropertyValueSpecification","valueRequired":true,"valueName":"search_term_string"}}],"inLanguage":"fr-FR"}]}},"_links":{"self":[{"href":"https:\/\/formationsubf.coop\/boutique\/wp-json\/wp\/v2\/product\/1799","targetHints":{"allow":["GET"]}}],"collection":[{"href":"https:\/\/formationsubf.coop\/boutique\/wp-json\/wp\/v2\/product"}],"about":[{"href":"https:\/\/formationsubf.coop\/boutique\/wp-json\/wp\/v2\/types\/product"}],"replies":[{"embeddable":true,"href":"https:\/\/formationsubf.coop\/boutique\/wp-json\/wp\/v2\/comments?post=1799"}],"wp:featuredmedia":[{"embeddable":true,"href":"https:\/\/formationsubf.coop\/boutique\/wp-json\/wp\/v2\/media\/1801"}],"wp:attachment":[{"href":"https:\/\/formationsubf.coop\/boutique\/wp-json\/wp\/v2\/media?parent=1799"}],"wp:term":[{"taxonomy":"product_brand","embeddable":true,"href":"https:\/\/formationsubf.coop\/boutique\/wp-json\/wp\/v2\/product_brand?post=1799"},{"taxonomy":"product_cat","embeddable":true,"href":"https:\/\/formationsubf.coop\/boutique\/wp-json\/wp\/v2\/product_cat?post=1799"},{"taxonomy":"product_tag","embeddable":true,"href":"https:\/\/formationsubf.coop\/boutique\/wp-json\/wp\/v2\/product_tag?post=1799"}],"curies":[{"name":"wp","href":"https:\/\/api.w.org\/{rel}","templated":true}]}}