{"id":1781,"date":"2020-04-27T13:17:59","date_gmt":"2020-04-27T17:17:59","guid":{"rendered":"http:\/\/orthoubf.coop\/?post_type=product&#038;p=1781"},"modified":"2025-09-15T10:42:16","modified_gmt":"2025-09-15T14:42:16","slug":"solution-pour-rincage-oculaire-500-ml-safe-cross","status":"publish","type":"product","link":"https:\/\/formationsubf.coop\/boutique\/product\/solution-pour-rincage-oculaire-500-ml-safe-cross\/","title":{"rendered":"Rincage oculaire 500ml"},"content":{"rendered":"<p>Solution isotonique tamponn\u00e9e pr\u00eate \u00e0 l&#8217;emploi pour l&rsquo;irrigation oculaire. Nettoie l&rsquo;\u0153il pour aider \u00e0 soulager l&rsquo;irritation, l&rsquo;inconfort, les br\u00fblures, les picotements ou les d\u00e9mangeaisons en \u00e9liminant les mati\u00e8res \u00e9trang\u00e8res l\u00e2ches, les polluants atmosph\u00e9riques (smog ou pollen) ou l&rsquo;eau chlor\u00e9e.<\/p>\n","protected":false},"excerpt":{"rendered":"<ul>\n<li>Contient une solution tampon pour aider \u00e0 neutraliser les yeux apr\u00e8s une exposition \u00e0 des substances acides ou alcalines.<\/li>\n<li>Contient 2,5 % d&rsquo;acide borique (poids en volume).<\/li>\n<li>Format: 500 ml.<\/li>\n<\/ul>\n","protected":false},"featured_media":1782,"comment_status":"closed","ping_status":"closed","template":"","meta":[],"product_brand":[],"product_cat":[413,804],"product_tag":[828,823,442,827],"class_list":{"0":"post-1781","1":"product","2":"type-product","3":"status-publish","4":"has-post-thumbnail","6":"product_cat-premiers-soins","7":"product_cat-produits-et-accessoires-lavage-oculaire-brulure-chimique","8":"product_tag-500-ml","9":"product_tag-rincage-oculaire","10":"product_tag-safe-cross","11":"product_tag-solution","12":"sync-code-w","14":"first","15":"instock","16":"taxable","17":"shipping-taxable","18":"purchasable","19":"product-type-simple"},"yoast_head":"<!-- This site is optimized with the Yoast SEO plugin v27.3 - https:\/\/yoast.com\/product\/yoast-seo-wordpress\/ -->\n<title>Rincage oculaire 500ml - Formations UBF | Boutique<\/title>\n<meta name=\"description\" content=\"Solution isotonique tamponn\u00e9e pr\u00eate \u00e0 l&#039;emploi pour l&#039;irrigation oculaire. Nettoie l&#039;\u0153il pour aider \u00e0 soulager l&#039;irritation, l&#039;inconfort, les br\u00fblures etc..\" \/>\n<meta name=\"robots\" content=\"index, follow, max-snippet:-1, max-image-preview:large, max-video-preview:-1\" \/>\n<link rel=\"canonical\" href=\"https:\/\/formationsubf.coop\/boutique\/product\/solution-pour-rincage-oculaire-500-ml-safe-cross\/\" \/>\n<meta property=\"og:locale\" content=\"fr_FR\" \/>\n<meta property=\"og:type\" content=\"article\" \/>\n<meta property=\"og:title\" content=\"Rincage oculaire 500ml - Formations UBF | Boutique\" \/>\n<meta property=\"og:description\" content=\"Solution isotonique tamponn\u00e9e pr\u00eate \u00e0 l&#039;emploi pour l&#039;irrigation oculaire. Nettoie l&#039;\u0153il pour aider \u00e0 soulager l&#039;irritation, l&#039;inconfort, les br\u00fblures etc..\" \/>\n<meta property=\"og:url\" content=\"https:\/\/formationsubf.coop\/boutique\/product\/solution-pour-rincage-oculaire-500-ml-safe-cross\/\" \/>\n<meta property=\"og:site_name\" content=\"Formations UBF | Boutique\" \/>\n<meta property=\"article:publisher\" content=\"https:\/\/www.facebook.com\/ubfmaterielmedicaletorthopedique\" \/>\n<meta property=\"article:modified_time\" content=\"2025-09-15T14:42:16+00:00\" \/>\n<meta property=\"og:image\" content=\"https:\/\/formationsubf.coop\/boutique\/wp-content\/uploads\/2020\/04\/4076-Rincage-auculaire-500ml-e1588007843436.jpg\" \/>\n\t<meta property=\"og:image:width\" content=\"500\" \/>\n\t<meta property=\"og:image:height\" content=\"499\" \/>\n\t<meta property=\"og:image:type\" content=\"image\/jpeg\" \/>\n<meta name=\"twitter:card\" content=\"summary_large_image\" \/>\n<script type=\"application\/ld+json\" class=\"yoast-schema-graph\">{\"@context\":\"https:\\\/\\\/schema.org\",\"@graph\":[{\"@type\":\"WebPage\",\"@id\":\"https:\\\/\\\/formationsubf.coop\\\/boutique\\\/product\\\/solution-pour-rincage-oculaire-500-ml-safe-cross\\\/\",\"url\":\"https:\\\/\\\/formationsubf.coop\\\/boutique\\\/product\\\/solution-pour-rincage-oculaire-500-ml-safe-cross\\\/\",\"name\":\"Rincage oculaire 500ml - Formations UBF | Boutique\",\"isPartOf\":{\"@id\":\"https:\\\/\\\/formationsubf.coop\\\/boutique\\\/#website\"},\"primaryImageOfPage\":{\"@id\":\"https:\\\/\\\/formationsubf.coop\\\/boutique\\\/product\\\/solution-pour-rincage-oculaire-500-ml-safe-cross\\\/#primaryimage\"},\"image\":{\"@id\":\"https:\\\/\\\/formationsubf.coop\\\/boutique\\\/product\\\/solution-pour-rincage-oculaire-500-ml-safe-cross\\\/#primaryimage\"},\"thumbnailUrl\":\"https:\\\/\\\/formationsubf.coop\\\/boutique\\\/wp-content\\\/uploads\\\/2020\\\/04\\\/4076-Rincage-auculaire-500ml-e1588007843436.jpg\",\"datePublished\":\"2020-04-27T17:17:59+00:00\",\"dateModified\":\"2025-09-15T14:42:16+00:00\",\"description\":\"Solution isotonique tamponn\u00e9e pr\u00eate \u00e0 l'emploi pour l'irrigation oculaire. Nettoie l'\u0153il pour aider \u00e0 soulager l'irritation, l'inconfort, les br\u00fblures etc..\",\"breadcrumb\":{\"@id\":\"https:\\\/\\\/formationsubf.coop\\\/boutique\\\/product\\\/solution-pour-rincage-oculaire-500-ml-safe-cross\\\/#breadcrumb\"},\"inLanguage\":\"fr-FR\",\"potentialAction\":[{\"@type\":\"ReadAction\",\"target\":[\"https:\\\/\\\/formationsubf.coop\\\/boutique\\\/product\\\/solution-pour-rincage-oculaire-500-ml-safe-cross\\\/\"]}]},{\"@type\":\"ImageObject\",\"inLanguage\":\"fr-FR\",\"@id\":\"https:\\\/\\\/formationsubf.coop\\\/boutique\\\/product\\\/solution-pour-rincage-oculaire-500-ml-safe-cross\\\/#primaryimage\",\"url\":\"https:\\\/\\\/formationsubf.coop\\\/boutique\\\/wp-content\\\/uploads\\\/2020\\\/04\\\/4076-Rincage-auculaire-500ml-e1588007843436.jpg\",\"contentUrl\":\"https:\\\/\\\/formationsubf.coop\\\/boutique\\\/wp-content\\\/uploads\\\/2020\\\/04\\\/4076-Rincage-auculaire-500ml-e1588007843436.jpg\",\"width\":500,\"height\":499,\"caption\":\"Solution pour rin\u00e7age oculaire 500 ml | Safe Cross\"},{\"@type\":\"BreadcrumbList\",\"@id\":\"https:\\\/\\\/formationsubf.coop\\\/boutique\\\/product\\\/solution-pour-rincage-oculaire-500-ml-safe-cross\\\/#breadcrumb\",\"itemListElement\":[{\"@type\":\"ListItem\",\"position\":1,\"name\":\"Accueil\",\"item\":\"https:\\\/\\\/formationsubf.coop\\\/boutique\\\/\"},{\"@type\":\"ListItem\",\"position\":2,\"name\":\"Boutique\",\"item\":\"https:\\\/\\\/formationsubf.coop\\\/boutique\\\/produits\\\/\"},{\"@type\":\"ListItem\",\"position\":3,\"name\":\"Premiers Soins\",\"item\":\"https:\\\/\\\/formationsubf.coop\\\/boutique\\\/product-category\\\/premiers-soins\\\/\"},{\"@type\":\"ListItem\",\"position\":4,\"name\":\"Produits et accessoires lavage oculaire - br\u00fblure chimique\",\"item\":\"https:\\\/\\\/formationsubf.coop\\\/boutique\\\/product-category\\\/premiers-soins\\\/produits-et-accessoires-lavage-oculaire-brulure-chimique\\\/\"},{\"@type\":\"ListItem\",\"position\":5,\"name\":\"Rincage oculaire 500ml\"}]},{\"@type\":\"WebSite\",\"@id\":\"https:\\\/\\\/formationsubf.coop\\\/boutique\\\/#website\",\"url\":\"https:\\\/\\\/formationsubf.coop\\\/boutique\\\/\",\"name\":\"Formations UBF | Boutique\",\"description\":\"\",\"potentialAction\":[{\"@type\":\"SearchAction\",\"target\":{\"@type\":\"EntryPoint\",\"urlTemplate\":\"https:\\\/\\\/formationsubf.coop\\\/boutique\\\/?s={search_term_string}\"},\"query-input\":{\"@type\":\"PropertyValueSpecification\",\"valueRequired\":true,\"valueName\":\"search_term_string\"}}],\"inLanguage\":\"fr-FR\"}]}<\/script>\n<!-- \/ Yoast SEO plugin. -->","yoast_head_json":{"title":"Rincage oculaire 500ml - Formations UBF | Boutique","description":"Solution isotonique tamponn\u00e9e pr\u00eate \u00e0 l'emploi pour l'irrigation oculaire. Nettoie l'\u0153il pour aider \u00e0 soulager l'irritation, l'inconfort, les br\u00fblures etc..","robots":{"index":"index","follow":"follow","max-snippet":"max-snippet:-1","max-image-preview":"max-image-preview:large","max-video-preview":"max-video-preview:-1"},"canonical":"https:\/\/formationsubf.coop\/boutique\/product\/solution-pour-rincage-oculaire-500-ml-safe-cross\/","og_locale":"fr_FR","og_type":"article","og_title":"Rincage oculaire 500ml - Formations UBF | Boutique","og_description":"Solution isotonique tamponn\u00e9e pr\u00eate \u00e0 l'emploi pour l'irrigation oculaire. Nettoie l'\u0153il pour aider \u00e0 soulager l'irritation, l'inconfort, les br\u00fblures etc..","og_url":"https:\/\/formationsubf.coop\/boutique\/product\/solution-pour-rincage-oculaire-500-ml-safe-cross\/","og_site_name":"Formations UBF | Boutique","article_publisher":"https:\/\/www.facebook.com\/ubfmaterielmedicaletorthopedique","article_modified_time":"2025-09-15T14:42:16+00:00","og_image":[{"width":500,"height":499,"url":"https:\/\/formationsubf.coop\/boutique\/wp-content\/uploads\/2020\/04\/4076-Rincage-auculaire-500ml-e1588007843436.jpg","type":"image\/jpeg"}],"twitter_card":"summary_large_image","schema":{"@context":"https:\/\/schema.org","@graph":[{"@type":"WebPage","@id":"https:\/\/formationsubf.coop\/boutique\/product\/solution-pour-rincage-oculaire-500-ml-safe-cross\/","url":"https:\/\/formationsubf.coop\/boutique\/product\/solution-pour-rincage-oculaire-500-ml-safe-cross\/","name":"Rincage oculaire 500ml - Formations UBF | Boutique","isPartOf":{"@id":"https:\/\/formationsubf.coop\/boutique\/#website"},"primaryImageOfPage":{"@id":"https:\/\/formationsubf.coop\/boutique\/product\/solution-pour-rincage-oculaire-500-ml-safe-cross\/#primaryimage"},"image":{"@id":"https:\/\/formationsubf.coop\/boutique\/product\/solution-pour-rincage-oculaire-500-ml-safe-cross\/#primaryimage"},"thumbnailUrl":"https:\/\/formationsubf.coop\/boutique\/wp-content\/uploads\/2020\/04\/4076-Rincage-auculaire-500ml-e1588007843436.jpg","datePublished":"2020-04-27T17:17:59+00:00","dateModified":"2025-09-15T14:42:16+00:00","description":"Solution isotonique tamponn\u00e9e pr\u00eate \u00e0 l'emploi pour l'irrigation oculaire. Nettoie l'\u0153il pour aider \u00e0 soulager l'irritation, l'inconfort, les br\u00fblures etc..","breadcrumb":{"@id":"https:\/\/formationsubf.coop\/boutique\/product\/solution-pour-rincage-oculaire-500-ml-safe-cross\/#breadcrumb"},"inLanguage":"fr-FR","potentialAction":[{"@type":"ReadAction","target":["https:\/\/formationsubf.coop\/boutique\/product\/solution-pour-rincage-oculaire-500-ml-safe-cross\/"]}]},{"@type":"ImageObject","inLanguage":"fr-FR","@id":"https:\/\/formationsubf.coop\/boutique\/product\/solution-pour-rincage-oculaire-500-ml-safe-cross\/#primaryimage","url":"https:\/\/formationsubf.coop\/boutique\/wp-content\/uploads\/2020\/04\/4076-Rincage-auculaire-500ml-e1588007843436.jpg","contentUrl":"https:\/\/formationsubf.coop\/boutique\/wp-content\/uploads\/2020\/04\/4076-Rincage-auculaire-500ml-e1588007843436.jpg","width":500,"height":499,"caption":"Solution pour rin\u00e7age oculaire 500 ml | Safe Cross"},{"@type":"BreadcrumbList","@id":"https:\/\/formationsubf.coop\/boutique\/product\/solution-pour-rincage-oculaire-500-ml-safe-cross\/#breadcrumb","itemListElement":[{"@type":"ListItem","position":1,"name":"Accueil","item":"https:\/\/formationsubf.coop\/boutique\/"},{"@type":"ListItem","position":2,"name":"Boutique","item":"https:\/\/formationsubf.coop\/boutique\/produits\/"},{"@type":"ListItem","position":3,"name":"Premiers Soins","item":"https:\/\/formationsubf.coop\/boutique\/product-category\/premiers-soins\/"},{"@type":"ListItem","position":4,"name":"Produits et accessoires lavage oculaire - br\u00fblure chimique","item":"https:\/\/formationsubf.coop\/boutique\/product-category\/premiers-soins\/produits-et-accessoires-lavage-oculaire-brulure-chimique\/"},{"@type":"ListItem","position":5,"name":"Rincage oculaire 500ml"}]},{"@type":"WebSite","@id":"https:\/\/formationsubf.coop\/boutique\/#website","url":"https:\/\/formationsubf.coop\/boutique\/","name":"Formations UBF | Boutique","description":"","potentialAction":[{"@type":"SearchAction","target":{"@type":"EntryPoint","urlTemplate":"https:\/\/formationsubf.coop\/boutique\/?s={search_term_string}"},"query-input":{"@type":"PropertyValueSpecification","valueRequired":true,"valueName":"search_term_string"}}],"inLanguage":"fr-FR"}]}},"_links":{"self":[{"href":"https:\/\/formationsubf.coop\/boutique\/wp-json\/wp\/v2\/product\/1781","targetHints":{"allow":["GET"]}}],"collection":[{"href":"https:\/\/formationsubf.coop\/boutique\/wp-json\/wp\/v2\/product"}],"about":[{"href":"https:\/\/formationsubf.coop\/boutique\/wp-json\/wp\/v2\/types\/product"}],"replies":[{"embeddable":true,"href":"https:\/\/formationsubf.coop\/boutique\/wp-json\/wp\/v2\/comments?post=1781"}],"wp:featuredmedia":[{"embeddable":true,"href":"https:\/\/formationsubf.coop\/boutique\/wp-json\/wp\/v2\/media\/1782"}],"wp:attachment":[{"href":"https:\/\/formationsubf.coop\/boutique\/wp-json\/wp\/v2\/media?parent=1781"}],"wp:term":[{"taxonomy":"product_brand","embeddable":true,"href":"https:\/\/formationsubf.coop\/boutique\/wp-json\/wp\/v2\/product_brand?post=1781"},{"taxonomy":"product_cat","embeddable":true,"href":"https:\/\/formationsubf.coop\/boutique\/wp-json\/wp\/v2\/product_cat?post=1781"},{"taxonomy":"product_tag","embeddable":true,"href":"https:\/\/formationsubf.coop\/boutique\/wp-json\/wp\/v2\/product_tag?post=1781"}],"curies":[{"name":"wp","href":"https:\/\/api.w.org\/{rel}","templated":true}]}}