{"id":1739,"date":"2020-04-27T09:31:04","date_gmt":"2020-04-27T13:31:04","guid":{"rendered":"http:\/\/orthoubf.coop\/?post_type=product&#038;p=1739"},"modified":"2024-10-23T15:17:49","modified_gmt":"2024-10-23T19:17:49","slug":"attelle-en-aluminium-junior-18-po-sam-splint","status":"publish","type":"product","link":"https:\/\/formationsubf.coop\/boutique\/product\/attelle-en-aluminium-junior-18-po-sam-splint\/","title":{"rendered":"SAM SPLINT JUNIOR 10.8 X 45.7 X 0.5 CM"},"content":{"rendered":"<p>L&rsquo;attelle <em>Sam Splint<\/em> est un appareil compact, l\u00e9ger et tr\u00e8s polyvalent con\u00e7u pour immobiliser les l\u00e9sions osseuses et des tissus mous dans les situations d&rsquo;urgence. Il se compose d&rsquo;une couche de bandes d&rsquo;aluminium doux avec un rev\u00eatement en mousse de poly\u00e9thyl\u00e8ne \u00e0 cellules ferm\u00e9es.<\/p>\n<p>Flexible, \u00e9tanche, mall\u00e9able et r\u00e9utilisable, se fixe facilement au corps \u00e0 l&rsquo;aide de gaze \u00e0 rouleau ou de ruban. Peut \u00eatre port\u00e9 pendant les proc\u00e9dures de radiographie, ce qui r\u00e9duit le risque de blessures suppl\u00e9mentaires pour le patient.<\/p>\n","protected":false},"excerpt":{"rendered":"<ul>\n<li>Ne colle pas aux blessures.<\/li>\n<li>Peut \u00eatre roul\u00e9 ou pli\u00e9 pour s&rsquo;adapter facilement dans les kits d&rsquo;urgence et les sacs \u00e0 dos et ne perforera pas ou ne sera pas affect\u00e9 par la temp\u00e9rature ou l&rsquo;altitude.<\/li>\n<li>Imperm\u00e9able et peut \u00eatre nettoy\u00e9 avec un d\u00e9sinfectant pour \u00eatre r\u00e9utilis\u00e9.<\/li>\n<\/ul>\n","protected":false},"featured_media":1740,"comment_status":"closed","ping_status":"closed","template":"","meta":[],"product_brand":[],"product_cat":[786,69,413,1056],"product_tag":[290,179,291,482,792],"class_list":{"0":"post-1739","1":"product","2":"type-product","3":"status-publish","4":"has-post-thumbnail","6":"product_cat-attelles-et-tourniquets","7":"product_cat-marques","8":"product_cat-premiers-soins","9":"product_cat-sam-splint","10":"product_tag-18-po","11":"product_tag-attelle","12":"product_tag-en-aluminium","13":"product_tag-junior","14":"product_tag-sam-splint","16":"first","17":"outofstock","18":"taxable","19":"shipping-taxable","20":"purchasable","21":"product-type-simple"},"yoast_head":"<!-- This site is optimized with the Yoast SEO plugin v27.3 - https:\/\/yoast.com\/product\/yoast-seo-wordpress\/ -->\n<title>SAM SPLINT JUNIOR 10.8 X 45.7 X 0.5 CM - Formations UBF | Boutique<\/title>\n<meta name=\"description\" content=\"Attelle en aluminium rembourr\u00e9e de mousse se pliant pour une utilisation pratique imm\u00e9diate en cas d&#039;urgence. Flexible, \u00e9tanche, mall\u00e9able et r\u00e9utilisable.\" \/>\n<meta name=\"robots\" content=\"index, follow, max-snippet:-1, max-image-preview:large, max-video-preview:-1\" \/>\n<link rel=\"canonical\" href=\"https:\/\/formationsubf.coop\/boutique\/product\/attelle-en-aluminium-junior-18-po-sam-splint\/\" \/>\n<meta property=\"og:locale\" content=\"fr_FR\" \/>\n<meta property=\"og:type\" content=\"article\" \/>\n<meta property=\"og:title\" content=\"SAM SPLINT JUNIOR 10.8 X 45.7 X 0.5 CM - Formations UBF | Boutique\" \/>\n<meta property=\"og:description\" content=\"Attelle en aluminium rembourr\u00e9e de mousse se pliant pour une utilisation pratique imm\u00e9diate en cas d&#039;urgence. Flexible, \u00e9tanche, mall\u00e9able et r\u00e9utilisable.\" \/>\n<meta property=\"og:url\" content=\"https:\/\/formationsubf.coop\/boutique\/product\/attelle-en-aluminium-junior-18-po-sam-splint\/\" \/>\n<meta property=\"og:site_name\" content=\"Formations UBF | Boutique\" \/>\n<meta property=\"article:publisher\" content=\"https:\/\/www.facebook.com\/ubfmaterielmedicaletorthopedique\" \/>\n<meta property=\"article:modified_time\" content=\"2024-10-23T19:17:49+00:00\" \/>\n<meta property=\"og:image\" content=\"https:\/\/formationsubf.coop\/boutique\/wp-content\/uploads\/2020\/04\/14517-SAM-SPLINT-JUNIOR-10.8-X-45.7-X-0.5-CM-e1587994313112.jpg\" \/>\n\t<meta property=\"og:image:width\" content=\"500\" \/>\n\t<meta property=\"og:image:height\" content=\"499\" \/>\n\t<meta property=\"og:image:type\" content=\"image\/jpeg\" \/>\n<meta name=\"twitter:card\" content=\"summary_large_image\" \/>\n<script type=\"application\/ld+json\" class=\"yoast-schema-graph\">{\"@context\":\"https:\\\/\\\/schema.org\",\"@graph\":[{\"@type\":\"WebPage\",\"@id\":\"https:\\\/\\\/formationsubf.coop\\\/boutique\\\/product\\\/attelle-en-aluminium-junior-18-po-sam-splint\\\/\",\"url\":\"https:\\\/\\\/formationsubf.coop\\\/boutique\\\/product\\\/attelle-en-aluminium-junior-18-po-sam-splint\\\/\",\"name\":\"SAM SPLINT JUNIOR 10.8 X 45.7 X 0.5 CM - Formations UBF | Boutique\",\"isPartOf\":{\"@id\":\"https:\\\/\\\/formationsubf.coop\\\/boutique\\\/#website\"},\"primaryImageOfPage\":{\"@id\":\"https:\\\/\\\/formationsubf.coop\\\/boutique\\\/product\\\/attelle-en-aluminium-junior-18-po-sam-splint\\\/#primaryimage\"},\"image\":{\"@id\":\"https:\\\/\\\/formationsubf.coop\\\/boutique\\\/product\\\/attelle-en-aluminium-junior-18-po-sam-splint\\\/#primaryimage\"},\"thumbnailUrl\":\"https:\\\/\\\/formationsubf.coop\\\/boutique\\\/wp-content\\\/uploads\\\/2020\\\/04\\\/14517-SAM-SPLINT-JUNIOR-10.8-X-45.7-X-0.5-CM-e1587994313112.jpg\",\"datePublished\":\"2020-04-27T13:31:04+00:00\",\"dateModified\":\"2024-10-23T19:17:49+00:00\",\"description\":\"Attelle en aluminium rembourr\u00e9e de mousse se pliant pour une utilisation pratique imm\u00e9diate en cas d'urgence. Flexible, \u00e9tanche, mall\u00e9able et r\u00e9utilisable.\",\"breadcrumb\":{\"@id\":\"https:\\\/\\\/formationsubf.coop\\\/boutique\\\/product\\\/attelle-en-aluminium-junior-18-po-sam-splint\\\/#breadcrumb\"},\"inLanguage\":\"fr-FR\",\"potentialAction\":[{\"@type\":\"ReadAction\",\"target\":[\"https:\\\/\\\/formationsubf.coop\\\/boutique\\\/product\\\/attelle-en-aluminium-junior-18-po-sam-splint\\\/\"]}]},{\"@type\":\"ImageObject\",\"inLanguage\":\"fr-FR\",\"@id\":\"https:\\\/\\\/formationsubf.coop\\\/boutique\\\/product\\\/attelle-en-aluminium-junior-18-po-sam-splint\\\/#primaryimage\",\"url\":\"https:\\\/\\\/formationsubf.coop\\\/boutique\\\/wp-content\\\/uploads\\\/2020\\\/04\\\/14517-SAM-SPLINT-JUNIOR-10.8-X-45.7-X-0.5-CM-e1587994313112.jpg\",\"contentUrl\":\"https:\\\/\\\/formationsubf.coop\\\/boutique\\\/wp-content\\\/uploads\\\/2020\\\/04\\\/14517-SAM-SPLINT-JUNIOR-10.8-X-45.7-X-0.5-CM-e1587994313112.jpg\",\"width\":500,\"height\":499,\"caption\":\"Attelle en aluminium Junior 18 po | Sam Splint\"},{\"@type\":\"BreadcrumbList\",\"@id\":\"https:\\\/\\\/formationsubf.coop\\\/boutique\\\/product\\\/attelle-en-aluminium-junior-18-po-sam-splint\\\/#breadcrumb\",\"itemListElement\":[{\"@type\":\"ListItem\",\"position\":1,\"name\":\"Accueil\",\"item\":\"https:\\\/\\\/formationsubf.coop\\\/boutique\\\/\"},{\"@type\":\"ListItem\",\"position\":2,\"name\":\"Boutique\",\"item\":\"https:\\\/\\\/formationsubf.coop\\\/boutique\\\/produits\\\/\"},{\"@type\":\"ListItem\",\"position\":3,\"name\":\"Premiers Soins\",\"item\":\"https:\\\/\\\/formationsubf.coop\\\/boutique\\\/product-category\\\/premiers-soins\\\/\"},{\"@type\":\"ListItem\",\"position\":4,\"name\":\"Attelles et tourniquets\",\"item\":\"https:\\\/\\\/formationsubf.coop\\\/boutique\\\/product-category\\\/premiers-soins\\\/attelles-et-tourniquets\\\/\"},{\"@type\":\"ListItem\",\"position\":5,\"name\":\"SAM SPLINT JUNIOR 10.8 X 45.7 X 0.5 CM\"}]},{\"@type\":\"WebSite\",\"@id\":\"https:\\\/\\\/formationsubf.coop\\\/boutique\\\/#website\",\"url\":\"https:\\\/\\\/formationsubf.coop\\\/boutique\\\/\",\"name\":\"Formations UBF | Boutique\",\"description\":\"\",\"potentialAction\":[{\"@type\":\"SearchAction\",\"target\":{\"@type\":\"EntryPoint\",\"urlTemplate\":\"https:\\\/\\\/formationsubf.coop\\\/boutique\\\/?s={search_term_string}\"},\"query-input\":{\"@type\":\"PropertyValueSpecification\",\"valueRequired\":true,\"valueName\":\"search_term_string\"}}],\"inLanguage\":\"fr-FR\"}]}<\/script>\n<!-- \/ Yoast SEO plugin. -->","yoast_head_json":{"title":"SAM SPLINT JUNIOR 10.8 X 45.7 X 0.5 CM - Formations UBF | Boutique","description":"Attelle en aluminium rembourr\u00e9e de mousse se pliant pour une utilisation pratique imm\u00e9diate en cas d'urgence. Flexible, \u00e9tanche, mall\u00e9able et r\u00e9utilisable.","robots":{"index":"index","follow":"follow","max-snippet":"max-snippet:-1","max-image-preview":"max-image-preview:large","max-video-preview":"max-video-preview:-1"},"canonical":"https:\/\/formationsubf.coop\/boutique\/product\/attelle-en-aluminium-junior-18-po-sam-splint\/","og_locale":"fr_FR","og_type":"article","og_title":"SAM SPLINT JUNIOR 10.8 X 45.7 X 0.5 CM - Formations UBF | Boutique","og_description":"Attelle en aluminium rembourr\u00e9e de mousse se pliant pour une utilisation pratique imm\u00e9diate en cas d'urgence. Flexible, \u00e9tanche, mall\u00e9able et r\u00e9utilisable.","og_url":"https:\/\/formationsubf.coop\/boutique\/product\/attelle-en-aluminium-junior-18-po-sam-splint\/","og_site_name":"Formations UBF | Boutique","article_publisher":"https:\/\/www.facebook.com\/ubfmaterielmedicaletorthopedique","article_modified_time":"2024-10-23T19:17:49+00:00","og_image":[{"width":500,"height":499,"url":"https:\/\/formationsubf.coop\/boutique\/wp-content\/uploads\/2020\/04\/14517-SAM-SPLINT-JUNIOR-10.8-X-45.7-X-0.5-CM-e1587994313112.jpg","type":"image\/jpeg"}],"twitter_card":"summary_large_image","schema":{"@context":"https:\/\/schema.org","@graph":[{"@type":"WebPage","@id":"https:\/\/formationsubf.coop\/boutique\/product\/attelle-en-aluminium-junior-18-po-sam-splint\/","url":"https:\/\/formationsubf.coop\/boutique\/product\/attelle-en-aluminium-junior-18-po-sam-splint\/","name":"SAM SPLINT JUNIOR 10.8 X 45.7 X 0.5 CM - Formations UBF | Boutique","isPartOf":{"@id":"https:\/\/formationsubf.coop\/boutique\/#website"},"primaryImageOfPage":{"@id":"https:\/\/formationsubf.coop\/boutique\/product\/attelle-en-aluminium-junior-18-po-sam-splint\/#primaryimage"},"image":{"@id":"https:\/\/formationsubf.coop\/boutique\/product\/attelle-en-aluminium-junior-18-po-sam-splint\/#primaryimage"},"thumbnailUrl":"https:\/\/formationsubf.coop\/boutique\/wp-content\/uploads\/2020\/04\/14517-SAM-SPLINT-JUNIOR-10.8-X-45.7-X-0.5-CM-e1587994313112.jpg","datePublished":"2020-04-27T13:31:04+00:00","dateModified":"2024-10-23T19:17:49+00:00","description":"Attelle en aluminium rembourr\u00e9e de mousse se pliant pour une utilisation pratique imm\u00e9diate en cas d'urgence. Flexible, \u00e9tanche, mall\u00e9able et r\u00e9utilisable.","breadcrumb":{"@id":"https:\/\/formationsubf.coop\/boutique\/product\/attelle-en-aluminium-junior-18-po-sam-splint\/#breadcrumb"},"inLanguage":"fr-FR","potentialAction":[{"@type":"ReadAction","target":["https:\/\/formationsubf.coop\/boutique\/product\/attelle-en-aluminium-junior-18-po-sam-splint\/"]}]},{"@type":"ImageObject","inLanguage":"fr-FR","@id":"https:\/\/formationsubf.coop\/boutique\/product\/attelle-en-aluminium-junior-18-po-sam-splint\/#primaryimage","url":"https:\/\/formationsubf.coop\/boutique\/wp-content\/uploads\/2020\/04\/14517-SAM-SPLINT-JUNIOR-10.8-X-45.7-X-0.5-CM-e1587994313112.jpg","contentUrl":"https:\/\/formationsubf.coop\/boutique\/wp-content\/uploads\/2020\/04\/14517-SAM-SPLINT-JUNIOR-10.8-X-45.7-X-0.5-CM-e1587994313112.jpg","width":500,"height":499,"caption":"Attelle en aluminium Junior 18 po | Sam Splint"},{"@type":"BreadcrumbList","@id":"https:\/\/formationsubf.coop\/boutique\/product\/attelle-en-aluminium-junior-18-po-sam-splint\/#breadcrumb","itemListElement":[{"@type":"ListItem","position":1,"name":"Accueil","item":"https:\/\/formationsubf.coop\/boutique\/"},{"@type":"ListItem","position":2,"name":"Boutique","item":"https:\/\/formationsubf.coop\/boutique\/produits\/"},{"@type":"ListItem","position":3,"name":"Premiers Soins","item":"https:\/\/formationsubf.coop\/boutique\/product-category\/premiers-soins\/"},{"@type":"ListItem","position":4,"name":"Attelles et tourniquets","item":"https:\/\/formationsubf.coop\/boutique\/product-category\/premiers-soins\/attelles-et-tourniquets\/"},{"@type":"ListItem","position":5,"name":"SAM SPLINT JUNIOR 10.8 X 45.7 X 0.5 CM"}]},{"@type":"WebSite","@id":"https:\/\/formationsubf.coop\/boutique\/#website","url":"https:\/\/formationsubf.coop\/boutique\/","name":"Formations UBF | Boutique","description":"","potentialAction":[{"@type":"SearchAction","target":{"@type":"EntryPoint","urlTemplate":"https:\/\/formationsubf.coop\/boutique\/?s={search_term_string}"},"query-input":{"@type":"PropertyValueSpecification","valueRequired":true,"valueName":"search_term_string"}}],"inLanguage":"fr-FR"}]}},"_links":{"self":[{"href":"https:\/\/formationsubf.coop\/boutique\/wp-json\/wp\/v2\/product\/1739","targetHints":{"allow":["GET"]}}],"collection":[{"href":"https:\/\/formationsubf.coop\/boutique\/wp-json\/wp\/v2\/product"}],"about":[{"href":"https:\/\/formationsubf.coop\/boutique\/wp-json\/wp\/v2\/types\/product"}],"replies":[{"embeddable":true,"href":"https:\/\/formationsubf.coop\/boutique\/wp-json\/wp\/v2\/comments?post=1739"}],"wp:featuredmedia":[{"embeddable":true,"href":"https:\/\/formationsubf.coop\/boutique\/wp-json\/wp\/v2\/media\/1740"}],"wp:attachment":[{"href":"https:\/\/formationsubf.coop\/boutique\/wp-json\/wp\/v2\/media?parent=1739"}],"wp:term":[{"taxonomy":"product_brand","embeddable":true,"href":"https:\/\/formationsubf.coop\/boutique\/wp-json\/wp\/v2\/product_brand?post=1739"},{"taxonomy":"product_cat","embeddable":true,"href":"https:\/\/formationsubf.coop\/boutique\/wp-json\/wp\/v2\/product_cat?post=1739"},{"taxonomy":"product_tag","embeddable":true,"href":"https:\/\/formationsubf.coop\/boutique\/wp-json\/wp\/v2\/product_tag?post=1739"}],"curies":[{"name":"wp","href":"https:\/\/api.w.org\/{rel}","templated":true}]}}