{"id":1692,"date":"2020-04-24T13:33:52","date_gmt":"2020-04-24T17:33:52","guid":{"rendered":"http:\/\/orthoubf.coop\/?post_type=product&#038;p=1692"},"modified":"2026-02-04T10:09:51","modified_gmt":"2026-02-04T15:09:51","slug":"epingle-de-surete-12-safe-cross","status":"publish","type":"product","link":"https:\/\/formationsubf.coop\/boutique\/product\/epingle-de-surete-12-safe-cross\/","title":{"rendered":"\u00c9pingle de suret\u00e9 (12) assorties"},"content":{"rendered":"<p>\u00c9pingle de s\u00fbret\u00e9 en nickel, aide \u00e0 la fixation de pansement et bandage triangulaire.<\/p>\n","protected":false},"excerpt":{"rendered":"<ul>\n<li>Fait de laiton nickel\u00e9.<\/li>\n<li>Tailles assorties (4 unit\u00e9s de chacune des tailles 1, 2 et 3)<\/li>\n<\/ul>\n","protected":false},"featured_media":1694,"comment_status":"closed","ping_status":"closed","template":"","meta":[],"product_brand":[],"product_cat":[762,413],"product_tag":[763,442],"class_list":{"0":"post-1692","1":"product","2":"type-product","3":"status-publish","4":"has-post-thumbnail","6":"product_cat-instruments-plateaux-et-accessoires","7":"product_cat-premiers-soins","8":"product_tag-epingle-de-surete","9":"product_tag-safe-cross","10":"sync-code-w","12":"first","13":"instock","14":"taxable","15":"shipping-taxable","16":"purchasable","17":"product-type-simple"},"yoast_head":"<!-- This site is optimized with the Yoast SEO plugin v27.3 - https:\/\/yoast.com\/product\/yoast-seo-wordpress\/ -->\n<title>\u00c9pingle de suret\u00e9 (12) assorties - Formations UBF | Boutique<\/title>\n<meta name=\"description\" content=\"\u00c9pingle de s\u00fbret\u00e9 en nickel, aide \u00e0 la fixation de pansement et bandage triangulaire. Tailles assorties\" \/>\n<meta name=\"robots\" content=\"index, follow, max-snippet:-1, max-image-preview:large, max-video-preview:-1\" \/>\n<link rel=\"canonical\" href=\"https:\/\/formationsubf.coop\/boutique\/product\/epingle-de-surete-12-safe-cross\/\" \/>\n<meta property=\"og:locale\" content=\"fr_FR\" \/>\n<meta property=\"og:type\" content=\"article\" \/>\n<meta property=\"og:title\" content=\"\u00c9pingle de suret\u00e9 (12) assorties - Formations UBF | Boutique\" \/>\n<meta property=\"og:description\" content=\"\u00c9pingle de s\u00fbret\u00e9 en nickel, aide \u00e0 la fixation de pansement et bandage triangulaire. Tailles assorties\" \/>\n<meta property=\"og:url\" content=\"https:\/\/formationsubf.coop\/boutique\/product\/epingle-de-surete-12-safe-cross\/\" \/>\n<meta property=\"og:site_name\" content=\"Formations UBF | Boutique\" \/>\n<meta property=\"article:publisher\" content=\"https:\/\/www.facebook.com\/ubfmaterielmedicaletorthopedique\" \/>\n<meta property=\"article:modified_time\" content=\"2026-02-04T15:09:51+00:00\" \/>\n<meta property=\"og:image\" content=\"https:\/\/formationsubf.coop\/boutique\/wp-content\/uploads\/2020\/04\/02026-Epingle-de-surete-Safecross-12-assorties-e1587749320764.jpg\" \/>\n\t<meta property=\"og:image:width\" content=\"500\" \/>\n\t<meta property=\"og:image:height\" content=\"499\" \/>\n\t<meta property=\"og:image:type\" content=\"image\/jpeg\" \/>\n<meta name=\"twitter:card\" content=\"summary_large_image\" \/>\n<script type=\"application\/ld+json\" class=\"yoast-schema-graph\">{\"@context\":\"https:\\\/\\\/schema.org\",\"@graph\":[{\"@type\":\"WebPage\",\"@id\":\"https:\\\/\\\/formationsubf.coop\\\/boutique\\\/product\\\/epingle-de-surete-12-safe-cross\\\/\",\"url\":\"https:\\\/\\\/formationsubf.coop\\\/boutique\\\/product\\\/epingle-de-surete-12-safe-cross\\\/\",\"name\":\"\u00c9pingle de suret\u00e9 (12) assorties - Formations UBF | Boutique\",\"isPartOf\":{\"@id\":\"https:\\\/\\\/formationsubf.coop\\\/boutique\\\/#website\"},\"primaryImageOfPage\":{\"@id\":\"https:\\\/\\\/formationsubf.coop\\\/boutique\\\/product\\\/epingle-de-surete-12-safe-cross\\\/#primaryimage\"},\"image\":{\"@id\":\"https:\\\/\\\/formationsubf.coop\\\/boutique\\\/product\\\/epingle-de-surete-12-safe-cross\\\/#primaryimage\"},\"thumbnailUrl\":\"https:\\\/\\\/formationsubf.coop\\\/boutique\\\/wp-content\\\/uploads\\\/2020\\\/04\\\/02026-Epingle-de-surete-Safecross-12-assorties-e1587749320764.jpg\",\"datePublished\":\"2020-04-24T17:33:52+00:00\",\"dateModified\":\"2026-02-04T15:09:51+00:00\",\"description\":\"\u00c9pingle de s\u00fbret\u00e9 en nickel, aide \u00e0 la fixation de pansement et bandage triangulaire. Tailles assorties\",\"breadcrumb\":{\"@id\":\"https:\\\/\\\/formationsubf.coop\\\/boutique\\\/product\\\/epingle-de-surete-12-safe-cross\\\/#breadcrumb\"},\"inLanguage\":\"fr-FR\",\"potentialAction\":[{\"@type\":\"ReadAction\",\"target\":[\"https:\\\/\\\/formationsubf.coop\\\/boutique\\\/product\\\/epingle-de-surete-12-safe-cross\\\/\"]}]},{\"@type\":\"ImageObject\",\"inLanguage\":\"fr-FR\",\"@id\":\"https:\\\/\\\/formationsubf.coop\\\/boutique\\\/product\\\/epingle-de-surete-12-safe-cross\\\/#primaryimage\",\"url\":\"https:\\\/\\\/formationsubf.coop\\\/boutique\\\/wp-content\\\/uploads\\\/2020\\\/04\\\/02026-Epingle-de-surete-Safecross-12-assorties-e1587749320764.jpg\",\"contentUrl\":\"https:\\\/\\\/formationsubf.coop\\\/boutique\\\/wp-content\\\/uploads\\\/2020\\\/04\\\/02026-Epingle-de-surete-Safecross-12-assorties-e1587749320764.jpg\",\"width\":500,\"height\":499,\"caption\":\"\u00c9pingle de s\u00fbret\u00e9 (12) | Safe Cross\"},{\"@type\":\"BreadcrumbList\",\"@id\":\"https:\\\/\\\/formationsubf.coop\\\/boutique\\\/product\\\/epingle-de-surete-12-safe-cross\\\/#breadcrumb\",\"itemListElement\":[{\"@type\":\"ListItem\",\"position\":1,\"name\":\"Accueil\",\"item\":\"https:\\\/\\\/formationsubf.coop\\\/boutique\\\/\"},{\"@type\":\"ListItem\",\"position\":2,\"name\":\"Boutique\",\"item\":\"https:\\\/\\\/formationsubf.coop\\\/boutique\\\/produits\\\/\"},{\"@type\":\"ListItem\",\"position\":3,\"name\":\"Premiers Soins\",\"item\":\"https:\\\/\\\/formationsubf.coop\\\/boutique\\\/product-category\\\/premiers-soins\\\/\"},{\"@type\":\"ListItem\",\"position\":4,\"name\":\"Instruments, plateaux et accessoires\",\"item\":\"https:\\\/\\\/formationsubf.coop\\\/boutique\\\/product-category\\\/premiers-soins\\\/instruments-plateaux-et-accessoires\\\/\"},{\"@type\":\"ListItem\",\"position\":5,\"name\":\"\u00c9pingle de suret\u00e9 (12) assorties\"}]},{\"@type\":\"WebSite\",\"@id\":\"https:\\\/\\\/formationsubf.coop\\\/boutique\\\/#website\",\"url\":\"https:\\\/\\\/formationsubf.coop\\\/boutique\\\/\",\"name\":\"Formations UBF | Boutique\",\"description\":\"\",\"potentialAction\":[{\"@type\":\"SearchAction\",\"target\":{\"@type\":\"EntryPoint\",\"urlTemplate\":\"https:\\\/\\\/formationsubf.coop\\\/boutique\\\/?s={search_term_string}\"},\"query-input\":{\"@type\":\"PropertyValueSpecification\",\"valueRequired\":true,\"valueName\":\"search_term_string\"}}],\"inLanguage\":\"fr-FR\"}]}<\/script>\n<!-- \/ Yoast SEO plugin. -->","yoast_head_json":{"title":"\u00c9pingle de suret\u00e9 (12) assorties - Formations UBF | Boutique","description":"\u00c9pingle de s\u00fbret\u00e9 en nickel, aide \u00e0 la fixation de pansement et bandage triangulaire. Tailles assorties","robots":{"index":"index","follow":"follow","max-snippet":"max-snippet:-1","max-image-preview":"max-image-preview:large","max-video-preview":"max-video-preview:-1"},"canonical":"https:\/\/formationsubf.coop\/boutique\/product\/epingle-de-surete-12-safe-cross\/","og_locale":"fr_FR","og_type":"article","og_title":"\u00c9pingle de suret\u00e9 (12) assorties - Formations UBF | Boutique","og_description":"\u00c9pingle de s\u00fbret\u00e9 en nickel, aide \u00e0 la fixation de pansement et bandage triangulaire. Tailles assorties","og_url":"https:\/\/formationsubf.coop\/boutique\/product\/epingle-de-surete-12-safe-cross\/","og_site_name":"Formations UBF | Boutique","article_publisher":"https:\/\/www.facebook.com\/ubfmaterielmedicaletorthopedique","article_modified_time":"2026-02-04T15:09:51+00:00","og_image":[{"width":500,"height":499,"url":"https:\/\/formationsubf.coop\/boutique\/wp-content\/uploads\/2020\/04\/02026-Epingle-de-surete-Safecross-12-assorties-e1587749320764.jpg","type":"image\/jpeg"}],"twitter_card":"summary_large_image","schema":{"@context":"https:\/\/schema.org","@graph":[{"@type":"WebPage","@id":"https:\/\/formationsubf.coop\/boutique\/product\/epingle-de-surete-12-safe-cross\/","url":"https:\/\/formationsubf.coop\/boutique\/product\/epingle-de-surete-12-safe-cross\/","name":"\u00c9pingle de suret\u00e9 (12) assorties - Formations UBF | Boutique","isPartOf":{"@id":"https:\/\/formationsubf.coop\/boutique\/#website"},"primaryImageOfPage":{"@id":"https:\/\/formationsubf.coop\/boutique\/product\/epingle-de-surete-12-safe-cross\/#primaryimage"},"image":{"@id":"https:\/\/formationsubf.coop\/boutique\/product\/epingle-de-surete-12-safe-cross\/#primaryimage"},"thumbnailUrl":"https:\/\/formationsubf.coop\/boutique\/wp-content\/uploads\/2020\/04\/02026-Epingle-de-surete-Safecross-12-assorties-e1587749320764.jpg","datePublished":"2020-04-24T17:33:52+00:00","dateModified":"2026-02-04T15:09:51+00:00","description":"\u00c9pingle de s\u00fbret\u00e9 en nickel, aide \u00e0 la fixation de pansement et bandage triangulaire. Tailles assorties","breadcrumb":{"@id":"https:\/\/formationsubf.coop\/boutique\/product\/epingle-de-surete-12-safe-cross\/#breadcrumb"},"inLanguage":"fr-FR","potentialAction":[{"@type":"ReadAction","target":["https:\/\/formationsubf.coop\/boutique\/product\/epingle-de-surete-12-safe-cross\/"]}]},{"@type":"ImageObject","inLanguage":"fr-FR","@id":"https:\/\/formationsubf.coop\/boutique\/product\/epingle-de-surete-12-safe-cross\/#primaryimage","url":"https:\/\/formationsubf.coop\/boutique\/wp-content\/uploads\/2020\/04\/02026-Epingle-de-surete-Safecross-12-assorties-e1587749320764.jpg","contentUrl":"https:\/\/formationsubf.coop\/boutique\/wp-content\/uploads\/2020\/04\/02026-Epingle-de-surete-Safecross-12-assorties-e1587749320764.jpg","width":500,"height":499,"caption":"\u00c9pingle de s\u00fbret\u00e9 (12) | Safe Cross"},{"@type":"BreadcrumbList","@id":"https:\/\/formationsubf.coop\/boutique\/product\/epingle-de-surete-12-safe-cross\/#breadcrumb","itemListElement":[{"@type":"ListItem","position":1,"name":"Accueil","item":"https:\/\/formationsubf.coop\/boutique\/"},{"@type":"ListItem","position":2,"name":"Boutique","item":"https:\/\/formationsubf.coop\/boutique\/produits\/"},{"@type":"ListItem","position":3,"name":"Premiers Soins","item":"https:\/\/formationsubf.coop\/boutique\/product-category\/premiers-soins\/"},{"@type":"ListItem","position":4,"name":"Instruments, plateaux et accessoires","item":"https:\/\/formationsubf.coop\/boutique\/product-category\/premiers-soins\/instruments-plateaux-et-accessoires\/"},{"@type":"ListItem","position":5,"name":"\u00c9pingle de suret\u00e9 (12) assorties"}]},{"@type":"WebSite","@id":"https:\/\/formationsubf.coop\/boutique\/#website","url":"https:\/\/formationsubf.coop\/boutique\/","name":"Formations UBF | Boutique","description":"","potentialAction":[{"@type":"SearchAction","target":{"@type":"EntryPoint","urlTemplate":"https:\/\/formationsubf.coop\/boutique\/?s={search_term_string}"},"query-input":{"@type":"PropertyValueSpecification","valueRequired":true,"valueName":"search_term_string"}}],"inLanguage":"fr-FR"}]}},"_links":{"self":[{"href":"https:\/\/formationsubf.coop\/boutique\/wp-json\/wp\/v2\/product\/1692","targetHints":{"allow":["GET"]}}],"collection":[{"href":"https:\/\/formationsubf.coop\/boutique\/wp-json\/wp\/v2\/product"}],"about":[{"href":"https:\/\/formationsubf.coop\/boutique\/wp-json\/wp\/v2\/types\/product"}],"replies":[{"embeddable":true,"href":"https:\/\/formationsubf.coop\/boutique\/wp-json\/wp\/v2\/comments?post=1692"}],"wp:featuredmedia":[{"embeddable":true,"href":"https:\/\/formationsubf.coop\/boutique\/wp-json\/wp\/v2\/media\/1694"}],"wp:attachment":[{"href":"https:\/\/formationsubf.coop\/boutique\/wp-json\/wp\/v2\/media?parent=1692"}],"wp:term":[{"taxonomy":"product_brand","embeddable":true,"href":"https:\/\/formationsubf.coop\/boutique\/wp-json\/wp\/v2\/product_brand?post=1692"},{"taxonomy":"product_cat","embeddable":true,"href":"https:\/\/formationsubf.coop\/boutique\/wp-json\/wp\/v2\/product_cat?post=1692"},{"taxonomy":"product_tag","embeddable":true,"href":"https:\/\/formationsubf.coop\/boutique\/wp-json\/wp\/v2\/product_tag?post=1692"}],"curies":[{"name":"wp","href":"https:\/\/api.w.org\/{rel}","templated":true}]}}