{"id":1160,"date":"2020-04-09T15:46:01","date_gmt":"2020-04-09T19:46:01","guid":{"rendered":"http:\/\/orthoubf.coop\/?post_type=product&#038;p=1160"},"modified":"2024-10-23T15:17:32","modified_gmt":"2024-10-23T19:17:32","slug":"thermometre-auriculaire-thermoscan-braun","status":"publish","type":"product","link":"https:\/\/formationsubf.coop\/boutique\/product\/thermometre-auriculaire-thermoscan-braun\/","title":{"rendered":"Thermometre auriculaire Braun ThermoScan 5"},"content":{"rendered":"<p>Thermom\u00e8tre auriculaire <em>ThermoScan<\/em> de Braun facile \u00e0 utiliser pour des mesures de temp\u00e9rature rapides et pr\u00e9cises, avec filtres rempla\u00e7ables pour prot\u00e9ger contre la propagation des germes. <span style=\"color: #333333;\">Complet avec fonction d&rsquo;arr\u00eat automatique, \u00e9cran r\u00e9tro\u00e9clair\u00e9 et bip sonore lorsque la mesure de la temp\u00e9rature est termin\u00e9e. <\/span><span style=\"color: #333333;\">Affiche la temp\u00e9rature en degr\u00e9s centigrades ou Fahrenheit dans un grand format d&rsquo;affichage num\u00e9rique.<\/span><\/p>\n","protected":false},"excerpt":{"rendered":"<ul>\n<li>\u00c9limine le risque de bris de verre.<\/li>\n<li>Convient \u00e0 tous les \u00e2ges.<\/li>\n<\/ul>\n","protected":false},"featured_media":1163,"comment_status":"closed","ping_status":"closed","template":"","meta":[],"product_brand":[],"product_cat":[515,413],"product_tag":[1109,522,523,521],"class_list":{"0":"post-1160","1":"product","2":"type-product","3":"status-publish","4":"has-post-thumbnail","6":"product_cat-appareils-et-accessoires-de-diagnostic","7":"product_cat-premiers-soins","8":"product_tag-auriculaire","9":"product_tag-braun","10":"product_tag-thermometre","11":"product_tag-thermoscan","13":"first","14":"outofstock","15":"taxable","16":"shipping-taxable","17":"purchasable","18":"product-type-simple"},"yoast_head":"<!-- This site is optimized with the Yoast SEO plugin v27.3 - https:\/\/yoast.com\/product\/yoast-seo-wordpress\/ -->\n<title>Thermometre auriculaire Braun ThermoScan 5 - Formations UBF | Boutique<\/title>\n<meta name=\"description\" content=\"Thermom\u00e8tre auriculaire facile \u00e0 utiliser pour des mesures de temp\u00e9rature rapides et pr\u00e9cises, avec filtres rempla\u00e7ables.\" \/>\n<meta name=\"robots\" content=\"index, follow, max-snippet:-1, max-image-preview:large, max-video-preview:-1\" \/>\n<link rel=\"canonical\" href=\"https:\/\/formationsubf.coop\/boutique\/product\/thermometre-auriculaire-thermoscan-braun\/\" \/>\n<meta property=\"og:locale\" content=\"fr_FR\" \/>\n<meta property=\"og:type\" content=\"article\" \/>\n<meta property=\"og:title\" content=\"Thermometre auriculaire Braun ThermoScan 5 - Formations UBF | Boutique\" \/>\n<meta property=\"og:description\" content=\"Thermom\u00e8tre auriculaire facile \u00e0 utiliser pour des mesures de temp\u00e9rature rapides et pr\u00e9cises, avec filtres rempla\u00e7ables.\" \/>\n<meta property=\"og:url\" content=\"https:\/\/formationsubf.coop\/boutique\/product\/thermometre-auriculaire-thermoscan-braun\/\" \/>\n<meta property=\"og:site_name\" content=\"Formations UBF | Boutique\" \/>\n<meta property=\"article:publisher\" content=\"https:\/\/www.facebook.com\/ubfmaterielmedicaletorthopedique\" \/>\n<meta property=\"article:modified_time\" content=\"2024-10-23T19:17:32+00:00\" \/>\n<meta property=\"og:image\" content=\"https:\/\/formationsubf.coop\/boutique\/wp-content\/uploads\/2020\/04\/14610-Thermometre-auriculaire-Braun-ThermoScan-5-2-e1586461435365.jpg\" \/>\n\t<meta property=\"og:image:width\" content=\"500\" \/>\n\t<meta property=\"og:image:height\" content=\"499\" \/>\n\t<meta property=\"og:image:type\" content=\"image\/jpeg\" \/>\n<meta name=\"twitter:card\" content=\"summary_large_image\" \/>\n<script type=\"application\/ld+json\" class=\"yoast-schema-graph\">{\"@context\":\"https:\\\/\\\/schema.org\",\"@graph\":[{\"@type\":\"WebPage\",\"@id\":\"https:\\\/\\\/formationsubf.coop\\\/boutique\\\/product\\\/thermometre-auriculaire-thermoscan-braun\\\/\",\"url\":\"https:\\\/\\\/formationsubf.coop\\\/boutique\\\/product\\\/thermometre-auriculaire-thermoscan-braun\\\/\",\"name\":\"Thermometre auriculaire Braun ThermoScan 5 - Formations UBF | Boutique\",\"isPartOf\":{\"@id\":\"https:\\\/\\\/formationsubf.coop\\\/boutique\\\/#website\"},\"primaryImageOfPage\":{\"@id\":\"https:\\\/\\\/formationsubf.coop\\\/boutique\\\/product\\\/thermometre-auriculaire-thermoscan-braun\\\/#primaryimage\"},\"image\":{\"@id\":\"https:\\\/\\\/formationsubf.coop\\\/boutique\\\/product\\\/thermometre-auriculaire-thermoscan-braun\\\/#primaryimage\"},\"thumbnailUrl\":\"https:\\\/\\\/formationsubf.coop\\\/boutique\\\/wp-content\\\/uploads\\\/2020\\\/04\\\/14610-Thermometre-auriculaire-Braun-ThermoScan-5-2-e1586461435365.jpg\",\"datePublished\":\"2020-04-09T19:46:01+00:00\",\"dateModified\":\"2024-10-23T19:17:32+00:00\",\"description\":\"Thermom\u00e8tre auriculaire facile \u00e0 utiliser pour des mesures de temp\u00e9rature rapides et pr\u00e9cises, avec filtres rempla\u00e7ables.\",\"breadcrumb\":{\"@id\":\"https:\\\/\\\/formationsubf.coop\\\/boutique\\\/product\\\/thermometre-auriculaire-thermoscan-braun\\\/#breadcrumb\"},\"inLanguage\":\"fr-FR\",\"potentialAction\":[{\"@type\":\"ReadAction\",\"target\":[\"https:\\\/\\\/formationsubf.coop\\\/boutique\\\/product\\\/thermometre-auriculaire-thermoscan-braun\\\/\"]}]},{\"@type\":\"ImageObject\",\"inLanguage\":\"fr-FR\",\"@id\":\"https:\\\/\\\/formationsubf.coop\\\/boutique\\\/product\\\/thermometre-auriculaire-thermoscan-braun\\\/#primaryimage\",\"url\":\"https:\\\/\\\/formationsubf.coop\\\/boutique\\\/wp-content\\\/uploads\\\/2020\\\/04\\\/14610-Thermometre-auriculaire-Braun-ThermoScan-5-2-e1586461435365.jpg\",\"contentUrl\":\"https:\\\/\\\/formationsubf.coop\\\/boutique\\\/wp-content\\\/uploads\\\/2020\\\/04\\\/14610-Thermometre-auriculaire-Braun-ThermoScan-5-2-e1586461435365.jpg\",\"width\":500,\"height\":499,\"caption\":\"Thermom\u00e8tre auriculaire ThermoScan | Braun\"},{\"@type\":\"BreadcrumbList\",\"@id\":\"https:\\\/\\\/formationsubf.coop\\\/boutique\\\/product\\\/thermometre-auriculaire-thermoscan-braun\\\/#breadcrumb\",\"itemListElement\":[{\"@type\":\"ListItem\",\"position\":1,\"name\":\"Accueil\",\"item\":\"https:\\\/\\\/formationsubf.coop\\\/boutique\\\/\"},{\"@type\":\"ListItem\",\"position\":2,\"name\":\"Boutique\",\"item\":\"https:\\\/\\\/formationsubf.coop\\\/boutique\\\/produits\\\/\"},{\"@type\":\"ListItem\",\"position\":3,\"name\":\"Premiers Soins\",\"item\":\"https:\\\/\\\/formationsubf.coop\\\/boutique\\\/product-category\\\/premiers-soins\\\/\"},{\"@type\":\"ListItem\",\"position\":4,\"name\":\"Appareils et accessoires de diagnostic\",\"item\":\"https:\\\/\\\/formationsubf.coop\\\/boutique\\\/product-category\\\/premiers-soins\\\/appareils-et-accessoires-de-diagnostic\\\/\"},{\"@type\":\"ListItem\",\"position\":5,\"name\":\"Thermometre auriculaire Braun ThermoScan 5\"}]},{\"@type\":\"WebSite\",\"@id\":\"https:\\\/\\\/formationsubf.coop\\\/boutique\\\/#website\",\"url\":\"https:\\\/\\\/formationsubf.coop\\\/boutique\\\/\",\"name\":\"Formations UBF | Boutique\",\"description\":\"\",\"potentialAction\":[{\"@type\":\"SearchAction\",\"target\":{\"@type\":\"EntryPoint\",\"urlTemplate\":\"https:\\\/\\\/formationsubf.coop\\\/boutique\\\/?s={search_term_string}\"},\"query-input\":{\"@type\":\"PropertyValueSpecification\",\"valueRequired\":true,\"valueName\":\"search_term_string\"}}],\"inLanguage\":\"fr-FR\"}]}<\/script>\n<!-- \/ Yoast SEO plugin. -->","yoast_head_json":{"title":"Thermometre auriculaire Braun ThermoScan 5 - Formations UBF | Boutique","description":"Thermom\u00e8tre auriculaire facile \u00e0 utiliser pour des mesures de temp\u00e9rature rapides et pr\u00e9cises, avec filtres rempla\u00e7ables.","robots":{"index":"index","follow":"follow","max-snippet":"max-snippet:-1","max-image-preview":"max-image-preview:large","max-video-preview":"max-video-preview:-1"},"canonical":"https:\/\/formationsubf.coop\/boutique\/product\/thermometre-auriculaire-thermoscan-braun\/","og_locale":"fr_FR","og_type":"article","og_title":"Thermometre auriculaire Braun ThermoScan 5 - Formations UBF | Boutique","og_description":"Thermom\u00e8tre auriculaire facile \u00e0 utiliser pour des mesures de temp\u00e9rature rapides et pr\u00e9cises, avec filtres rempla\u00e7ables.","og_url":"https:\/\/formationsubf.coop\/boutique\/product\/thermometre-auriculaire-thermoscan-braun\/","og_site_name":"Formations UBF | Boutique","article_publisher":"https:\/\/www.facebook.com\/ubfmaterielmedicaletorthopedique","article_modified_time":"2024-10-23T19:17:32+00:00","og_image":[{"width":500,"height":499,"url":"https:\/\/formationsubf.coop\/boutique\/wp-content\/uploads\/2020\/04\/14610-Thermometre-auriculaire-Braun-ThermoScan-5-2-e1586461435365.jpg","type":"image\/jpeg"}],"twitter_card":"summary_large_image","schema":{"@context":"https:\/\/schema.org","@graph":[{"@type":"WebPage","@id":"https:\/\/formationsubf.coop\/boutique\/product\/thermometre-auriculaire-thermoscan-braun\/","url":"https:\/\/formationsubf.coop\/boutique\/product\/thermometre-auriculaire-thermoscan-braun\/","name":"Thermometre auriculaire Braun ThermoScan 5 - Formations UBF | Boutique","isPartOf":{"@id":"https:\/\/formationsubf.coop\/boutique\/#website"},"primaryImageOfPage":{"@id":"https:\/\/formationsubf.coop\/boutique\/product\/thermometre-auriculaire-thermoscan-braun\/#primaryimage"},"image":{"@id":"https:\/\/formationsubf.coop\/boutique\/product\/thermometre-auriculaire-thermoscan-braun\/#primaryimage"},"thumbnailUrl":"https:\/\/formationsubf.coop\/boutique\/wp-content\/uploads\/2020\/04\/14610-Thermometre-auriculaire-Braun-ThermoScan-5-2-e1586461435365.jpg","datePublished":"2020-04-09T19:46:01+00:00","dateModified":"2024-10-23T19:17:32+00:00","description":"Thermom\u00e8tre auriculaire facile \u00e0 utiliser pour des mesures de temp\u00e9rature rapides et pr\u00e9cises, avec filtres rempla\u00e7ables.","breadcrumb":{"@id":"https:\/\/formationsubf.coop\/boutique\/product\/thermometre-auriculaire-thermoscan-braun\/#breadcrumb"},"inLanguage":"fr-FR","potentialAction":[{"@type":"ReadAction","target":["https:\/\/formationsubf.coop\/boutique\/product\/thermometre-auriculaire-thermoscan-braun\/"]}]},{"@type":"ImageObject","inLanguage":"fr-FR","@id":"https:\/\/formationsubf.coop\/boutique\/product\/thermometre-auriculaire-thermoscan-braun\/#primaryimage","url":"https:\/\/formationsubf.coop\/boutique\/wp-content\/uploads\/2020\/04\/14610-Thermometre-auriculaire-Braun-ThermoScan-5-2-e1586461435365.jpg","contentUrl":"https:\/\/formationsubf.coop\/boutique\/wp-content\/uploads\/2020\/04\/14610-Thermometre-auriculaire-Braun-ThermoScan-5-2-e1586461435365.jpg","width":500,"height":499,"caption":"Thermom\u00e8tre auriculaire ThermoScan | Braun"},{"@type":"BreadcrumbList","@id":"https:\/\/formationsubf.coop\/boutique\/product\/thermometre-auriculaire-thermoscan-braun\/#breadcrumb","itemListElement":[{"@type":"ListItem","position":1,"name":"Accueil","item":"https:\/\/formationsubf.coop\/boutique\/"},{"@type":"ListItem","position":2,"name":"Boutique","item":"https:\/\/formationsubf.coop\/boutique\/produits\/"},{"@type":"ListItem","position":3,"name":"Premiers Soins","item":"https:\/\/formationsubf.coop\/boutique\/product-category\/premiers-soins\/"},{"@type":"ListItem","position":4,"name":"Appareils et accessoires de diagnostic","item":"https:\/\/formationsubf.coop\/boutique\/product-category\/premiers-soins\/appareils-et-accessoires-de-diagnostic\/"},{"@type":"ListItem","position":5,"name":"Thermometre auriculaire Braun ThermoScan 5"}]},{"@type":"WebSite","@id":"https:\/\/formationsubf.coop\/boutique\/#website","url":"https:\/\/formationsubf.coop\/boutique\/","name":"Formations UBF | Boutique","description":"","potentialAction":[{"@type":"SearchAction","target":{"@type":"EntryPoint","urlTemplate":"https:\/\/formationsubf.coop\/boutique\/?s={search_term_string}"},"query-input":{"@type":"PropertyValueSpecification","valueRequired":true,"valueName":"search_term_string"}}],"inLanguage":"fr-FR"}]}},"_links":{"self":[{"href":"https:\/\/formationsubf.coop\/boutique\/wp-json\/wp\/v2\/product\/1160","targetHints":{"allow":["GET"]}}],"collection":[{"href":"https:\/\/formationsubf.coop\/boutique\/wp-json\/wp\/v2\/product"}],"about":[{"href":"https:\/\/formationsubf.coop\/boutique\/wp-json\/wp\/v2\/types\/product"}],"replies":[{"embeddable":true,"href":"https:\/\/formationsubf.coop\/boutique\/wp-json\/wp\/v2\/comments?post=1160"}],"wp:featuredmedia":[{"embeddable":true,"href":"https:\/\/formationsubf.coop\/boutique\/wp-json\/wp\/v2\/media\/1163"}],"wp:attachment":[{"href":"https:\/\/formationsubf.coop\/boutique\/wp-json\/wp\/v2\/media?parent=1160"}],"wp:term":[{"taxonomy":"product_brand","embeddable":true,"href":"https:\/\/formationsubf.coop\/boutique\/wp-json\/wp\/v2\/product_brand?post=1160"},{"taxonomy":"product_cat","embeddable":true,"href":"https:\/\/formationsubf.coop\/boutique\/wp-json\/wp\/v2\/product_cat?post=1160"},{"taxonomy":"product_tag","embeddable":true,"href":"https:\/\/formationsubf.coop\/boutique\/wp-json\/wp\/v2\/product_tag?post=1160"}],"curies":[{"name":"wp","href":"https:\/\/api.w.org\/{rel}","templated":true}]}}