{"id":1139,"date":"2020-04-09T13:58:29","date_gmt":"2020-04-09T17:58:29","guid":{"rendered":"http:\/\/orthoubf.coop\/?post_type=product&#038;p=1139"},"modified":"2025-07-18T10:15:06","modified_gmt":"2025-07-18T14:15:06","slug":"gel-desinfectant-a-mains-safe-cross","status":"publish","type":"product","link":"https:\/\/formationsubf.coop\/boutique\/product\/gel-desinfectant-a-mains-safe-cross\/","title":{"rendered":"Gel antiseptique main Safecross 473ml"},"content":{"rendered":"<p>M\u00e9thode rapide et facile pour d\u00e9sinfecter et prot\u00e9ger les mains sans avoir besoin d&rsquo;eau, de savon ou de rin\u00e7age. T<span style=\"color: #333333;\">ue les germes et les bact\u00e9ries qui causent les maladies en quelques secondes.<\/span><\/p>\n","protected":false},"excerpt":{"rendered":"<ul>\n<li>S\u00e8che rapidement sans laisser de film ou de r\u00e9sidu.<\/li>\n<li>Contient de l&rsquo;alo\u00e8s pour hydrater et adoucir la peau.<\/li>\n<\/ul>\n","protected":false},"featured_media":1140,"comment_status":"closed","ping_status":"closed","template":"","meta":[],"product_brand":[],"product_cat":[495,413],"product_tag":[1024,500,442],"class_list":{"0":"post-1139","1":"product","2":"type-product","3":"status-publish","4":"has-post-thumbnail","6":"product_cat-antiseptiques-nettoyants-et-soulagement-de-lirritation-cutanee","7":"product_cat-premiers-soins","8":"product_tag-a-mains","9":"product_tag-gel-desinfectant","10":"product_tag-safe-cross","11":"sync-code-w","13":"first","14":"outofstock","15":"taxable","16":"shipping-taxable","17":"purchasable","18":"product-type-simple"},"yoast_head":"<!-- This site is optimized with the Yoast SEO plugin v27.5 - https:\/\/yoast.com\/product\/yoast-seo-wordpress\/ -->\n<title>Gel antiseptique main Safecross 473ml - Formations UBF | Boutique<\/title>\n<meta name=\"description\" content=\"M\u00e9thode rapide et facile pour d\u00e9sinfecter et prot\u00e9ger les mains sans avoir besoin d&#039;eau, de savon ou de rin\u00e7age.\" \/>\n<meta name=\"robots\" content=\"index, follow, max-snippet:-1, max-image-preview:large, max-video-preview:-1\" \/>\n<link rel=\"canonical\" href=\"https:\/\/formationsubf.coop\/boutique\/product\/gel-desinfectant-a-mains-safe-cross\/\" \/>\n<meta property=\"og:locale\" content=\"fr_FR\" \/>\n<meta property=\"og:type\" content=\"article\" \/>\n<meta property=\"og:title\" content=\"Gel antiseptique main Safecross 473ml - Formations UBF | Boutique\" \/>\n<meta property=\"og:description\" content=\"M\u00e9thode rapide et facile pour d\u00e9sinfecter et prot\u00e9ger les mains sans avoir besoin d&#039;eau, de savon ou de rin\u00e7age.\" \/>\n<meta property=\"og:url\" content=\"https:\/\/formationsubf.coop\/boutique\/product\/gel-desinfectant-a-mains-safe-cross\/\" \/>\n<meta property=\"og:site_name\" content=\"Formations UBF | Boutique\" \/>\n<meta property=\"article:publisher\" content=\"https:\/\/www.facebook.com\/ubfmaterielmedicaletorthopedique\" \/>\n<meta property=\"article:modified_time\" content=\"2025-07-18T14:15:06+00:00\" \/>\n<meta property=\"og:image\" content=\"https:\/\/formationsubf.coop\/boutique\/wp-content\/uploads\/2020\/04\/06161-Gel-desinfectant-main-Safecross-473ml-e1586455072470.jpg\" \/>\n\t<meta property=\"og:image:width\" content=\"500\" \/>\n\t<meta property=\"og:image:height\" content=\"499\" \/>\n\t<meta property=\"og:image:type\" content=\"image\/jpeg\" \/>\n<meta name=\"twitter:card\" content=\"summary_large_image\" \/>\n<script type=\"application\/ld+json\" class=\"yoast-schema-graph\">{\"@context\":\"https:\\\/\\\/schema.org\",\"@graph\":[{\"@type\":\"WebPage\",\"@id\":\"https:\\\/\\\/formationsubf.coop\\\/boutique\\\/product\\\/gel-desinfectant-a-mains-safe-cross\\\/\",\"url\":\"https:\\\/\\\/formationsubf.coop\\\/boutique\\\/product\\\/gel-desinfectant-a-mains-safe-cross\\\/\",\"name\":\"Gel antiseptique main Safecross 473ml - Formations UBF | Boutique\",\"isPartOf\":{\"@id\":\"https:\\\/\\\/formationsubf.coop\\\/boutique\\\/#website\"},\"primaryImageOfPage\":{\"@id\":\"https:\\\/\\\/formationsubf.coop\\\/boutique\\\/product\\\/gel-desinfectant-a-mains-safe-cross\\\/#primaryimage\"},\"image\":{\"@id\":\"https:\\\/\\\/formationsubf.coop\\\/boutique\\\/product\\\/gel-desinfectant-a-mains-safe-cross\\\/#primaryimage\"},\"thumbnailUrl\":\"https:\\\/\\\/formationsubf.coop\\\/boutique\\\/wp-content\\\/uploads\\\/2020\\\/04\\\/06161-Gel-desinfectant-main-Safecross-473ml-e1586455072470.jpg\",\"datePublished\":\"2020-04-09T17:58:29+00:00\",\"dateModified\":\"2025-07-18T14:15:06+00:00\",\"description\":\"M\u00e9thode rapide et facile pour d\u00e9sinfecter et prot\u00e9ger les mains sans avoir besoin d'eau, de savon ou de rin\u00e7age.\",\"breadcrumb\":{\"@id\":\"https:\\\/\\\/formationsubf.coop\\\/boutique\\\/product\\\/gel-desinfectant-a-mains-safe-cross\\\/#breadcrumb\"},\"inLanguage\":\"fr-FR\",\"potentialAction\":[{\"@type\":\"ReadAction\",\"target\":[\"https:\\\/\\\/formationsubf.coop\\\/boutique\\\/product\\\/gel-desinfectant-a-mains-safe-cross\\\/\"]}]},{\"@type\":\"ImageObject\",\"inLanguage\":\"fr-FR\",\"@id\":\"https:\\\/\\\/formationsubf.coop\\\/boutique\\\/product\\\/gel-desinfectant-a-mains-safe-cross\\\/#primaryimage\",\"url\":\"https:\\\/\\\/formationsubf.coop\\\/boutique\\\/wp-content\\\/uploads\\\/2020\\\/04\\\/06161-Gel-desinfectant-main-Safecross-473ml-e1586455072470.jpg\",\"contentUrl\":\"https:\\\/\\\/formationsubf.coop\\\/boutique\\\/wp-content\\\/uploads\\\/2020\\\/04\\\/06161-Gel-desinfectant-main-Safecross-473ml-e1586455072470.jpg\",\"width\":500,\"height\":499,\"caption\":\"Gel d\u00e9sinfectant \u00e0 mains | Safe Cross\"},{\"@type\":\"BreadcrumbList\",\"@id\":\"https:\\\/\\\/formationsubf.coop\\\/boutique\\\/product\\\/gel-desinfectant-a-mains-safe-cross\\\/#breadcrumb\",\"itemListElement\":[{\"@type\":\"ListItem\",\"position\":1,\"name\":\"Accueil\",\"item\":\"https:\\\/\\\/formationsubf.coop\\\/boutique\\\/\"},{\"@type\":\"ListItem\",\"position\":2,\"name\":\"Boutique\",\"item\":\"https:\\\/\\\/formationsubf.coop\\\/boutique\\\/produits\\\/\"},{\"@type\":\"ListItem\",\"position\":3,\"name\":\"Premiers Soins\",\"item\":\"https:\\\/\\\/formationsubf.coop\\\/boutique\\\/product-category\\\/premiers-soins\\\/\"},{\"@type\":\"ListItem\",\"position\":4,\"name\":\"Antiseptiques, nettoyants et soulagement de l'irritation cutan\u00e9e\",\"item\":\"https:\\\/\\\/formationsubf.coop\\\/boutique\\\/product-category\\\/premiers-soins\\\/antiseptiques-nettoyants-et-soulagement-de-lirritation-cutanee\\\/\"},{\"@type\":\"ListItem\",\"position\":5,\"name\":\"Gel antiseptique main Safecross 473ml\"}]},{\"@type\":\"WebSite\",\"@id\":\"https:\\\/\\\/formationsubf.coop\\\/boutique\\\/#website\",\"url\":\"https:\\\/\\\/formationsubf.coop\\\/boutique\\\/\",\"name\":\"Formations UBF | Boutique\",\"description\":\"\",\"potentialAction\":[{\"@type\":\"SearchAction\",\"target\":{\"@type\":\"EntryPoint\",\"urlTemplate\":\"https:\\\/\\\/formationsubf.coop\\\/boutique\\\/?s={search_term_string}\"},\"query-input\":{\"@type\":\"PropertyValueSpecification\",\"valueRequired\":true,\"valueName\":\"search_term_string\"}}],\"inLanguage\":\"fr-FR\"}]}<\/script>\n<!-- \/ Yoast SEO plugin. -->","yoast_head_json":{"title":"Gel antiseptique main Safecross 473ml - Formations UBF | Boutique","description":"M\u00e9thode rapide et facile pour d\u00e9sinfecter et prot\u00e9ger les mains sans avoir besoin d'eau, de savon ou de rin\u00e7age.","robots":{"index":"index","follow":"follow","max-snippet":"max-snippet:-1","max-image-preview":"max-image-preview:large","max-video-preview":"max-video-preview:-1"},"canonical":"https:\/\/formationsubf.coop\/boutique\/product\/gel-desinfectant-a-mains-safe-cross\/","og_locale":"fr_FR","og_type":"article","og_title":"Gel antiseptique main Safecross 473ml - Formations UBF | Boutique","og_description":"M\u00e9thode rapide et facile pour d\u00e9sinfecter et prot\u00e9ger les mains sans avoir besoin d'eau, de savon ou de rin\u00e7age.","og_url":"https:\/\/formationsubf.coop\/boutique\/product\/gel-desinfectant-a-mains-safe-cross\/","og_site_name":"Formations UBF | Boutique","article_publisher":"https:\/\/www.facebook.com\/ubfmaterielmedicaletorthopedique","article_modified_time":"2025-07-18T14:15:06+00:00","og_image":[{"width":500,"height":499,"url":"https:\/\/formationsubf.coop\/boutique\/wp-content\/uploads\/2020\/04\/06161-Gel-desinfectant-main-Safecross-473ml-e1586455072470.jpg","type":"image\/jpeg"}],"twitter_card":"summary_large_image","schema":{"@context":"https:\/\/schema.org","@graph":[{"@type":"WebPage","@id":"https:\/\/formationsubf.coop\/boutique\/product\/gel-desinfectant-a-mains-safe-cross\/","url":"https:\/\/formationsubf.coop\/boutique\/product\/gel-desinfectant-a-mains-safe-cross\/","name":"Gel antiseptique main Safecross 473ml - Formations UBF | Boutique","isPartOf":{"@id":"https:\/\/formationsubf.coop\/boutique\/#website"},"primaryImageOfPage":{"@id":"https:\/\/formationsubf.coop\/boutique\/product\/gel-desinfectant-a-mains-safe-cross\/#primaryimage"},"image":{"@id":"https:\/\/formationsubf.coop\/boutique\/product\/gel-desinfectant-a-mains-safe-cross\/#primaryimage"},"thumbnailUrl":"https:\/\/formationsubf.coop\/boutique\/wp-content\/uploads\/2020\/04\/06161-Gel-desinfectant-main-Safecross-473ml-e1586455072470.jpg","datePublished":"2020-04-09T17:58:29+00:00","dateModified":"2025-07-18T14:15:06+00:00","description":"M\u00e9thode rapide et facile pour d\u00e9sinfecter et prot\u00e9ger les mains sans avoir besoin d'eau, de savon ou de rin\u00e7age.","breadcrumb":{"@id":"https:\/\/formationsubf.coop\/boutique\/product\/gel-desinfectant-a-mains-safe-cross\/#breadcrumb"},"inLanguage":"fr-FR","potentialAction":[{"@type":"ReadAction","target":["https:\/\/formationsubf.coop\/boutique\/product\/gel-desinfectant-a-mains-safe-cross\/"]}]},{"@type":"ImageObject","inLanguage":"fr-FR","@id":"https:\/\/formationsubf.coop\/boutique\/product\/gel-desinfectant-a-mains-safe-cross\/#primaryimage","url":"https:\/\/formationsubf.coop\/boutique\/wp-content\/uploads\/2020\/04\/06161-Gel-desinfectant-main-Safecross-473ml-e1586455072470.jpg","contentUrl":"https:\/\/formationsubf.coop\/boutique\/wp-content\/uploads\/2020\/04\/06161-Gel-desinfectant-main-Safecross-473ml-e1586455072470.jpg","width":500,"height":499,"caption":"Gel d\u00e9sinfectant \u00e0 mains | Safe Cross"},{"@type":"BreadcrumbList","@id":"https:\/\/formationsubf.coop\/boutique\/product\/gel-desinfectant-a-mains-safe-cross\/#breadcrumb","itemListElement":[{"@type":"ListItem","position":1,"name":"Accueil","item":"https:\/\/formationsubf.coop\/boutique\/"},{"@type":"ListItem","position":2,"name":"Boutique","item":"https:\/\/formationsubf.coop\/boutique\/produits\/"},{"@type":"ListItem","position":3,"name":"Premiers Soins","item":"https:\/\/formationsubf.coop\/boutique\/product-category\/premiers-soins\/"},{"@type":"ListItem","position":4,"name":"Antiseptiques, nettoyants et soulagement de l'irritation cutan\u00e9e","item":"https:\/\/formationsubf.coop\/boutique\/product-category\/premiers-soins\/antiseptiques-nettoyants-et-soulagement-de-lirritation-cutanee\/"},{"@type":"ListItem","position":5,"name":"Gel antiseptique main Safecross 473ml"}]},{"@type":"WebSite","@id":"https:\/\/formationsubf.coop\/boutique\/#website","url":"https:\/\/formationsubf.coop\/boutique\/","name":"Formations UBF | Boutique","description":"","potentialAction":[{"@type":"SearchAction","target":{"@type":"EntryPoint","urlTemplate":"https:\/\/formationsubf.coop\/boutique\/?s={search_term_string}"},"query-input":{"@type":"PropertyValueSpecification","valueRequired":true,"valueName":"search_term_string"}}],"inLanguage":"fr-FR"}]}},"_links":{"self":[{"href":"https:\/\/formationsubf.coop\/boutique\/wp-json\/wp\/v2\/product\/1139","targetHints":{"allow":["GET"]}}],"collection":[{"href":"https:\/\/formationsubf.coop\/boutique\/wp-json\/wp\/v2\/product"}],"about":[{"href":"https:\/\/formationsubf.coop\/boutique\/wp-json\/wp\/v2\/types\/product"}],"replies":[{"embeddable":true,"href":"https:\/\/formationsubf.coop\/boutique\/wp-json\/wp\/v2\/comments?post=1139"}],"wp:featuredmedia":[{"embeddable":true,"href":"https:\/\/formationsubf.coop\/boutique\/wp-json\/wp\/v2\/media\/1140"}],"wp:attachment":[{"href":"https:\/\/formationsubf.coop\/boutique\/wp-json\/wp\/v2\/media?parent=1139"}],"wp:term":[{"taxonomy":"product_brand","embeddable":true,"href":"https:\/\/formationsubf.coop\/boutique\/wp-json\/wp\/v2\/product_brand?post=1139"},{"taxonomy":"product_cat","embeddable":true,"href":"https:\/\/formationsubf.coop\/boutique\/wp-json\/wp\/v2\/product_cat?post=1139"},{"taxonomy":"product_tag","embeddable":true,"href":"https:\/\/formationsubf.coop\/boutique\/wp-json\/wp\/v2\/product_tag?post=1139"}],"curies":[{"name":"wp","href":"https:\/\/api.w.org\/{rel}","templated":true}]}}