{"id":1125,"date":"2020-04-09T11:53:29","date_gmt":"2020-04-09T15:53:29","guid":{"rendered":"http:\/\/orthoubf.coop\/?post_type=product&#038;p=1125"},"modified":"2023-07-25T09:42:43","modified_gmt":"2023-07-25T13:42:43","slug":"ruban-adhesif-chirurgical-1-po-transpore","status":"publish","type":"product","link":"https:\/\/formationsubf.coop\/boutique\/product\/ruban-adhesif-chirurgical-1-po-transpore\/","title":{"rendered":"Ruban adh\u00e9sif chirurgical Transpore 1\u00a0\u00bb 3M (unit\u00e9)"},"content":{"rendered":"<p>Facile \u00e0 utiliser, m\u00eame avec des gants, ce ruban adh\u00e9sif chirurgical peut \u00eatre d\u00e9chir\u00e9 en lani\u00e8res minces pour permettre une meilleure visualisation de la peau. Robuste et fiable con\u00e7u tout sp\u00e9cialement pour s\u00e9curiser les tubulures et les pansements plus \u00e9pais qui doivent \u00eatre surveill\u00e9s.<\/p>\n","protected":false},"excerpt":{"rendered":"<ul>\n<li>D\u00e9chirement facile et droit dans les 2 directions.<\/li>\n<li>Peut servir \u00e0 plusieurs types de pansements et de dispositifs.<\/li>\n<li>Colle bien \u00e0 la peau et aux tubes.<\/li>\n<li>Poreux et transparent sur la peau.<\/li>\n<li>R\u00e9sistant \u00e0 l\u2019eau.<\/li>\n<li>Sans latex.<\/li>\n<li>Hypoallerg\u00e9nique.<\/li>\n<\/ul>\n","protected":false},"featured_media":1126,"comment_status":"closed","ping_status":"closed","template":"","meta":[],"product_brand":[],"product_cat":[464,413],"product_tag":[490,446,488,489],"class_list":{"0":"post-1125","1":"product","2":"type-product","3":"status-publish","4":"has-post-thumbnail","6":"product_cat-pansements","7":"product_cat-premiers-soins","8":"product_tag-1-po","9":"product_tag-chirurgical","10":"product_tag-ruban-adhesif","11":"product_tag-transpore","12":"sync-code-Unitaire","14":"first","15":"instock","16":"taxable","17":"shipping-taxable","18":"purchasable","19":"product-type-simple"},"yoast_head":"<!-- This site is optimized with the Yoast SEO plugin v27.3 - https:\/\/yoast.com\/product\/yoast-seo-wordpress\/ -->\n<title>Ruban adh\u00e9sif chirurgical Transpore 1&#039;&#039; 3M (unit\u00e9) - Formations UBF | Boutique<\/title>\n<meta name=\"description\" content=\"Facile \u00e0 utiliser, m\u00eame avec des gants, ce ruban peut \u00eatre d\u00e9chir\u00e9 en\u00a0 lani\u00e8res minces pour permettre une meilleure visualisation de la peau.\u00a0\" \/>\n<meta name=\"robots\" content=\"index, follow, max-snippet:-1, max-image-preview:large, max-video-preview:-1\" \/>\n<link rel=\"canonical\" href=\"https:\/\/formationsubf.coop\/boutique\/product\/ruban-adhesif-chirurgical-1-po-transpore\/\" \/>\n<meta property=\"og:locale\" content=\"fr_FR\" \/>\n<meta property=\"og:type\" content=\"article\" \/>\n<meta property=\"og:title\" content=\"Ruban adh\u00e9sif chirurgical Transpore 1&#039;&#039; 3M (unit\u00e9) - Formations UBF | Boutique\" \/>\n<meta property=\"og:description\" content=\"Facile \u00e0 utiliser, m\u00eame avec des gants, ce ruban peut \u00eatre d\u00e9chir\u00e9 en\u00a0 lani\u00e8res minces pour permettre une meilleure visualisation de la peau.\u00a0\" \/>\n<meta property=\"og:url\" content=\"https:\/\/formationsubf.coop\/boutique\/product\/ruban-adhesif-chirurgical-1-po-transpore\/\" \/>\n<meta property=\"og:site_name\" content=\"Formations UBF | Boutique\" \/>\n<meta property=\"article:publisher\" content=\"https:\/\/www.facebook.com\/ubfmaterielmedicaletorthopedique\" \/>\n<meta property=\"article:modified_time\" content=\"2023-07-25T13:42:43+00:00\" \/>\n<meta property=\"og:image\" content=\"https:\/\/formationsubf.coop\/boutique\/wp-content\/uploads\/2020\/04\/EMS15271-Ruban-adh\u00e9sif-chirurgical-Transpore-1-3M-1-e1586447501137.jpg\" \/>\n\t<meta property=\"og:image:width\" content=\"500\" \/>\n\t<meta property=\"og:image:height\" content=\"499\" \/>\n\t<meta property=\"og:image:type\" content=\"image\/jpeg\" \/>\n<meta name=\"twitter:card\" content=\"summary_large_image\" \/>\n<script type=\"application\/ld+json\" class=\"yoast-schema-graph\">{\"@context\":\"https:\\\/\\\/schema.org\",\"@graph\":[{\"@type\":\"WebPage\",\"@id\":\"https:\\\/\\\/formationsubf.coop\\\/boutique\\\/product\\\/ruban-adhesif-chirurgical-1-po-transpore\\\/\",\"url\":\"https:\\\/\\\/formationsubf.coop\\\/boutique\\\/product\\\/ruban-adhesif-chirurgical-1-po-transpore\\\/\",\"name\":\"Ruban adh\u00e9sif chirurgical Transpore 1'' 3M (unit\u00e9) - Formations UBF | Boutique\",\"isPartOf\":{\"@id\":\"https:\\\/\\\/formationsubf.coop\\\/boutique\\\/#website\"},\"primaryImageOfPage\":{\"@id\":\"https:\\\/\\\/formationsubf.coop\\\/boutique\\\/product\\\/ruban-adhesif-chirurgical-1-po-transpore\\\/#primaryimage\"},\"image\":{\"@id\":\"https:\\\/\\\/formationsubf.coop\\\/boutique\\\/product\\\/ruban-adhesif-chirurgical-1-po-transpore\\\/#primaryimage\"},\"thumbnailUrl\":\"https:\\\/\\\/formationsubf.coop\\\/boutique\\\/wp-content\\\/uploads\\\/2020\\\/04\\\/EMS15271-Ruban-adh\u00e9sif-chirurgical-Transpore-1-3M-1-e1586447501137.jpg\",\"datePublished\":\"2020-04-09T15:53:29+00:00\",\"dateModified\":\"2023-07-25T13:42:43+00:00\",\"description\":\"Facile \u00e0 utiliser, m\u00eame avec des gants, ce ruban peut \u00eatre d\u00e9chir\u00e9 en\u00a0 lani\u00e8res minces pour permettre une meilleure visualisation de la peau.\u00a0\",\"breadcrumb\":{\"@id\":\"https:\\\/\\\/formationsubf.coop\\\/boutique\\\/product\\\/ruban-adhesif-chirurgical-1-po-transpore\\\/#breadcrumb\"},\"inLanguage\":\"fr-FR\",\"potentialAction\":[{\"@type\":\"ReadAction\",\"target\":[\"https:\\\/\\\/formationsubf.coop\\\/boutique\\\/product\\\/ruban-adhesif-chirurgical-1-po-transpore\\\/\"]}]},{\"@type\":\"ImageObject\",\"inLanguage\":\"fr-FR\",\"@id\":\"https:\\\/\\\/formationsubf.coop\\\/boutique\\\/product\\\/ruban-adhesif-chirurgical-1-po-transpore\\\/#primaryimage\",\"url\":\"https:\\\/\\\/formationsubf.coop\\\/boutique\\\/wp-content\\\/uploads\\\/2020\\\/04\\\/EMS15271-Ruban-adh\u00e9sif-chirurgical-Transpore-1-3M-1-e1586447501137.jpg\",\"contentUrl\":\"https:\\\/\\\/formationsubf.coop\\\/boutique\\\/wp-content\\\/uploads\\\/2020\\\/04\\\/EMS15271-Ruban-adh\u00e9sif-chirurgical-Transpore-1-3M-1-e1586447501137.jpg\",\"width\":500,\"height\":499,\"caption\":\"Ruban adh\u00e9sif chirurgical 1 po | Transpore\"},{\"@type\":\"BreadcrumbList\",\"@id\":\"https:\\\/\\\/formationsubf.coop\\\/boutique\\\/product\\\/ruban-adhesif-chirurgical-1-po-transpore\\\/#breadcrumb\",\"itemListElement\":[{\"@type\":\"ListItem\",\"position\":1,\"name\":\"Accueil\",\"item\":\"https:\\\/\\\/formationsubf.coop\\\/boutique\\\/\"},{\"@type\":\"ListItem\",\"position\":2,\"name\":\"Boutique\",\"item\":\"https:\\\/\\\/formationsubf.coop\\\/boutique\\\/produits\\\/\"},{\"@type\":\"ListItem\",\"position\":3,\"name\":\"Premiers Soins\",\"item\":\"https:\\\/\\\/formationsubf.coop\\\/boutique\\\/product-category\\\/premiers-soins\\\/\"},{\"@type\":\"ListItem\",\"position\":4,\"name\":\"Pansements\",\"item\":\"https:\\\/\\\/formationsubf.coop\\\/boutique\\\/product-category\\\/premiers-soins\\\/pansements\\\/\"},{\"@type\":\"ListItem\",\"position\":5,\"name\":\"Ruban adh\u00e9sif chirurgical Transpore 1&#8221; 3M (unit\u00e9)\"}]},{\"@type\":\"WebSite\",\"@id\":\"https:\\\/\\\/formationsubf.coop\\\/boutique\\\/#website\",\"url\":\"https:\\\/\\\/formationsubf.coop\\\/boutique\\\/\",\"name\":\"Formations UBF | Boutique\",\"description\":\"\",\"potentialAction\":[{\"@type\":\"SearchAction\",\"target\":{\"@type\":\"EntryPoint\",\"urlTemplate\":\"https:\\\/\\\/formationsubf.coop\\\/boutique\\\/?s={search_term_string}\"},\"query-input\":{\"@type\":\"PropertyValueSpecification\",\"valueRequired\":true,\"valueName\":\"search_term_string\"}}],\"inLanguage\":\"fr-FR\"}]}<\/script>\n<!-- \/ Yoast SEO plugin. -->","yoast_head_json":{"title":"Ruban adh\u00e9sif chirurgical Transpore 1'' 3M (unit\u00e9) - Formations UBF | Boutique","description":"Facile \u00e0 utiliser, m\u00eame avec des gants, ce ruban peut \u00eatre d\u00e9chir\u00e9 en\u00a0 lani\u00e8res minces pour permettre une meilleure visualisation de la peau.\u00a0","robots":{"index":"index","follow":"follow","max-snippet":"max-snippet:-1","max-image-preview":"max-image-preview:large","max-video-preview":"max-video-preview:-1"},"canonical":"https:\/\/formationsubf.coop\/boutique\/product\/ruban-adhesif-chirurgical-1-po-transpore\/","og_locale":"fr_FR","og_type":"article","og_title":"Ruban adh\u00e9sif chirurgical Transpore 1'' 3M (unit\u00e9) - Formations UBF | Boutique","og_description":"Facile \u00e0 utiliser, m\u00eame avec des gants, ce ruban peut \u00eatre d\u00e9chir\u00e9 en\u00a0 lani\u00e8res minces pour permettre une meilleure visualisation de la peau.\u00a0","og_url":"https:\/\/formationsubf.coop\/boutique\/product\/ruban-adhesif-chirurgical-1-po-transpore\/","og_site_name":"Formations UBF | Boutique","article_publisher":"https:\/\/www.facebook.com\/ubfmaterielmedicaletorthopedique","article_modified_time":"2023-07-25T13:42:43+00:00","og_image":[{"width":500,"height":499,"url":"https:\/\/formationsubf.coop\/boutique\/wp-content\/uploads\/2020\/04\/EMS15271-Ruban-adh\u00e9sif-chirurgical-Transpore-1-3M-1-e1586447501137.jpg","type":"image\/jpeg"}],"twitter_card":"summary_large_image","schema":{"@context":"https:\/\/schema.org","@graph":[{"@type":"WebPage","@id":"https:\/\/formationsubf.coop\/boutique\/product\/ruban-adhesif-chirurgical-1-po-transpore\/","url":"https:\/\/formationsubf.coop\/boutique\/product\/ruban-adhesif-chirurgical-1-po-transpore\/","name":"Ruban adh\u00e9sif chirurgical Transpore 1'' 3M (unit\u00e9) - Formations UBF | Boutique","isPartOf":{"@id":"https:\/\/formationsubf.coop\/boutique\/#website"},"primaryImageOfPage":{"@id":"https:\/\/formationsubf.coop\/boutique\/product\/ruban-adhesif-chirurgical-1-po-transpore\/#primaryimage"},"image":{"@id":"https:\/\/formationsubf.coop\/boutique\/product\/ruban-adhesif-chirurgical-1-po-transpore\/#primaryimage"},"thumbnailUrl":"https:\/\/formationsubf.coop\/boutique\/wp-content\/uploads\/2020\/04\/EMS15271-Ruban-adh\u00e9sif-chirurgical-Transpore-1-3M-1-e1586447501137.jpg","datePublished":"2020-04-09T15:53:29+00:00","dateModified":"2023-07-25T13:42:43+00:00","description":"Facile \u00e0 utiliser, m\u00eame avec des gants, ce ruban peut \u00eatre d\u00e9chir\u00e9 en\u00a0 lani\u00e8res minces pour permettre une meilleure visualisation de la peau.\u00a0","breadcrumb":{"@id":"https:\/\/formationsubf.coop\/boutique\/product\/ruban-adhesif-chirurgical-1-po-transpore\/#breadcrumb"},"inLanguage":"fr-FR","potentialAction":[{"@type":"ReadAction","target":["https:\/\/formationsubf.coop\/boutique\/product\/ruban-adhesif-chirurgical-1-po-transpore\/"]}]},{"@type":"ImageObject","inLanguage":"fr-FR","@id":"https:\/\/formationsubf.coop\/boutique\/product\/ruban-adhesif-chirurgical-1-po-transpore\/#primaryimage","url":"https:\/\/formationsubf.coop\/boutique\/wp-content\/uploads\/2020\/04\/EMS15271-Ruban-adh\u00e9sif-chirurgical-Transpore-1-3M-1-e1586447501137.jpg","contentUrl":"https:\/\/formationsubf.coop\/boutique\/wp-content\/uploads\/2020\/04\/EMS15271-Ruban-adh\u00e9sif-chirurgical-Transpore-1-3M-1-e1586447501137.jpg","width":500,"height":499,"caption":"Ruban adh\u00e9sif chirurgical 1 po | Transpore"},{"@type":"BreadcrumbList","@id":"https:\/\/formationsubf.coop\/boutique\/product\/ruban-adhesif-chirurgical-1-po-transpore\/#breadcrumb","itemListElement":[{"@type":"ListItem","position":1,"name":"Accueil","item":"https:\/\/formationsubf.coop\/boutique\/"},{"@type":"ListItem","position":2,"name":"Boutique","item":"https:\/\/formationsubf.coop\/boutique\/produits\/"},{"@type":"ListItem","position":3,"name":"Premiers Soins","item":"https:\/\/formationsubf.coop\/boutique\/product-category\/premiers-soins\/"},{"@type":"ListItem","position":4,"name":"Pansements","item":"https:\/\/formationsubf.coop\/boutique\/product-category\/premiers-soins\/pansements\/"},{"@type":"ListItem","position":5,"name":"Ruban adh\u00e9sif chirurgical Transpore 1&#8221; 3M (unit\u00e9)"}]},{"@type":"WebSite","@id":"https:\/\/formationsubf.coop\/boutique\/#website","url":"https:\/\/formationsubf.coop\/boutique\/","name":"Formations UBF | Boutique","description":"","potentialAction":[{"@type":"SearchAction","target":{"@type":"EntryPoint","urlTemplate":"https:\/\/formationsubf.coop\/boutique\/?s={search_term_string}"},"query-input":{"@type":"PropertyValueSpecification","valueRequired":true,"valueName":"search_term_string"}}],"inLanguage":"fr-FR"}]}},"_links":{"self":[{"href":"https:\/\/formationsubf.coop\/boutique\/wp-json\/wp\/v2\/product\/1125","targetHints":{"allow":["GET"]}}],"collection":[{"href":"https:\/\/formationsubf.coop\/boutique\/wp-json\/wp\/v2\/product"}],"about":[{"href":"https:\/\/formationsubf.coop\/boutique\/wp-json\/wp\/v2\/types\/product"}],"replies":[{"embeddable":true,"href":"https:\/\/formationsubf.coop\/boutique\/wp-json\/wp\/v2\/comments?post=1125"}],"wp:featuredmedia":[{"embeddable":true,"href":"https:\/\/formationsubf.coop\/boutique\/wp-json\/wp\/v2\/media\/1126"}],"wp:attachment":[{"href":"https:\/\/formationsubf.coop\/boutique\/wp-json\/wp\/v2\/media?parent=1125"}],"wp:term":[{"taxonomy":"product_brand","embeddable":true,"href":"https:\/\/formationsubf.coop\/boutique\/wp-json\/wp\/v2\/product_brand?post=1125"},{"taxonomy":"product_cat","embeddable":true,"href":"https:\/\/formationsubf.coop\/boutique\/wp-json\/wp\/v2\/product_cat?post=1125"},{"taxonomy":"product_tag","embeddable":true,"href":"https:\/\/formationsubf.coop\/boutique\/wp-json\/wp\/v2\/product_tag?post=1125"}],"curies":[{"name":"wp","href":"https:\/\/api.w.org\/{rel}","templated":true}]}}