{"id":1117,"date":"2020-04-09T11:28:54","date_gmt":"2020-04-09T15:28:54","guid":{"rendered":"http:\/\/orthoubf.coop\/?post_type=product&#038;p=1117"},"modified":"2024-03-29T15:45:55","modified_gmt":"2024-03-29T19:45:55","slug":"pansement-en-tissu-carre-safe-cross","status":"publish","type":"product","link":"https:\/\/formationsubf.coop\/boutique\/product\/pansement-en-tissu-carre-safe-cross\/","title":{"rendered":"Pansement tissu Safecross 3.8&#215;3.8cm (50)"},"content":{"rendered":"<p>Les bandages en tissu tiss\u00e9 de coton \/ rayonne de haute qualit\u00e9 amortissent les blessures et offrent une protection contre les infections pour les coupures, \u00e9raflures, abrasions et br\u00fblures mineures. La construction \u00e0 tissage ouvert du pansement en tissu carr\u00e9 permet \u00e0 la peau de respirer pour une gu\u00e9rison plus rapide. <span style=\"color: #333333;\">Coussin hautement absorbant et non adh\u00e9rent qui maintient la plaie propre et s\u00e8che pour une cicatrisation plus rapide.<\/span><\/p>\n","protected":false},"excerpt":{"rendered":"<ul>\n<li>L&rsquo;adh\u00e9sif fort permet au pansement de coller et de rester en place.<\/li>\n<li>La construction de l&rsquo;\u00eelot prot\u00e8ge la salet\u00e9 et les contaminants.<\/li>\n<\/ul>\n","protected":false},"featured_media":1119,"comment_status":"closed","ping_status":"closed","template":"","meta":[],"product_brand":[],"product_cat":[464,413],"product_tag":[484,466,465,442],"class_list":{"0":"post-1117","1":"product","2":"type-product","3":"status-publish","4":"has-post-thumbnail","6":"product_cat-pansements","7":"product_cat-premiers-soins","8":"product_tag-carre","9":"product_tag-en-tissu","10":"product_tag-pansement","11":"product_tag-safe-cross","12":"sync-code-w","14":"first","15":"instock","16":"taxable","17":"shipping-taxable","18":"purchasable","19":"product-type-simple"},"yoast_head":"<!-- This site is optimized with the Yoast SEO plugin v27.6 - https:\/\/yoast.com\/product\/yoast-seo-wordpress\/ -->\n<title>Pansement tissu Safecross 3.8x3.8cm (50) - Formations UBF | Boutique<\/title>\n<meta name=\"description\" content=\"La construction \u00e0 tissage ouvert du pansement en tissu carr\u00e9 de Safe Cross permet \u00e0 la peau de respirer pour une gu\u00e9rison plus rapide.\" \/>\n<meta name=\"robots\" content=\"index, follow, max-snippet:-1, max-image-preview:large, max-video-preview:-1\" \/>\n<link rel=\"canonical\" href=\"https:\/\/formationsubf.coop\/boutique\/product\/pansement-en-tissu-carre-safe-cross\/\" \/>\n<meta property=\"og:locale\" content=\"fr_FR\" \/>\n<meta property=\"og:type\" content=\"article\" \/>\n<meta property=\"og:title\" content=\"Pansement tissu Safecross 3.8x3.8cm (50) - Formations UBF | Boutique\" \/>\n<meta property=\"og:description\" content=\"La construction \u00e0 tissage ouvert du pansement en tissu carr\u00e9 de Safe Cross permet \u00e0 la peau de respirer pour une gu\u00e9rison plus rapide.\" \/>\n<meta property=\"og:url\" content=\"https:\/\/formationsubf.coop\/boutique\/product\/pansement-en-tissu-carre-safe-cross\/\" \/>\n<meta property=\"og:site_name\" content=\"Formations UBF | Boutique\" \/>\n<meta property=\"article:publisher\" content=\"https:\/\/www.facebook.com\/ubfmaterielmedicaletorthopedique\" \/>\n<meta property=\"article:modified_time\" content=\"2024-03-29T19:45:55+00:00\" \/>\n<meta property=\"og:image\" content=\"https:\/\/formationsubf.coop\/boutique\/wp-content\/uploads\/2020\/04\/03570-Pansement-tissu-Safecross-3.8x3.8cm-e1586446047327.jpg\" \/>\n\t<meta property=\"og:image:width\" content=\"500\" \/>\n\t<meta property=\"og:image:height\" content=\"499\" \/>\n\t<meta property=\"og:image:type\" content=\"image\/jpeg\" \/>\n<meta name=\"twitter:card\" content=\"summary_large_image\" \/>\n<script type=\"application\/ld+json\" class=\"yoast-schema-graph\">{\"@context\":\"https:\\\/\\\/schema.org\",\"@graph\":[{\"@type\":\"WebPage\",\"@id\":\"https:\\\/\\\/formationsubf.coop\\\/boutique\\\/product\\\/pansement-en-tissu-carre-safe-cross\\\/\",\"url\":\"https:\\\/\\\/formationsubf.coop\\\/boutique\\\/product\\\/pansement-en-tissu-carre-safe-cross\\\/\",\"name\":\"Pansement tissu Safecross 3.8x3.8cm (50) - Formations UBF | Boutique\",\"isPartOf\":{\"@id\":\"https:\\\/\\\/formationsubf.coop\\\/boutique\\\/#website\"},\"primaryImageOfPage\":{\"@id\":\"https:\\\/\\\/formationsubf.coop\\\/boutique\\\/product\\\/pansement-en-tissu-carre-safe-cross\\\/#primaryimage\"},\"image\":{\"@id\":\"https:\\\/\\\/formationsubf.coop\\\/boutique\\\/product\\\/pansement-en-tissu-carre-safe-cross\\\/#primaryimage\"},\"thumbnailUrl\":\"https:\\\/\\\/formationsubf.coop\\\/boutique\\\/wp-content\\\/uploads\\\/2020\\\/04\\\/03570-Pansement-tissu-Safecross-3.8x3.8cm-e1586446047327.jpg\",\"datePublished\":\"2020-04-09T15:28:54+00:00\",\"dateModified\":\"2024-03-29T19:45:55+00:00\",\"description\":\"La construction \u00e0 tissage ouvert du pansement en tissu carr\u00e9 de Safe Cross permet \u00e0 la peau de respirer pour une gu\u00e9rison plus rapide.\",\"breadcrumb\":{\"@id\":\"https:\\\/\\\/formationsubf.coop\\\/boutique\\\/product\\\/pansement-en-tissu-carre-safe-cross\\\/#breadcrumb\"},\"inLanguage\":\"fr-FR\",\"potentialAction\":[{\"@type\":\"ReadAction\",\"target\":[\"https:\\\/\\\/formationsubf.coop\\\/boutique\\\/product\\\/pansement-en-tissu-carre-safe-cross\\\/\"]}]},{\"@type\":\"ImageObject\",\"inLanguage\":\"fr-FR\",\"@id\":\"https:\\\/\\\/formationsubf.coop\\\/boutique\\\/product\\\/pansement-en-tissu-carre-safe-cross\\\/#primaryimage\",\"url\":\"https:\\\/\\\/formationsubf.coop\\\/boutique\\\/wp-content\\\/uploads\\\/2020\\\/04\\\/03570-Pansement-tissu-Safecross-3.8x3.8cm-e1586446047327.jpg\",\"contentUrl\":\"https:\\\/\\\/formationsubf.coop\\\/boutique\\\/wp-content\\\/uploads\\\/2020\\\/04\\\/03570-Pansement-tissu-Safecross-3.8x3.8cm-e1586446047327.jpg\",\"width\":500,\"height\":499,\"caption\":\"Pansement en tissu Carr\u00e9 | Safe Cross\"},{\"@type\":\"BreadcrumbList\",\"@id\":\"https:\\\/\\\/formationsubf.coop\\\/boutique\\\/product\\\/pansement-en-tissu-carre-safe-cross\\\/#breadcrumb\",\"itemListElement\":[{\"@type\":\"ListItem\",\"position\":1,\"name\":\"Accueil\",\"item\":\"https:\\\/\\\/formationsubf.coop\\\/boutique\\\/\"},{\"@type\":\"ListItem\",\"position\":2,\"name\":\"Boutique\",\"item\":\"https:\\\/\\\/formationsubf.coop\\\/boutique\\\/produits\\\/\"},{\"@type\":\"ListItem\",\"position\":3,\"name\":\"Premiers Soins\",\"item\":\"https:\\\/\\\/formationsubf.coop\\\/boutique\\\/product-category\\\/premiers-soins\\\/\"},{\"@type\":\"ListItem\",\"position\":4,\"name\":\"Pansements\",\"item\":\"https:\\\/\\\/formationsubf.coop\\\/boutique\\\/product-category\\\/premiers-soins\\\/pansements\\\/\"},{\"@type\":\"ListItem\",\"position\":5,\"name\":\"Pansement tissu Safecross 3.8&#215;3.8cm (50)\"}]},{\"@type\":\"WebSite\",\"@id\":\"https:\\\/\\\/formationsubf.coop\\\/boutique\\\/#website\",\"url\":\"https:\\\/\\\/formationsubf.coop\\\/boutique\\\/\",\"name\":\"Formations UBF | Boutique\",\"description\":\"\",\"potentialAction\":[{\"@type\":\"SearchAction\",\"target\":{\"@type\":\"EntryPoint\",\"urlTemplate\":\"https:\\\/\\\/formationsubf.coop\\\/boutique\\\/?s={search_term_string}\"},\"query-input\":{\"@type\":\"PropertyValueSpecification\",\"valueRequired\":true,\"valueName\":\"search_term_string\"}}],\"inLanguage\":\"fr-FR\"}]}<\/script>\n<!-- \/ Yoast SEO plugin. -->","yoast_head_json":{"title":"Pansement tissu Safecross 3.8x3.8cm (50) - Formations UBF | Boutique","description":"La construction \u00e0 tissage ouvert du pansement en tissu carr\u00e9 de Safe Cross permet \u00e0 la peau de respirer pour une gu\u00e9rison plus rapide.","robots":{"index":"index","follow":"follow","max-snippet":"max-snippet:-1","max-image-preview":"max-image-preview:large","max-video-preview":"max-video-preview:-1"},"canonical":"https:\/\/formationsubf.coop\/boutique\/product\/pansement-en-tissu-carre-safe-cross\/","og_locale":"fr_FR","og_type":"article","og_title":"Pansement tissu Safecross 3.8x3.8cm (50) - Formations UBF | Boutique","og_description":"La construction \u00e0 tissage ouvert du pansement en tissu carr\u00e9 de Safe Cross permet \u00e0 la peau de respirer pour une gu\u00e9rison plus rapide.","og_url":"https:\/\/formationsubf.coop\/boutique\/product\/pansement-en-tissu-carre-safe-cross\/","og_site_name":"Formations UBF | Boutique","article_publisher":"https:\/\/www.facebook.com\/ubfmaterielmedicaletorthopedique","article_modified_time":"2024-03-29T19:45:55+00:00","og_image":[{"width":500,"height":499,"url":"https:\/\/formationsubf.coop\/boutique\/wp-content\/uploads\/2020\/04\/03570-Pansement-tissu-Safecross-3.8x3.8cm-e1586446047327.jpg","type":"image\/jpeg"}],"twitter_card":"summary_large_image","schema":{"@context":"https:\/\/schema.org","@graph":[{"@type":"WebPage","@id":"https:\/\/formationsubf.coop\/boutique\/product\/pansement-en-tissu-carre-safe-cross\/","url":"https:\/\/formationsubf.coop\/boutique\/product\/pansement-en-tissu-carre-safe-cross\/","name":"Pansement tissu Safecross 3.8x3.8cm (50) - Formations UBF | Boutique","isPartOf":{"@id":"https:\/\/formationsubf.coop\/boutique\/#website"},"primaryImageOfPage":{"@id":"https:\/\/formationsubf.coop\/boutique\/product\/pansement-en-tissu-carre-safe-cross\/#primaryimage"},"image":{"@id":"https:\/\/formationsubf.coop\/boutique\/product\/pansement-en-tissu-carre-safe-cross\/#primaryimage"},"thumbnailUrl":"https:\/\/formationsubf.coop\/boutique\/wp-content\/uploads\/2020\/04\/03570-Pansement-tissu-Safecross-3.8x3.8cm-e1586446047327.jpg","datePublished":"2020-04-09T15:28:54+00:00","dateModified":"2024-03-29T19:45:55+00:00","description":"La construction \u00e0 tissage ouvert du pansement en tissu carr\u00e9 de Safe Cross permet \u00e0 la peau de respirer pour une gu\u00e9rison plus rapide.","breadcrumb":{"@id":"https:\/\/formationsubf.coop\/boutique\/product\/pansement-en-tissu-carre-safe-cross\/#breadcrumb"},"inLanguage":"fr-FR","potentialAction":[{"@type":"ReadAction","target":["https:\/\/formationsubf.coop\/boutique\/product\/pansement-en-tissu-carre-safe-cross\/"]}]},{"@type":"ImageObject","inLanguage":"fr-FR","@id":"https:\/\/formationsubf.coop\/boutique\/product\/pansement-en-tissu-carre-safe-cross\/#primaryimage","url":"https:\/\/formationsubf.coop\/boutique\/wp-content\/uploads\/2020\/04\/03570-Pansement-tissu-Safecross-3.8x3.8cm-e1586446047327.jpg","contentUrl":"https:\/\/formationsubf.coop\/boutique\/wp-content\/uploads\/2020\/04\/03570-Pansement-tissu-Safecross-3.8x3.8cm-e1586446047327.jpg","width":500,"height":499,"caption":"Pansement en tissu Carr\u00e9 | Safe Cross"},{"@type":"BreadcrumbList","@id":"https:\/\/formationsubf.coop\/boutique\/product\/pansement-en-tissu-carre-safe-cross\/#breadcrumb","itemListElement":[{"@type":"ListItem","position":1,"name":"Accueil","item":"https:\/\/formationsubf.coop\/boutique\/"},{"@type":"ListItem","position":2,"name":"Boutique","item":"https:\/\/formationsubf.coop\/boutique\/produits\/"},{"@type":"ListItem","position":3,"name":"Premiers Soins","item":"https:\/\/formationsubf.coop\/boutique\/product-category\/premiers-soins\/"},{"@type":"ListItem","position":4,"name":"Pansements","item":"https:\/\/formationsubf.coop\/boutique\/product-category\/premiers-soins\/pansements\/"},{"@type":"ListItem","position":5,"name":"Pansement tissu Safecross 3.8&#215;3.8cm (50)"}]},{"@type":"WebSite","@id":"https:\/\/formationsubf.coop\/boutique\/#website","url":"https:\/\/formationsubf.coop\/boutique\/","name":"Formations UBF | Boutique","description":"","potentialAction":[{"@type":"SearchAction","target":{"@type":"EntryPoint","urlTemplate":"https:\/\/formationsubf.coop\/boutique\/?s={search_term_string}"},"query-input":{"@type":"PropertyValueSpecification","valueRequired":true,"valueName":"search_term_string"}}],"inLanguage":"fr-FR"}]}},"_links":{"self":[{"href":"https:\/\/formationsubf.coop\/boutique\/wp-json\/wp\/v2\/product\/1117","targetHints":{"allow":["GET"]}}],"collection":[{"href":"https:\/\/formationsubf.coop\/boutique\/wp-json\/wp\/v2\/product"}],"about":[{"href":"https:\/\/formationsubf.coop\/boutique\/wp-json\/wp\/v2\/types\/product"}],"replies":[{"embeddable":true,"href":"https:\/\/formationsubf.coop\/boutique\/wp-json\/wp\/v2\/comments?post=1117"}],"wp:featuredmedia":[{"embeddable":true,"href":"https:\/\/formationsubf.coop\/boutique\/wp-json\/wp\/v2\/media\/1119"}],"wp:attachment":[{"href":"https:\/\/formationsubf.coop\/boutique\/wp-json\/wp\/v2\/media?parent=1117"}],"wp:term":[{"taxonomy":"product_brand","embeddable":true,"href":"https:\/\/formationsubf.coop\/boutique\/wp-json\/wp\/v2\/product_brand?post=1117"},{"taxonomy":"product_cat","embeddable":true,"href":"https:\/\/formationsubf.coop\/boutique\/wp-json\/wp\/v2\/product_cat?post=1117"},{"taxonomy":"product_tag","embeddable":true,"href":"https:\/\/formationsubf.coop\/boutique\/wp-json\/wp\/v2\/product_tag?post=1117"}],"curies":[{"name":"wp","href":"https:\/\/api.w.org\/{rel}","templated":true}]}}