{"id":1046,"date":"2020-04-08T13:46:33","date_gmt":"2020-04-08T17:46:33","guid":{"rendered":"http:\/\/orthoubf.coop\/?post_type=product&#038;p=1046"},"modified":"2024-10-23T15:17:00","modified_gmt":"2024-10-23T19:17:00","slug":"trousse-de-reanimation-durgence","status":"publish","type":"product","link":"https:\/\/formationsubf.coop\/boutique\/product\/trousse-de-reanimation-durgence\/","title":{"rendered":"TROUSSE DE R\u00c9ANIMATION"},"content":{"rendered":"<p>Trousse de r\u00e9animation d&rsquo;urgence pour une r\u00e9ponse rapide aux situations respiratoires d&rsquo;urgence. <span style=\"color: #333333;\">Comprend des articles pour aider \u00e0 r\u00e9duire le risque de contamination crois\u00e9e et de transfert de virus et de bact\u00e9ries entre la victime et le sauveteur. <\/span><span style=\"color: #333333;\">Facile \u00e0 identifier en situation d&rsquo;urgence.<\/span><\/p>\n","protected":false},"excerpt":{"rendered":"<ul>\n<li>Emball\u00e9 dans un r\u00e9cipient en plastique r\u00e9sistant \u00e0 l&rsquo;eau de 10 unit\u00e9s, complet.<\/li>\n<li>Avec poign\u00e9e de transport et appareil de montage mural.<\/li>\n<li>Voir image pour liste de contenu.<\/li>\n<\/ul>\n<p>&nbsp;<\/p>\n","protected":false},"featured_media":1048,"comment_status":"closed","ping_status":"closed","template":"","meta":[],"product_brand":[],"product_cat":[413,414],"product_tag":[463,431,441],"class_list":{"0":"post-1046","1":"product","2":"type-product","3":"status-publish","4":"has-post-thumbnail","6":"product_cat-premiers-soins","7":"product_cat-trousse-de-premiers-soins","8":"product_tag-de-reanimation","9":"product_tag-trousse","10":"product_tag-urgence","12":"first","13":"outofstock","14":"taxable","15":"shipping-taxable","16":"purchasable","17":"product-type-simple"},"yoast_head":"<!-- This site is optimized with the Yoast SEO plugin v27.6 - https:\/\/yoast.com\/product\/yoast-seo-wordpress\/ -->\n<title>TROUSSE DE R\u00c9ANIMATION - Formations UBF | Boutique<\/title>\n<meta name=\"description\" content=\"Trousse de r\u00e9animation d&#039;urgence pour une r\u00e9ponse rapide aux situations respiratoires d&#039;urgence.\" \/>\n<meta name=\"robots\" content=\"index, follow, max-snippet:-1, max-image-preview:large, max-video-preview:-1\" \/>\n<link rel=\"canonical\" href=\"https:\/\/formationsubf.coop\/boutique\/product\/trousse-de-reanimation-durgence\/\" \/>\n<meta property=\"og:locale\" content=\"fr_FR\" \/>\n<meta property=\"og:type\" content=\"article\" \/>\n<meta property=\"og:title\" content=\"TROUSSE DE R\u00c9ANIMATION - Formations UBF | Boutique\" \/>\n<meta property=\"og:description\" content=\"Trousse de r\u00e9animation d&#039;urgence pour une r\u00e9ponse rapide aux situations respiratoires d&#039;urgence.\" \/>\n<meta property=\"og:url\" content=\"https:\/\/formationsubf.coop\/boutique\/product\/trousse-de-reanimation-durgence\/\" \/>\n<meta property=\"og:site_name\" content=\"Formations UBF | Boutique\" \/>\n<meta property=\"article:publisher\" content=\"https:\/\/www.facebook.com\/ubfmaterielmedicaletorthopedique\" \/>\n<meta property=\"article:modified_time\" content=\"2024-10-23T19:17:00+00:00\" \/>\n<meta property=\"og:image\" content=\"https:\/\/formationsubf.coop\/boutique\/wp-content\/uploads\/2020\/04\/1435-Trousse-de-reanimation-d-urgence-e1586367947903.jpg\" \/>\n\t<meta property=\"og:image:width\" content=\"500\" \/>\n\t<meta property=\"og:image:height\" content=\"499\" \/>\n\t<meta property=\"og:image:type\" content=\"image\/jpeg\" \/>\n<meta name=\"twitter:card\" content=\"summary_large_image\" \/>\n<script type=\"application\/ld+json\" class=\"yoast-schema-graph\">{\"@context\":\"https:\\\/\\\/schema.org\",\"@graph\":[{\"@type\":\"WebPage\",\"@id\":\"https:\\\/\\\/formationsubf.coop\\\/boutique\\\/product\\\/trousse-de-reanimation-durgence\\\/\",\"url\":\"https:\\\/\\\/formationsubf.coop\\\/boutique\\\/product\\\/trousse-de-reanimation-durgence\\\/\",\"name\":\"TROUSSE DE R\u00c9ANIMATION - Formations UBF | Boutique\",\"isPartOf\":{\"@id\":\"https:\\\/\\\/formationsubf.coop\\\/boutique\\\/#website\"},\"primaryImageOfPage\":{\"@id\":\"https:\\\/\\\/formationsubf.coop\\\/boutique\\\/product\\\/trousse-de-reanimation-durgence\\\/#primaryimage\"},\"image\":{\"@id\":\"https:\\\/\\\/formationsubf.coop\\\/boutique\\\/product\\\/trousse-de-reanimation-durgence\\\/#primaryimage\"},\"thumbnailUrl\":\"https:\\\/\\\/formationsubf.coop\\\/boutique\\\/wp-content\\\/uploads\\\/2020\\\/04\\\/1435-Trousse-de-reanimation-d-urgence-e1586367947903.jpg\",\"datePublished\":\"2020-04-08T17:46:33+00:00\",\"dateModified\":\"2024-10-23T19:17:00+00:00\",\"description\":\"Trousse de r\u00e9animation d'urgence pour une r\u00e9ponse rapide aux situations respiratoires d'urgence.\",\"breadcrumb\":{\"@id\":\"https:\\\/\\\/formationsubf.coop\\\/boutique\\\/product\\\/trousse-de-reanimation-durgence\\\/#breadcrumb\"},\"inLanguage\":\"fr-FR\",\"potentialAction\":[{\"@type\":\"ReadAction\",\"target\":[\"https:\\\/\\\/formationsubf.coop\\\/boutique\\\/product\\\/trousse-de-reanimation-durgence\\\/\"]}]},{\"@type\":\"ImageObject\",\"inLanguage\":\"fr-FR\",\"@id\":\"https:\\\/\\\/formationsubf.coop\\\/boutique\\\/product\\\/trousse-de-reanimation-durgence\\\/#primaryimage\",\"url\":\"https:\\\/\\\/formationsubf.coop\\\/boutique\\\/wp-content\\\/uploads\\\/2020\\\/04\\\/1435-Trousse-de-reanimation-d-urgence-e1586367947903.jpg\",\"contentUrl\":\"https:\\\/\\\/formationsubf.coop\\\/boutique\\\/wp-content\\\/uploads\\\/2020\\\/04\\\/1435-Trousse-de-reanimation-d-urgence-e1586367947903.jpg\",\"width\":500,\"height\":499,\"caption\":\"Trousse de r\u00e9animation d'urgence\"},{\"@type\":\"BreadcrumbList\",\"@id\":\"https:\\\/\\\/formationsubf.coop\\\/boutique\\\/product\\\/trousse-de-reanimation-durgence\\\/#breadcrumb\",\"itemListElement\":[{\"@type\":\"ListItem\",\"position\":1,\"name\":\"Accueil\",\"item\":\"https:\\\/\\\/formationsubf.coop\\\/boutique\\\/\"},{\"@type\":\"ListItem\",\"position\":2,\"name\":\"Boutique\",\"item\":\"https:\\\/\\\/formationsubf.coop\\\/boutique\\\/produits\\\/\"},{\"@type\":\"ListItem\",\"position\":3,\"name\":\"Premiers Soins\",\"item\":\"https:\\\/\\\/formationsubf.coop\\\/boutique\\\/product-category\\\/premiers-soins\\\/\"},{\"@type\":\"ListItem\",\"position\":4,\"name\":\"Trousse de premiers soins\",\"item\":\"https:\\\/\\\/formationsubf.coop\\\/boutique\\\/product-category\\\/premiers-soins\\\/trousse-de-premiers-soins\\\/\"},{\"@type\":\"ListItem\",\"position\":5,\"name\":\"TROUSSE DE R\u00c9ANIMATION\"}]},{\"@type\":\"WebSite\",\"@id\":\"https:\\\/\\\/formationsubf.coop\\\/boutique\\\/#website\",\"url\":\"https:\\\/\\\/formationsubf.coop\\\/boutique\\\/\",\"name\":\"Formations UBF | Boutique\",\"description\":\"\",\"potentialAction\":[{\"@type\":\"SearchAction\",\"target\":{\"@type\":\"EntryPoint\",\"urlTemplate\":\"https:\\\/\\\/formationsubf.coop\\\/boutique\\\/?s={search_term_string}\"},\"query-input\":{\"@type\":\"PropertyValueSpecification\",\"valueRequired\":true,\"valueName\":\"search_term_string\"}}],\"inLanguage\":\"fr-FR\"}]}<\/script>\n<!-- \/ Yoast SEO plugin. -->","yoast_head_json":{"title":"TROUSSE DE R\u00c9ANIMATION - Formations UBF | Boutique","description":"Trousse de r\u00e9animation d'urgence pour une r\u00e9ponse rapide aux situations respiratoires d'urgence.","robots":{"index":"index","follow":"follow","max-snippet":"max-snippet:-1","max-image-preview":"max-image-preview:large","max-video-preview":"max-video-preview:-1"},"canonical":"https:\/\/formationsubf.coop\/boutique\/product\/trousse-de-reanimation-durgence\/","og_locale":"fr_FR","og_type":"article","og_title":"TROUSSE DE R\u00c9ANIMATION - Formations UBF | Boutique","og_description":"Trousse de r\u00e9animation d'urgence pour une r\u00e9ponse rapide aux situations respiratoires d'urgence.","og_url":"https:\/\/formationsubf.coop\/boutique\/product\/trousse-de-reanimation-durgence\/","og_site_name":"Formations UBF | Boutique","article_publisher":"https:\/\/www.facebook.com\/ubfmaterielmedicaletorthopedique","article_modified_time":"2024-10-23T19:17:00+00:00","og_image":[{"width":500,"height":499,"url":"https:\/\/formationsubf.coop\/boutique\/wp-content\/uploads\/2020\/04\/1435-Trousse-de-reanimation-d-urgence-e1586367947903.jpg","type":"image\/jpeg"}],"twitter_card":"summary_large_image","schema":{"@context":"https:\/\/schema.org","@graph":[{"@type":"WebPage","@id":"https:\/\/formationsubf.coop\/boutique\/product\/trousse-de-reanimation-durgence\/","url":"https:\/\/formationsubf.coop\/boutique\/product\/trousse-de-reanimation-durgence\/","name":"TROUSSE DE R\u00c9ANIMATION - Formations UBF | Boutique","isPartOf":{"@id":"https:\/\/formationsubf.coop\/boutique\/#website"},"primaryImageOfPage":{"@id":"https:\/\/formationsubf.coop\/boutique\/product\/trousse-de-reanimation-durgence\/#primaryimage"},"image":{"@id":"https:\/\/formationsubf.coop\/boutique\/product\/trousse-de-reanimation-durgence\/#primaryimage"},"thumbnailUrl":"https:\/\/formationsubf.coop\/boutique\/wp-content\/uploads\/2020\/04\/1435-Trousse-de-reanimation-d-urgence-e1586367947903.jpg","datePublished":"2020-04-08T17:46:33+00:00","dateModified":"2024-10-23T19:17:00+00:00","description":"Trousse de r\u00e9animation d'urgence pour une r\u00e9ponse rapide aux situations respiratoires d'urgence.","breadcrumb":{"@id":"https:\/\/formationsubf.coop\/boutique\/product\/trousse-de-reanimation-durgence\/#breadcrumb"},"inLanguage":"fr-FR","potentialAction":[{"@type":"ReadAction","target":["https:\/\/formationsubf.coop\/boutique\/product\/trousse-de-reanimation-durgence\/"]}]},{"@type":"ImageObject","inLanguage":"fr-FR","@id":"https:\/\/formationsubf.coop\/boutique\/product\/trousse-de-reanimation-durgence\/#primaryimage","url":"https:\/\/formationsubf.coop\/boutique\/wp-content\/uploads\/2020\/04\/1435-Trousse-de-reanimation-d-urgence-e1586367947903.jpg","contentUrl":"https:\/\/formationsubf.coop\/boutique\/wp-content\/uploads\/2020\/04\/1435-Trousse-de-reanimation-d-urgence-e1586367947903.jpg","width":500,"height":499,"caption":"Trousse de r\u00e9animation d'urgence"},{"@type":"BreadcrumbList","@id":"https:\/\/formationsubf.coop\/boutique\/product\/trousse-de-reanimation-durgence\/#breadcrumb","itemListElement":[{"@type":"ListItem","position":1,"name":"Accueil","item":"https:\/\/formationsubf.coop\/boutique\/"},{"@type":"ListItem","position":2,"name":"Boutique","item":"https:\/\/formationsubf.coop\/boutique\/produits\/"},{"@type":"ListItem","position":3,"name":"Premiers Soins","item":"https:\/\/formationsubf.coop\/boutique\/product-category\/premiers-soins\/"},{"@type":"ListItem","position":4,"name":"Trousse de premiers soins","item":"https:\/\/formationsubf.coop\/boutique\/product-category\/premiers-soins\/trousse-de-premiers-soins\/"},{"@type":"ListItem","position":5,"name":"TROUSSE DE R\u00c9ANIMATION"}]},{"@type":"WebSite","@id":"https:\/\/formationsubf.coop\/boutique\/#website","url":"https:\/\/formationsubf.coop\/boutique\/","name":"Formations UBF | Boutique","description":"","potentialAction":[{"@type":"SearchAction","target":{"@type":"EntryPoint","urlTemplate":"https:\/\/formationsubf.coop\/boutique\/?s={search_term_string}"},"query-input":{"@type":"PropertyValueSpecification","valueRequired":true,"valueName":"search_term_string"}}],"inLanguage":"fr-FR"}]}},"_links":{"self":[{"href":"https:\/\/formationsubf.coop\/boutique\/wp-json\/wp\/v2\/product\/1046","targetHints":{"allow":["GET"]}}],"collection":[{"href":"https:\/\/formationsubf.coop\/boutique\/wp-json\/wp\/v2\/product"}],"about":[{"href":"https:\/\/formationsubf.coop\/boutique\/wp-json\/wp\/v2\/types\/product"}],"replies":[{"embeddable":true,"href":"https:\/\/formationsubf.coop\/boutique\/wp-json\/wp\/v2\/comments?post=1046"}],"wp:featuredmedia":[{"embeddable":true,"href":"https:\/\/formationsubf.coop\/boutique\/wp-json\/wp\/v2\/media\/1048"}],"wp:attachment":[{"href":"https:\/\/formationsubf.coop\/boutique\/wp-json\/wp\/v2\/media?parent=1046"}],"wp:term":[{"taxonomy":"product_brand","embeddable":true,"href":"https:\/\/formationsubf.coop\/boutique\/wp-json\/wp\/v2\/product_brand?post=1046"},{"taxonomy":"product_cat","embeddable":true,"href":"https:\/\/formationsubf.coop\/boutique\/wp-json\/wp\/v2\/product_cat?post=1046"},{"taxonomy":"product_tag","embeddable":true,"href":"https:\/\/formationsubf.coop\/boutique\/wp-json\/wp\/v2\/product_tag?post=1046"}],"curies":[{"name":"wp","href":"https:\/\/api.w.org\/{rel}","templated":true}]}}