{"id":1040,"date":"2020-04-08T17:28:10","date_gmt":"2020-04-08T17:28:10","guid":{"rendered":"http:\/\/orthoubf.coop\/?post_type=product&#038;p=1040"},"modified":"2024-12-11T07:30:15","modified_gmt":"2024-12-11T12:30:15","slug":"boitier-en-metal-premiers-soins-36-unites","status":"publish","type":"product","link":"https:\/\/formationsubf.coop\/boutique\/product\/boitier-en-metal-premiers-soins-36-unites\/","title":{"rendered":"Boitier en m\u00e9tal premiers soins"},"content":{"rendered":"<ul>\n<li>Fabriqu\u00e9 en acier de haute qualit\u00e9 avec fermetures \u00e0 glissi\u00e8re positive, poign\u00e9es de transport et finition en \u00e9mail blanc.<\/li>\n<li>R\u00e9siste aux conditions, chaudes et froides.<\/li>\n<li>Les coins arrondis offrent une s\u00e9curit\u00e9 accrue.<\/li>\n<li>Le couvercle \u00e0 charni\u00e8re s&rsquo;ouvre \u00e0 un angle de 90 degr\u00e9 pour servir d&rsquo;\u00e9tag\u00e8re lorsque l&rsquo;unit\u00e9 murale est ouverte.<\/li>\n<li>Complet avec poign\u00e9e de transport.<\/li>\n<li>Montage mural.<\/li>\n<li>Format: 36 unit\u00e9s en m\u00e9tal avec joint.<\/li>\n<li>Couleur: Blanc.<\/li>\n<\/ul>\n","protected":false},"excerpt":{"rendered":"<ul>\n<li>Boitier en m\u00e9tal pour trousse de premiers soins<\/li>\n<\/ul>\n","protected":false},"featured_media":1041,"comment_status":"closed","ping_status":"closed","template":"","meta":[],"product_brand":[],"product_cat":[413,414],"product_tag":[436,434,435,432],"class_list":{"0":"post-1040","1":"product","2":"type-product","3":"status-publish","4":"has-post-thumbnail","6":"product_cat-premiers-soins","7":"product_cat-trousse-de-premiers-soins","8":"product_tag-36-unites","9":"product_tag-boitier","10":"product_tag-en-metal","11":"product_tag-premiers-soins","13":"first","14":"instock","15":"taxable","16":"shipping-taxable","17":"purchasable","18":"product-type-simple"},"yoast_head":"<!-- This site is optimized with the Yoast SEO plugin v27.3 - https:\/\/yoast.com\/product\/yoast-seo-wordpress\/ -->\n<title>Boitier en m\u00e9tal premiers soins - Formations UBF | Boutique<\/title>\n<meta name=\"description\" content=\"Fabriqu\u00e9 en acier de haute qualit\u00e9 avec fermetures \u00e0 glissi\u00e8re positive, poign\u00e9es de transport et finition en \u00e9mail blanc.\" \/>\n<meta name=\"robots\" content=\"index, follow, max-snippet:-1, max-image-preview:large, max-video-preview:-1\" \/>\n<link rel=\"canonical\" href=\"https:\/\/formationsubf.coop\/boutique\/product\/boitier-en-metal-premiers-soins-36-unites\/\" \/>\n<meta property=\"og:locale\" content=\"fr_FR\" \/>\n<meta property=\"og:type\" content=\"article\" \/>\n<meta property=\"og:title\" content=\"Boitier en m\u00e9tal premiers soins - Formations UBF | Boutique\" \/>\n<meta property=\"og:description\" content=\"Fabriqu\u00e9 en acier de haute qualit\u00e9 avec fermetures \u00e0 glissi\u00e8re positive, poign\u00e9es de transport et finition en \u00e9mail blanc.\" \/>\n<meta property=\"og:url\" content=\"https:\/\/formationsubf.coop\/boutique\/product\/boitier-en-metal-premiers-soins-36-unites\/\" \/>\n<meta property=\"og:site_name\" content=\"Formations UBF | Boutique\" \/>\n<meta property=\"article:publisher\" content=\"https:\/\/www.facebook.com\/ubfmaterielmedicaletorthopedique\" \/>\n<meta property=\"article:modified_time\" content=\"2024-12-11T12:30:15+00:00\" \/>\n<meta property=\"og:image\" content=\"https:\/\/formationsubf.coop\/boutique\/wp-content\/uploads\/2020\/04\/01503-Boitier-metal-premier-soin-36x24x7cm-e1586366826377.png\" \/>\n\t<meta property=\"og:image:width\" content=\"500\" \/>\n\t<meta property=\"og:image:height\" content=\"499\" \/>\n\t<meta property=\"og:image:type\" content=\"image\/png\" \/>\n<meta name=\"twitter:card\" content=\"summary_large_image\" \/>\n<meta name=\"twitter:label1\" content=\"Dur\u00e9e de lecture estim\u00e9e\" \/>\n\t<meta name=\"twitter:data1\" content=\"1 minute\" \/>\n<script type=\"application\/ld+json\" class=\"yoast-schema-graph\">{\"@context\":\"https:\\\/\\\/schema.org\",\"@graph\":[{\"@type\":\"WebPage\",\"@id\":\"https:\\\/\\\/formationsubf.coop\\\/boutique\\\/product\\\/boitier-en-metal-premiers-soins-36-unites\\\/\",\"url\":\"https:\\\/\\\/formationsubf.coop\\\/boutique\\\/product\\\/boitier-en-metal-premiers-soins-36-unites\\\/\",\"name\":\"Boitier en m\u00e9tal premiers soins - Formations UBF | Boutique\",\"isPartOf\":{\"@id\":\"https:\\\/\\\/formationsubf.coop\\\/boutique\\\/#website\"},\"primaryImageOfPage\":{\"@id\":\"https:\\\/\\\/formationsubf.coop\\\/boutique\\\/product\\\/boitier-en-metal-premiers-soins-36-unites\\\/#primaryimage\"},\"image\":{\"@id\":\"https:\\\/\\\/formationsubf.coop\\\/boutique\\\/product\\\/boitier-en-metal-premiers-soins-36-unites\\\/#primaryimage\"},\"thumbnailUrl\":\"https:\\\/\\\/formationsubf.coop\\\/boutique\\\/wp-content\\\/uploads\\\/2020\\\/04\\\/01503-Boitier-metal-premier-soin-36x24x7cm-e1586366826377.png\",\"datePublished\":\"2020-04-08T17:28:10+00:00\",\"dateModified\":\"2024-12-11T12:30:15+00:00\",\"description\":\"Fabriqu\u00e9 en acier de haute qualit\u00e9 avec fermetures \u00e0 glissi\u00e8re positive, poign\u00e9es de transport et finition en \u00e9mail blanc.\",\"breadcrumb\":{\"@id\":\"https:\\\/\\\/formationsubf.coop\\\/boutique\\\/product\\\/boitier-en-metal-premiers-soins-36-unites\\\/#breadcrumb\"},\"inLanguage\":\"fr-FR\",\"potentialAction\":[{\"@type\":\"ReadAction\",\"target\":[\"https:\\\/\\\/formationsubf.coop\\\/boutique\\\/product\\\/boitier-en-metal-premiers-soins-36-unites\\\/\"]}]},{\"@type\":\"ImageObject\",\"inLanguage\":\"fr-FR\",\"@id\":\"https:\\\/\\\/formationsubf.coop\\\/boutique\\\/product\\\/boitier-en-metal-premiers-soins-36-unites\\\/#primaryimage\",\"url\":\"https:\\\/\\\/formationsubf.coop\\\/boutique\\\/wp-content\\\/uploads\\\/2020\\\/04\\\/01503-Boitier-metal-premier-soin-36x24x7cm-e1586366826377.png\",\"contentUrl\":\"https:\\\/\\\/formationsubf.coop\\\/boutique\\\/wp-content\\\/uploads\\\/2020\\\/04\\\/01503-Boitier-metal-premier-soin-36x24x7cm-e1586366826377.png\",\"width\":500,\"height\":499,\"caption\":\"Boitier en m\u00e9tal premiers soins 36x24x7 cm\"},{\"@type\":\"BreadcrumbList\",\"@id\":\"https:\\\/\\\/formationsubf.coop\\\/boutique\\\/product\\\/boitier-en-metal-premiers-soins-36-unites\\\/#breadcrumb\",\"itemListElement\":[{\"@type\":\"ListItem\",\"position\":1,\"name\":\"Accueil\",\"item\":\"https:\\\/\\\/formationsubf.coop\\\/boutique\\\/\"},{\"@type\":\"ListItem\",\"position\":2,\"name\":\"Boutique\",\"item\":\"https:\\\/\\\/formationsubf.coop\\\/boutique\\\/produits\\\/\"},{\"@type\":\"ListItem\",\"position\":3,\"name\":\"Premiers Soins\",\"item\":\"https:\\\/\\\/formationsubf.coop\\\/boutique\\\/product-category\\\/premiers-soins\\\/\"},{\"@type\":\"ListItem\",\"position\":4,\"name\":\"Trousse de premiers soins\",\"item\":\"https:\\\/\\\/formationsubf.coop\\\/boutique\\\/product-category\\\/premiers-soins\\\/trousse-de-premiers-soins\\\/\"},{\"@type\":\"ListItem\",\"position\":5,\"name\":\"Boitier en m\u00e9tal premiers soins\"}]},{\"@type\":\"WebSite\",\"@id\":\"https:\\\/\\\/formationsubf.coop\\\/boutique\\\/#website\",\"url\":\"https:\\\/\\\/formationsubf.coop\\\/boutique\\\/\",\"name\":\"Formations UBF | Boutique\",\"description\":\"\",\"potentialAction\":[{\"@type\":\"SearchAction\",\"target\":{\"@type\":\"EntryPoint\",\"urlTemplate\":\"https:\\\/\\\/formationsubf.coop\\\/boutique\\\/?s={search_term_string}\"},\"query-input\":{\"@type\":\"PropertyValueSpecification\",\"valueRequired\":true,\"valueName\":\"search_term_string\"}}],\"inLanguage\":\"fr-FR\"}]}<\/script>\n<!-- \/ Yoast SEO plugin. -->","yoast_head_json":{"title":"Boitier en m\u00e9tal premiers soins - Formations UBF | Boutique","description":"Fabriqu\u00e9 en acier de haute qualit\u00e9 avec fermetures \u00e0 glissi\u00e8re positive, poign\u00e9es de transport et finition en \u00e9mail blanc.","robots":{"index":"index","follow":"follow","max-snippet":"max-snippet:-1","max-image-preview":"max-image-preview:large","max-video-preview":"max-video-preview:-1"},"canonical":"https:\/\/formationsubf.coop\/boutique\/product\/boitier-en-metal-premiers-soins-36-unites\/","og_locale":"fr_FR","og_type":"article","og_title":"Boitier en m\u00e9tal premiers soins - Formations UBF | Boutique","og_description":"Fabriqu\u00e9 en acier de haute qualit\u00e9 avec fermetures \u00e0 glissi\u00e8re positive, poign\u00e9es de transport et finition en \u00e9mail blanc.","og_url":"https:\/\/formationsubf.coop\/boutique\/product\/boitier-en-metal-premiers-soins-36-unites\/","og_site_name":"Formations UBF | Boutique","article_publisher":"https:\/\/www.facebook.com\/ubfmaterielmedicaletorthopedique","article_modified_time":"2024-12-11T12:30:15+00:00","og_image":[{"width":500,"height":499,"url":"https:\/\/formationsubf.coop\/boutique\/wp-content\/uploads\/2020\/04\/01503-Boitier-metal-premier-soin-36x24x7cm-e1586366826377.png","type":"image\/png"}],"twitter_card":"summary_large_image","twitter_misc":{"Dur\u00e9e de lecture estim\u00e9e":"1 minute"},"schema":{"@context":"https:\/\/schema.org","@graph":[{"@type":"WebPage","@id":"https:\/\/formationsubf.coop\/boutique\/product\/boitier-en-metal-premiers-soins-36-unites\/","url":"https:\/\/formationsubf.coop\/boutique\/product\/boitier-en-metal-premiers-soins-36-unites\/","name":"Boitier en m\u00e9tal premiers soins - Formations UBF | Boutique","isPartOf":{"@id":"https:\/\/formationsubf.coop\/boutique\/#website"},"primaryImageOfPage":{"@id":"https:\/\/formationsubf.coop\/boutique\/product\/boitier-en-metal-premiers-soins-36-unites\/#primaryimage"},"image":{"@id":"https:\/\/formationsubf.coop\/boutique\/product\/boitier-en-metal-premiers-soins-36-unites\/#primaryimage"},"thumbnailUrl":"https:\/\/formationsubf.coop\/boutique\/wp-content\/uploads\/2020\/04\/01503-Boitier-metal-premier-soin-36x24x7cm-e1586366826377.png","datePublished":"2020-04-08T17:28:10+00:00","dateModified":"2024-12-11T12:30:15+00:00","description":"Fabriqu\u00e9 en acier de haute qualit\u00e9 avec fermetures \u00e0 glissi\u00e8re positive, poign\u00e9es de transport et finition en \u00e9mail blanc.","breadcrumb":{"@id":"https:\/\/formationsubf.coop\/boutique\/product\/boitier-en-metal-premiers-soins-36-unites\/#breadcrumb"},"inLanguage":"fr-FR","potentialAction":[{"@type":"ReadAction","target":["https:\/\/formationsubf.coop\/boutique\/product\/boitier-en-metal-premiers-soins-36-unites\/"]}]},{"@type":"ImageObject","inLanguage":"fr-FR","@id":"https:\/\/formationsubf.coop\/boutique\/product\/boitier-en-metal-premiers-soins-36-unites\/#primaryimage","url":"https:\/\/formationsubf.coop\/boutique\/wp-content\/uploads\/2020\/04\/01503-Boitier-metal-premier-soin-36x24x7cm-e1586366826377.png","contentUrl":"https:\/\/formationsubf.coop\/boutique\/wp-content\/uploads\/2020\/04\/01503-Boitier-metal-premier-soin-36x24x7cm-e1586366826377.png","width":500,"height":499,"caption":"Boitier en m\u00e9tal premiers soins 36x24x7 cm"},{"@type":"BreadcrumbList","@id":"https:\/\/formationsubf.coop\/boutique\/product\/boitier-en-metal-premiers-soins-36-unites\/#breadcrumb","itemListElement":[{"@type":"ListItem","position":1,"name":"Accueil","item":"https:\/\/formationsubf.coop\/boutique\/"},{"@type":"ListItem","position":2,"name":"Boutique","item":"https:\/\/formationsubf.coop\/boutique\/produits\/"},{"@type":"ListItem","position":3,"name":"Premiers Soins","item":"https:\/\/formationsubf.coop\/boutique\/product-category\/premiers-soins\/"},{"@type":"ListItem","position":4,"name":"Trousse de premiers soins","item":"https:\/\/formationsubf.coop\/boutique\/product-category\/premiers-soins\/trousse-de-premiers-soins\/"},{"@type":"ListItem","position":5,"name":"Boitier en m\u00e9tal premiers soins"}]},{"@type":"WebSite","@id":"https:\/\/formationsubf.coop\/boutique\/#website","url":"https:\/\/formationsubf.coop\/boutique\/","name":"Formations UBF | Boutique","description":"","potentialAction":[{"@type":"SearchAction","target":{"@type":"EntryPoint","urlTemplate":"https:\/\/formationsubf.coop\/boutique\/?s={search_term_string}"},"query-input":{"@type":"PropertyValueSpecification","valueRequired":true,"valueName":"search_term_string"}}],"inLanguage":"fr-FR"}]}},"_links":{"self":[{"href":"https:\/\/formationsubf.coop\/boutique\/wp-json\/wp\/v2\/product\/1040","targetHints":{"allow":["GET"]}}],"collection":[{"href":"https:\/\/formationsubf.coop\/boutique\/wp-json\/wp\/v2\/product"}],"about":[{"href":"https:\/\/formationsubf.coop\/boutique\/wp-json\/wp\/v2\/types\/product"}],"replies":[{"embeddable":true,"href":"https:\/\/formationsubf.coop\/boutique\/wp-json\/wp\/v2\/comments?post=1040"}],"wp:featuredmedia":[{"embeddable":true,"href":"https:\/\/formationsubf.coop\/boutique\/wp-json\/wp\/v2\/media\/1041"}],"wp:attachment":[{"href":"https:\/\/formationsubf.coop\/boutique\/wp-json\/wp\/v2\/media?parent=1040"}],"wp:term":[{"taxonomy":"product_brand","embeddable":true,"href":"https:\/\/formationsubf.coop\/boutique\/wp-json\/wp\/v2\/product_brand?post=1040"},{"taxonomy":"product_cat","embeddable":true,"href":"https:\/\/formationsubf.coop\/boutique\/wp-json\/wp\/v2\/product_cat?post=1040"},{"taxonomy":"product_tag","embeddable":true,"href":"https:\/\/formationsubf.coop\/boutique\/wp-json\/wp\/v2\/product_tag?post=1040"}],"curies":[{"name":"wp","href":"https:\/\/api.w.org\/{rel}","templated":true}]}}