{"id":1032,"date":"2020-04-07T16:29:04","date_gmt":"2020-04-07T20:29:04","guid":{"rendered":"http:\/\/orthoubf.coop\/?post_type=product&#038;p=1032"},"modified":"2024-12-17T09:14:30","modified_gmt":"2024-12-17T14:14:30","slug":"masque-de-poche-pediatrique-laerdal","status":"publish","type":"product","link":"https:\/\/formationsubf.coop\/boutique\/product\/masque-de-poche-pediatrique-laerdal\/","title":{"rendered":"Masque de poche p\u00e9diatrique Laerdal"},"content":{"rendered":"<p>Le masque de poche p\u00e9diatrique rend la RCR sur les patients p\u00e9diatriques plus s\u00fbre. Con\u00e7u pour fournir une \u00e9tanch\u00e9it\u00e9 plus serr\u00e9e avec les visages des nourrissons et ses enfants et <span style=\"color: #333333;\">est un excellent compagnon pour les personnes qui entrent souvent en contact avec les nourrissons et les enfants.<\/span><\/p>\n","protected":false},"excerpt":{"rendered":"<ul>\n<li>Avec la valve unidirectionnelle \u00e0 faible r\u00e9sistance et le masque en silicone circulaire pour les fonctions p\u00e9diatriques, les utilisateurs peuvent fournir une RCP meilleure et plus s\u00fbre aux patients p\u00e9diatriques.<\/li>\n<li>La distance que le masque cr\u00e9e entre le patient et le fournisseur permet \u00e9galement aux fournisseurs de visualiser la mont\u00e9e et la chute de la poitrine, pour une meilleure RCR.<\/li>\n<li>Le masque de poche p\u00e9diatrique est livr\u00e9 dans un \u00e9tui souple avec une sangle de ceinture et un clip qui permet aux prestataires d&rsquo;\u00eatre pr\u00eats chaque fois que des soins p\u00e9diatriques d&rsquo;urgence sont n\u00e9cessaires.<\/li>\n<li>Ne contient pas de latex.<\/li>\n<li>Dispositif \u00e0 usage unique.<\/li>\n<\/ul>\n","protected":false},"featured_media":1035,"comment_status":"closed","ping_status":"closed","template":"","meta":[],"product_brand":[],"product_cat":[427,1049,69,413],"product_tag":[210,428,429],"class_list":{"0":"post-1032","1":"product","2":"type-product","3":"status-publish","4":"has-post-thumbnail","6":"product_cat-gants-masques-etaccessoires","7":"product_cat-laerdal","8":"product_cat-marques","9":"product_cat-premiers-soins","10":"product_tag-laerdal","11":"product_tag-masque-de-poche","12":"product_tag-pediatrique","13":"sync-code-w","15":"first","16":"instock","17":"taxable","18":"shipping-taxable","19":"purchasable","20":"product-type-simple"},"yoast_head":"<!-- This site is optimized with the Yoast SEO plugin v27.5 - https:\/\/yoast.com\/product\/yoast-seo-wordpress\/ -->\n<title>Masque de poche p\u00e9diatrique Laerdal - Formations UBF | Boutique<\/title>\n<meta name=\"description\" content=\"Masque de poche p\u00e9diatrique Laerdal\u00ae\u00a0 con\u00e7u pour fournir une \u00e9tanch\u00e9it\u00e9 plus serr\u00e9e avec les visages des nourrissons et ses enfants.\" \/>\n<meta name=\"robots\" content=\"index, follow, max-snippet:-1, max-image-preview:large, max-video-preview:-1\" \/>\n<link rel=\"canonical\" href=\"https:\/\/formationsubf.coop\/boutique\/product\/masque-de-poche-pediatrique-laerdal\/\" \/>\n<meta property=\"og:locale\" content=\"fr_FR\" \/>\n<meta property=\"og:type\" content=\"article\" \/>\n<meta property=\"og:title\" content=\"Masque de poche p\u00e9diatrique Laerdal - Formations UBF | Boutique\" \/>\n<meta property=\"og:description\" content=\"Masque de poche p\u00e9diatrique Laerdal\u00ae\u00a0 con\u00e7u pour fournir une \u00e9tanch\u00e9it\u00e9 plus serr\u00e9e avec les visages des nourrissons et ses enfants.\" \/>\n<meta property=\"og:url\" content=\"https:\/\/formationsubf.coop\/boutique\/product\/masque-de-poche-pediatrique-laerdal\/\" \/>\n<meta property=\"og:site_name\" content=\"Formations UBF | Boutique\" \/>\n<meta property=\"article:publisher\" content=\"https:\/\/www.facebook.com\/ubfmaterielmedicaletorthopedique\" \/>\n<meta property=\"article:modified_time\" content=\"2024-12-17T14:14:30+00:00\" \/>\n<meta property=\"og:image\" content=\"https:\/\/formationsubf.coop\/boutique\/wp-content\/uploads\/2020\/04\/Pediatric-pocekt-mask_Laerdal-3-e1586291310617.jpg\" \/>\n\t<meta property=\"og:image:width\" content=\"500\" \/>\n\t<meta property=\"og:image:height\" content=\"499\" \/>\n\t<meta property=\"og:image:type\" content=\"image\/jpeg\" \/>\n<meta name=\"twitter:card\" content=\"summary_large_image\" \/>\n<script type=\"application\/ld+json\" class=\"yoast-schema-graph\">{\"@context\":\"https:\\\/\\\/schema.org\",\"@graph\":[{\"@type\":\"WebPage\",\"@id\":\"https:\\\/\\\/formationsubf.coop\\\/boutique\\\/product\\\/masque-de-poche-pediatrique-laerdal\\\/\",\"url\":\"https:\\\/\\\/formationsubf.coop\\\/boutique\\\/product\\\/masque-de-poche-pediatrique-laerdal\\\/\",\"name\":\"Masque de poche p\u00e9diatrique Laerdal - Formations UBF | Boutique\",\"isPartOf\":{\"@id\":\"https:\\\/\\\/formationsubf.coop\\\/boutique\\\/#website\"},\"primaryImageOfPage\":{\"@id\":\"https:\\\/\\\/formationsubf.coop\\\/boutique\\\/product\\\/masque-de-poche-pediatrique-laerdal\\\/#primaryimage\"},\"image\":{\"@id\":\"https:\\\/\\\/formationsubf.coop\\\/boutique\\\/product\\\/masque-de-poche-pediatrique-laerdal\\\/#primaryimage\"},\"thumbnailUrl\":\"https:\\\/\\\/formationsubf.coop\\\/boutique\\\/wp-content\\\/uploads\\\/2020\\\/04\\\/Pediatric-pocekt-mask_Laerdal-3-e1586291310617.jpg\",\"datePublished\":\"2020-04-07T20:29:04+00:00\",\"dateModified\":\"2024-12-17T14:14:30+00:00\",\"description\":\"Masque de poche p\u00e9diatrique Laerdal\u00ae\u00a0 con\u00e7u pour fournir une \u00e9tanch\u00e9it\u00e9 plus serr\u00e9e avec les visages des nourrissons et ses enfants.\",\"breadcrumb\":{\"@id\":\"https:\\\/\\\/formationsubf.coop\\\/boutique\\\/product\\\/masque-de-poche-pediatrique-laerdal\\\/#breadcrumb\"},\"inLanguage\":\"fr-FR\",\"potentialAction\":[{\"@type\":\"ReadAction\",\"target\":[\"https:\\\/\\\/formationsubf.coop\\\/boutique\\\/product\\\/masque-de-poche-pediatrique-laerdal\\\/\"]}]},{\"@type\":\"ImageObject\",\"inLanguage\":\"fr-FR\",\"@id\":\"https:\\\/\\\/formationsubf.coop\\\/boutique\\\/product\\\/masque-de-poche-pediatrique-laerdal\\\/#primaryimage\",\"url\":\"https:\\\/\\\/formationsubf.coop\\\/boutique\\\/wp-content\\\/uploads\\\/2020\\\/04\\\/Pediatric-pocekt-mask_Laerdal-3-e1586291310617.jpg\",\"contentUrl\":\"https:\\\/\\\/formationsubf.coop\\\/boutique\\\/wp-content\\\/uploads\\\/2020\\\/04\\\/Pediatric-pocekt-mask_Laerdal-3-e1586291310617.jpg\",\"width\":500,\"height\":499,\"caption\":\"Masque de poche p\u00e9diatrique | Laerdal\"},{\"@type\":\"BreadcrumbList\",\"@id\":\"https:\\\/\\\/formationsubf.coop\\\/boutique\\\/product\\\/masque-de-poche-pediatrique-laerdal\\\/#breadcrumb\",\"itemListElement\":[{\"@type\":\"ListItem\",\"position\":1,\"name\":\"Accueil\",\"item\":\"https:\\\/\\\/formationsubf.coop\\\/boutique\\\/\"},{\"@type\":\"ListItem\",\"position\":2,\"name\":\"Boutique\",\"item\":\"https:\\\/\\\/formationsubf.coop\\\/boutique\\\/produits\\\/\"},{\"@type\":\"ListItem\",\"position\":3,\"name\":\"Premiers Soins\",\"item\":\"https:\\\/\\\/formationsubf.coop\\\/boutique\\\/product-category\\\/premiers-soins\\\/\"},{\"@type\":\"ListItem\",\"position\":4,\"name\":\"Gants, masques et accessoires\",\"item\":\"https:\\\/\\\/formationsubf.coop\\\/boutique\\\/product-category\\\/premiers-soins\\\/gants-masques-etaccessoires\\\/\"},{\"@type\":\"ListItem\",\"position\":5,\"name\":\"Masque de poche p\u00e9diatrique Laerdal\"}]},{\"@type\":\"WebSite\",\"@id\":\"https:\\\/\\\/formationsubf.coop\\\/boutique\\\/#website\",\"url\":\"https:\\\/\\\/formationsubf.coop\\\/boutique\\\/\",\"name\":\"Formations UBF | Boutique\",\"description\":\"\",\"potentialAction\":[{\"@type\":\"SearchAction\",\"target\":{\"@type\":\"EntryPoint\",\"urlTemplate\":\"https:\\\/\\\/formationsubf.coop\\\/boutique\\\/?s={search_term_string}\"},\"query-input\":{\"@type\":\"PropertyValueSpecification\",\"valueRequired\":true,\"valueName\":\"search_term_string\"}}],\"inLanguage\":\"fr-FR\"}]}<\/script>\n<!-- \/ Yoast SEO plugin. -->","yoast_head_json":{"title":"Masque de poche p\u00e9diatrique Laerdal - Formations UBF | Boutique","description":"Masque de poche p\u00e9diatrique Laerdal\u00ae\u00a0 con\u00e7u pour fournir une \u00e9tanch\u00e9it\u00e9 plus serr\u00e9e avec les visages des nourrissons et ses enfants.","robots":{"index":"index","follow":"follow","max-snippet":"max-snippet:-1","max-image-preview":"max-image-preview:large","max-video-preview":"max-video-preview:-1"},"canonical":"https:\/\/formationsubf.coop\/boutique\/product\/masque-de-poche-pediatrique-laerdal\/","og_locale":"fr_FR","og_type":"article","og_title":"Masque de poche p\u00e9diatrique Laerdal - Formations UBF | Boutique","og_description":"Masque de poche p\u00e9diatrique Laerdal\u00ae\u00a0 con\u00e7u pour fournir une \u00e9tanch\u00e9it\u00e9 plus serr\u00e9e avec les visages des nourrissons et ses enfants.","og_url":"https:\/\/formationsubf.coop\/boutique\/product\/masque-de-poche-pediatrique-laerdal\/","og_site_name":"Formations UBF | Boutique","article_publisher":"https:\/\/www.facebook.com\/ubfmaterielmedicaletorthopedique","article_modified_time":"2024-12-17T14:14:30+00:00","og_image":[{"width":500,"height":499,"url":"https:\/\/formationsubf.coop\/boutique\/wp-content\/uploads\/2020\/04\/Pediatric-pocekt-mask_Laerdal-3-e1586291310617.jpg","type":"image\/jpeg"}],"twitter_card":"summary_large_image","schema":{"@context":"https:\/\/schema.org","@graph":[{"@type":"WebPage","@id":"https:\/\/formationsubf.coop\/boutique\/product\/masque-de-poche-pediatrique-laerdal\/","url":"https:\/\/formationsubf.coop\/boutique\/product\/masque-de-poche-pediatrique-laerdal\/","name":"Masque de poche p\u00e9diatrique Laerdal - Formations UBF | Boutique","isPartOf":{"@id":"https:\/\/formationsubf.coop\/boutique\/#website"},"primaryImageOfPage":{"@id":"https:\/\/formationsubf.coop\/boutique\/product\/masque-de-poche-pediatrique-laerdal\/#primaryimage"},"image":{"@id":"https:\/\/formationsubf.coop\/boutique\/product\/masque-de-poche-pediatrique-laerdal\/#primaryimage"},"thumbnailUrl":"https:\/\/formationsubf.coop\/boutique\/wp-content\/uploads\/2020\/04\/Pediatric-pocekt-mask_Laerdal-3-e1586291310617.jpg","datePublished":"2020-04-07T20:29:04+00:00","dateModified":"2024-12-17T14:14:30+00:00","description":"Masque de poche p\u00e9diatrique Laerdal\u00ae\u00a0 con\u00e7u pour fournir une \u00e9tanch\u00e9it\u00e9 plus serr\u00e9e avec les visages des nourrissons et ses enfants.","breadcrumb":{"@id":"https:\/\/formationsubf.coop\/boutique\/product\/masque-de-poche-pediatrique-laerdal\/#breadcrumb"},"inLanguage":"fr-FR","potentialAction":[{"@type":"ReadAction","target":["https:\/\/formationsubf.coop\/boutique\/product\/masque-de-poche-pediatrique-laerdal\/"]}]},{"@type":"ImageObject","inLanguage":"fr-FR","@id":"https:\/\/formationsubf.coop\/boutique\/product\/masque-de-poche-pediatrique-laerdal\/#primaryimage","url":"https:\/\/formationsubf.coop\/boutique\/wp-content\/uploads\/2020\/04\/Pediatric-pocekt-mask_Laerdal-3-e1586291310617.jpg","contentUrl":"https:\/\/formationsubf.coop\/boutique\/wp-content\/uploads\/2020\/04\/Pediatric-pocekt-mask_Laerdal-3-e1586291310617.jpg","width":500,"height":499,"caption":"Masque de poche p\u00e9diatrique | Laerdal"},{"@type":"BreadcrumbList","@id":"https:\/\/formationsubf.coop\/boutique\/product\/masque-de-poche-pediatrique-laerdal\/#breadcrumb","itemListElement":[{"@type":"ListItem","position":1,"name":"Accueil","item":"https:\/\/formationsubf.coop\/boutique\/"},{"@type":"ListItem","position":2,"name":"Boutique","item":"https:\/\/formationsubf.coop\/boutique\/produits\/"},{"@type":"ListItem","position":3,"name":"Premiers Soins","item":"https:\/\/formationsubf.coop\/boutique\/product-category\/premiers-soins\/"},{"@type":"ListItem","position":4,"name":"Gants, masques et accessoires","item":"https:\/\/formationsubf.coop\/boutique\/product-category\/premiers-soins\/gants-masques-etaccessoires\/"},{"@type":"ListItem","position":5,"name":"Masque de poche p\u00e9diatrique Laerdal"}]},{"@type":"WebSite","@id":"https:\/\/formationsubf.coop\/boutique\/#website","url":"https:\/\/formationsubf.coop\/boutique\/","name":"Formations UBF | Boutique","description":"","potentialAction":[{"@type":"SearchAction","target":{"@type":"EntryPoint","urlTemplate":"https:\/\/formationsubf.coop\/boutique\/?s={search_term_string}"},"query-input":{"@type":"PropertyValueSpecification","valueRequired":true,"valueName":"search_term_string"}}],"inLanguage":"fr-FR"}]}},"_links":{"self":[{"href":"https:\/\/formationsubf.coop\/boutique\/wp-json\/wp\/v2\/product\/1032","targetHints":{"allow":["GET"]}}],"collection":[{"href":"https:\/\/formationsubf.coop\/boutique\/wp-json\/wp\/v2\/product"}],"about":[{"href":"https:\/\/formationsubf.coop\/boutique\/wp-json\/wp\/v2\/types\/product"}],"replies":[{"embeddable":true,"href":"https:\/\/formationsubf.coop\/boutique\/wp-json\/wp\/v2\/comments?post=1032"}],"wp:featuredmedia":[{"embeddable":true,"href":"https:\/\/formationsubf.coop\/boutique\/wp-json\/wp\/v2\/media\/1035"}],"wp:attachment":[{"href":"https:\/\/formationsubf.coop\/boutique\/wp-json\/wp\/v2\/media?parent=1032"}],"wp:term":[{"taxonomy":"product_brand","embeddable":true,"href":"https:\/\/formationsubf.coop\/boutique\/wp-json\/wp\/v2\/product_brand?post=1032"},{"taxonomy":"product_cat","embeddable":true,"href":"https:\/\/formationsubf.coop\/boutique\/wp-json\/wp\/v2\/product_cat?post=1032"},{"taxonomy":"product_tag","embeddable":true,"href":"https:\/\/formationsubf.coop\/boutique\/wp-json\/wp\/v2\/product_tag?post=1032"}],"curies":[{"name":"wp","href":"https:\/\/api.w.org\/{rel}","templated":true}]}}