{"id":1025,"date":"2020-04-07T16:09:06","date_gmt":"2020-04-07T20:09:06","guid":{"rendered":"http:\/\/orthoubf.coop\/?post_type=product&#038;p=1025"},"modified":"2023-07-25T09:42:00","modified_gmt":"2023-07-25T13:42:00","slug":"affiche-murale-3d-pour-defibrillateur","status":"publish","type":"product","link":"https:\/\/formationsubf.coop\/boutique\/product\/affiche-murale-3d-pour-defibrillateur\/","title":{"rendered":"Affiche murale 3D DEA"},"content":{"rendered":"<p><span style=\"color: #333333;\">Installer l&rsquo;affiche murale 3D au dessus du boitier ou support pour votre d\u00e9fibrillateur externe automatis\u00e9 pour le rep\u00e9rer facilement.<\/span><\/p>\n","protected":false},"excerpt":{"rendered":"<ul>\n<li>Affiche murale 3D en aluminium pour DEA (D\u00e9fibrillateur externe automatique)<\/li>\n<\/ul>\n","protected":false},"featured_media":1026,"comment_status":"closed","ping_status":"closed","template":"","meta":[],"product_brand":[],"product_cat":[883,880],"product_tag":[425,419],"class_list":{"0":"post-1025","1":"product","2":"type-product","3":"status-publish","4":"has-post-thumbnail","6":"product_cat-accessoires","7":"product_cat-dea-defibrillateur-externe-automatise","8":"product_tag-affiche-murale-3d","9":"product_tag-defibrillateur-externe-automatique","11":"first","12":"instock","13":"taxable","14":"shipping-taxable","15":"purchasable","16":"product-type-simple"},"yoast_head":"<!-- This site is optimized with the Yoast SEO plugin v27.3 - https:\/\/yoast.com\/product\/yoast-seo-wordpress\/ -->\n<title>Affiche murale 3D DEA - Formations UBF | Boutique<\/title>\n<meta name=\"description\" content=\"Affiche murale 3D en aluminium pour DEA (D\u00e9fibrillateur externe automatique)\" \/>\n<meta name=\"robots\" content=\"index, follow, max-snippet:-1, max-image-preview:large, max-video-preview:-1\" \/>\n<link rel=\"canonical\" href=\"https:\/\/formationsubf.coop\/boutique\/product\/affiche-murale-3d-pour-defibrillateur\/\" \/>\n<meta property=\"og:locale\" content=\"fr_FR\" \/>\n<meta property=\"og:type\" content=\"article\" \/>\n<meta property=\"og:title\" content=\"Affiche murale 3D DEA - Formations UBF | Boutique\" \/>\n<meta property=\"og:description\" content=\"Affiche murale 3D en aluminium pour DEA (D\u00e9fibrillateur externe automatique)\" \/>\n<meta property=\"og:url\" content=\"https:\/\/formationsubf.coop\/boutique\/product\/affiche-murale-3d-pour-defibrillateur\/\" \/>\n<meta property=\"og:site_name\" content=\"Formations UBF | Boutique\" \/>\n<meta property=\"article:publisher\" content=\"https:\/\/www.facebook.com\/ubfmaterielmedicaletorthopedique\" \/>\n<meta property=\"article:modified_time\" content=\"2023-07-25T13:42:00+00:00\" \/>\n<meta property=\"og:image\" content=\"https:\/\/formationsubf.coop\/boutique\/wp-content\/uploads\/2020\/04\/Sign3D-Affiche-murale-pour-d\u00e9fibrillateur-3D-e1586289974973.jpg\" \/>\n\t<meta property=\"og:image:width\" content=\"500\" \/>\n\t<meta property=\"og:image:height\" content=\"499\" \/>\n\t<meta property=\"og:image:type\" content=\"image\/jpeg\" \/>\n<meta name=\"twitter:card\" content=\"summary_large_image\" \/>\n<script type=\"application\/ld+json\" class=\"yoast-schema-graph\">{\"@context\":\"https:\\\/\\\/schema.org\",\"@graph\":[{\"@type\":\"WebPage\",\"@id\":\"https:\\\/\\\/formationsubf.coop\\\/boutique\\\/product\\\/affiche-murale-3d-pour-defibrillateur\\\/\",\"url\":\"https:\\\/\\\/formationsubf.coop\\\/boutique\\\/product\\\/affiche-murale-3d-pour-defibrillateur\\\/\",\"name\":\"Affiche murale 3D DEA - Formations UBF | Boutique\",\"isPartOf\":{\"@id\":\"https:\\\/\\\/formationsubf.coop\\\/boutique\\\/#website\"},\"primaryImageOfPage\":{\"@id\":\"https:\\\/\\\/formationsubf.coop\\\/boutique\\\/product\\\/affiche-murale-3d-pour-defibrillateur\\\/#primaryimage\"},\"image\":{\"@id\":\"https:\\\/\\\/formationsubf.coop\\\/boutique\\\/product\\\/affiche-murale-3d-pour-defibrillateur\\\/#primaryimage\"},\"thumbnailUrl\":\"https:\\\/\\\/formationsubf.coop\\\/boutique\\\/wp-content\\\/uploads\\\/2020\\\/04\\\/Sign3D-Affiche-murale-pour-d\u00e9fibrillateur-3D-e1586289974973.jpg\",\"datePublished\":\"2020-04-07T20:09:06+00:00\",\"dateModified\":\"2023-07-25T13:42:00+00:00\",\"description\":\"Affiche murale 3D en aluminium pour DEA (D\u00e9fibrillateur externe automatique)\",\"breadcrumb\":{\"@id\":\"https:\\\/\\\/formationsubf.coop\\\/boutique\\\/product\\\/affiche-murale-3d-pour-defibrillateur\\\/#breadcrumb\"},\"inLanguage\":\"fr-FR\",\"potentialAction\":[{\"@type\":\"ReadAction\",\"target\":[\"https:\\\/\\\/formationsubf.coop\\\/boutique\\\/product\\\/affiche-murale-3d-pour-defibrillateur\\\/\"]}]},{\"@type\":\"ImageObject\",\"inLanguage\":\"fr-FR\",\"@id\":\"https:\\\/\\\/formationsubf.coop\\\/boutique\\\/product\\\/affiche-murale-3d-pour-defibrillateur\\\/#primaryimage\",\"url\":\"https:\\\/\\\/formationsubf.coop\\\/boutique\\\/wp-content\\\/uploads\\\/2020\\\/04\\\/Sign3D-Affiche-murale-pour-d\u00e9fibrillateur-3D-e1586289974973.jpg\",\"contentUrl\":\"https:\\\/\\\/formationsubf.coop\\\/boutique\\\/wp-content\\\/uploads\\\/2020\\\/04\\\/Sign3D-Affiche-murale-pour-d\u00e9fibrillateur-3D-e1586289974973.jpg\",\"width\":500,\"height\":499,\"caption\":\"Affiche murale 3D pour d\u00e9fibrillateur\"},{\"@type\":\"BreadcrumbList\",\"@id\":\"https:\\\/\\\/formationsubf.coop\\\/boutique\\\/product\\\/affiche-murale-3d-pour-defibrillateur\\\/#breadcrumb\",\"itemListElement\":[{\"@type\":\"ListItem\",\"position\":1,\"name\":\"Accueil\",\"item\":\"https:\\\/\\\/formationsubf.coop\\\/boutique\\\/\"},{\"@type\":\"ListItem\",\"position\":2,\"name\":\"Boutique\",\"item\":\"https:\\\/\\\/formationsubf.coop\\\/boutique\\\/produits\\\/\"},{\"@type\":\"ListItem\",\"position\":3,\"name\":\"DEA - D\u00e9fibrillateur externe automatis\u00e9\",\"item\":\"https:\\\/\\\/formationsubf.coop\\\/boutique\\\/product-category\\\/dea-defibrillateur-externe-automatise\\\/\"},{\"@type\":\"ListItem\",\"position\":4,\"name\":\"Accessoires\",\"item\":\"https:\\\/\\\/formationsubf.coop\\\/boutique\\\/product-category\\\/dea-defibrillateur-externe-automatise\\\/accessoires\\\/\"},{\"@type\":\"ListItem\",\"position\":5,\"name\":\"Affiche murale 3D DEA\"}]},{\"@type\":\"WebSite\",\"@id\":\"https:\\\/\\\/formationsubf.coop\\\/boutique\\\/#website\",\"url\":\"https:\\\/\\\/formationsubf.coop\\\/boutique\\\/\",\"name\":\"Formations UBF | Boutique\",\"description\":\"\",\"potentialAction\":[{\"@type\":\"SearchAction\",\"target\":{\"@type\":\"EntryPoint\",\"urlTemplate\":\"https:\\\/\\\/formationsubf.coop\\\/boutique\\\/?s={search_term_string}\"},\"query-input\":{\"@type\":\"PropertyValueSpecification\",\"valueRequired\":true,\"valueName\":\"search_term_string\"}}],\"inLanguage\":\"fr-FR\"}]}<\/script>\n<!-- \/ Yoast SEO plugin. -->","yoast_head_json":{"title":"Affiche murale 3D DEA - Formations UBF | Boutique","description":"Affiche murale 3D en aluminium pour DEA (D\u00e9fibrillateur externe automatique)","robots":{"index":"index","follow":"follow","max-snippet":"max-snippet:-1","max-image-preview":"max-image-preview:large","max-video-preview":"max-video-preview:-1"},"canonical":"https:\/\/formationsubf.coop\/boutique\/product\/affiche-murale-3d-pour-defibrillateur\/","og_locale":"fr_FR","og_type":"article","og_title":"Affiche murale 3D DEA - Formations UBF | Boutique","og_description":"Affiche murale 3D en aluminium pour DEA (D\u00e9fibrillateur externe automatique)","og_url":"https:\/\/formationsubf.coop\/boutique\/product\/affiche-murale-3d-pour-defibrillateur\/","og_site_name":"Formations UBF | Boutique","article_publisher":"https:\/\/www.facebook.com\/ubfmaterielmedicaletorthopedique","article_modified_time":"2023-07-25T13:42:00+00:00","og_image":[{"width":500,"height":499,"url":"https:\/\/formationsubf.coop\/boutique\/wp-content\/uploads\/2020\/04\/Sign3D-Affiche-murale-pour-d\u00e9fibrillateur-3D-e1586289974973.jpg","type":"image\/jpeg"}],"twitter_card":"summary_large_image","schema":{"@context":"https:\/\/schema.org","@graph":[{"@type":"WebPage","@id":"https:\/\/formationsubf.coop\/boutique\/product\/affiche-murale-3d-pour-defibrillateur\/","url":"https:\/\/formationsubf.coop\/boutique\/product\/affiche-murale-3d-pour-defibrillateur\/","name":"Affiche murale 3D DEA - Formations UBF | Boutique","isPartOf":{"@id":"https:\/\/formationsubf.coop\/boutique\/#website"},"primaryImageOfPage":{"@id":"https:\/\/formationsubf.coop\/boutique\/product\/affiche-murale-3d-pour-defibrillateur\/#primaryimage"},"image":{"@id":"https:\/\/formationsubf.coop\/boutique\/product\/affiche-murale-3d-pour-defibrillateur\/#primaryimage"},"thumbnailUrl":"https:\/\/formationsubf.coop\/boutique\/wp-content\/uploads\/2020\/04\/Sign3D-Affiche-murale-pour-d\u00e9fibrillateur-3D-e1586289974973.jpg","datePublished":"2020-04-07T20:09:06+00:00","dateModified":"2023-07-25T13:42:00+00:00","description":"Affiche murale 3D en aluminium pour DEA (D\u00e9fibrillateur externe automatique)","breadcrumb":{"@id":"https:\/\/formationsubf.coop\/boutique\/product\/affiche-murale-3d-pour-defibrillateur\/#breadcrumb"},"inLanguage":"fr-FR","potentialAction":[{"@type":"ReadAction","target":["https:\/\/formationsubf.coop\/boutique\/product\/affiche-murale-3d-pour-defibrillateur\/"]}]},{"@type":"ImageObject","inLanguage":"fr-FR","@id":"https:\/\/formationsubf.coop\/boutique\/product\/affiche-murale-3d-pour-defibrillateur\/#primaryimage","url":"https:\/\/formationsubf.coop\/boutique\/wp-content\/uploads\/2020\/04\/Sign3D-Affiche-murale-pour-d\u00e9fibrillateur-3D-e1586289974973.jpg","contentUrl":"https:\/\/formationsubf.coop\/boutique\/wp-content\/uploads\/2020\/04\/Sign3D-Affiche-murale-pour-d\u00e9fibrillateur-3D-e1586289974973.jpg","width":500,"height":499,"caption":"Affiche murale 3D pour d\u00e9fibrillateur"},{"@type":"BreadcrumbList","@id":"https:\/\/formationsubf.coop\/boutique\/product\/affiche-murale-3d-pour-defibrillateur\/#breadcrumb","itemListElement":[{"@type":"ListItem","position":1,"name":"Accueil","item":"https:\/\/formationsubf.coop\/boutique\/"},{"@type":"ListItem","position":2,"name":"Boutique","item":"https:\/\/formationsubf.coop\/boutique\/produits\/"},{"@type":"ListItem","position":3,"name":"DEA - D\u00e9fibrillateur externe automatis\u00e9","item":"https:\/\/formationsubf.coop\/boutique\/product-category\/dea-defibrillateur-externe-automatise\/"},{"@type":"ListItem","position":4,"name":"Accessoires","item":"https:\/\/formationsubf.coop\/boutique\/product-category\/dea-defibrillateur-externe-automatise\/accessoires\/"},{"@type":"ListItem","position":5,"name":"Affiche murale 3D DEA"}]},{"@type":"WebSite","@id":"https:\/\/formationsubf.coop\/boutique\/#website","url":"https:\/\/formationsubf.coop\/boutique\/","name":"Formations UBF | Boutique","description":"","potentialAction":[{"@type":"SearchAction","target":{"@type":"EntryPoint","urlTemplate":"https:\/\/formationsubf.coop\/boutique\/?s={search_term_string}"},"query-input":{"@type":"PropertyValueSpecification","valueRequired":true,"valueName":"search_term_string"}}],"inLanguage":"fr-FR"}]}},"_links":{"self":[{"href":"https:\/\/formationsubf.coop\/boutique\/wp-json\/wp\/v2\/product\/1025","targetHints":{"allow":["GET"]}}],"collection":[{"href":"https:\/\/formationsubf.coop\/boutique\/wp-json\/wp\/v2\/product"}],"about":[{"href":"https:\/\/formationsubf.coop\/boutique\/wp-json\/wp\/v2\/types\/product"}],"replies":[{"embeddable":true,"href":"https:\/\/formationsubf.coop\/boutique\/wp-json\/wp\/v2\/comments?post=1025"}],"wp:featuredmedia":[{"embeddable":true,"href":"https:\/\/formationsubf.coop\/boutique\/wp-json\/wp\/v2\/media\/1026"}],"wp:attachment":[{"href":"https:\/\/formationsubf.coop\/boutique\/wp-json\/wp\/v2\/media?parent=1025"}],"wp:term":[{"taxonomy":"product_brand","embeddable":true,"href":"https:\/\/formationsubf.coop\/boutique\/wp-json\/wp\/v2\/product_brand?post=1025"},{"taxonomy":"product_cat","embeddable":true,"href":"https:\/\/formationsubf.coop\/boutique\/wp-json\/wp\/v2\/product_cat?post=1025"},{"taxonomy":"product_tag","embeddable":true,"href":"https:\/\/formationsubf.coop\/boutique\/wp-json\/wp\/v2\/product_tag?post=1025"}],"curies":[{"name":"wp","href":"https:\/\/api.w.org\/{rel}","templated":true}]}}