{"id":1021,"date":"2020-04-07T15:45:18","date_gmt":"2020-04-07T19:45:18","guid":{"rendered":"http:\/\/orthoubf.coop\/?post_type=product&#038;p=1021"},"modified":"2025-07-08T09:56:46","modified_gmt":"2025-07-08T13:56:46","slug":"boitier-mural-avec-alarme-pour-dea","status":"publish","type":"product","link":"https:\/\/formationsubf.coop\/boutique\/product\/boitier-mural-avec-alarme-pour-dea\/","title":{"rendered":"Boitier mural d\u00e9fibrilateur blanc alarme (Use CAB-DEA)"},"content":{"rendered":"<p>Il s\u2019agit d\u2019un bo\u00eetier de m\u00e9tal muni d\u2019une alarme sonore, le plus populaire en mati\u00e8re d\u2019entreposage de d\u00e9fibrillateur. L\u2019alarme sonore, qui produit un son tr\u00e8s strident, avise les gens \u00e0 proximit\u00e9 que quelque chose se passe.<\/p>\n","protected":false},"excerpt":{"rendered":"<ul>\n<li>Convient pour tous les mod\u00e8les de DEA Zoll.<\/li>\n<li>Ce bo\u00eetier r\u00e9pond aux normes de la Fondation des maladies du coeur et de l\u2019AVC.<\/li>\n<li>On peut y ajouter une trousse de premiers soins et un masque de poche pour administrer la RCR en toute s\u00e9curit\u00e9.<\/li>\n<li>Vous le prot\u00e9gez \u00e9galement du vol.<\/li>\n<\/ul>\n","protected":false},"featured_media":1023,"comment_status":"closed","ping_status":"closed","template":"","meta":[],"product_brand":[],"product_cat":[882,880],"product_tag":[423,422,424],"class_list":{"0":"post-1021","1":"product","2":"type-product","3":"status-publish","4":"has-post-thumbnail","6":"product_cat-boitiers-et-supports","7":"product_cat-dea-defibrillateur-externe-automatise","8":"product_tag-avec-alarme","9":"product_tag-boitier-mural","10":"product_tag-dea","11":"sync-code-w","13":"first","14":"outofstock","15":"taxable","16":"shipping-taxable","17":"purchasable","18":"product-type-simple"},"yoast_head":"<!-- This site is optimized with the Yoast SEO plugin v27.5 - https:\/\/yoast.com\/product\/yoast-seo-wordpress\/ -->\n<title>Boitier mural d\u00e9fibrilateur blanc alarme (Use CAB-DEA) - Formations UBF | Boutique<\/title>\n<meta name=\"description\" content=\"Boitier mural en m\u00e9tal blanc avec alarme, il s&#039;agit du\u00a0produit le plus populaire en mati\u00e8re d\u2019entreposage de d\u00e9fibrillateur.\" \/>\n<meta name=\"robots\" content=\"index, follow, max-snippet:-1, max-image-preview:large, max-video-preview:-1\" \/>\n<link rel=\"canonical\" href=\"https:\/\/formationsubf.coop\/boutique\/product\/boitier-mural-avec-alarme-pour-dea\/\" \/>\n<meta property=\"og:locale\" content=\"fr_FR\" \/>\n<meta property=\"og:type\" content=\"article\" \/>\n<meta property=\"og:title\" content=\"Boitier mural d\u00e9fibrilateur blanc alarme (Use CAB-DEA) - Formations UBF | Boutique\" \/>\n<meta property=\"og:description\" content=\"Boitier mural en m\u00e9tal blanc avec alarme, il s&#039;agit du\u00a0produit le plus populaire en mati\u00e8re d\u2019entreposage de d\u00e9fibrillateur.\" \/>\n<meta property=\"og:url\" content=\"https:\/\/formationsubf.coop\/boutique\/product\/boitier-mural-avec-alarme-pour-dea\/\" \/>\n<meta property=\"og:site_name\" content=\"Formations UBF | Boutique\" \/>\n<meta property=\"article:publisher\" content=\"https:\/\/www.facebook.com\/ubfmaterielmedicaletorthopedique\" \/>\n<meta property=\"article:modified_time\" content=\"2025-07-08T13:56:46+00:00\" \/>\n<meta property=\"og:image\" content=\"https:\/\/formationsubf.coop\/boutique\/wp-content\/uploads\/2020\/04\/8000-0855-Boitier-mural-avec-alarme-1-e1586288687942.jpg\" \/>\n\t<meta property=\"og:image:width\" content=\"500\" \/>\n\t<meta property=\"og:image:height\" content=\"499\" \/>\n\t<meta property=\"og:image:type\" content=\"image\/jpeg\" \/>\n<meta name=\"twitter:card\" content=\"summary_large_image\" \/>\n<script type=\"application\/ld+json\" class=\"yoast-schema-graph\">{\"@context\":\"https:\\\/\\\/schema.org\",\"@graph\":[{\"@type\":\"WebPage\",\"@id\":\"https:\\\/\\\/formationsubf.coop\\\/boutique\\\/product\\\/boitier-mural-avec-alarme-pour-dea\\\/\",\"url\":\"https:\\\/\\\/formationsubf.coop\\\/boutique\\\/product\\\/boitier-mural-avec-alarme-pour-dea\\\/\",\"name\":\"Boitier mural d\u00e9fibrilateur blanc alarme (Use CAB-DEA) - Formations UBF | Boutique\",\"isPartOf\":{\"@id\":\"https:\\\/\\\/formationsubf.coop\\\/boutique\\\/#website\"},\"primaryImageOfPage\":{\"@id\":\"https:\\\/\\\/formationsubf.coop\\\/boutique\\\/product\\\/boitier-mural-avec-alarme-pour-dea\\\/#primaryimage\"},\"image\":{\"@id\":\"https:\\\/\\\/formationsubf.coop\\\/boutique\\\/product\\\/boitier-mural-avec-alarme-pour-dea\\\/#primaryimage\"},\"thumbnailUrl\":\"https:\\\/\\\/formationsubf.coop\\\/boutique\\\/wp-content\\\/uploads\\\/2020\\\/04\\\/8000-0855-Boitier-mural-avec-alarme-1-e1586288687942.jpg\",\"datePublished\":\"2020-04-07T19:45:18+00:00\",\"dateModified\":\"2025-07-08T13:56:46+00:00\",\"description\":\"Boitier mural en m\u00e9tal blanc avec alarme, il s'agit du\u00a0produit le plus populaire en mati\u00e8re d\u2019entreposage de d\u00e9fibrillateur.\",\"breadcrumb\":{\"@id\":\"https:\\\/\\\/formationsubf.coop\\\/boutique\\\/product\\\/boitier-mural-avec-alarme-pour-dea\\\/#breadcrumb\"},\"inLanguage\":\"fr-FR\",\"potentialAction\":[{\"@type\":\"ReadAction\",\"target\":[\"https:\\\/\\\/formationsubf.coop\\\/boutique\\\/product\\\/boitier-mural-avec-alarme-pour-dea\\\/\"]}]},{\"@type\":\"ImageObject\",\"inLanguage\":\"fr-FR\",\"@id\":\"https:\\\/\\\/formationsubf.coop\\\/boutique\\\/product\\\/boitier-mural-avec-alarme-pour-dea\\\/#primaryimage\",\"url\":\"https:\\\/\\\/formationsubf.coop\\\/boutique\\\/wp-content\\\/uploads\\\/2020\\\/04\\\/8000-0855-Boitier-mural-avec-alarme-1-e1586288687942.jpg\",\"contentUrl\":\"https:\\\/\\\/formationsubf.coop\\\/boutique\\\/wp-content\\\/uploads\\\/2020\\\/04\\\/8000-0855-Boitier-mural-avec-alarme-1-e1586288687942.jpg\",\"width\":500,\"height\":499,\"caption\":\"Boitier mural avec alarme pour DEA\"},{\"@type\":\"BreadcrumbList\",\"@id\":\"https:\\\/\\\/formationsubf.coop\\\/boutique\\\/product\\\/boitier-mural-avec-alarme-pour-dea\\\/#breadcrumb\",\"itemListElement\":[{\"@type\":\"ListItem\",\"position\":1,\"name\":\"Accueil\",\"item\":\"https:\\\/\\\/formationsubf.coop\\\/boutique\\\/\"},{\"@type\":\"ListItem\",\"position\":2,\"name\":\"Boutique\",\"item\":\"https:\\\/\\\/formationsubf.coop\\\/boutique\\\/produits\\\/\"},{\"@type\":\"ListItem\",\"position\":3,\"name\":\"DEA - D\u00e9fibrillateur externe automatis\u00e9\",\"item\":\"https:\\\/\\\/formationsubf.coop\\\/boutique\\\/product-category\\\/dea-defibrillateur-externe-automatise\\\/\"},{\"@type\":\"ListItem\",\"position\":4,\"name\":\"Boitiers et supports\",\"item\":\"https:\\\/\\\/formationsubf.coop\\\/boutique\\\/product-category\\\/dea-defibrillateur-externe-automatise\\\/boitiers-et-supports\\\/\"},{\"@type\":\"ListItem\",\"position\":5,\"name\":\"Boitier mural d\u00e9fibrilateur blanc alarme (Use CAB-DEA)\"}]},{\"@type\":\"WebSite\",\"@id\":\"https:\\\/\\\/formationsubf.coop\\\/boutique\\\/#website\",\"url\":\"https:\\\/\\\/formationsubf.coop\\\/boutique\\\/\",\"name\":\"Formations UBF | Boutique\",\"description\":\"\",\"potentialAction\":[{\"@type\":\"SearchAction\",\"target\":{\"@type\":\"EntryPoint\",\"urlTemplate\":\"https:\\\/\\\/formationsubf.coop\\\/boutique\\\/?s={search_term_string}\"},\"query-input\":{\"@type\":\"PropertyValueSpecification\",\"valueRequired\":true,\"valueName\":\"search_term_string\"}}],\"inLanguage\":\"fr-FR\"}]}<\/script>\n<!-- \/ Yoast SEO plugin. -->","yoast_head_json":{"title":"Boitier mural d\u00e9fibrilateur blanc alarme (Use CAB-DEA) - Formations UBF | Boutique","description":"Boitier mural en m\u00e9tal blanc avec alarme, il s'agit du\u00a0produit le plus populaire en mati\u00e8re d\u2019entreposage de d\u00e9fibrillateur.","robots":{"index":"index","follow":"follow","max-snippet":"max-snippet:-1","max-image-preview":"max-image-preview:large","max-video-preview":"max-video-preview:-1"},"canonical":"https:\/\/formationsubf.coop\/boutique\/product\/boitier-mural-avec-alarme-pour-dea\/","og_locale":"fr_FR","og_type":"article","og_title":"Boitier mural d\u00e9fibrilateur blanc alarme (Use CAB-DEA) - Formations UBF | Boutique","og_description":"Boitier mural en m\u00e9tal blanc avec alarme, il s'agit du\u00a0produit le plus populaire en mati\u00e8re d\u2019entreposage de d\u00e9fibrillateur.","og_url":"https:\/\/formationsubf.coop\/boutique\/product\/boitier-mural-avec-alarme-pour-dea\/","og_site_name":"Formations UBF | Boutique","article_publisher":"https:\/\/www.facebook.com\/ubfmaterielmedicaletorthopedique","article_modified_time":"2025-07-08T13:56:46+00:00","og_image":[{"width":500,"height":499,"url":"https:\/\/formationsubf.coop\/boutique\/wp-content\/uploads\/2020\/04\/8000-0855-Boitier-mural-avec-alarme-1-e1586288687942.jpg","type":"image\/jpeg"}],"twitter_card":"summary_large_image","schema":{"@context":"https:\/\/schema.org","@graph":[{"@type":"WebPage","@id":"https:\/\/formationsubf.coop\/boutique\/product\/boitier-mural-avec-alarme-pour-dea\/","url":"https:\/\/formationsubf.coop\/boutique\/product\/boitier-mural-avec-alarme-pour-dea\/","name":"Boitier mural d\u00e9fibrilateur blanc alarme (Use CAB-DEA) - Formations UBF | Boutique","isPartOf":{"@id":"https:\/\/formationsubf.coop\/boutique\/#website"},"primaryImageOfPage":{"@id":"https:\/\/formationsubf.coop\/boutique\/product\/boitier-mural-avec-alarme-pour-dea\/#primaryimage"},"image":{"@id":"https:\/\/formationsubf.coop\/boutique\/product\/boitier-mural-avec-alarme-pour-dea\/#primaryimage"},"thumbnailUrl":"https:\/\/formationsubf.coop\/boutique\/wp-content\/uploads\/2020\/04\/8000-0855-Boitier-mural-avec-alarme-1-e1586288687942.jpg","datePublished":"2020-04-07T19:45:18+00:00","dateModified":"2025-07-08T13:56:46+00:00","description":"Boitier mural en m\u00e9tal blanc avec alarme, il s'agit du\u00a0produit le plus populaire en mati\u00e8re d\u2019entreposage de d\u00e9fibrillateur.","breadcrumb":{"@id":"https:\/\/formationsubf.coop\/boutique\/product\/boitier-mural-avec-alarme-pour-dea\/#breadcrumb"},"inLanguage":"fr-FR","potentialAction":[{"@type":"ReadAction","target":["https:\/\/formationsubf.coop\/boutique\/product\/boitier-mural-avec-alarme-pour-dea\/"]}]},{"@type":"ImageObject","inLanguage":"fr-FR","@id":"https:\/\/formationsubf.coop\/boutique\/product\/boitier-mural-avec-alarme-pour-dea\/#primaryimage","url":"https:\/\/formationsubf.coop\/boutique\/wp-content\/uploads\/2020\/04\/8000-0855-Boitier-mural-avec-alarme-1-e1586288687942.jpg","contentUrl":"https:\/\/formationsubf.coop\/boutique\/wp-content\/uploads\/2020\/04\/8000-0855-Boitier-mural-avec-alarme-1-e1586288687942.jpg","width":500,"height":499,"caption":"Boitier mural avec alarme pour DEA"},{"@type":"BreadcrumbList","@id":"https:\/\/formationsubf.coop\/boutique\/product\/boitier-mural-avec-alarme-pour-dea\/#breadcrumb","itemListElement":[{"@type":"ListItem","position":1,"name":"Accueil","item":"https:\/\/formationsubf.coop\/boutique\/"},{"@type":"ListItem","position":2,"name":"Boutique","item":"https:\/\/formationsubf.coop\/boutique\/produits\/"},{"@type":"ListItem","position":3,"name":"DEA - D\u00e9fibrillateur externe automatis\u00e9","item":"https:\/\/formationsubf.coop\/boutique\/product-category\/dea-defibrillateur-externe-automatise\/"},{"@type":"ListItem","position":4,"name":"Boitiers et supports","item":"https:\/\/formationsubf.coop\/boutique\/product-category\/dea-defibrillateur-externe-automatise\/boitiers-et-supports\/"},{"@type":"ListItem","position":5,"name":"Boitier mural d\u00e9fibrilateur blanc alarme (Use CAB-DEA)"}]},{"@type":"WebSite","@id":"https:\/\/formationsubf.coop\/boutique\/#website","url":"https:\/\/formationsubf.coop\/boutique\/","name":"Formations UBF | Boutique","description":"","potentialAction":[{"@type":"SearchAction","target":{"@type":"EntryPoint","urlTemplate":"https:\/\/formationsubf.coop\/boutique\/?s={search_term_string}"},"query-input":{"@type":"PropertyValueSpecification","valueRequired":true,"valueName":"search_term_string"}}],"inLanguage":"fr-FR"}]}},"_links":{"self":[{"href":"https:\/\/formationsubf.coop\/boutique\/wp-json\/wp\/v2\/product\/1021","targetHints":{"allow":["GET"]}}],"collection":[{"href":"https:\/\/formationsubf.coop\/boutique\/wp-json\/wp\/v2\/product"}],"about":[{"href":"https:\/\/formationsubf.coop\/boutique\/wp-json\/wp\/v2\/types\/product"}],"replies":[{"embeddable":true,"href":"https:\/\/formationsubf.coop\/boutique\/wp-json\/wp\/v2\/comments?post=1021"}],"wp:featuredmedia":[{"embeddable":true,"href":"https:\/\/formationsubf.coop\/boutique\/wp-json\/wp\/v2\/media\/1023"}],"wp:attachment":[{"href":"https:\/\/formationsubf.coop\/boutique\/wp-json\/wp\/v2\/media?parent=1021"}],"wp:term":[{"taxonomy":"product_brand","embeddable":true,"href":"https:\/\/formationsubf.coop\/boutique\/wp-json\/wp\/v2\/product_brand?post=1021"},{"taxonomy":"product_cat","embeddable":true,"href":"https:\/\/formationsubf.coop\/boutique\/wp-json\/wp\/v2\/product_cat?post=1021"},{"taxonomy":"product_tag","embeddable":true,"href":"https:\/\/formationsubf.coop\/boutique\/wp-json\/wp\/v2\/product_tag?post=1021"}],"curies":[{"name":"wp","href":"https:\/\/api.w.org\/{rel}","templated":true}]}}