{"id":1019,"date":"2020-04-07T15:31:26","date_gmt":"2020-04-07T19:31:26","guid":{"rendered":"http:\/\/orthoubf.coop\/?post_type=product&#038;p=1019"},"modified":"2024-10-23T15:16:55","modified_gmt":"2024-10-23T19:16:55","slug":"defibrillateur-aed-plus-zoll","status":"publish","type":"product","link":"https:\/\/formationsubf.coop\/boutique\/product\/defibrillateur-aed-plus-zoll\/","title":{"rendered":"D\u00e9fibrilateur  Zoll AED Plus semi-automatique"},"content":{"rendered":"<div>Le d\u00e9fibrillateur <strong>ZOLL AED Plus<\/strong> est le tout premier concept global de premiers secours con\u00e7u pour les sauveteurs inexp\u00e9riment\u00e9s. Pour ZOLL, un d\u00e9fibrillateur ne doit pas se contenter de d\u00e9livrer un choc \u00e9lectrique, il doit \u00e9galement aider le secouriste \u00e0 assurer une RCR de bonne qualit\u00e9.<\/div>\n<div><\/div>\n<div><span style=\"color: #555555;\">Il existe depuis longtemps des appareils de d\u00e9fibrillation pr\u00e9coce sur le march\u00e9. Le concept sophistiqu\u00e9 d\u2019AED Plus est unique en son genre : il guide les non professionnels tout au long du cycle de r\u00e9animation.<\/span><\/div>\n","protected":false},"excerpt":{"rendered":"<ul>\n<li>D\u00e9fibrillateur externe Automatique est utile dans 100% des cas.<\/li>\n<li>D\u00e9fibrillateur Externe Automatique (DEA) Plus ZOLL, est compatible avec toutes les ambulances du Qu\u00e9bec.<\/li>\n<li>La technologie Real CPR Help\u00ae \u2013 un feedback permettant d\u2019\u00e9valuer en direct la fr\u00e9quence et la profondeur du massage cardiaque externe \u2013 garantit une RCR efficace.<\/li>\n<li>Cette innovation de ZOLL a permis de franchir une nouvelle \u00e9tape prometteuse en vue du sauvetage de nombreuses vies.<\/li>\n<\/ul>\n","protected":false},"featured_media":1020,"comment_status":"closed","ping_status":"closed","template":"","meta":[],"product_brand":[],"product_cat":[880,881,69,1061],"product_tag":[420,419,421],"class_list":{"0":"post-1019","1":"product","2":"type-product","3":"status-publish","4":"has-post-thumbnail","6":"product_cat-dea-defibrillateur-externe-automatise","7":"product_cat-defibrillateur","8":"product_cat-marques","9":"product_cat-zoll","10":"product_tag-aed-plus","11":"product_tag-defibrillateur-externe-automatique","12":"product_tag-zoll","13":"sync-code-w","15":"first","16":"outofstock","17":"taxable","18":"shipping-taxable","19":"purchasable","20":"product-type-simple"},"yoast_head":"<!-- This site is optimized with the Yoast SEO plugin v27.3 - https:\/\/yoast.com\/product\/yoast-seo-wordpress\/ -->\n<title>D\u00e9fibrilateur Zoll AED Plus semi-automatique - Formations UBF | Boutique<\/title>\n<meta name=\"description\" content=\"Le d\u00e9fibrillateur ZOLL AED Plus est le tout premier concept global de premiers secours con\u00e7u pour les sauveteurs inexp\u00e9riment\u00e9s.\" \/>\n<meta name=\"robots\" content=\"index, follow, max-snippet:-1, max-image-preview:large, max-video-preview:-1\" \/>\n<link rel=\"canonical\" href=\"https:\/\/formationsubf.coop\/boutique\/product\/defibrillateur-aed-plus-zoll\/\" \/>\n<meta property=\"og:locale\" content=\"fr_FR\" \/>\n<meta property=\"og:type\" content=\"article\" \/>\n<meta property=\"og:title\" content=\"D\u00e9fibrilateur Zoll AED Plus semi-automatique - Formations UBF | Boutique\" \/>\n<meta property=\"og:description\" content=\"Le d\u00e9fibrillateur ZOLL AED Plus est le tout premier concept global de premiers secours con\u00e7u pour les sauveteurs inexp\u00e9riment\u00e9s.\" \/>\n<meta property=\"og:url\" content=\"https:\/\/formationsubf.coop\/boutique\/product\/defibrillateur-aed-plus-zoll\/\" \/>\n<meta property=\"og:site_name\" content=\"Formations UBF | Boutique\" \/>\n<meta property=\"article:publisher\" content=\"https:\/\/www.facebook.com\/ubfmaterielmedicaletorthopedique\" \/>\n<meta property=\"article:modified_time\" content=\"2024-10-23T19:16:55+00:00\" \/>\n<meta property=\"og:image\" content=\"https:\/\/formationsubf.coop\/boutique\/wp-content\/uploads\/2020\/04\/AED-Plus-ZOLL-d\u00e9fibrillateur-AED-Plus-e1586287420607.jpg\" \/>\n\t<meta property=\"og:image:width\" content=\"500\" \/>\n\t<meta property=\"og:image:height\" content=\"499\" \/>\n\t<meta property=\"og:image:type\" content=\"image\/jpeg\" \/>\n<meta name=\"twitter:card\" content=\"summary_large_image\" \/>\n<script type=\"application\/ld+json\" class=\"yoast-schema-graph\">{\"@context\":\"https:\\\/\\\/schema.org\",\"@graph\":[{\"@type\":\"WebPage\",\"@id\":\"https:\\\/\\\/formationsubf.coop\\\/boutique\\\/product\\\/defibrillateur-aed-plus-zoll\\\/\",\"url\":\"https:\\\/\\\/formationsubf.coop\\\/boutique\\\/product\\\/defibrillateur-aed-plus-zoll\\\/\",\"name\":\"D\u00e9fibrilateur Zoll AED Plus semi-automatique - Formations UBF | Boutique\",\"isPartOf\":{\"@id\":\"https:\\\/\\\/formationsubf.coop\\\/boutique\\\/#website\"},\"primaryImageOfPage\":{\"@id\":\"https:\\\/\\\/formationsubf.coop\\\/boutique\\\/product\\\/defibrillateur-aed-plus-zoll\\\/#primaryimage\"},\"image\":{\"@id\":\"https:\\\/\\\/formationsubf.coop\\\/boutique\\\/product\\\/defibrillateur-aed-plus-zoll\\\/#primaryimage\"},\"thumbnailUrl\":\"https:\\\/\\\/formationsubf.coop\\\/boutique\\\/wp-content\\\/uploads\\\/2020\\\/04\\\/AED-Plus-ZOLL-d\u00e9fibrillateur-AED-Plus-e1586287420607.jpg\",\"datePublished\":\"2020-04-07T19:31:26+00:00\",\"dateModified\":\"2024-10-23T19:16:55+00:00\",\"description\":\"Le d\u00e9fibrillateur ZOLL AED Plus est le tout premier concept global de premiers secours con\u00e7u pour les sauveteurs inexp\u00e9riment\u00e9s.\",\"breadcrumb\":{\"@id\":\"https:\\\/\\\/formationsubf.coop\\\/boutique\\\/product\\\/defibrillateur-aed-plus-zoll\\\/#breadcrumb\"},\"inLanguage\":\"fr-FR\",\"potentialAction\":[{\"@type\":\"ReadAction\",\"target\":[\"https:\\\/\\\/formationsubf.coop\\\/boutique\\\/product\\\/defibrillateur-aed-plus-zoll\\\/\"]}]},{\"@type\":\"ImageObject\",\"inLanguage\":\"fr-FR\",\"@id\":\"https:\\\/\\\/formationsubf.coop\\\/boutique\\\/product\\\/defibrillateur-aed-plus-zoll\\\/#primaryimage\",\"url\":\"https:\\\/\\\/formationsubf.coop\\\/boutique\\\/wp-content\\\/uploads\\\/2020\\\/04\\\/AED-Plus-ZOLL-d\u00e9fibrillateur-AED-Plus-e1586287420607.jpg\",\"contentUrl\":\"https:\\\/\\\/formationsubf.coop\\\/boutique\\\/wp-content\\\/uploads\\\/2020\\\/04\\\/AED-Plus-ZOLL-d\u00e9fibrillateur-AED-Plus-e1586287420607.jpg\",\"width\":500,\"height\":499,\"caption\":\"D\u00e9fibrillateur AED Plus | Zoll\"},{\"@type\":\"BreadcrumbList\",\"@id\":\"https:\\\/\\\/formationsubf.coop\\\/boutique\\\/product\\\/defibrillateur-aed-plus-zoll\\\/#breadcrumb\",\"itemListElement\":[{\"@type\":\"ListItem\",\"position\":1,\"name\":\"Accueil\",\"item\":\"https:\\\/\\\/formationsubf.coop\\\/boutique\\\/\"},{\"@type\":\"ListItem\",\"position\":2,\"name\":\"Boutique\",\"item\":\"https:\\\/\\\/formationsubf.coop\\\/boutique\\\/produits\\\/\"},{\"@type\":\"ListItem\",\"position\":3,\"name\":\"DEA - D\u00e9fibrillateur externe automatis\u00e9\",\"item\":\"https:\\\/\\\/formationsubf.coop\\\/boutique\\\/product-category\\\/dea-defibrillateur-externe-automatise\\\/\"},{\"@type\":\"ListItem\",\"position\":4,\"name\":\"D\u00e9fibrillateur\",\"item\":\"https:\\\/\\\/formationsubf.coop\\\/boutique\\\/product-category\\\/dea-defibrillateur-externe-automatise\\\/defibrillateur\\\/\"},{\"@type\":\"ListItem\",\"position\":5,\"name\":\"D\u00e9fibrilateur Zoll AED Plus semi-automatique\"}]},{\"@type\":\"WebSite\",\"@id\":\"https:\\\/\\\/formationsubf.coop\\\/boutique\\\/#website\",\"url\":\"https:\\\/\\\/formationsubf.coop\\\/boutique\\\/\",\"name\":\"Formations UBF | Boutique\",\"description\":\"\",\"potentialAction\":[{\"@type\":\"SearchAction\",\"target\":{\"@type\":\"EntryPoint\",\"urlTemplate\":\"https:\\\/\\\/formationsubf.coop\\\/boutique\\\/?s={search_term_string}\"},\"query-input\":{\"@type\":\"PropertyValueSpecification\",\"valueRequired\":true,\"valueName\":\"search_term_string\"}}],\"inLanguage\":\"fr-FR\"}]}<\/script>\n<!-- \/ Yoast SEO plugin. -->","yoast_head_json":{"title":"D\u00e9fibrilateur Zoll AED Plus semi-automatique - Formations UBF | Boutique","description":"Le d\u00e9fibrillateur ZOLL AED Plus est le tout premier concept global de premiers secours con\u00e7u pour les sauveteurs inexp\u00e9riment\u00e9s.","robots":{"index":"index","follow":"follow","max-snippet":"max-snippet:-1","max-image-preview":"max-image-preview:large","max-video-preview":"max-video-preview:-1"},"canonical":"https:\/\/formationsubf.coop\/boutique\/product\/defibrillateur-aed-plus-zoll\/","og_locale":"fr_FR","og_type":"article","og_title":"D\u00e9fibrilateur Zoll AED Plus semi-automatique - Formations UBF | Boutique","og_description":"Le d\u00e9fibrillateur ZOLL AED Plus est le tout premier concept global de premiers secours con\u00e7u pour les sauveteurs inexp\u00e9riment\u00e9s.","og_url":"https:\/\/formationsubf.coop\/boutique\/product\/defibrillateur-aed-plus-zoll\/","og_site_name":"Formations UBF | Boutique","article_publisher":"https:\/\/www.facebook.com\/ubfmaterielmedicaletorthopedique","article_modified_time":"2024-10-23T19:16:55+00:00","og_image":[{"width":500,"height":499,"url":"https:\/\/formationsubf.coop\/boutique\/wp-content\/uploads\/2020\/04\/AED-Plus-ZOLL-d\u00e9fibrillateur-AED-Plus-e1586287420607.jpg","type":"image\/jpeg"}],"twitter_card":"summary_large_image","schema":{"@context":"https:\/\/schema.org","@graph":[{"@type":"WebPage","@id":"https:\/\/formationsubf.coop\/boutique\/product\/defibrillateur-aed-plus-zoll\/","url":"https:\/\/formationsubf.coop\/boutique\/product\/defibrillateur-aed-plus-zoll\/","name":"D\u00e9fibrilateur Zoll AED Plus semi-automatique - Formations UBF | Boutique","isPartOf":{"@id":"https:\/\/formationsubf.coop\/boutique\/#website"},"primaryImageOfPage":{"@id":"https:\/\/formationsubf.coop\/boutique\/product\/defibrillateur-aed-plus-zoll\/#primaryimage"},"image":{"@id":"https:\/\/formationsubf.coop\/boutique\/product\/defibrillateur-aed-plus-zoll\/#primaryimage"},"thumbnailUrl":"https:\/\/formationsubf.coop\/boutique\/wp-content\/uploads\/2020\/04\/AED-Plus-ZOLL-d\u00e9fibrillateur-AED-Plus-e1586287420607.jpg","datePublished":"2020-04-07T19:31:26+00:00","dateModified":"2024-10-23T19:16:55+00:00","description":"Le d\u00e9fibrillateur ZOLL AED Plus est le tout premier concept global de premiers secours con\u00e7u pour les sauveteurs inexp\u00e9riment\u00e9s.","breadcrumb":{"@id":"https:\/\/formationsubf.coop\/boutique\/product\/defibrillateur-aed-plus-zoll\/#breadcrumb"},"inLanguage":"fr-FR","potentialAction":[{"@type":"ReadAction","target":["https:\/\/formationsubf.coop\/boutique\/product\/defibrillateur-aed-plus-zoll\/"]}]},{"@type":"ImageObject","inLanguage":"fr-FR","@id":"https:\/\/formationsubf.coop\/boutique\/product\/defibrillateur-aed-plus-zoll\/#primaryimage","url":"https:\/\/formationsubf.coop\/boutique\/wp-content\/uploads\/2020\/04\/AED-Plus-ZOLL-d\u00e9fibrillateur-AED-Plus-e1586287420607.jpg","contentUrl":"https:\/\/formationsubf.coop\/boutique\/wp-content\/uploads\/2020\/04\/AED-Plus-ZOLL-d\u00e9fibrillateur-AED-Plus-e1586287420607.jpg","width":500,"height":499,"caption":"D\u00e9fibrillateur AED Plus | Zoll"},{"@type":"BreadcrumbList","@id":"https:\/\/formationsubf.coop\/boutique\/product\/defibrillateur-aed-plus-zoll\/#breadcrumb","itemListElement":[{"@type":"ListItem","position":1,"name":"Accueil","item":"https:\/\/formationsubf.coop\/boutique\/"},{"@type":"ListItem","position":2,"name":"Boutique","item":"https:\/\/formationsubf.coop\/boutique\/produits\/"},{"@type":"ListItem","position":3,"name":"DEA - D\u00e9fibrillateur externe automatis\u00e9","item":"https:\/\/formationsubf.coop\/boutique\/product-category\/dea-defibrillateur-externe-automatise\/"},{"@type":"ListItem","position":4,"name":"D\u00e9fibrillateur","item":"https:\/\/formationsubf.coop\/boutique\/product-category\/dea-defibrillateur-externe-automatise\/defibrillateur\/"},{"@type":"ListItem","position":5,"name":"D\u00e9fibrilateur Zoll AED Plus semi-automatique"}]},{"@type":"WebSite","@id":"https:\/\/formationsubf.coop\/boutique\/#website","url":"https:\/\/formationsubf.coop\/boutique\/","name":"Formations UBF | Boutique","description":"","potentialAction":[{"@type":"SearchAction","target":{"@type":"EntryPoint","urlTemplate":"https:\/\/formationsubf.coop\/boutique\/?s={search_term_string}"},"query-input":{"@type":"PropertyValueSpecification","valueRequired":true,"valueName":"search_term_string"}}],"inLanguage":"fr-FR"}]}},"_links":{"self":[{"href":"https:\/\/formationsubf.coop\/boutique\/wp-json\/wp\/v2\/product\/1019","targetHints":{"allow":["GET"]}}],"collection":[{"href":"https:\/\/formationsubf.coop\/boutique\/wp-json\/wp\/v2\/product"}],"about":[{"href":"https:\/\/formationsubf.coop\/boutique\/wp-json\/wp\/v2\/types\/product"}],"replies":[{"embeddable":true,"href":"https:\/\/formationsubf.coop\/boutique\/wp-json\/wp\/v2\/comments?post=1019"}],"wp:featuredmedia":[{"embeddable":true,"href":"https:\/\/formationsubf.coop\/boutique\/wp-json\/wp\/v2\/media\/1020"}],"wp:attachment":[{"href":"https:\/\/formationsubf.coop\/boutique\/wp-json\/wp\/v2\/media?parent=1019"}],"wp:term":[{"taxonomy":"product_brand","embeddable":true,"href":"https:\/\/formationsubf.coop\/boutique\/wp-json\/wp\/v2\/product_brand?post=1019"},{"taxonomy":"product_cat","embeddable":true,"href":"https:\/\/formationsubf.coop\/boutique\/wp-json\/wp\/v2\/product_cat?post=1019"},{"taxonomy":"product_tag","embeddable":true,"href":"https:\/\/formationsubf.coop\/boutique\/wp-json\/wp\/v2\/product_tag?post=1019"}],"curies":[{"name":"wp","href":"https:\/\/api.w.org\/{rel}","templated":true}]}}