{"id":111,"date":"2013-08-18T12:30:42","date_gmt":"2013-08-18T12:30:42","guid":{"rendered":"http:\/\/localhost:8888\/test\/?page_id=624"},"modified":"2024-08-08T10:22:59","modified_gmt":"2024-08-08T14:22:59","slug":"vraie-accueil","status":"publish","type":"page","link":"https:\/\/formationsubf.coop\/boutique\/","title":{"rendered":"Accueil"},"content":{"rendered":"\t<div id=\"gap-1935632882\" class=\"gap-element clearfix\" style=\"display:block; height:auto;\">\n\t\t\n<style>\n#gap-1935632882 {\n  padding-top: 30px;\n}\n<\/style>\n\t<\/div>\n\t\n  <div class=\"banner-grid-wrapper\">\n  <div id=\"banner-grid-1407211325\" class=\"banner-grid row row-grid row-small\" data-packery-options=\"\">\n                      \n<div class=\"col grid-col small-12 large-9 grid-col-1\" ><div class=\"col-inner box-shadow-1\">\n<div class=\"slider-wrapper relative\" id=\"slider-319688490\" >\n    <div class=\"slider slider-nav-circle slider-nav-large slider-nav-light slider-style-normal\"\n        data-flickity-options='{\n            \"cellAlign\": \"center\",\n            \"imagesLoaded\": true,\n            \"lazyLoad\": 1,\n            \"freeScroll\": false,\n            \"wrapAround\": true,\n            \"autoPlay\": 6000,\n            \"pauseAutoPlayOnHover\" : true,\n            \"prevNextButtons\": true,\n            \"contain\" : true,\n            \"adaptiveHeight\" : true,\n            \"dragThreshold\" : 10,\n            \"percentPosition\": true,\n            \"pageDots\": true,\n            \"rightToLeft\": false,\n            \"draggable\": true,\n            \"selectedAttraction\": 0.1,\n            \"parallax\" : 0,\n            \"friction\": 0.6        }'\n        >\n        \n\n  <div class=\"banner has-hover bg-zoom-fade\" id=\"banner-2013807425\">\n          <div class=\"banner-inner fill\">\n        <div class=\"banner-bg fill\" >\n            <img loading=\"lazy\" decoding=\"async\" width=\"771\" height=\"555\" src=\"https:\/\/formationsubf.coop\/boutique\/wp-content\/uploads\/2020\/04\/Trousse-UBF-770X555.jpg\" class=\"bg attachment-large size-large\" alt=\"Slider accueil - Trousse Premiers Soins\" \/>                                    \n                    <\/div>\n\t\t\n        <div class=\"banner-layers container\">\n            <div class=\"fill banner-link\"><\/div>            \n   <div id=\"text-box-355615259\" class=\"text-box banner-layer x5 md-x5 lg-x5 y50 md-y50 lg-y50 res-text\">\n                                <div class=\"text-box-content text \">\n              \n              <div class=\"text-inner text-left\">\n                  \n<p class=\"lead alt-font\" style=\"text-align: left;\"><span style=\"font-size: 190%; color: #333333;\">Premiers soins<\/span><\/p>\n<h3 class=\"uppercase\" style=\"text-align: left;\"><span style=\"font-size: 18.72px; color: #333333;\"><b>tout ce dont vous avez besoin pour votre trousse de premiers soins :<\/b><\/span><\/h3>\n<h3><\/h3>\n<h3 class=\"uppercase\" style=\"text-align: left;\"><span style=\"font-size: 18.72px; color: #333333;\"><b>&#8211; Gants et masques<\/b><\/span><\/h3>\n<h3 class=\"uppercase\" style=\"text-align: left;\"><span style=\"font-size: 18.72px; color: #333333;\"><b>&#8211; pansements<\/b><\/span><\/h3>\n<h3 class=\"uppercase\" style=\"text-align: left;\"><span style=\"font-size: 18.72px; color: #333333;\"><b>&#8211; antiseptiques<\/b><\/span><\/h3>\n<p class=\"lead alt-font\" style=\"text-align: left;\"><span style=\"font-size: 190%; color: #333333;\">Et beaucoup plus!<\/span><\/p>\n<div class=\"is-divider divider clearfix\" style=\"max-width:200px;\"><\/div>\n<a href=\"https:\/\/formationsubf.coop\/boutique\/product-category\/premiers-soins\/\" class=\"button primary is-outline is-larger\"  >\n\t\t<span>En savoir plus<\/span>\n\t<\/a>\n\n              <\/div>\n           <\/div>\n                            \n<style>\n#text-box-355615259 {\n  width: 86%;\n}\n#text-box-355615259 .text-box-content {\n  font-size: 99%;\n}\n@media (min-width:550px) {\n  #text-box-355615259 {\n    width: 40%;\n  }\n}\n@media (min-width:850px) {\n  #text-box-355615259 {\n    width: 41%;\n  }\n}\n<\/style>\n    <\/div>\n \n        <\/div>\n      <\/div>\n\n            \n<style>\n#banner-2013807425 {\n  padding-top: 500px;\n  background-color: rgb(2, 2, 2);\n}\n#banner-2013807425 .banner-bg img {\n  object-position: 56% 29%;\n}\n<\/style>\n  <\/div>\n\n\n\n  <div class=\"banner has-hover bg-zoom-fade\" id=\"banner-1514212322\">\n          <div class=\"banner-inner fill\">\n        <div class=\"banner-bg fill\" >\n            <img loading=\"lazy\" decoding=\"async\" width=\"1020\" height=\"732\" src=\"https:\/\/formationsubf.coop\/boutique\/wp-content\/uploads\/2024\/07\/Pour-votre-entreprise3-1115x800.jpg\" class=\"bg attachment-large size-large\" alt=\"\" \/>                                    \n                    <\/div>\n\t\t\n        <div class=\"banner-layers container\">\n            <div class=\"fill banner-link\"><\/div>            \n   <div id=\"text-box-243195806\" class=\"text-box banner-layer x5 md-x10 lg-x10 y50 md-y50 lg-y50 res-text\">\n                                <div class=\"text-box-content text dark\">\n              \n              <div class=\"text-inner text-center\">\n                  \n<h3 class=\"lead alt-font\" style=\"text-align: center;\"><span style=\"font-size: 190%;\">Soyez pr\u00eat!<\/span><\/h3>\n<h3 class=\"uppercase\" style=\"text-align: center;\"><span style=\"font-size: 90%;\">vaste choix de<\/span> <span style=\"font-size: 90%;\"><strong>masques et gants<\/strong><\/span><\/h3>\n<h3 class=\"uppercase\" style=\"text-align: center;\"><span style=\"font-size: 90%;\">pour votre entreprise.<\/span><\/h3>\n<h3 style=\"text-align: center;\"><\/h3>\n<h3 class=\"uppercase\" style=\"text-align: center;\"><strong><span style=\"font-size: 90%;\">pour la s\u00e9curit\u00e9 de vos employ\u00e9s!<\/span><\/strong><\/h3>\n<div class=\"is-divider divider clearfix\" style=\"max-width:200px;\"><\/div>\n<a href=\"https:\/\/formationsubf.coop\/boutique\/product-category\/premiers-soins\/gants-masques-etaccessoires\/\" class=\"button white is-outline is-larger\"  >\n\t\t<span>voir les produits<\/span>\n\t<\/a>\n\n              <\/div>\n           <\/div>\n                            \n<style>\n#text-box-243195806 {\n  width: 65%;\n}\n#text-box-243195806 .text-box-content {\n  font-size: 99%;\n}\n@media (min-width:550px) {\n  #text-box-243195806 {\n    width: 50%;\n  }\n}\n@media (min-width:850px) {\n  #text-box-243195806 {\n    width: 42%;\n  }\n}\n<\/style>\n    <\/div>\n \n        <\/div>\n      <\/div>\n\n            \n<style>\n#banner-1514212322 {\n  padding-top: 500px;\n}\n#banner-1514212322 .banner-bg img {\n  object-position: 65% 16%;\n}\n<\/style>\n  <\/div>\n\n\n     <\/div>\n\n     <div class=\"loading-spin dark large centered\"><\/div>\n\n\t<\/div>\n\n\n<\/div><\/div>\n<div class=\"col grid-col small-13 large-3 grid-col-1-2\" ><div class=\"col-inner box-shadow-1\">\n\n  <div class=\"banner has-hover\" id=\"banner-256525044\">\n          <div class=\"banner-inner fill\">\n        <div class=\"banner-bg fill\" >\n                                                \n                    <\/div>\n\t\t\n        <div class=\"banner-layers container\">\n            <div class=\"fill banner-link\"><\/div>            \n   <div id=\"text-box-917897022\" class=\"text-box banner-layer x50 md-x50 lg-x50 y50 md-y50 lg-y50 res-text\">\n                                <div class=\"text-box-content text dark\">\n              \n              <div class=\"text-inner text-center\">\n                  \n<h2>NOTE IMPORTANTE<\/h2>\n<h3>Nos produits et instruments m\u00e9dicaux ne sont disponibles qu\u2019\u00e0 la vente au d\u00e9tail exclusivement.<\/h3>\n<div class=\"is-divider divider clearfix\" ><\/div>\n              <\/div>\n           <\/div>\n                            \n<style>\n#text-box-917897022 {\n  width: 60%;\n}\n#text-box-917897022 .text-box-content {\n  font-size: 100%;\n}\n@media (min-width:550px) {\n  #text-box-917897022 {\n    width: 68%;\n  }\n}\n<\/style>\n    <\/div>\n \n        <\/div>\n      <\/div>\n\n            \n<style>\n#banner-256525044 {\n  padding-top: 500px;\n  background-color: rgb(234, 23, 37);\n}\n<\/style>\n  <\/div>\n\n\n<\/div><\/div>\n<div class=\"col grid-col small-13 large-3 grid-col-1-2 hidden\" ><div class=\"col-inner box-shadow-1\">\n<\/div><\/div>\n            <\/div>\n    <style>\n    #banner-grid-1407211325 .grid-col-1{height: 575px}\n    #banner-grid-1407211325 .grid-col-1-2{height: 287.5px}\n    #banner-grid-1407211325 .grid-col-1-3{height:191.66666666667px}\n    #banner-grid-1407211325 .grid-col-2-3{height: 383.33333333333px}\n    #banner-grid-1407211325 .grid-col-1-4{height: 143.75px}\n    #banner-grid-1407211325 .grid-col-3-4{height: 431.25px}\n\n\n    \n    \n\n  <\/style>\n    <\/div>\n  \n\t<div id=\"gap-586123495\" class=\"gap-element clearfix\" style=\"display:block; height:auto;\">\n\t\t\n<style>\n#gap-586123495 {\n  padding-top: 30px;\n}\n<\/style>\n\t<\/div>\n\t\n<div class=\"container section-title-container\" ><h3 class=\"section-title section-title-bold-center\"><b><\/b><span class=\"section-title-main\" >Cat\u00e9gories de produits<\/span><b><\/b><\/h3><\/div>\n\n  \n    <div class=\"row large-columns-2 medium-columns- small-columns- row-small\" >\n  <div class=\"product-category col\" >\n            <div class=\"col-inner\">\n              <a aria-label=\"Acc\u00e9der \u00e0 la cat\u00e9gorie de produits Premiers Soins\" href=\"https:\/\/formationsubf.coop\/boutique\/product-category\/premiers-soins\/\">                <div class=\"box box-category has-hover box-badge hover-dark \">\n                <div class=\"box-image\" >\n                  <div class=\"\" >\n                  <img loading=\"lazy\" decoding=\"async\" src=\"https:\/\/formationsubf.coop\/boutique\/wp-content\/uploads\/2020\/04\/Trousse-UBF-770X555.jpg\" alt=\"Premiers Soins\" width=\"300\" height=\"300\" \/>                                                      <\/div>\n                <\/div>\n                <div class=\"box-text text-center is-small\" style=\"padding:2px 0px 3px 0px;\">\n                  <div class=\"box-text-inner\">\n                      <h5 class=\"uppercase header-title\">\n                              Premiers Soins                      <\/h5>\n                                            <p class=\"is-xsmall uppercase count \">\n\t                      102 Produits                      <\/p>\n                                            \n                  <\/div>\n                <\/div>\n                <\/div>\n            <\/a>            <\/div>\n            <\/div><div class=\"product-category col\" >\n            <div class=\"col-inner\">\n              <a aria-label=\"Acc\u00e9der \u00e0 la cat\u00e9gorie de produits DEA - D\u00e9fibrillateur externe automatis\u00e9\" href=\"https:\/\/formationsubf.coop\/boutique\/product-category\/dea-defibrillateur-externe-automatise\/\">                <div class=\"box box-category has-hover box-badge hover-dark \">\n                <div class=\"box-image\" >\n                  <div class=\"\" >\n                  <img loading=\"lazy\" decoding=\"async\" src=\"https:\/\/formationsubf.coop\/boutique\/wp-content\/uploads\/2020\/04\/DEA-Zoll_770X555.jpg\" alt=\"DEA - D\u00e9fibrillateur externe automatis\u00e9\" width=\"300\" height=\"300\" \/>                                                      <\/div>\n                <\/div>\n                <div class=\"box-text text-center is-small\" style=\"padding:2px 0px 3px 0px;\">\n                  <div class=\"box-text-inner\">\n                      <h5 class=\"uppercase header-title\">\n                              DEA - D\u00e9fibrillateur externe automatis\u00e9                      <\/h5>\n                                            <p class=\"is-xsmall uppercase count \">\n\t                      11 Produits                      <\/p>\n                                            \n                  <\/div>\n                <\/div>\n                <\/div>\n            <\/a>            <\/div>\n            <\/div><\/div>\n<div class=\"container section-title-container\" style=\"margin-top:22px;\"><h3 class=\"section-title section-title-bold-center\"><b><\/b><span class=\"section-title-main\" >Produits recommand\u00e9s<\/span><b><\/b><\/h3><\/div>\n\t\n  \n    <div class=\"row large-columns-4 medium-columns-3 small-columns-2 row-small slider row-slider slider-nav-reveal slider-nav-push\"  data-flickity-options='{&quot;imagesLoaded&quot;: true, &quot;groupCells&quot;: &quot;100%&quot;, &quot;dragThreshold&quot; : 5, &quot;cellAlign&quot;: &quot;left&quot;,&quot;wrapAround&quot;: true,&quot;prevNextButtons&quot;: true,&quot;percentPosition&quot;: true,&quot;pageDots&quot;: false, &quot;rightToLeft&quot;: false, &quot;autoPlay&quot; : false}' >\n\n  \n\t     <div class=\"product-small col has-hover out-of-stock sync-code-w product type-product post-2560 status-publish first outofstock product_cat-premiers-soins product_cat-trousse-de-premiers-soins product_tag-90-items product_tag-en-nylon product_tag-paramedic product_tag-premiers-soins product_tag-trousse has-post-thumbnail featured taxable shipping-taxable purchasable product-type-simple\">\n\t<div class=\"col-inner\">\n\t\n<div class=\"badge-container absolute left top z-1\">\n\n<\/div>\n\t<div class=\"product-small box \">\n\t\t<div class=\"box-image\">\n\t\t\t<div class=\"image-none\">\n\t\t\t\t<a href=\"https:\/\/formationsubf.coop\/boutique\/product\/trousse-de-premiers-soins-en-nylon-90-items-paramedic\/\" aria-label=\"Trousse premiers soins voyage Paramedic 90 items\">\n\t\t\t\t\t<img loading=\"lazy\" decoding=\"async\" width=\"500\" height=\"499\" src=\"https:\/\/formationsubf.coop\/boutique\/wp-content\/uploads\/2020\/05\/999-2002-Trousse-premiers-soins-voyage-Paramedic-90-items-e1589375601908.jpg\" class=\"attachment-woocommerce_thumbnail size-woocommerce_thumbnail\" alt=\"Trousse de Premiers soins en nylon 90 items | Paramedic\" \/>\t\t\t\t<\/a>\n\t\t\t<\/div>\n\t\t\t<div class=\"image-tools is-small top right show-on-hover\">\n\t\t\t\t\t\t\t<\/div>\n\t\t\t<div class=\"image-tools is-small hide-for-small bottom left show-on-hover\">\n\t\t\t\t\t\t\t<\/div>\n\t\t\t<div class=\"image-tools grid-tools text-center hide-for-small bottom hover-slide-in show-on-hover\">\n\t\t\t\t\t\t\t<\/div>\n\t\t\t<div class=\"out-of-stock-label\">Rupture de stock<\/div>\t\t<\/div>\n\n\t\t<div class=\"box-text box-text-products text-center grid-style-2\">\n\t\t\t<div class=\"title-wrapper\"><p class=\"name product-title woocommerce-loop-product__title\"><a href=\"https:\/\/formationsubf.coop\/boutique\/product\/trousse-de-premiers-soins-en-nylon-90-items-paramedic\/\" class=\"woocommerce-LoopProduct-link woocommerce-loop-product__link\">Trousse premiers soins voyage Paramedic 90 items<\/a><\/p><\/div><div class=\"price-wrapper\">\n\t<span class=\"price\"><span class=\"woocommerce-Price-amount amount\"><bdi><span class=\"woocommerce-Price-currencySymbol\">&#36;<\/span>24.99<\/bdi><\/span><\/span>\n<\/div>\t\t<\/div>\n\t<\/div>\n\t\t<\/div>\n<\/div><div class=\"product-small col has-hover sync-code-w product type-product post-1012 status-publish instock product_cat-premiers-soins product_cat-trousse-de-premiers-soins product_tag-bleu product_tag-en-nylon product_tag-premiers-soins product_tag-trousse product_tag-ubf has-post-thumbnail featured taxable shipping-taxable purchasable product-type-simple\">\n\t<div class=\"col-inner\">\n\t\n<div class=\"badge-container absolute left top z-1\">\n\n<\/div>\n\t<div class=\"product-small box \">\n\t\t<div class=\"box-image\">\n\t\t\t<div class=\"image-none\">\n\t\t\t\t<a href=\"https:\/\/formationsubf.coop\/boutique\/product\/trousse-de-premiers-soins-en-nylon-bleu-ubf\/\" aria-label=\"Trousse premiers soins UBF tout usage bleu\">\n\t\t\t\t\t<img loading=\"lazy\" decoding=\"async\" width=\"500\" height=\"499\" src=\"https:\/\/formationsubf.coop\/boutique\/wp-content\/uploads\/2020\/04\/Trousse-de-permiers-soins-UBF-Bleue-e1586286261690.jpg\" class=\"attachment-woocommerce_thumbnail size-woocommerce_thumbnail\" alt=\"Trousse de premiers soins en nylon Bleu | UBF\" \/>\t\t\t\t<\/a>\n\t\t\t<\/div>\n\t\t\t<div class=\"image-tools is-small top right show-on-hover\">\n\t\t\t\t\t\t\t<\/div>\n\t\t\t<div class=\"image-tools is-small hide-for-small bottom left show-on-hover\">\n\t\t\t\t\t\t\t<\/div>\n\t\t\t<div class=\"image-tools grid-tools text-center hide-for-small bottom hover-slide-in show-on-hover\">\n\t\t\t\t\t\t\t<\/div>\n\t\t\t\t\t<\/div>\n\n\t\t<div class=\"box-text box-text-products text-center grid-style-2\">\n\t\t\t<div class=\"title-wrapper\"><p class=\"name product-title woocommerce-loop-product__title\"><a href=\"https:\/\/formationsubf.coop\/boutique\/product\/trousse-de-premiers-soins-en-nylon-bleu-ubf\/\" class=\"woocommerce-LoopProduct-link woocommerce-loop-product__link\">Trousse premiers soins UBF tout usage bleu<\/a><\/p><\/div><div class=\"price-wrapper\">\n\t<span class=\"price\"><span class=\"woocommerce-Price-amount amount\"><bdi><span class=\"woocommerce-Price-currencySymbol\">&#36;<\/span>19.99<\/bdi><\/span><\/span>\n<\/div>\t\t<\/div>\n\t<\/div>\n\t\t<\/div>\n<\/div><\/div>\n\t<div id=\"gap-2108584744\" class=\"gap-element clearfix\" style=\"display:block; height:auto;\">\n\t\t\n<style>\n#gap-2108584744 {\n  padding-top: 30px;\n}\n<\/style>\n\t<\/div>\n\t\n","protected":false},"excerpt":{"rendered":"","protected":false},"author":28,"featured_media":0,"parent":0,"menu_order":7,"comment_status":"closed","ping_status":"closed","template":"page-blank.php","meta":{"footnotes":""},"class_list":["post-111","page","type-page","status-publish","hentry"],"yoast_head":"<!-- This site is optimized with the Yoast SEO plugin v27.3 - https:\/\/yoast.com\/product\/yoast-seo-wordpress\/ -->\n<title>Accueil - Formations UBF | Boutique<\/title>\n<meta name=\"description\" content=\"UBF mat\u00e9riel m\u00e9dical et orthop\u00e9dique se sp\u00e9cialise dans la vente et la r\u00e9paration d\u2019\u00e9quipements adapt\u00e9s \u00e0 vos besoins. Quadriporteur, triporteur, d\u00e9ambulateur...\" \/>\n<meta name=\"robots\" content=\"index, follow, max-snippet:-1, max-image-preview:large, max-video-preview:-1\" \/>\n<link rel=\"canonical\" href=\"https:\/\/formationsubf.coop\/boutique\/\" \/>\n<meta property=\"og:locale\" content=\"fr_FR\" \/>\n<meta property=\"og:type\" content=\"article\" \/>\n<meta property=\"og:title\" content=\"Accueil - Formations UBF | Boutique\" \/>\n<meta property=\"og:description\" content=\"UBF mat\u00e9riel m\u00e9dical et orthop\u00e9dique se sp\u00e9cialise dans la vente et la r\u00e9paration d\u2019\u00e9quipements adapt\u00e9s \u00e0 vos besoins. Quadriporteur, triporteur, d\u00e9ambulateur...\" \/>\n<meta property=\"og:url\" content=\"https:\/\/formationsubf.coop\/boutique\/\" \/>\n<meta property=\"og:site_name\" content=\"Formations UBF | Boutique\" \/>\n<meta property=\"article:publisher\" content=\"https:\/\/www.facebook.com\/ubfmaterielmedicaletorthopedique\" \/>\n<meta property=\"article:modified_time\" content=\"2024-08-08T14:22:59+00:00\" \/>\n<meta name=\"twitter:card\" content=\"summary_large_image\" \/>\n<meta name=\"twitter:label1\" content=\"Dur\u00e9e de lecture estim\u00e9e\" \/>\n\t<meta name=\"twitter:data1\" content=\"3 minutes\" \/>\n<script type=\"application\/ld+json\" class=\"yoast-schema-graph\">{\"@context\":\"https:\\\/\\\/schema.org\",\"@graph\":[{\"@type\":\"WebPage\",\"@id\":\"https:\\\/\\\/formationsubf.coop\\\/boutique\\\/\",\"url\":\"https:\\\/\\\/formationsubf.coop\\\/boutique\\\/\",\"name\":\"Accueil - Formations UBF | Boutique\",\"isPartOf\":{\"@id\":\"https:\\\/\\\/formationsubf.coop\\\/boutique\\\/#website\"},\"datePublished\":\"2013-08-18T12:30:42+00:00\",\"dateModified\":\"2024-08-08T14:22:59+00:00\",\"description\":\"UBF mat\u00e9riel m\u00e9dical et orthop\u00e9dique se sp\u00e9cialise dans la vente et la r\u00e9paration d\u2019\u00e9quipements adapt\u00e9s \u00e0 vos besoins. Quadriporteur, triporteur, d\u00e9ambulateur...\",\"breadcrumb\":{\"@id\":\"https:\\\/\\\/formationsubf.coop\\\/boutique\\\/#breadcrumb\"},\"inLanguage\":\"fr-FR\",\"potentialAction\":[{\"@type\":\"ReadAction\",\"target\":[\"https:\\\/\\\/formationsubf.coop\\\/boutique\\\/\"]}]},{\"@type\":\"BreadcrumbList\",\"@id\":\"https:\\\/\\\/formationsubf.coop\\\/boutique\\\/#breadcrumb\",\"itemListElement\":[{\"@type\":\"ListItem\",\"position\":1,\"name\":\"Accueil\",\"item\":\"https:\\\/\\\/formationsubf.coop\\\/boutique\\\/\"},{\"@type\":\"ListItem\",\"position\":2,\"name\":\"Accueil\"}]},{\"@type\":\"WebSite\",\"@id\":\"https:\\\/\\\/formationsubf.coop\\\/boutique\\\/#website\",\"url\":\"https:\\\/\\\/formationsubf.coop\\\/boutique\\\/\",\"name\":\"Formations UBF | Boutique\",\"description\":\"\",\"potentialAction\":[{\"@type\":\"SearchAction\",\"target\":{\"@type\":\"EntryPoint\",\"urlTemplate\":\"https:\\\/\\\/formationsubf.coop\\\/boutique\\\/?s={search_term_string}\"},\"query-input\":{\"@type\":\"PropertyValueSpecification\",\"valueRequired\":true,\"valueName\":\"search_term_string\"}}],\"inLanguage\":\"fr-FR\"}]}<\/script>\n<!-- \/ Yoast SEO plugin. -->","yoast_head_json":{"title":"Accueil - Formations UBF | Boutique","description":"UBF mat\u00e9riel m\u00e9dical et orthop\u00e9dique se sp\u00e9cialise dans la vente et la r\u00e9paration d\u2019\u00e9quipements adapt\u00e9s \u00e0 vos besoins. Quadriporteur, triporteur, d\u00e9ambulateur...","robots":{"index":"index","follow":"follow","max-snippet":"max-snippet:-1","max-image-preview":"max-image-preview:large","max-video-preview":"max-video-preview:-1"},"canonical":"https:\/\/formationsubf.coop\/boutique\/","og_locale":"fr_FR","og_type":"article","og_title":"Accueil - Formations UBF | Boutique","og_description":"UBF mat\u00e9riel m\u00e9dical et orthop\u00e9dique se sp\u00e9cialise dans la vente et la r\u00e9paration d\u2019\u00e9quipements adapt\u00e9s \u00e0 vos besoins. Quadriporteur, triporteur, d\u00e9ambulateur...","og_url":"https:\/\/formationsubf.coop\/boutique\/","og_site_name":"Formations UBF | Boutique","article_publisher":"https:\/\/www.facebook.com\/ubfmaterielmedicaletorthopedique","article_modified_time":"2024-08-08T14:22:59+00:00","twitter_card":"summary_large_image","twitter_misc":{"Dur\u00e9e de lecture estim\u00e9e":"3 minutes"},"schema":{"@context":"https:\/\/schema.org","@graph":[{"@type":"WebPage","@id":"https:\/\/formationsubf.coop\/boutique\/","url":"https:\/\/formationsubf.coop\/boutique\/","name":"Accueil - Formations UBF | Boutique","isPartOf":{"@id":"https:\/\/formationsubf.coop\/boutique\/#website"},"datePublished":"2013-08-18T12:30:42+00:00","dateModified":"2024-08-08T14:22:59+00:00","description":"UBF mat\u00e9riel m\u00e9dical et orthop\u00e9dique se sp\u00e9cialise dans la vente et la r\u00e9paration d\u2019\u00e9quipements adapt\u00e9s \u00e0 vos besoins. Quadriporteur, triporteur, d\u00e9ambulateur...","breadcrumb":{"@id":"https:\/\/formationsubf.coop\/boutique\/#breadcrumb"},"inLanguage":"fr-FR","potentialAction":[{"@type":"ReadAction","target":["https:\/\/formationsubf.coop\/boutique\/"]}]},{"@type":"BreadcrumbList","@id":"https:\/\/formationsubf.coop\/boutique\/#breadcrumb","itemListElement":[{"@type":"ListItem","position":1,"name":"Accueil","item":"https:\/\/formationsubf.coop\/boutique\/"},{"@type":"ListItem","position":2,"name":"Accueil"}]},{"@type":"WebSite","@id":"https:\/\/formationsubf.coop\/boutique\/#website","url":"https:\/\/formationsubf.coop\/boutique\/","name":"Formations UBF | Boutique","description":"","potentialAction":[{"@type":"SearchAction","target":{"@type":"EntryPoint","urlTemplate":"https:\/\/formationsubf.coop\/boutique\/?s={search_term_string}"},"query-input":{"@type":"PropertyValueSpecification","valueRequired":true,"valueName":"search_term_string"}}],"inLanguage":"fr-FR"}]}},"_links":{"self":[{"href":"https:\/\/formationsubf.coop\/boutique\/wp-json\/wp\/v2\/pages\/111","targetHints":{"allow":["GET"]}}],"collection":[{"href":"https:\/\/formationsubf.coop\/boutique\/wp-json\/wp\/v2\/pages"}],"about":[{"href":"https:\/\/formationsubf.coop\/boutique\/wp-json\/wp\/v2\/types\/page"}],"author":[{"embeddable":true,"href":"https:\/\/formationsubf.coop\/boutique\/wp-json\/wp\/v2\/users\/28"}],"replies":[{"embeddable":true,"href":"https:\/\/formationsubf.coop\/boutique\/wp-json\/wp\/v2\/comments?post=111"}],"version-history":[{"count":62,"href":"https:\/\/formationsubf.coop\/boutique\/wp-json\/wp\/v2\/pages\/111\/revisions"}],"predecessor-version":[{"id":3017,"href":"https:\/\/formationsubf.coop\/boutique\/wp-json\/wp\/v2\/pages\/111\/revisions\/3017"}],"wp:attachment":[{"href":"https:\/\/formationsubf.coop\/boutique\/wp-json\/wp\/v2\/media?parent=111"}],"curies":[{"name":"wp","href":"https:\/\/api.w.org\/{rel}","templated":true}]}}